{"id":28008,"date":"2022-12-21T09:45:51","date_gmt":"2022-12-21T08:45:51","guid":{"rendered":"https:\/\/valantabisuteria.com\/?post_type=product&#038;p=28008"},"modified":"2026-03-05T11:36:53","modified_gmt":"2026-03-05T10:36:53","slug":"colgante-acero-patitas-mascota","status":"publish","type":"product","link":"https:\/\/www.valantabisuteria.com\/en\/product\/colgante-acero-patitas-mascota\/","title":{"rendered":"Colgante urna cenizas Patitas Mascota"},"content":{"rendered":"<p>Collar con colgante cilindro en acero inoxidable Unisex con patitas mascota en color negro y peque\u00f1a circonita.<\/p>\n<p>Longitud cadena 25cms.<\/p>\n<p>Medida pieza: 4cmx0.6cm.<\/p>\n<p>Se entrega con peque\u00f1o embudo.<\/p>\n<p>REF: AL1<\/p>\n","protected":false},"excerpt":{"rendered":"<p>Collar con colgante cilindro en acero inoxidable Unisex con patitas mascota en color negro y peque\u00f1a circonita.<\/p>\n<p>&#8221; Transforma el dolor de su p\u00e9rdida en un hermoso recuerdo que puedas llevas siempre contigo. Una pieza que no solo adorna, sino que tambi\u00e9n cuentas la historia de una eterna amistad &#8221;<\/p>\n<p>Longitud cadena 25cms.<\/p>\n<p>Medida pieza: 4cmx0.6cm.<\/p>\n<p><span style=\"color: #ffcc99;\">Sus patitas Imborrables en tu mente y en tu coraz\u00f3n.<\/span><\/p>\n<p>Se entrega con peque\u00f1o embudo.<\/p>\n<p>REF: AL1<\/p>\n","protected":false},"featured_media":28213,"template":"","meta":{"_joinchat":[]},"product_brand":[],"product_cat":[153,156],"product_tag":[],"class_list":{"0":"post-28008","1":"product","2":"type-product","3":"status-publish","4":"has-post-thumbnail","6":"product_cat-alaia","7":"product_cat-collares","10":"first","11":"instock","12":"shipping-taxable","13":"purchasable","14":"product-type-simple"},"yoast_head":"<!-- This site is optimized with the Yoast SEO plugin v27.2 - https:\/\/yoast.com\/product\/yoast-seo-wordpress\/ -->\n<title>ComprarColgante urna cenizas Patitas Mascota | Valanta Bisuter\u00eda<\/title>\n<meta name=\"robots\" content=\"index, follow, max-snippet:-1, max-image-preview:large, max-video-preview:-1\" \/>\n<link rel=\"canonical\" href=\"https:\/\/www.valantabisuteria.com\/product\/colgante-acero-patitas-mascota\/\" \/>\n<meta property=\"og:locale\" content=\"en_US\" \/>\n<meta property=\"og:type\" content=\"article\" \/>\n<meta property=\"og:title\" content=\"ComprarColgante urna cenizas Patitas Mascota | Valanta Bisuter\u00eda\" \/>\n<meta property=\"og:description\" content=\"Collar con colgante cilindro en acero inoxidable Unisex con patitas mascota en color negro y peque\u00f1a circonita.  &quot; Transforma el dolor de su p\u00e9rdida en un hermoso recuerdo que puedas llevas siempre contigo. Una pieza que no solo adorna, sino que tambi\u00e9n cuentas la historia de una eterna amistad &quot;  Longitud cadena 25cms.  Medida pieza: 4cmx0.6cm.  Sus patitas Imborrables en tu mente y en tu coraz\u00f3n.  Se entrega con peque\u00f1o embudo.  REF: AL1\" \/>\n<meta property=\"og:url\" content=\"https:\/\/www.valantabisuteria.com\/product\/colgante-acero-patitas-mascota\/\" \/>\n<meta property=\"og:site_name\" content=\"Valanta Bisuter\u00eda\" \/>\n<meta property=\"article:modified_time\" content=\"2026-03-05T10:36:53+00:00\" \/>\n<meta property=\"og:image\" content=\"https:\/\/www.valantabisuteria.com\/wp-content\/uploads\/2022\/12\/1.jpg\" \/>\n\t<meta property=\"og:image:width\" content=\"451\" \/>\n\t<meta property=\"og:image:height\" content=\"432\" \/>\n\t<meta property=\"og:image:type\" content=\"image\/jpeg\" \/>\n<meta name=\"twitter:card\" content=\"summary_large_image\" \/>\n<meta name=\"twitter:label1\" content=\"Est. reading time\" \/>\n\t<meta name=\"twitter:data1\" content=\"1 minute\" \/>\n<script type=\"application\/ld+json\" class=\"yoast-schema-graph\">{\"@context\":\"https:\/\/schema.org\",\"@graph\":[{\"@type\":\"WebPage\",\"@id\":\"https:\/\/www.valantabisuteria.com\/product\/colgante-acero-patitas-mascota\/\",\"url\":\"https:\/\/www.valantabisuteria.com\/product\/colgante-acero-patitas-mascota\/\",\"name\":\"ComprarColgante urna cenizas Patitas Mascota | Valanta Bisuter\u00eda\",\"isPartOf\":{\"@id\":\"https:\/\/www.valantabisuteria.com\/#website\"},\"primaryImageOfPage\":{\"@id\":\"https:\/\/www.valantabisuteria.com\/product\/colgante-acero-patitas-mascota\/#primaryimage\"},\"image\":{\"@id\":\"https:\/\/www.valantabisuteria.com\/product\/colgante-acero-patitas-mascota\/#primaryimage\"},\"thumbnailUrl\":\"https:\/\/www.valantabisuteria.com\/wp-content\/uploads\/2022\/12\/1.jpg\",\"datePublished\":\"2022-12-21T08:45:51+00:00\",\"dateModified\":\"2026-03-05T10:36:53+00:00\",\"breadcrumb\":{\"@id\":\"https:\/\/www.valantabisuteria.com\/product\/colgante-acero-patitas-mascota\/#breadcrumb\"},\"inLanguage\":\"en-US\",\"potentialAction\":[{\"@type\":\"ReadAction\",\"target\":[\"https:\/\/www.valantabisuteria.com\/product\/colgante-acero-patitas-mascota\/\"]}]},{\"@type\":\"ImageObject\",\"inLanguage\":\"en-US\",\"@id\":\"https:\/\/www.valantabisuteria.com\/product\/colgante-acero-patitas-mascota\/#primaryimage\",\"url\":\"https:\/\/www.valantabisuteria.com\/wp-content\/uploads\/2022\/12\/1.jpg\",\"contentUrl\":\"https:\/\/www.valantabisuteria.com\/wp-content\/uploads\/2022\/12\/1.jpg\",\"width\":451,\"height\":432,\"caption\":\"Collar con colgante cilindro en acero inoxidable Unisex con patitas mascota en color negro y peque\u00f1a circonita.\"},{\"@type\":\"BreadcrumbList\",\"@id\":\"https:\/\/www.valantabisuteria.com\/product\/colgante-acero-patitas-mascota\/#breadcrumb\",\"itemListElement\":[{\"@type\":\"ListItem\",\"position\":1,\"name\":\"Portada\",\"item\":\"https:\/\/www.valantabisuteria.com\/\"},{\"@type\":\"ListItem\",\"position\":2,\"name\":\"Tienda\",\"item\":\"https:\/\/www.valantabisuteria.com\/tienda\/\"},{\"@type\":\"ListItem\",\"position\":3,\"name\":\"Colgante urna cenizas Patitas Mascota\"}]},{\"@type\":\"WebSite\",\"@id\":\"https:\/\/www.valantabisuteria.com\/#website\",\"url\":\"https:\/\/www.valantabisuteria.com\/\",\"name\":\"Valanta Bisuter\u00eda\",\"description\":\"Joyas y Bisuter\u00eda de calidad\",\"publisher\":{\"@id\":\"https:\/\/www.valantabisuteria.com\/#organization\"},\"alternateName\":\"Valanta Bisuter\u00eda\",\"potentialAction\":[{\"@type\":\"SearchAction\",\"target\":{\"@type\":\"EntryPoint\",\"urlTemplate\":\"https:\/\/www.valantabisuteria.com\/?s={search_term_string}\"},\"query-input\":{\"@type\":\"PropertyValueSpecification\",\"valueRequired\":true,\"valueName\":\"search_term_string\"}}],\"inLanguage\":\"en-US\"},{\"@type\":\"Organization\",\"@id\":\"https:\/\/www.valantabisuteria.com\/#organization\",\"name\":\"Valanta Bisuter\u00eda\",\"url\":\"https:\/\/www.valantabisuteria.com\/\",\"logo\":{\"@type\":\"ImageObject\",\"inLanguage\":\"en-US\",\"@id\":\"https:\/\/www.valantabisuteria.com\/#\/schema\/logo\/image\/\",\"url\":\"https:\/\/valantabisuteria.com\/wp-content\/uploads\/2023\/02\/Logo-07-b.png\",\"contentUrl\":\"https:\/\/valantabisuteria.com\/wp-content\/uploads\/2023\/02\/Logo-07-b.png\",\"width\":800,\"height\":238,\"caption\":\"Valanta Bisuter\u00eda\"},\"image\":{\"@id\":\"https:\/\/www.valantabisuteria.com\/#\/schema\/logo\/image\/\"},\"sameAs\":[\"https:\/\/www.instagram.com\/valantabisuteria\/\"]}]}<\/script>\n<!-- \/ Yoast SEO plugin. -->","yoast_head_json":{"title":"ComprarColgante urna cenizas Patitas Mascota | Valanta Bisuter\u00eda","robots":{"index":"index","follow":"follow","max-snippet":"max-snippet:-1","max-image-preview":"max-image-preview:large","max-video-preview":"max-video-preview:-1"},"canonical":"https:\/\/www.valantabisuteria.com\/product\/colgante-acero-patitas-mascota\/","og_locale":"en_US","og_type":"article","og_title":"ComprarColgante urna cenizas Patitas Mascota | Valanta Bisuter\u00eda","og_description":"Collar con colgante cilindro en acero inoxidable Unisex con patitas mascota en color negro y peque\u00f1a circonita.  \" Transforma el dolor de su p\u00e9rdida en un hermoso recuerdo que puedas llevas siempre contigo. Una pieza que no solo adorna, sino que tambi\u00e9n cuentas la historia de una eterna amistad \"  Longitud cadena 25cms.  Medida pieza: 4cmx0.6cm.  Sus patitas Imborrables en tu mente y en tu coraz\u00f3n.  Se entrega con peque\u00f1o embudo.  REF: AL1","og_url":"https:\/\/www.valantabisuteria.com\/product\/colgante-acero-patitas-mascota\/","og_site_name":"Valanta Bisuter\u00eda","article_modified_time":"2026-03-05T10:36:53+00:00","og_image":[{"width":451,"height":432,"url":"https:\/\/www.valantabisuteria.com\/wp-content\/uploads\/2022\/12\/1.jpg","type":"image\/jpeg"}],"twitter_card":"summary_large_image","twitter_misc":{"Est. reading time":"1 minute"},"schema":{"@context":"https:\/\/schema.org","@graph":[{"@type":"WebPage","@id":"https:\/\/www.valantabisuteria.com\/product\/colgante-acero-patitas-mascota\/","url":"https:\/\/www.valantabisuteria.com\/product\/colgante-acero-patitas-mascota\/","name":"ComprarColgante urna cenizas Patitas Mascota | Valanta Bisuter\u00eda","isPartOf":{"@id":"https:\/\/www.valantabisuteria.com\/#website"},"primaryImageOfPage":{"@id":"https:\/\/www.valantabisuteria.com\/product\/colgante-acero-patitas-mascota\/#primaryimage"},"image":{"@id":"https:\/\/www.valantabisuteria.com\/product\/colgante-acero-patitas-mascota\/#primaryimage"},"thumbnailUrl":"https:\/\/www.valantabisuteria.com\/wp-content\/uploads\/2022\/12\/1.jpg","datePublished":"2022-12-21T08:45:51+00:00","dateModified":"2026-03-05T10:36:53+00:00","breadcrumb":{"@id":"https:\/\/www.valantabisuteria.com\/product\/colgante-acero-patitas-mascota\/#breadcrumb"},"inLanguage":"en-US","potentialAction":[{"@type":"ReadAction","target":["https:\/\/www.valantabisuteria.com\/product\/colgante-acero-patitas-mascota\/"]}]},{"@type":"ImageObject","inLanguage":"en-US","@id":"https:\/\/www.valantabisuteria.com\/product\/colgante-acero-patitas-mascota\/#primaryimage","url":"https:\/\/www.valantabisuteria.com\/wp-content\/uploads\/2022\/12\/1.jpg","contentUrl":"https:\/\/www.valantabisuteria.com\/wp-content\/uploads\/2022\/12\/1.jpg","width":451,"height":432,"caption":"Collar con colgante cilindro en acero inoxidable Unisex con patitas mascota en color negro y peque\u00f1a circonita."},{"@type":"BreadcrumbList","@id":"https:\/\/www.valantabisuteria.com\/product\/colgante-acero-patitas-mascota\/#breadcrumb","itemListElement":[{"@type":"ListItem","position":1,"name":"Portada","item":"https:\/\/www.valantabisuteria.com\/"},{"@type":"ListItem","position":2,"name":"Tienda","item":"https:\/\/www.valantabisuteria.com\/tienda\/"},{"@type":"ListItem","position":3,"name":"Colgante urna cenizas Patitas Mascota"}]},{"@type":"WebSite","@id":"https:\/\/www.valantabisuteria.com\/#website","url":"https:\/\/www.valantabisuteria.com\/","name":"Valanta Bisuter\u00eda","description":"Joyas y Bisuter\u00eda de calidad","publisher":{"@id":"https:\/\/www.valantabisuteria.com\/#organization"},"alternateName":"Valanta Bisuter\u00eda","potentialAction":[{"@type":"SearchAction","target":{"@type":"EntryPoint","urlTemplate":"https:\/\/www.valantabisuteria.com\/?s={search_term_string}"},"query-input":{"@type":"PropertyValueSpecification","valueRequired":true,"valueName":"search_term_string"}}],"inLanguage":"en-US"},{"@type":"Organization","@id":"https:\/\/www.valantabisuteria.com\/#organization","name":"Valanta Bisuter\u00eda","url":"https:\/\/www.valantabisuteria.com\/","logo":{"@type":"ImageObject","inLanguage":"en-US","@id":"https:\/\/www.valantabisuteria.com\/#\/schema\/logo\/image\/","url":"https:\/\/valantabisuteria.com\/wp-content\/uploads\/2023\/02\/Logo-07-b.png","contentUrl":"https:\/\/valantabisuteria.com\/wp-content\/uploads\/2023\/02\/Logo-07-b.png","width":800,"height":238,"caption":"Valanta Bisuter\u00eda"},"image":{"@id":"https:\/\/www.valantabisuteria.com\/#\/schema\/logo\/image\/"},"sameAs":["https:\/\/www.instagram.com\/valantabisuteria\/"]}]}},"_links":{"self":[{"href":"https:\/\/www.valantabisuteria.com\/en\/wp-json\/wp\/v2\/product\/28008","targetHints":{"allow":["GET"]}}],"collection":[{"href":"https:\/\/www.valantabisuteria.com\/en\/wp-json\/wp\/v2\/product"}],"about":[{"href":"https:\/\/www.valantabisuteria.com\/en\/wp-json\/wp\/v2\/types\/product"}],"wp:featuredmedia":[{"embeddable":true,"href":"https:\/\/www.valantabisuteria.com\/en\/wp-json\/wp\/v2\/media\/28213"}],"wp:attachment":[{"href":"https:\/\/www.valantabisuteria.com\/en\/wp-json\/wp\/v2\/media?parent=28008"}],"wp:term":[{"taxonomy":"product_brand","embeddable":true,"href":"https:\/\/www.valantabisuteria.com\/en\/wp-json\/wp\/v2\/product_brand?post=28008"},{"taxonomy":"product_cat","embeddable":true,"href":"https:\/\/www.valantabisuteria.com\/en\/wp-json\/wp\/v2\/product_cat?post=28008"},{"taxonomy":"product_tag","embeddable":true,"href":"https:\/\/www.valantabisuteria.com\/en\/wp-json\/wp\/v2\/product_tag?post=28008"}],"curies":[{"name":"wp","href":"https:\/\/api.w.org\/{rel}","templated":true}]}}