{"id":28112,"date":"2022-12-21T12:03:59","date_gmt":"2022-12-21T11:03:59","guid":{"rendered":"https:\/\/valantabisuteria.com\/?post_type=product&#038;p=28112"},"modified":"2025-07-31T12:00:21","modified_gmt":"2025-07-31T10:00:21","slug":"gargantilla-cadena-bolas-negras-y-circonitas-arcoiris-acero-plateado","status":"publish","type":"product","link":"https:\/\/www.valantabisuteria.com\/en\/product\/gargantilla-cadena-bolas-negras-y-circonitas-arcoiris-acero-plateado\/","title":{"rendered":"Gargantilla Cadena Bolas Negras Y Circonitas Arcoiris"},"content":{"rendered":"<p>Collar gargantilla con cadena bolitas en color negro y piezas redondas de cristales circonita en varios colores.<\/p>\n<p>Medida: 20cm m\u00e1s extensi\u00f3n.<\/p>\n<p>Material: acero inoxidable y cristal circonita<\/p>\n<p>&nbsp;<\/p>\n","protected":false},"excerpt":{"rendered":"<p>Collar gargantilla con cadena bolitas en color negro y piezas redondas de cristales circonita en varios colores.<\/p>\n<p>Medida: 40cm m\u00e1s extensi\u00f3n<\/p>\n<p>Este collar est\u00e1 dise\u00f1ado para resaltar tu personalidad \u00fanica combinando l\u00edneas elegantes con detalles que muestran tu car\u00e1cter aut\u00e9ntico y seguro.<\/p>\n<p>&nbsp;<\/p>\n<p>&nbsp;<\/p>\n","protected":false},"featured_media":28677,"template":"","meta":{"_joinchat":[]},"product_brand":[],"product_cat":[156,148],"product_tag":[],"class_list":{"0":"post-28112","1":"product","2":"type-product","3":"status-publish","4":"has-post-thumbnail","6":"product_cat-collares","7":"product_cat-gada","10":"first","11":"instock","12":"shipping-taxable","13":"purchasable","14":"product-type-simple"},"yoast_head":"<!-- This site is optimized with the Yoast SEO plugin v27.2 - https:\/\/yoast.com\/product\/yoast-seo-wordpress\/ -->\n<title>ComprarGargantilla Cadena Bolas Negras Y Circonitas Arcoiris | Valanta Bisuter\u00eda<\/title>\n<meta name=\"description\" content=\"Elegancia que refleja tu esencia propia. Este collar est\u00e1 dise\u00f1ado para la mujer que quiere mostrar sin miedo su personalidad\" \/>\n<meta name=\"robots\" content=\"index, follow, max-snippet:-1, max-image-preview:large, max-video-preview:-1\" \/>\n<link rel=\"canonical\" href=\"https:\/\/www.valantabisuteria.com\/product\/gargantilla-cadena-bolas-negras-y-circonitas-arcoiris-acero-plateado\/\" \/>\n<meta property=\"og:locale\" content=\"en_US\" \/>\n<meta property=\"og:type\" content=\"article\" \/>\n<meta property=\"og:title\" content=\"ComprarGargantilla Cadena Bolas Negras Y Circonitas Arcoiris | Valanta Bisuter\u00eda\" \/>\n<meta property=\"og:description\" content=\"Elegancia que refleja tu esencia propia. Este collar est\u00e1 dise\u00f1ado para la mujer que quiere mostrar sin miedo su personalidad\" \/>\n<meta property=\"og:url\" content=\"https:\/\/www.valantabisuteria.com\/product\/gargantilla-cadena-bolas-negras-y-circonitas-arcoiris-acero-plateado\/\" \/>\n<meta property=\"og:site_name\" content=\"Valanta Bisuter\u00eda\" \/>\n<meta property=\"article:modified_time\" content=\"2025-07-31T10:00:21+00:00\" \/>\n<meta property=\"og:image\" content=\"https:\/\/www.valantabisuteria.com\/wp-content\/uploads\/2022\/12\/9-4.jpg\" \/>\n\t<meta property=\"og:image:width\" content=\"454\" \/>\n\t<meta property=\"og:image:height\" content=\"448\" \/>\n\t<meta property=\"og:image:type\" content=\"image\/jpeg\" \/>\n<meta name=\"twitter:card\" content=\"summary_large_image\" \/>\n<meta name=\"twitter:label1\" content=\"Est. reading time\" \/>\n\t<meta name=\"twitter:data1\" content=\"1 minute\" \/>\n<script type=\"application\/ld+json\" class=\"yoast-schema-graph\">{\"@context\":\"https:\/\/schema.org\",\"@graph\":[{\"@type\":\"WebPage\",\"@id\":\"https:\/\/www.valantabisuteria.com\/product\/gargantilla-cadena-bolas-negras-y-circonitas-arcoiris-acero-plateado\/\",\"url\":\"https:\/\/www.valantabisuteria.com\/product\/gargantilla-cadena-bolas-negras-y-circonitas-arcoiris-acero-plateado\/\",\"name\":\"ComprarGargantilla Cadena Bolas Negras Y Circonitas Arcoiris | Valanta Bisuter\u00eda\",\"isPartOf\":{\"@id\":\"https:\/\/www.valantabisuteria.com\/#website\"},\"primaryImageOfPage\":{\"@id\":\"https:\/\/www.valantabisuteria.com\/product\/gargantilla-cadena-bolas-negras-y-circonitas-arcoiris-acero-plateado\/#primaryimage\"},\"image\":{\"@id\":\"https:\/\/www.valantabisuteria.com\/product\/gargantilla-cadena-bolas-negras-y-circonitas-arcoiris-acero-plateado\/#primaryimage\"},\"thumbnailUrl\":\"https:\/\/www.valantabisuteria.com\/wp-content\/uploads\/2022\/12\/9-4.jpg\",\"datePublished\":\"2022-12-21T11:03:59+00:00\",\"dateModified\":\"2025-07-31T10:00:21+00:00\",\"description\":\"Elegancia que refleja tu esencia propia. Este collar est\u00e1 dise\u00f1ado para la mujer que quiere mostrar sin miedo su personalidad\",\"breadcrumb\":{\"@id\":\"https:\/\/www.valantabisuteria.com\/product\/gargantilla-cadena-bolas-negras-y-circonitas-arcoiris-acero-plateado\/#breadcrumb\"},\"inLanguage\":\"en-US\",\"potentialAction\":[{\"@type\":\"ReadAction\",\"target\":[\"https:\/\/www.valantabisuteria.com\/product\/gargantilla-cadena-bolas-negras-y-circonitas-arcoiris-acero-plateado\/\"]}]},{\"@type\":\"ImageObject\",\"inLanguage\":\"en-US\",\"@id\":\"https:\/\/www.valantabisuteria.com\/product\/gargantilla-cadena-bolas-negras-y-circonitas-arcoiris-acero-plateado\/#primaryimage\",\"url\":\"https:\/\/www.valantabisuteria.com\/wp-content\/uploads\/2022\/12\/9-4.jpg\",\"contentUrl\":\"https:\/\/www.valantabisuteria.com\/wp-content\/uploads\/2022\/12\/9-4.jpg\",\"width\":454,\"height\":448},{\"@type\":\"BreadcrumbList\",\"@id\":\"https:\/\/www.valantabisuteria.com\/product\/gargantilla-cadena-bolas-negras-y-circonitas-arcoiris-acero-plateado\/#breadcrumb\",\"itemListElement\":[{\"@type\":\"ListItem\",\"position\":1,\"name\":\"Portada\",\"item\":\"https:\/\/www.valantabisuteria.com\/\"},{\"@type\":\"ListItem\",\"position\":2,\"name\":\"Tienda\",\"item\":\"https:\/\/www.valantabisuteria.com\/tienda\/\"},{\"@type\":\"ListItem\",\"position\":3,\"name\":\"Gargantilla Cadena Bolas Negras Y Circonitas Arcoiris\"}]},{\"@type\":\"WebSite\",\"@id\":\"https:\/\/www.valantabisuteria.com\/#website\",\"url\":\"https:\/\/www.valantabisuteria.com\/\",\"name\":\"Valanta Bisuter\u00eda\",\"description\":\"Joyas y Bisuter\u00eda de calidad\",\"publisher\":{\"@id\":\"https:\/\/www.valantabisuteria.com\/#organization\"},\"alternateName\":\"Valanta Bisuter\u00eda\",\"potentialAction\":[{\"@type\":\"SearchAction\",\"target\":{\"@type\":\"EntryPoint\",\"urlTemplate\":\"https:\/\/www.valantabisuteria.com\/?s={search_term_string}\"},\"query-input\":{\"@type\":\"PropertyValueSpecification\",\"valueRequired\":true,\"valueName\":\"search_term_string\"}}],\"inLanguage\":\"en-US\"},{\"@type\":\"Organization\",\"@id\":\"https:\/\/www.valantabisuteria.com\/#organization\",\"name\":\"Valanta Bisuter\u00eda\",\"url\":\"https:\/\/www.valantabisuteria.com\/\",\"logo\":{\"@type\":\"ImageObject\",\"inLanguage\":\"en-US\",\"@id\":\"https:\/\/www.valantabisuteria.com\/#\/schema\/logo\/image\/\",\"url\":\"https:\/\/valantabisuteria.com\/wp-content\/uploads\/2023\/02\/Logo-07-b.png\",\"contentUrl\":\"https:\/\/valantabisuteria.com\/wp-content\/uploads\/2023\/02\/Logo-07-b.png\",\"width\":800,\"height\":238,\"caption\":\"Valanta Bisuter\u00eda\"},\"image\":{\"@id\":\"https:\/\/www.valantabisuteria.com\/#\/schema\/logo\/image\/\"},\"sameAs\":[\"https:\/\/www.instagram.com\/valantabisuteria\/\"]}]}<\/script>\n<!-- \/ Yoast SEO plugin. -->","yoast_head_json":{"title":"ComprarGargantilla Cadena Bolas Negras Y Circonitas Arcoiris | Valanta Bisuter\u00eda","description":"Elegancia que refleja tu esencia propia. Este collar est\u00e1 dise\u00f1ado para la mujer que quiere mostrar sin miedo su personalidad","robots":{"index":"index","follow":"follow","max-snippet":"max-snippet:-1","max-image-preview":"max-image-preview:large","max-video-preview":"max-video-preview:-1"},"canonical":"https:\/\/www.valantabisuteria.com\/product\/gargantilla-cadena-bolas-negras-y-circonitas-arcoiris-acero-plateado\/","og_locale":"en_US","og_type":"article","og_title":"ComprarGargantilla Cadena Bolas Negras Y Circonitas Arcoiris | Valanta Bisuter\u00eda","og_description":"Elegancia que refleja tu esencia propia. Este collar est\u00e1 dise\u00f1ado para la mujer que quiere mostrar sin miedo su personalidad","og_url":"https:\/\/www.valantabisuteria.com\/product\/gargantilla-cadena-bolas-negras-y-circonitas-arcoiris-acero-plateado\/","og_site_name":"Valanta Bisuter\u00eda","article_modified_time":"2025-07-31T10:00:21+00:00","og_image":[{"width":454,"height":448,"url":"https:\/\/www.valantabisuteria.com\/wp-content\/uploads\/2022\/12\/9-4.jpg","type":"image\/jpeg"}],"twitter_card":"summary_large_image","twitter_misc":{"Est. reading time":"1 minute"},"schema":{"@context":"https:\/\/schema.org","@graph":[{"@type":"WebPage","@id":"https:\/\/www.valantabisuteria.com\/product\/gargantilla-cadena-bolas-negras-y-circonitas-arcoiris-acero-plateado\/","url":"https:\/\/www.valantabisuteria.com\/product\/gargantilla-cadena-bolas-negras-y-circonitas-arcoiris-acero-plateado\/","name":"ComprarGargantilla Cadena Bolas Negras Y Circonitas Arcoiris | Valanta Bisuter\u00eda","isPartOf":{"@id":"https:\/\/www.valantabisuteria.com\/#website"},"primaryImageOfPage":{"@id":"https:\/\/www.valantabisuteria.com\/product\/gargantilla-cadena-bolas-negras-y-circonitas-arcoiris-acero-plateado\/#primaryimage"},"image":{"@id":"https:\/\/www.valantabisuteria.com\/product\/gargantilla-cadena-bolas-negras-y-circonitas-arcoiris-acero-plateado\/#primaryimage"},"thumbnailUrl":"https:\/\/www.valantabisuteria.com\/wp-content\/uploads\/2022\/12\/9-4.jpg","datePublished":"2022-12-21T11:03:59+00:00","dateModified":"2025-07-31T10:00:21+00:00","description":"Elegancia que refleja tu esencia propia. Este collar est\u00e1 dise\u00f1ado para la mujer que quiere mostrar sin miedo su personalidad","breadcrumb":{"@id":"https:\/\/www.valantabisuteria.com\/product\/gargantilla-cadena-bolas-negras-y-circonitas-arcoiris-acero-plateado\/#breadcrumb"},"inLanguage":"en-US","potentialAction":[{"@type":"ReadAction","target":["https:\/\/www.valantabisuteria.com\/product\/gargantilla-cadena-bolas-negras-y-circonitas-arcoiris-acero-plateado\/"]}]},{"@type":"ImageObject","inLanguage":"en-US","@id":"https:\/\/www.valantabisuteria.com\/product\/gargantilla-cadena-bolas-negras-y-circonitas-arcoiris-acero-plateado\/#primaryimage","url":"https:\/\/www.valantabisuteria.com\/wp-content\/uploads\/2022\/12\/9-4.jpg","contentUrl":"https:\/\/www.valantabisuteria.com\/wp-content\/uploads\/2022\/12\/9-4.jpg","width":454,"height":448},{"@type":"BreadcrumbList","@id":"https:\/\/www.valantabisuteria.com\/product\/gargantilla-cadena-bolas-negras-y-circonitas-arcoiris-acero-plateado\/#breadcrumb","itemListElement":[{"@type":"ListItem","position":1,"name":"Portada","item":"https:\/\/www.valantabisuteria.com\/"},{"@type":"ListItem","position":2,"name":"Tienda","item":"https:\/\/www.valantabisuteria.com\/tienda\/"},{"@type":"ListItem","position":3,"name":"Gargantilla Cadena Bolas Negras Y Circonitas Arcoiris"}]},{"@type":"WebSite","@id":"https:\/\/www.valantabisuteria.com\/#website","url":"https:\/\/www.valantabisuteria.com\/","name":"Valanta Bisuter\u00eda","description":"Joyas y Bisuter\u00eda de calidad","publisher":{"@id":"https:\/\/www.valantabisuteria.com\/#organization"},"alternateName":"Valanta Bisuter\u00eda","potentialAction":[{"@type":"SearchAction","target":{"@type":"EntryPoint","urlTemplate":"https:\/\/www.valantabisuteria.com\/?s={search_term_string}"},"query-input":{"@type":"PropertyValueSpecification","valueRequired":true,"valueName":"search_term_string"}}],"inLanguage":"en-US"},{"@type":"Organization","@id":"https:\/\/www.valantabisuteria.com\/#organization","name":"Valanta Bisuter\u00eda","url":"https:\/\/www.valantabisuteria.com\/","logo":{"@type":"ImageObject","inLanguage":"en-US","@id":"https:\/\/www.valantabisuteria.com\/#\/schema\/logo\/image\/","url":"https:\/\/valantabisuteria.com\/wp-content\/uploads\/2023\/02\/Logo-07-b.png","contentUrl":"https:\/\/valantabisuteria.com\/wp-content\/uploads\/2023\/02\/Logo-07-b.png","width":800,"height":238,"caption":"Valanta Bisuter\u00eda"},"image":{"@id":"https:\/\/www.valantabisuteria.com\/#\/schema\/logo\/image\/"},"sameAs":["https:\/\/www.instagram.com\/valantabisuteria\/"]}]}},"_links":{"self":[{"href":"https:\/\/www.valantabisuteria.com\/en\/wp-json\/wp\/v2\/product\/28112","targetHints":{"allow":["GET"]}}],"collection":[{"href":"https:\/\/www.valantabisuteria.com\/en\/wp-json\/wp\/v2\/product"}],"about":[{"href":"https:\/\/www.valantabisuteria.com\/en\/wp-json\/wp\/v2\/types\/product"}],"wp:featuredmedia":[{"embeddable":true,"href":"https:\/\/www.valantabisuteria.com\/en\/wp-json\/wp\/v2\/media\/28677"}],"wp:attachment":[{"href":"https:\/\/www.valantabisuteria.com\/en\/wp-json\/wp\/v2\/media?parent=28112"}],"wp:term":[{"taxonomy":"product_brand","embeddable":true,"href":"https:\/\/www.valantabisuteria.com\/en\/wp-json\/wp\/v2\/product_brand?post=28112"},{"taxonomy":"product_cat","embeddable":true,"href":"https:\/\/www.valantabisuteria.com\/en\/wp-json\/wp\/v2\/product_cat?post=28112"},{"taxonomy":"product_tag","embeddable":true,"href":"https:\/\/www.valantabisuteria.com\/en\/wp-json\/wp\/v2\/product_tag?post=28112"}],"curies":[{"name":"wp","href":"https:\/\/api.w.org\/{rel}","templated":true}]}}