{"id":28134,"date":"2022-12-21T12:40:10","date_gmt":"2022-12-21T11:40:10","guid":{"rendered":"https:\/\/valantabisuteria.com\/?post_type=product&#038;p=28134"},"modified":"2025-12-01T11:38:10","modified_gmt":"2025-12-01T10:38:10","slug":"pulsera-good-luck-acero","status":"publish","type":"product","link":"https:\/\/www.valantabisuteria.com\/en\/product\/pulsera-good-luck-acero\/","title":{"rendered":"Pulsera &#8220;Good Luck&#8221; Acero"},"content":{"rendered":"<p>Pulsera Good Luck en acero con cadena eslabones alargados, con peque\u00f1a circonita transparente.<\/p>\n<p>Medida pulsera: 18cms.<\/p>\n<p>REF: LI14<\/p>\n","protected":false},"excerpt":{"rendered":"<p>Pulsera Good Luck en acero con cadena eslabones alargados, con peque\u00f1a circonita transparente.<\/p>\n<p>Esta pulsera celebra la autenticidad de cada mujer, permiti\u00e9ndote expresar tu verdadera esencia, prestando gran atenci\u00f3n al detalle, asegurando calidad y est\u00e9tica a esta pieza.<\/p>\n<p>Medida pulsera: 18cms.<\/p>\n<p>REF: LI14<\/p>\n<p>&nbsp;<\/p>\n","protected":false},"featured_media":28693,"template":"","meta":{"_joinchat":[]},"product_brand":[],"product_cat":[151,155],"product_tag":[],"class_list":{"0":"post-28134","1":"product","2":"type-product","3":"status-publish","4":"has-post-thumbnail","6":"product_cat-linka","7":"product_cat-pulseras","10":"first","11":"instock","12":"shipping-taxable","13":"purchasable","14":"product-type-simple"},"yoast_head":"<!-- This site is optimized with the Yoast SEO plugin v27.2 - https:\/\/yoast.com\/product\/yoast-seo-wordpress\/ -->\n<title>ComprarPulsera &quot;Good Luck&quot; Acero | Valanta Bisuter\u00eda<\/title>\n<meta name=\"robots\" content=\"index, follow, max-snippet:-1, max-image-preview:large, max-video-preview:-1\" \/>\n<link rel=\"canonical\" href=\"https:\/\/www.valantabisuteria.com\/product\/pulsera-good-luck-acero\/\" \/>\n<meta property=\"og:locale\" content=\"en_US\" \/>\n<meta property=\"og:type\" content=\"article\" \/>\n<meta property=\"og:title\" content=\"ComprarPulsera &quot;Good Luck&quot; Acero | Valanta Bisuter\u00eda\" \/>\n<meta property=\"og:description\" content=\"Pulsera Good Luck en acero con cadena eslabones alargados, con peque\u00f1a circonita transparente.  Esta pulsera celebra la autenticidad de cada mujer, permiti\u00e9ndote expresar tu verdadera esencia, prestando gran atenci\u00f3n al detalle, asegurando calidad y est\u00e9tica a esta pieza.  Medida pulsera: 18cms.  REF: LI14  &nbsp;\" \/>\n<meta property=\"og:url\" content=\"https:\/\/www.valantabisuteria.com\/product\/pulsera-good-luck-acero\/\" \/>\n<meta property=\"og:site_name\" content=\"Valanta Bisuter\u00eda\" \/>\n<meta property=\"article:modified_time\" content=\"2025-12-01T10:38:10+00:00\" \/>\n<meta property=\"og:image\" content=\"https:\/\/www.valantabisuteria.com\/wp-content\/uploads\/2022\/12\/7-5.jpg\" \/>\n\t<meta property=\"og:image:width\" content=\"454\" \/>\n\t<meta property=\"og:image:height\" content=\"448\" \/>\n\t<meta property=\"og:image:type\" content=\"image\/jpeg\" \/>\n<meta name=\"twitter:card\" content=\"summary_large_image\" \/>\n<meta name=\"twitter:label1\" content=\"Est. reading time\" \/>\n\t<meta name=\"twitter:data1\" content=\"1 minute\" \/>\n<script type=\"application\/ld+json\" class=\"yoast-schema-graph\">{\"@context\":\"https:\/\/schema.org\",\"@graph\":[{\"@type\":\"WebPage\",\"@id\":\"https:\/\/www.valantabisuteria.com\/product\/pulsera-good-luck-acero\/\",\"url\":\"https:\/\/www.valantabisuteria.com\/product\/pulsera-good-luck-acero\/\",\"name\":\"ComprarPulsera \\\"Good Luck\\\" Acero | Valanta Bisuter\u00eda\",\"isPartOf\":{\"@id\":\"https:\/\/www.valantabisuteria.com\/#website\"},\"primaryImageOfPage\":{\"@id\":\"https:\/\/www.valantabisuteria.com\/product\/pulsera-good-luck-acero\/#primaryimage\"},\"image\":{\"@id\":\"https:\/\/www.valantabisuteria.com\/product\/pulsera-good-luck-acero\/#primaryimage\"},\"thumbnailUrl\":\"https:\/\/www.valantabisuteria.com\/wp-content\/uploads\/2022\/12\/7-5.jpg\",\"datePublished\":\"2022-12-21T11:40:10+00:00\",\"dateModified\":\"2025-12-01T10:38:10+00:00\",\"breadcrumb\":{\"@id\":\"https:\/\/www.valantabisuteria.com\/product\/pulsera-good-luck-acero\/#breadcrumb\"},\"inLanguage\":\"en-US\",\"potentialAction\":[{\"@type\":\"ReadAction\",\"target\":[\"https:\/\/www.valantabisuteria.com\/product\/pulsera-good-luck-acero\/\"]}]},{\"@type\":\"ImageObject\",\"inLanguage\":\"en-US\",\"@id\":\"https:\/\/www.valantabisuteria.com\/product\/pulsera-good-luck-acero\/#primaryimage\",\"url\":\"https:\/\/www.valantabisuteria.com\/wp-content\/uploads\/2022\/12\/7-5.jpg\",\"contentUrl\":\"https:\/\/www.valantabisuteria.com\/wp-content\/uploads\/2022\/12\/7-5.jpg\",\"width\":454,\"height\":448,\"caption\":\"Pulsera Good Luck en acero con cadena eslabones alargados, con peque\u00f1a circonita transparente.\"},{\"@type\":\"BreadcrumbList\",\"@id\":\"https:\/\/www.valantabisuteria.com\/product\/pulsera-good-luck-acero\/#breadcrumb\",\"itemListElement\":[{\"@type\":\"ListItem\",\"position\":1,\"name\":\"Portada\",\"item\":\"https:\/\/www.valantabisuteria.com\/\"},{\"@type\":\"ListItem\",\"position\":2,\"name\":\"Tienda\",\"item\":\"https:\/\/www.valantabisuteria.com\/tienda\/\"},{\"@type\":\"ListItem\",\"position\":3,\"name\":\"Pulsera &#8220;Good Luck&#8221; Acero\"}]},{\"@type\":\"WebSite\",\"@id\":\"https:\/\/www.valantabisuteria.com\/#website\",\"url\":\"https:\/\/www.valantabisuteria.com\/\",\"name\":\"Valanta Bisuter\u00eda\",\"description\":\"Joyas y Bisuter\u00eda de calidad\",\"publisher\":{\"@id\":\"https:\/\/www.valantabisuteria.com\/#organization\"},\"alternateName\":\"Valanta Bisuter\u00eda\",\"potentialAction\":[{\"@type\":\"SearchAction\",\"target\":{\"@type\":\"EntryPoint\",\"urlTemplate\":\"https:\/\/www.valantabisuteria.com\/?s={search_term_string}\"},\"query-input\":{\"@type\":\"PropertyValueSpecification\",\"valueRequired\":true,\"valueName\":\"search_term_string\"}}],\"inLanguage\":\"en-US\"},{\"@type\":\"Organization\",\"@id\":\"https:\/\/www.valantabisuteria.com\/#organization\",\"name\":\"Valanta Bisuter\u00eda\",\"url\":\"https:\/\/www.valantabisuteria.com\/\",\"logo\":{\"@type\":\"ImageObject\",\"inLanguage\":\"en-US\",\"@id\":\"https:\/\/www.valantabisuteria.com\/#\/schema\/logo\/image\/\",\"url\":\"https:\/\/valantabisuteria.com\/wp-content\/uploads\/2023\/02\/Logo-07-b.png\",\"contentUrl\":\"https:\/\/valantabisuteria.com\/wp-content\/uploads\/2023\/02\/Logo-07-b.png\",\"width\":800,\"height\":238,\"caption\":\"Valanta Bisuter\u00eda\"},\"image\":{\"@id\":\"https:\/\/www.valantabisuteria.com\/#\/schema\/logo\/image\/\"},\"sameAs\":[\"https:\/\/www.instagram.com\/valantabisuteria\/\"]}]}<\/script>\n<!-- \/ Yoast SEO plugin. -->","yoast_head_json":{"title":"ComprarPulsera \"Good Luck\" Acero | Valanta Bisuter\u00eda","robots":{"index":"index","follow":"follow","max-snippet":"max-snippet:-1","max-image-preview":"max-image-preview:large","max-video-preview":"max-video-preview:-1"},"canonical":"https:\/\/www.valantabisuteria.com\/product\/pulsera-good-luck-acero\/","og_locale":"en_US","og_type":"article","og_title":"ComprarPulsera \"Good Luck\" Acero | Valanta Bisuter\u00eda","og_description":"Pulsera Good Luck en acero con cadena eslabones alargados, con peque\u00f1a circonita transparente.  Esta pulsera celebra la autenticidad de cada mujer, permiti\u00e9ndote expresar tu verdadera esencia, prestando gran atenci\u00f3n al detalle, asegurando calidad y est\u00e9tica a esta pieza.  Medida pulsera: 18cms.  REF: LI14  &nbsp;","og_url":"https:\/\/www.valantabisuteria.com\/product\/pulsera-good-luck-acero\/","og_site_name":"Valanta Bisuter\u00eda","article_modified_time":"2025-12-01T10:38:10+00:00","og_image":[{"width":454,"height":448,"url":"https:\/\/www.valantabisuteria.com\/wp-content\/uploads\/2022\/12\/7-5.jpg","type":"image\/jpeg"}],"twitter_card":"summary_large_image","twitter_misc":{"Est. reading time":"1 minute"},"schema":{"@context":"https:\/\/schema.org","@graph":[{"@type":"WebPage","@id":"https:\/\/www.valantabisuteria.com\/product\/pulsera-good-luck-acero\/","url":"https:\/\/www.valantabisuteria.com\/product\/pulsera-good-luck-acero\/","name":"ComprarPulsera \"Good Luck\" Acero | Valanta Bisuter\u00eda","isPartOf":{"@id":"https:\/\/www.valantabisuteria.com\/#website"},"primaryImageOfPage":{"@id":"https:\/\/www.valantabisuteria.com\/product\/pulsera-good-luck-acero\/#primaryimage"},"image":{"@id":"https:\/\/www.valantabisuteria.com\/product\/pulsera-good-luck-acero\/#primaryimage"},"thumbnailUrl":"https:\/\/www.valantabisuteria.com\/wp-content\/uploads\/2022\/12\/7-5.jpg","datePublished":"2022-12-21T11:40:10+00:00","dateModified":"2025-12-01T10:38:10+00:00","breadcrumb":{"@id":"https:\/\/www.valantabisuteria.com\/product\/pulsera-good-luck-acero\/#breadcrumb"},"inLanguage":"en-US","potentialAction":[{"@type":"ReadAction","target":["https:\/\/www.valantabisuteria.com\/product\/pulsera-good-luck-acero\/"]}]},{"@type":"ImageObject","inLanguage":"en-US","@id":"https:\/\/www.valantabisuteria.com\/product\/pulsera-good-luck-acero\/#primaryimage","url":"https:\/\/www.valantabisuteria.com\/wp-content\/uploads\/2022\/12\/7-5.jpg","contentUrl":"https:\/\/www.valantabisuteria.com\/wp-content\/uploads\/2022\/12\/7-5.jpg","width":454,"height":448,"caption":"Pulsera Good Luck en acero con cadena eslabones alargados, con peque\u00f1a circonita transparente."},{"@type":"BreadcrumbList","@id":"https:\/\/www.valantabisuteria.com\/product\/pulsera-good-luck-acero\/#breadcrumb","itemListElement":[{"@type":"ListItem","position":1,"name":"Portada","item":"https:\/\/www.valantabisuteria.com\/"},{"@type":"ListItem","position":2,"name":"Tienda","item":"https:\/\/www.valantabisuteria.com\/tienda\/"},{"@type":"ListItem","position":3,"name":"Pulsera &#8220;Good Luck&#8221; Acero"}]},{"@type":"WebSite","@id":"https:\/\/www.valantabisuteria.com\/#website","url":"https:\/\/www.valantabisuteria.com\/","name":"Valanta Bisuter\u00eda","description":"Joyas y Bisuter\u00eda de calidad","publisher":{"@id":"https:\/\/www.valantabisuteria.com\/#organization"},"alternateName":"Valanta Bisuter\u00eda","potentialAction":[{"@type":"SearchAction","target":{"@type":"EntryPoint","urlTemplate":"https:\/\/www.valantabisuteria.com\/?s={search_term_string}"},"query-input":{"@type":"PropertyValueSpecification","valueRequired":true,"valueName":"search_term_string"}}],"inLanguage":"en-US"},{"@type":"Organization","@id":"https:\/\/www.valantabisuteria.com\/#organization","name":"Valanta Bisuter\u00eda","url":"https:\/\/www.valantabisuteria.com\/","logo":{"@type":"ImageObject","inLanguage":"en-US","@id":"https:\/\/www.valantabisuteria.com\/#\/schema\/logo\/image\/","url":"https:\/\/valantabisuteria.com\/wp-content\/uploads\/2023\/02\/Logo-07-b.png","contentUrl":"https:\/\/valantabisuteria.com\/wp-content\/uploads\/2023\/02\/Logo-07-b.png","width":800,"height":238,"caption":"Valanta Bisuter\u00eda"},"image":{"@id":"https:\/\/www.valantabisuteria.com\/#\/schema\/logo\/image\/"},"sameAs":["https:\/\/www.instagram.com\/valantabisuteria\/"]}]}},"_links":{"self":[{"href":"https:\/\/www.valantabisuteria.com\/en\/wp-json\/wp\/v2\/product\/28134","targetHints":{"allow":["GET"]}}],"collection":[{"href":"https:\/\/www.valantabisuteria.com\/en\/wp-json\/wp\/v2\/product"}],"about":[{"href":"https:\/\/www.valantabisuteria.com\/en\/wp-json\/wp\/v2\/types\/product"}],"wp:featuredmedia":[{"embeddable":true,"href":"https:\/\/www.valantabisuteria.com\/en\/wp-json\/wp\/v2\/media\/28693"}],"wp:attachment":[{"href":"https:\/\/www.valantabisuteria.com\/en\/wp-json\/wp\/v2\/media?parent=28134"}],"wp:term":[{"taxonomy":"product_brand","embeddable":true,"href":"https:\/\/www.valantabisuteria.com\/en\/wp-json\/wp\/v2\/product_brand?post=28134"},{"taxonomy":"product_cat","embeddable":true,"href":"https:\/\/www.valantabisuteria.com\/en\/wp-json\/wp\/v2\/product_cat?post=28134"},{"taxonomy":"product_tag","embeddable":true,"href":"https:\/\/www.valantabisuteria.com\/en\/wp-json\/wp\/v2\/product_tag?post=28134"}],"curies":[{"name":"wp","href":"https:\/\/api.w.org\/{rel}","templated":true}]}}