{"id":28175,"date":"2022-12-22T09:54:47","date_gmt":"2022-12-22T08:54:47","guid":{"rendered":"https:\/\/valantabisuteria.com\/?post_type=product&#038;p=28175"},"modified":"2026-01-19T10:28:20","modified_gmt":"2026-01-19T09:28:20","slug":"pulsera-acero-mujer-valanta-plateado-cadena-bolitas","status":"publish","type":"product","link":"https:\/\/www.valantabisuteria.com\/en\/product\/pulsera-acero-mujer-valanta-plateado-cadena-bolitas\/","title":{"rendered":"Pulsera Acero plateado &#8220;Mujer Valanta&#8221;"},"content":{"rendered":"<p>Pulsera acero con cadena redonda en color plateado con pieza geom\u00e9trica alargada.<\/p>\n<p>Medida pulsera: 15cms m\u00e1s extensi\u00f3n.<\/p>\n<p>REF:MV5<\/p>\n<p>El toque perfecto para definir tu estilo.<\/p>\n","protected":false},"excerpt":{"rendered":"<p>Pulsera acero con cadena redonda en color plateado con pieza geom\u00e9trica alargada.<\/p>\n<p>Estilo y comodidad. Pulsera dise\u00f1ada para ser c\u00f3moda y ligera, ser\u00e1 el complemento ideal para todas tus actividades y el toque perfecto para definir tu estilo.<\/p>\n<p>Medida pulsera: 15cms m\u00e1s extensi\u00f3n.<\/p>\n<p>Material : Acero inoxidable<\/p>\n","protected":false},"featured_media":28723,"template":"","meta":{"_joinchat":[]},"product_brand":[],"product_cat":[165,195,155],"product_tag":[],"class_list":{"0":"post-28175","1":"product","2":"type-product","3":"status-publish","4":"has-post-thumbnail","6":"product_cat-mujer-valanta","7":"product_cat-outlet-exclusivo","8":"product_cat-pulseras","11":"first","12":"instock","13":"shipping-taxable","14":"purchasable","15":"product-type-simple"},"yoast_head":"<!-- This site is optimized with the Yoast SEO plugin v27.2 - https:\/\/yoast.com\/product\/yoast-seo-wordpress\/ -->\n<title>ComprarPulsera Acero plateado &quot;Mujer Valanta&quot; | Valanta Bisuter\u00eda<\/title>\n<meta name=\"description\" content=\"Estilo y comodidad. Esta pulsera est\u00e1 dise\u00f1ada para ser c\u00f3moda y ligera, es el complemento ideal para realizar cualquier actividad\" \/>\n<meta name=\"robots\" content=\"index, follow, max-snippet:-1, max-image-preview:large, max-video-preview:-1\" \/>\n<link rel=\"canonical\" href=\"https:\/\/www.valantabisuteria.com\/product\/pulsera-acero-mujer-valanta-plateado-cadena-bolitas\/\" \/>\n<meta property=\"og:locale\" content=\"en_US\" \/>\n<meta property=\"og:type\" content=\"article\" \/>\n<meta property=\"og:title\" content=\"ComprarPulsera Acero plateado &quot;Mujer Valanta&quot; | Valanta Bisuter\u00eda\" \/>\n<meta property=\"og:description\" content=\"Estilo y comodidad. Esta pulsera est\u00e1 dise\u00f1ada para ser c\u00f3moda y ligera, es el complemento ideal para realizar cualquier actividad\" \/>\n<meta property=\"og:url\" content=\"https:\/\/www.valantabisuteria.com\/product\/pulsera-acero-mujer-valanta-plateado-cadena-bolitas\/\" \/>\n<meta property=\"og:site_name\" content=\"Valanta Bisuter\u00eda\" \/>\n<meta property=\"article:modified_time\" content=\"2026-01-19T09:28:20+00:00\" \/>\n<meta property=\"og:image\" content=\"https:\/\/www.valantabisuteria.com\/wp-content\/uploads\/2022\/12\/2-7.jpg\" \/>\n\t<meta property=\"og:image:width\" content=\"454\" \/>\n\t<meta property=\"og:image:height\" content=\"448\" \/>\n\t<meta property=\"og:image:type\" content=\"image\/jpeg\" \/>\n<meta name=\"twitter:card\" content=\"summary_large_image\" \/>\n<meta name=\"twitter:label1\" content=\"Est. reading time\" \/>\n\t<meta name=\"twitter:data1\" content=\"1 minute\" \/>\n<script type=\"application\/ld+json\" class=\"yoast-schema-graph\">{\"@context\":\"https:\/\/schema.org\",\"@graph\":[{\"@type\":\"WebPage\",\"@id\":\"https:\/\/www.valantabisuteria.com\/product\/pulsera-acero-mujer-valanta-plateado-cadena-bolitas\/\",\"url\":\"https:\/\/www.valantabisuteria.com\/product\/pulsera-acero-mujer-valanta-plateado-cadena-bolitas\/\",\"name\":\"ComprarPulsera Acero plateado \\\"Mujer Valanta\\\" | Valanta Bisuter\u00eda\",\"isPartOf\":{\"@id\":\"https:\/\/www.valantabisuteria.com\/#website\"},\"primaryImageOfPage\":{\"@id\":\"https:\/\/www.valantabisuteria.com\/product\/pulsera-acero-mujer-valanta-plateado-cadena-bolitas\/#primaryimage\"},\"image\":{\"@id\":\"https:\/\/www.valantabisuteria.com\/product\/pulsera-acero-mujer-valanta-plateado-cadena-bolitas\/#primaryimage\"},\"thumbnailUrl\":\"https:\/\/www.valantabisuteria.com\/wp-content\/uploads\/2022\/12\/2-7.jpg\",\"datePublished\":\"2022-12-22T08:54:47+00:00\",\"dateModified\":\"2026-01-19T09:28:20+00:00\",\"description\":\"Estilo y comodidad. Esta pulsera est\u00e1 dise\u00f1ada para ser c\u00f3moda y ligera, es el complemento ideal para realizar cualquier actividad\",\"breadcrumb\":{\"@id\":\"https:\/\/www.valantabisuteria.com\/product\/pulsera-acero-mujer-valanta-plateado-cadena-bolitas\/#breadcrumb\"},\"inLanguage\":\"en-US\",\"potentialAction\":[{\"@type\":\"ReadAction\",\"target\":[\"https:\/\/www.valantabisuteria.com\/product\/pulsera-acero-mujer-valanta-plateado-cadena-bolitas\/\"]}]},{\"@type\":\"ImageObject\",\"inLanguage\":\"en-US\",\"@id\":\"https:\/\/www.valantabisuteria.com\/product\/pulsera-acero-mujer-valanta-plateado-cadena-bolitas\/#primaryimage\",\"url\":\"https:\/\/www.valantabisuteria.com\/wp-content\/uploads\/2022\/12\/2-7.jpg\",\"contentUrl\":\"https:\/\/www.valantabisuteria.com\/wp-content\/uploads\/2022\/12\/2-7.jpg\",\"width\":454,\"height\":448},{\"@type\":\"BreadcrumbList\",\"@id\":\"https:\/\/www.valantabisuteria.com\/product\/pulsera-acero-mujer-valanta-plateado-cadena-bolitas\/#breadcrumb\",\"itemListElement\":[{\"@type\":\"ListItem\",\"position\":1,\"name\":\"Portada\",\"item\":\"https:\/\/www.valantabisuteria.com\/\"},{\"@type\":\"ListItem\",\"position\":2,\"name\":\"Tienda\",\"item\":\"https:\/\/www.valantabisuteria.com\/tienda\/\"},{\"@type\":\"ListItem\",\"position\":3,\"name\":\"Pulsera Acero plateado &#8220;Mujer Valanta&#8221;\"}]},{\"@type\":\"WebSite\",\"@id\":\"https:\/\/www.valantabisuteria.com\/#website\",\"url\":\"https:\/\/www.valantabisuteria.com\/\",\"name\":\"Valanta Bisuter\u00eda\",\"description\":\"Joyas y Bisuter\u00eda de calidad\",\"publisher\":{\"@id\":\"https:\/\/www.valantabisuteria.com\/#organization\"},\"alternateName\":\"Valanta Bisuter\u00eda\",\"potentialAction\":[{\"@type\":\"SearchAction\",\"target\":{\"@type\":\"EntryPoint\",\"urlTemplate\":\"https:\/\/www.valantabisuteria.com\/?s={search_term_string}\"},\"query-input\":{\"@type\":\"PropertyValueSpecification\",\"valueRequired\":true,\"valueName\":\"search_term_string\"}}],\"inLanguage\":\"en-US\"},{\"@type\":\"Organization\",\"@id\":\"https:\/\/www.valantabisuteria.com\/#organization\",\"name\":\"Valanta Bisuter\u00eda\",\"url\":\"https:\/\/www.valantabisuteria.com\/\",\"logo\":{\"@type\":\"ImageObject\",\"inLanguage\":\"en-US\",\"@id\":\"https:\/\/www.valantabisuteria.com\/#\/schema\/logo\/image\/\",\"url\":\"https:\/\/valantabisuteria.com\/wp-content\/uploads\/2023\/02\/Logo-07-b.png\",\"contentUrl\":\"https:\/\/valantabisuteria.com\/wp-content\/uploads\/2023\/02\/Logo-07-b.png\",\"width\":800,\"height\":238,\"caption\":\"Valanta Bisuter\u00eda\"},\"image\":{\"@id\":\"https:\/\/www.valantabisuteria.com\/#\/schema\/logo\/image\/\"},\"sameAs\":[\"https:\/\/www.instagram.com\/valantabisuteria\/\"]}]}<\/script>\n<!-- \/ Yoast SEO plugin. -->","yoast_head_json":{"title":"ComprarPulsera Acero plateado \"Mujer Valanta\" | Valanta Bisuter\u00eda","description":"Estilo y comodidad. Esta pulsera est\u00e1 dise\u00f1ada para ser c\u00f3moda y ligera, es el complemento ideal para realizar cualquier actividad","robots":{"index":"index","follow":"follow","max-snippet":"max-snippet:-1","max-image-preview":"max-image-preview:large","max-video-preview":"max-video-preview:-1"},"canonical":"https:\/\/www.valantabisuteria.com\/product\/pulsera-acero-mujer-valanta-plateado-cadena-bolitas\/","og_locale":"en_US","og_type":"article","og_title":"ComprarPulsera Acero plateado \"Mujer Valanta\" | Valanta Bisuter\u00eda","og_description":"Estilo y comodidad. Esta pulsera est\u00e1 dise\u00f1ada para ser c\u00f3moda y ligera, es el complemento ideal para realizar cualquier actividad","og_url":"https:\/\/www.valantabisuteria.com\/product\/pulsera-acero-mujer-valanta-plateado-cadena-bolitas\/","og_site_name":"Valanta Bisuter\u00eda","article_modified_time":"2026-01-19T09:28:20+00:00","og_image":[{"width":454,"height":448,"url":"https:\/\/www.valantabisuteria.com\/wp-content\/uploads\/2022\/12\/2-7.jpg","type":"image\/jpeg"}],"twitter_card":"summary_large_image","twitter_misc":{"Est. reading time":"1 minute"},"schema":{"@context":"https:\/\/schema.org","@graph":[{"@type":"WebPage","@id":"https:\/\/www.valantabisuteria.com\/product\/pulsera-acero-mujer-valanta-plateado-cadena-bolitas\/","url":"https:\/\/www.valantabisuteria.com\/product\/pulsera-acero-mujer-valanta-plateado-cadena-bolitas\/","name":"ComprarPulsera Acero plateado \"Mujer Valanta\" | Valanta Bisuter\u00eda","isPartOf":{"@id":"https:\/\/www.valantabisuteria.com\/#website"},"primaryImageOfPage":{"@id":"https:\/\/www.valantabisuteria.com\/product\/pulsera-acero-mujer-valanta-plateado-cadena-bolitas\/#primaryimage"},"image":{"@id":"https:\/\/www.valantabisuteria.com\/product\/pulsera-acero-mujer-valanta-plateado-cadena-bolitas\/#primaryimage"},"thumbnailUrl":"https:\/\/www.valantabisuteria.com\/wp-content\/uploads\/2022\/12\/2-7.jpg","datePublished":"2022-12-22T08:54:47+00:00","dateModified":"2026-01-19T09:28:20+00:00","description":"Estilo y comodidad. Esta pulsera est\u00e1 dise\u00f1ada para ser c\u00f3moda y ligera, es el complemento ideal para realizar cualquier actividad","breadcrumb":{"@id":"https:\/\/www.valantabisuteria.com\/product\/pulsera-acero-mujer-valanta-plateado-cadena-bolitas\/#breadcrumb"},"inLanguage":"en-US","potentialAction":[{"@type":"ReadAction","target":["https:\/\/www.valantabisuteria.com\/product\/pulsera-acero-mujer-valanta-plateado-cadena-bolitas\/"]}]},{"@type":"ImageObject","inLanguage":"en-US","@id":"https:\/\/www.valantabisuteria.com\/product\/pulsera-acero-mujer-valanta-plateado-cadena-bolitas\/#primaryimage","url":"https:\/\/www.valantabisuteria.com\/wp-content\/uploads\/2022\/12\/2-7.jpg","contentUrl":"https:\/\/www.valantabisuteria.com\/wp-content\/uploads\/2022\/12\/2-7.jpg","width":454,"height":448},{"@type":"BreadcrumbList","@id":"https:\/\/www.valantabisuteria.com\/product\/pulsera-acero-mujer-valanta-plateado-cadena-bolitas\/#breadcrumb","itemListElement":[{"@type":"ListItem","position":1,"name":"Portada","item":"https:\/\/www.valantabisuteria.com\/"},{"@type":"ListItem","position":2,"name":"Tienda","item":"https:\/\/www.valantabisuteria.com\/tienda\/"},{"@type":"ListItem","position":3,"name":"Pulsera Acero plateado &#8220;Mujer Valanta&#8221;"}]},{"@type":"WebSite","@id":"https:\/\/www.valantabisuteria.com\/#website","url":"https:\/\/www.valantabisuteria.com\/","name":"Valanta Bisuter\u00eda","description":"Joyas y Bisuter\u00eda de calidad","publisher":{"@id":"https:\/\/www.valantabisuteria.com\/#organization"},"alternateName":"Valanta Bisuter\u00eda","potentialAction":[{"@type":"SearchAction","target":{"@type":"EntryPoint","urlTemplate":"https:\/\/www.valantabisuteria.com\/?s={search_term_string}"},"query-input":{"@type":"PropertyValueSpecification","valueRequired":true,"valueName":"search_term_string"}}],"inLanguage":"en-US"},{"@type":"Organization","@id":"https:\/\/www.valantabisuteria.com\/#organization","name":"Valanta Bisuter\u00eda","url":"https:\/\/www.valantabisuteria.com\/","logo":{"@type":"ImageObject","inLanguage":"en-US","@id":"https:\/\/www.valantabisuteria.com\/#\/schema\/logo\/image\/","url":"https:\/\/valantabisuteria.com\/wp-content\/uploads\/2023\/02\/Logo-07-b.png","contentUrl":"https:\/\/valantabisuteria.com\/wp-content\/uploads\/2023\/02\/Logo-07-b.png","width":800,"height":238,"caption":"Valanta Bisuter\u00eda"},"image":{"@id":"https:\/\/www.valantabisuteria.com\/#\/schema\/logo\/image\/"},"sameAs":["https:\/\/www.instagram.com\/valantabisuteria\/"]}]}},"_links":{"self":[{"href":"https:\/\/www.valantabisuteria.com\/en\/wp-json\/wp\/v2\/product\/28175","targetHints":{"allow":["GET"]}}],"collection":[{"href":"https:\/\/www.valantabisuteria.com\/en\/wp-json\/wp\/v2\/product"}],"about":[{"href":"https:\/\/www.valantabisuteria.com\/en\/wp-json\/wp\/v2\/types\/product"}],"wp:featuredmedia":[{"embeddable":true,"href":"https:\/\/www.valantabisuteria.com\/en\/wp-json\/wp\/v2\/media\/28723"}],"wp:attachment":[{"href":"https:\/\/www.valantabisuteria.com\/en\/wp-json\/wp\/v2\/media?parent=28175"}],"wp:term":[{"taxonomy":"product_brand","embeddable":true,"href":"https:\/\/www.valantabisuteria.com\/en\/wp-json\/wp\/v2\/product_brand?post=28175"},{"taxonomy":"product_cat","embeddable":true,"href":"https:\/\/www.valantabisuteria.com\/en\/wp-json\/wp\/v2\/product_cat?post=28175"},{"taxonomy":"product_tag","embeddable":true,"href":"https:\/\/www.valantabisuteria.com\/en\/wp-json\/wp\/v2\/product_tag?post=28175"}],"curies":[{"name":"wp","href":"https:\/\/api.w.org\/{rel}","templated":true}]}}