{"id":28187,"date":"2022-12-22T10:09:26","date_gmt":"2022-12-22T09:09:26","guid":{"rendered":"https:\/\/valantabisuteria.com\/?post_type=product&#038;p=28187"},"modified":"2025-08-19T18:27:57","modified_gmt":"2025-08-19T16:27:57","slug":"gargantilla-plata-figura-perro","status":"publish","type":"product","link":"https:\/\/www.valantabisuteria.com\/en\/product\/gargantilla-plata-figura-perro\/","title":{"rendered":"Gargantilla Plata Figura Perro"},"content":{"rendered":"<p>Collar cadena plata bolitas con divertido colgante figura de perro en dorado.<\/p>\n<p><span style=\"color: #ffcc99;\">De mil razas y tama\u00f1os, pero todos adorables.<\/span><\/p>\n<p>Medida cadena 40cms m\u00e1s extensi\u00f3n.<\/p>\n<p>Medida figura perro: 1cmx1cm.<\/p>\n<p><strong>SUPER IMPORTANTE: Donaci\u00f3n del 10% del precio de venta a diferentes organizaciones sin \u00e1nimo de lucro para el cuidado, bienestar y protecci\u00f3n animal.<\/strong><\/p>\n","protected":false},"excerpt":{"rendered":"<p>Collar cadena plata bolitas con divertido colgante figura de perro en dorado.<\/p>\n<p>Medida cadena 40cms m\u00e1s extensi\u00f3n.<\/p>\n<p>Medida figura perro: 1cmx1cm.<\/p>\n<p>&nbsp;<\/p>\n<p>Brillando por una causa; Al elegir esta colecci\u00f3n, no solo realzas tu belleza exterior, sino que tambi\u00e9n iluminas el camino hacia un mundo m\u00e1s amable para los animales. Es una forma de brillar, tanto por dentro como por fuera.<\/p>\n<p>SUPER IMPORTANTE: Donaci\u00f3n del 10% del precio de venta a diferentes organizaciones sin \u00e1nimo de lucro para el cuidado, bienestar y protecci\u00f3n animal<br \/>\n<img decoding=\"async\" class=\"alignnone size-medium wp-image-28904\" src=\"https:\/\/valantabisuteria.com\/wp-content\/uploads\/2022\/12\/10perc-300x82.jpg\" alt=\"\" width=\"150px\" \/><\/p>\n","protected":false},"featured_media":28741,"template":"","meta":{"_joinchat":[]},"product_brand":[],"product_cat":[156,184,166],"product_tag":[],"class_list":{"0":"post-28187","1":"product","2":"type-product","3":"status-publish","4":"has-post-thumbnail","6":"product_cat-collares","7":"product_cat-joya-solidaria","8":"product_cat-valanta-solidaria","11":"first","12":"instock","13":"shipping-taxable","14":"purchasable","15":"product-type-simple"},"yoast_head":"<!-- This site is optimized with the Yoast SEO plugin v27.2 - https:\/\/yoast.com\/product\/yoast-seo-wordpress\/ -->\n<title>ComprarGargantilla Plata Figura Perro | Valanta Bisuter\u00eda<\/title>\n<meta name=\"description\" content=\"A veces solo basta un colgante para dar un look diferente a tu estilo diario. Este collar adem\u00e1s te hace solidaria con el mundo de los animales\" \/>\n<meta name=\"robots\" content=\"index, follow, max-snippet:-1, max-image-preview:large, max-video-preview:-1\" \/>\n<link rel=\"canonical\" href=\"https:\/\/www.valantabisuteria.com\/product\/gargantilla-plata-figura-perro\/\" \/>\n<meta property=\"og:locale\" content=\"en_US\" \/>\n<meta property=\"og:type\" content=\"article\" \/>\n<meta property=\"og:title\" content=\"ComprarGargantilla Plata Figura Perro | Valanta Bisuter\u00eda\" \/>\n<meta property=\"og:description\" content=\"A veces solo basta un colgante para dar un look diferente a tu estilo diario. Este collar adem\u00e1s te hace solidaria con el mundo de los animales\" \/>\n<meta property=\"og:url\" content=\"https:\/\/www.valantabisuteria.com\/product\/gargantilla-plata-figura-perro\/\" \/>\n<meta property=\"og:site_name\" content=\"Valanta Bisuter\u00eda\" \/>\n<meta property=\"article:modified_time\" content=\"2025-08-19T16:27:57+00:00\" \/>\n<meta property=\"og:image\" content=\"https:\/\/www.valantabisuteria.com\/wp-content\/uploads\/2022\/12\/2-8.jpg\" \/>\n\t<meta property=\"og:image:width\" content=\"454\" \/>\n\t<meta property=\"og:image:height\" content=\"448\" \/>\n\t<meta property=\"og:image:type\" content=\"image\/jpeg\" \/>\n<meta name=\"twitter:card\" content=\"summary_large_image\" \/>\n<meta name=\"twitter:label1\" content=\"Est. reading time\" \/>\n\t<meta name=\"twitter:data1\" content=\"1 minute\" \/>\n<script type=\"application\/ld+json\" class=\"yoast-schema-graph\">{\"@context\":\"https:\/\/schema.org\",\"@graph\":[{\"@type\":\"WebPage\",\"@id\":\"https:\/\/www.valantabisuteria.com\/product\/gargantilla-plata-figura-perro\/\",\"url\":\"https:\/\/www.valantabisuteria.com\/product\/gargantilla-plata-figura-perro\/\",\"name\":\"ComprarGargantilla Plata Figura Perro | Valanta Bisuter\u00eda\",\"isPartOf\":{\"@id\":\"https:\/\/www.valantabisuteria.com\/#website\"},\"primaryImageOfPage\":{\"@id\":\"https:\/\/www.valantabisuteria.com\/product\/gargantilla-plata-figura-perro\/#primaryimage\"},\"image\":{\"@id\":\"https:\/\/www.valantabisuteria.com\/product\/gargantilla-plata-figura-perro\/#primaryimage\"},\"thumbnailUrl\":\"https:\/\/www.valantabisuteria.com\/wp-content\/uploads\/2022\/12\/2-8.jpg\",\"datePublished\":\"2022-12-22T09:09:26+00:00\",\"dateModified\":\"2025-08-19T16:27:57+00:00\",\"description\":\"A veces solo basta un colgante para dar un look diferente a tu estilo diario. Este collar adem\u00e1s te hace solidaria con el mundo de los animales\",\"breadcrumb\":{\"@id\":\"https:\/\/www.valantabisuteria.com\/product\/gargantilla-plata-figura-perro\/#breadcrumb\"},\"inLanguage\":\"en-US\",\"potentialAction\":[{\"@type\":\"ReadAction\",\"target\":[\"https:\/\/www.valantabisuteria.com\/product\/gargantilla-plata-figura-perro\/\"]}]},{\"@type\":\"ImageObject\",\"inLanguage\":\"en-US\",\"@id\":\"https:\/\/www.valantabisuteria.com\/product\/gargantilla-plata-figura-perro\/#primaryimage\",\"url\":\"https:\/\/www.valantabisuteria.com\/wp-content\/uploads\/2022\/12\/2-8.jpg\",\"contentUrl\":\"https:\/\/www.valantabisuteria.com\/wp-content\/uploads\/2022\/12\/2-8.jpg\",\"width\":454,\"height\":448,\"caption\":\"Collar cadena plata bolitas con divertido colgante figura de perro en dorado.\"},{\"@type\":\"BreadcrumbList\",\"@id\":\"https:\/\/www.valantabisuteria.com\/product\/gargantilla-plata-figura-perro\/#breadcrumb\",\"itemListElement\":[{\"@type\":\"ListItem\",\"position\":1,\"name\":\"Portada\",\"item\":\"https:\/\/www.valantabisuteria.com\/\"},{\"@type\":\"ListItem\",\"position\":2,\"name\":\"Tienda\",\"item\":\"https:\/\/www.valantabisuteria.com\/tienda\/\"},{\"@type\":\"ListItem\",\"position\":3,\"name\":\"Gargantilla Plata Figura Perro\"}]},{\"@type\":\"WebSite\",\"@id\":\"https:\/\/www.valantabisuteria.com\/#website\",\"url\":\"https:\/\/www.valantabisuteria.com\/\",\"name\":\"Valanta Bisuter\u00eda\",\"description\":\"Joyas y Bisuter\u00eda de calidad\",\"publisher\":{\"@id\":\"https:\/\/www.valantabisuteria.com\/#organization\"},\"alternateName\":\"Valanta Bisuter\u00eda\",\"potentialAction\":[{\"@type\":\"SearchAction\",\"target\":{\"@type\":\"EntryPoint\",\"urlTemplate\":\"https:\/\/www.valantabisuteria.com\/?s={search_term_string}\"},\"query-input\":{\"@type\":\"PropertyValueSpecification\",\"valueRequired\":true,\"valueName\":\"search_term_string\"}}],\"inLanguage\":\"en-US\"},{\"@type\":\"Organization\",\"@id\":\"https:\/\/www.valantabisuteria.com\/#organization\",\"name\":\"Valanta Bisuter\u00eda\",\"url\":\"https:\/\/www.valantabisuteria.com\/\",\"logo\":{\"@type\":\"ImageObject\",\"inLanguage\":\"en-US\",\"@id\":\"https:\/\/www.valantabisuteria.com\/#\/schema\/logo\/image\/\",\"url\":\"https:\/\/valantabisuteria.com\/wp-content\/uploads\/2023\/02\/Logo-07-b.png\",\"contentUrl\":\"https:\/\/valantabisuteria.com\/wp-content\/uploads\/2023\/02\/Logo-07-b.png\",\"width\":800,\"height\":238,\"caption\":\"Valanta Bisuter\u00eda\"},\"image\":{\"@id\":\"https:\/\/www.valantabisuteria.com\/#\/schema\/logo\/image\/\"},\"sameAs\":[\"https:\/\/www.instagram.com\/valantabisuteria\/\"]}]}<\/script>\n<!-- \/ Yoast SEO plugin. -->","yoast_head_json":{"title":"ComprarGargantilla Plata Figura Perro | Valanta Bisuter\u00eda","description":"A veces solo basta un colgante para dar un look diferente a tu estilo diario. Este collar adem\u00e1s te hace solidaria con el mundo de los animales","robots":{"index":"index","follow":"follow","max-snippet":"max-snippet:-1","max-image-preview":"max-image-preview:large","max-video-preview":"max-video-preview:-1"},"canonical":"https:\/\/www.valantabisuteria.com\/product\/gargantilla-plata-figura-perro\/","og_locale":"en_US","og_type":"article","og_title":"ComprarGargantilla Plata Figura Perro | Valanta Bisuter\u00eda","og_description":"A veces solo basta un colgante para dar un look diferente a tu estilo diario. Este collar adem\u00e1s te hace solidaria con el mundo de los animales","og_url":"https:\/\/www.valantabisuteria.com\/product\/gargantilla-plata-figura-perro\/","og_site_name":"Valanta Bisuter\u00eda","article_modified_time":"2025-08-19T16:27:57+00:00","og_image":[{"width":454,"height":448,"url":"https:\/\/www.valantabisuteria.com\/wp-content\/uploads\/2022\/12\/2-8.jpg","type":"image\/jpeg"}],"twitter_card":"summary_large_image","twitter_misc":{"Est. reading time":"1 minute"},"schema":{"@context":"https:\/\/schema.org","@graph":[{"@type":"WebPage","@id":"https:\/\/www.valantabisuteria.com\/product\/gargantilla-plata-figura-perro\/","url":"https:\/\/www.valantabisuteria.com\/product\/gargantilla-plata-figura-perro\/","name":"ComprarGargantilla Plata Figura Perro | Valanta Bisuter\u00eda","isPartOf":{"@id":"https:\/\/www.valantabisuteria.com\/#website"},"primaryImageOfPage":{"@id":"https:\/\/www.valantabisuteria.com\/product\/gargantilla-plata-figura-perro\/#primaryimage"},"image":{"@id":"https:\/\/www.valantabisuteria.com\/product\/gargantilla-plata-figura-perro\/#primaryimage"},"thumbnailUrl":"https:\/\/www.valantabisuteria.com\/wp-content\/uploads\/2022\/12\/2-8.jpg","datePublished":"2022-12-22T09:09:26+00:00","dateModified":"2025-08-19T16:27:57+00:00","description":"A veces solo basta un colgante para dar un look diferente a tu estilo diario. Este collar adem\u00e1s te hace solidaria con el mundo de los animales","breadcrumb":{"@id":"https:\/\/www.valantabisuteria.com\/product\/gargantilla-plata-figura-perro\/#breadcrumb"},"inLanguage":"en-US","potentialAction":[{"@type":"ReadAction","target":["https:\/\/www.valantabisuteria.com\/product\/gargantilla-plata-figura-perro\/"]}]},{"@type":"ImageObject","inLanguage":"en-US","@id":"https:\/\/www.valantabisuteria.com\/product\/gargantilla-plata-figura-perro\/#primaryimage","url":"https:\/\/www.valantabisuteria.com\/wp-content\/uploads\/2022\/12\/2-8.jpg","contentUrl":"https:\/\/www.valantabisuteria.com\/wp-content\/uploads\/2022\/12\/2-8.jpg","width":454,"height":448,"caption":"Collar cadena plata bolitas con divertido colgante figura de perro en dorado."},{"@type":"BreadcrumbList","@id":"https:\/\/www.valantabisuteria.com\/product\/gargantilla-plata-figura-perro\/#breadcrumb","itemListElement":[{"@type":"ListItem","position":1,"name":"Portada","item":"https:\/\/www.valantabisuteria.com\/"},{"@type":"ListItem","position":2,"name":"Tienda","item":"https:\/\/www.valantabisuteria.com\/tienda\/"},{"@type":"ListItem","position":3,"name":"Gargantilla Plata Figura Perro"}]},{"@type":"WebSite","@id":"https:\/\/www.valantabisuteria.com\/#website","url":"https:\/\/www.valantabisuteria.com\/","name":"Valanta Bisuter\u00eda","description":"Joyas y Bisuter\u00eda de calidad","publisher":{"@id":"https:\/\/www.valantabisuteria.com\/#organization"},"alternateName":"Valanta Bisuter\u00eda","potentialAction":[{"@type":"SearchAction","target":{"@type":"EntryPoint","urlTemplate":"https:\/\/www.valantabisuteria.com\/?s={search_term_string}"},"query-input":{"@type":"PropertyValueSpecification","valueRequired":true,"valueName":"search_term_string"}}],"inLanguage":"en-US"},{"@type":"Organization","@id":"https:\/\/www.valantabisuteria.com\/#organization","name":"Valanta Bisuter\u00eda","url":"https:\/\/www.valantabisuteria.com\/","logo":{"@type":"ImageObject","inLanguage":"en-US","@id":"https:\/\/www.valantabisuteria.com\/#\/schema\/logo\/image\/","url":"https:\/\/valantabisuteria.com\/wp-content\/uploads\/2023\/02\/Logo-07-b.png","contentUrl":"https:\/\/valantabisuteria.com\/wp-content\/uploads\/2023\/02\/Logo-07-b.png","width":800,"height":238,"caption":"Valanta Bisuter\u00eda"},"image":{"@id":"https:\/\/www.valantabisuteria.com\/#\/schema\/logo\/image\/"},"sameAs":["https:\/\/www.instagram.com\/valantabisuteria\/"]}]}},"_links":{"self":[{"href":"https:\/\/www.valantabisuteria.com\/en\/wp-json\/wp\/v2\/product\/28187","targetHints":{"allow":["GET"]}}],"collection":[{"href":"https:\/\/www.valantabisuteria.com\/en\/wp-json\/wp\/v2\/product"}],"about":[{"href":"https:\/\/www.valantabisuteria.com\/en\/wp-json\/wp\/v2\/types\/product"}],"wp:featuredmedia":[{"embeddable":true,"href":"https:\/\/www.valantabisuteria.com\/en\/wp-json\/wp\/v2\/media\/28741"}],"wp:attachment":[{"href":"https:\/\/www.valantabisuteria.com\/en\/wp-json\/wp\/v2\/media?parent=28187"}],"wp:term":[{"taxonomy":"product_brand","embeddable":true,"href":"https:\/\/www.valantabisuteria.com\/en\/wp-json\/wp\/v2\/product_brand?post=28187"},{"taxonomy":"product_cat","embeddable":true,"href":"https:\/\/www.valantabisuteria.com\/en\/wp-json\/wp\/v2\/product_cat?post=28187"},{"taxonomy":"product_tag","embeddable":true,"href":"https:\/\/www.valantabisuteria.com\/en\/wp-json\/wp\/v2\/product_tag?post=28187"}],"curies":[{"name":"wp","href":"https:\/\/api.w.org\/{rel}","templated":true}]}}