{"id":29105,"date":"2023-04-14T11:38:50","date_gmt":"2023-04-14T09:38:50","guid":{"rendered":"https:\/\/valantabisuteria.com\/?post_type=product&#038;p=29105"},"modified":"2026-02-19T10:18:17","modified_gmt":"2026-02-19T09:18:17","slug":"pulsera-lapislazuli-facetada-mineral-acero-plateado-bolas","status":"publish","type":"product","link":"https:\/\/www.valantabisuteria.com\/en\/product\/pulsera-lapislazuli-facetada-mineral-acero-plateado-bolas\/","title":{"rendered":"Pulsera sodalita facetada"},"content":{"rendered":"<p>Pulsera el\u00e1stica con abalorio ala de \u00e1ngel de cuentas facetadas en sodalita y bolas plateadas.<\/p>\n<p>Tama\u00f1o de la cuentas: 4mm<\/p>\n<p>Medida pulsera: 19cm.<\/p>\n<p>&nbsp;<\/p>\n","protected":false},"excerpt":{"rendered":"<p>&nbsp;<\/p>\n<p>Pulsera el\u00e1stica con abalorio ala de \u00e1ngel de cuentas facetadas en sodalita y bolas plateadas.<\/p>\n<p>Tama\u00f1o de la cuentas: 4mm<\/p>\n<p>Medida pulsera: 19cm<\/p>\n<p><span style=\"color: #ffcc99;\">Elegancia natural<\/span><\/p>\n","protected":false},"featured_media":29101,"template":"","meta":{"_joinchat":[]},"product_brand":[],"product_cat":[150,155,193],"product_tag":[],"class_list":{"0":"post-29105","1":"product","2":"type-product","3":"status-publish","4":"has-post-thumbnail","6":"product_cat-eliana","7":"product_cat-pulseras","8":"product_cat-pulseras-minerales","11":"first","12":"instock","13":"shipping-taxable","14":"purchasable","15":"product-type-simple"},"yoast_head":"<!-- This site is optimized with the Yoast SEO plugin v27.2 - https:\/\/yoast.com\/product\/yoast-seo-wordpress\/ -->\n<title>ComprarPulsera sodalita facetada | Valanta Bisuter\u00eda<\/title>\n<meta name=\"description\" content=\"Siempre es buena opci\u00f3n optar por una pulsera el\u00e1stica por su gran versatilidad, adem\u00e1s si es de mineral trabajas junto con ella su cualidad\" \/>\n<meta name=\"robots\" content=\"index, follow, max-snippet:-1, max-image-preview:large, max-video-preview:-1\" \/>\n<link rel=\"canonical\" href=\"https:\/\/www.valantabisuteria.com\/product\/pulsera-lapislazuli-facetada-mineral-acero-plateado-bolas\/\" \/>\n<meta property=\"og:locale\" content=\"en_US\" \/>\n<meta property=\"og:type\" content=\"article\" \/>\n<meta property=\"og:title\" content=\"ComprarPulsera sodalita facetada | Valanta Bisuter\u00eda\" \/>\n<meta property=\"og:description\" content=\"Siempre es buena opci\u00f3n optar por una pulsera el\u00e1stica por su gran versatilidad, adem\u00e1s si es de mineral trabajas junto con ella su cualidad\" \/>\n<meta property=\"og:url\" content=\"https:\/\/www.valantabisuteria.com\/product\/pulsera-lapislazuli-facetada-mineral-acero-plateado-bolas\/\" \/>\n<meta property=\"og:site_name\" content=\"Valanta Bisuter\u00eda\" \/>\n<meta property=\"article:modified_time\" content=\"2026-02-19T09:18:17+00:00\" \/>\n<meta property=\"og:image\" content=\"https:\/\/www.valantabisuteria.com\/wp-content\/uploads\/2023\/04\/Captura-de-pantalla-2023-04-14-111037.png\" \/>\n\t<meta property=\"og:image:width\" content=\"616\" \/>\n\t<meta property=\"og:image:height\" content=\"474\" \/>\n\t<meta property=\"og:image:type\" content=\"image\/png\" \/>\n<meta name=\"twitter:card\" content=\"summary_large_image\" \/>\n<meta name=\"twitter:label1\" content=\"Est. reading time\" \/>\n\t<meta name=\"twitter:data1\" content=\"1 minute\" \/>\n<script type=\"application\/ld+json\" class=\"yoast-schema-graph\">{\"@context\":\"https:\/\/schema.org\",\"@graph\":[{\"@type\":\"WebPage\",\"@id\":\"https:\/\/www.valantabisuteria.com\/product\/pulsera-lapislazuli-facetada-mineral-acero-plateado-bolas\/\",\"url\":\"https:\/\/www.valantabisuteria.com\/product\/pulsera-lapislazuli-facetada-mineral-acero-plateado-bolas\/\",\"name\":\"ComprarPulsera sodalita facetada | Valanta Bisuter\u00eda\",\"isPartOf\":{\"@id\":\"https:\/\/www.valantabisuteria.com\/#website\"},\"primaryImageOfPage\":{\"@id\":\"https:\/\/www.valantabisuteria.com\/product\/pulsera-lapislazuli-facetada-mineral-acero-plateado-bolas\/#primaryimage\"},\"image\":{\"@id\":\"https:\/\/www.valantabisuteria.com\/product\/pulsera-lapislazuli-facetada-mineral-acero-plateado-bolas\/#primaryimage\"},\"thumbnailUrl\":\"https:\/\/www.valantabisuteria.com\/wp-content\/uploads\/2023\/04\/Captura-de-pantalla-2023-04-14-111037.png\",\"datePublished\":\"2023-04-14T09:38:50+00:00\",\"dateModified\":\"2026-02-19T09:18:17+00:00\",\"description\":\"Siempre es buena opci\u00f3n optar por una pulsera el\u00e1stica por su gran versatilidad, adem\u00e1s si es de mineral trabajas junto con ella su cualidad\",\"breadcrumb\":{\"@id\":\"https:\/\/www.valantabisuteria.com\/product\/pulsera-lapislazuli-facetada-mineral-acero-plateado-bolas\/#breadcrumb\"},\"inLanguage\":\"en-US\",\"potentialAction\":[{\"@type\":\"ReadAction\",\"target\":[\"https:\/\/www.valantabisuteria.com\/product\/pulsera-lapislazuli-facetada-mineral-acero-plateado-bolas\/\"]}]},{\"@type\":\"ImageObject\",\"inLanguage\":\"en-US\",\"@id\":\"https:\/\/www.valantabisuteria.com\/product\/pulsera-lapislazuli-facetada-mineral-acero-plateado-bolas\/#primaryimage\",\"url\":\"https:\/\/www.valantabisuteria.com\/wp-content\/uploads\/2023\/04\/Captura-de-pantalla-2023-04-14-111037.png\",\"contentUrl\":\"https:\/\/www.valantabisuteria.com\/wp-content\/uploads\/2023\/04\/Captura-de-pantalla-2023-04-14-111037.png\",\"width\":616,\"height\":474},{\"@type\":\"BreadcrumbList\",\"@id\":\"https:\/\/www.valantabisuteria.com\/product\/pulsera-lapislazuli-facetada-mineral-acero-plateado-bolas\/#breadcrumb\",\"itemListElement\":[{\"@type\":\"ListItem\",\"position\":1,\"name\":\"Portada\",\"item\":\"https:\/\/www.valantabisuteria.com\/\"},{\"@type\":\"ListItem\",\"position\":2,\"name\":\"Tienda\",\"item\":\"https:\/\/www.valantabisuteria.com\/tienda\/\"},{\"@type\":\"ListItem\",\"position\":3,\"name\":\"Pulsera sodalita facetada\"}]},{\"@type\":\"WebSite\",\"@id\":\"https:\/\/www.valantabisuteria.com\/#website\",\"url\":\"https:\/\/www.valantabisuteria.com\/\",\"name\":\"Valanta Bisuter\u00eda\",\"description\":\"Joyas y Bisuter\u00eda de calidad\",\"publisher\":{\"@id\":\"https:\/\/www.valantabisuteria.com\/#organization\"},\"alternateName\":\"Valanta Bisuter\u00eda\",\"potentialAction\":[{\"@type\":\"SearchAction\",\"target\":{\"@type\":\"EntryPoint\",\"urlTemplate\":\"https:\/\/www.valantabisuteria.com\/?s={search_term_string}\"},\"query-input\":{\"@type\":\"PropertyValueSpecification\",\"valueRequired\":true,\"valueName\":\"search_term_string\"}}],\"inLanguage\":\"en-US\"},{\"@type\":\"Organization\",\"@id\":\"https:\/\/www.valantabisuteria.com\/#organization\",\"name\":\"Valanta Bisuter\u00eda\",\"url\":\"https:\/\/www.valantabisuteria.com\/\",\"logo\":{\"@type\":\"ImageObject\",\"inLanguage\":\"en-US\",\"@id\":\"https:\/\/www.valantabisuteria.com\/#\/schema\/logo\/image\/\",\"url\":\"https:\/\/valantabisuteria.com\/wp-content\/uploads\/2023\/02\/Logo-07-b.png\",\"contentUrl\":\"https:\/\/valantabisuteria.com\/wp-content\/uploads\/2023\/02\/Logo-07-b.png\",\"width\":800,\"height\":238,\"caption\":\"Valanta Bisuter\u00eda\"},\"image\":{\"@id\":\"https:\/\/www.valantabisuteria.com\/#\/schema\/logo\/image\/\"},\"sameAs\":[\"https:\/\/www.instagram.com\/valantabisuteria\/\"]}]}<\/script>\n<!-- \/ Yoast SEO plugin. -->","yoast_head_json":{"title":"ComprarPulsera sodalita facetada | Valanta Bisuter\u00eda","description":"Siempre es buena opci\u00f3n optar por una pulsera el\u00e1stica por su gran versatilidad, adem\u00e1s si es de mineral trabajas junto con ella su cualidad","robots":{"index":"index","follow":"follow","max-snippet":"max-snippet:-1","max-image-preview":"max-image-preview:large","max-video-preview":"max-video-preview:-1"},"canonical":"https:\/\/www.valantabisuteria.com\/product\/pulsera-lapislazuli-facetada-mineral-acero-plateado-bolas\/","og_locale":"en_US","og_type":"article","og_title":"ComprarPulsera sodalita facetada | Valanta Bisuter\u00eda","og_description":"Siempre es buena opci\u00f3n optar por una pulsera el\u00e1stica por su gran versatilidad, adem\u00e1s si es de mineral trabajas junto con ella su cualidad","og_url":"https:\/\/www.valantabisuteria.com\/product\/pulsera-lapislazuli-facetada-mineral-acero-plateado-bolas\/","og_site_name":"Valanta Bisuter\u00eda","article_modified_time":"2026-02-19T09:18:17+00:00","og_image":[{"width":616,"height":474,"url":"https:\/\/www.valantabisuteria.com\/wp-content\/uploads\/2023\/04\/Captura-de-pantalla-2023-04-14-111037.png","type":"image\/png"}],"twitter_card":"summary_large_image","twitter_misc":{"Est. reading time":"1 minute"},"schema":{"@context":"https:\/\/schema.org","@graph":[{"@type":"WebPage","@id":"https:\/\/www.valantabisuteria.com\/product\/pulsera-lapislazuli-facetada-mineral-acero-plateado-bolas\/","url":"https:\/\/www.valantabisuteria.com\/product\/pulsera-lapislazuli-facetada-mineral-acero-plateado-bolas\/","name":"ComprarPulsera sodalita facetada | Valanta Bisuter\u00eda","isPartOf":{"@id":"https:\/\/www.valantabisuteria.com\/#website"},"primaryImageOfPage":{"@id":"https:\/\/www.valantabisuteria.com\/product\/pulsera-lapislazuli-facetada-mineral-acero-plateado-bolas\/#primaryimage"},"image":{"@id":"https:\/\/www.valantabisuteria.com\/product\/pulsera-lapislazuli-facetada-mineral-acero-plateado-bolas\/#primaryimage"},"thumbnailUrl":"https:\/\/www.valantabisuteria.com\/wp-content\/uploads\/2023\/04\/Captura-de-pantalla-2023-04-14-111037.png","datePublished":"2023-04-14T09:38:50+00:00","dateModified":"2026-02-19T09:18:17+00:00","description":"Siempre es buena opci\u00f3n optar por una pulsera el\u00e1stica por su gran versatilidad, adem\u00e1s si es de mineral trabajas junto con ella su cualidad","breadcrumb":{"@id":"https:\/\/www.valantabisuteria.com\/product\/pulsera-lapislazuli-facetada-mineral-acero-plateado-bolas\/#breadcrumb"},"inLanguage":"en-US","potentialAction":[{"@type":"ReadAction","target":["https:\/\/www.valantabisuteria.com\/product\/pulsera-lapislazuli-facetada-mineral-acero-plateado-bolas\/"]}]},{"@type":"ImageObject","inLanguage":"en-US","@id":"https:\/\/www.valantabisuteria.com\/product\/pulsera-lapislazuli-facetada-mineral-acero-plateado-bolas\/#primaryimage","url":"https:\/\/www.valantabisuteria.com\/wp-content\/uploads\/2023\/04\/Captura-de-pantalla-2023-04-14-111037.png","contentUrl":"https:\/\/www.valantabisuteria.com\/wp-content\/uploads\/2023\/04\/Captura-de-pantalla-2023-04-14-111037.png","width":616,"height":474},{"@type":"BreadcrumbList","@id":"https:\/\/www.valantabisuteria.com\/product\/pulsera-lapislazuli-facetada-mineral-acero-plateado-bolas\/#breadcrumb","itemListElement":[{"@type":"ListItem","position":1,"name":"Portada","item":"https:\/\/www.valantabisuteria.com\/"},{"@type":"ListItem","position":2,"name":"Tienda","item":"https:\/\/www.valantabisuteria.com\/tienda\/"},{"@type":"ListItem","position":3,"name":"Pulsera sodalita facetada"}]},{"@type":"WebSite","@id":"https:\/\/www.valantabisuteria.com\/#website","url":"https:\/\/www.valantabisuteria.com\/","name":"Valanta Bisuter\u00eda","description":"Joyas y Bisuter\u00eda de calidad","publisher":{"@id":"https:\/\/www.valantabisuteria.com\/#organization"},"alternateName":"Valanta Bisuter\u00eda","potentialAction":[{"@type":"SearchAction","target":{"@type":"EntryPoint","urlTemplate":"https:\/\/www.valantabisuteria.com\/?s={search_term_string}"},"query-input":{"@type":"PropertyValueSpecification","valueRequired":true,"valueName":"search_term_string"}}],"inLanguage":"en-US"},{"@type":"Organization","@id":"https:\/\/www.valantabisuteria.com\/#organization","name":"Valanta Bisuter\u00eda","url":"https:\/\/www.valantabisuteria.com\/","logo":{"@type":"ImageObject","inLanguage":"en-US","@id":"https:\/\/www.valantabisuteria.com\/#\/schema\/logo\/image\/","url":"https:\/\/valantabisuteria.com\/wp-content\/uploads\/2023\/02\/Logo-07-b.png","contentUrl":"https:\/\/valantabisuteria.com\/wp-content\/uploads\/2023\/02\/Logo-07-b.png","width":800,"height":238,"caption":"Valanta Bisuter\u00eda"},"image":{"@id":"https:\/\/www.valantabisuteria.com\/#\/schema\/logo\/image\/"},"sameAs":["https:\/\/www.instagram.com\/valantabisuteria\/"]}]}},"_links":{"self":[{"href":"https:\/\/www.valantabisuteria.com\/en\/wp-json\/wp\/v2\/product\/29105","targetHints":{"allow":["GET"]}}],"collection":[{"href":"https:\/\/www.valantabisuteria.com\/en\/wp-json\/wp\/v2\/product"}],"about":[{"href":"https:\/\/www.valantabisuteria.com\/en\/wp-json\/wp\/v2\/types\/product"}],"wp:featuredmedia":[{"embeddable":true,"href":"https:\/\/www.valantabisuteria.com\/en\/wp-json\/wp\/v2\/media\/29101"}],"wp:attachment":[{"href":"https:\/\/www.valantabisuteria.com\/en\/wp-json\/wp\/v2\/media?parent=29105"}],"wp:term":[{"taxonomy":"product_brand","embeddable":true,"href":"https:\/\/www.valantabisuteria.com\/en\/wp-json\/wp\/v2\/product_brand?post=29105"},{"taxonomy":"product_cat","embeddable":true,"href":"https:\/\/www.valantabisuteria.com\/en\/wp-json\/wp\/v2\/product_cat?post=29105"},{"taxonomy":"product_tag","embeddable":true,"href":"https:\/\/www.valantabisuteria.com\/en\/wp-json\/wp\/v2\/product_tag?post=29105"}],"curies":[{"name":"wp","href":"https:\/\/api.w.org\/{rel}","templated":true}]}}