{"id":29111,"date":"2023-04-14T12:03:59","date_gmt":"2023-04-14T10:03:59","guid":{"rendered":"https:\/\/valantabisuteria.com\/?post_type=product&#038;p=29111"},"modified":"2024-08-12T18:26:31","modified_gmt":"2024-08-12T16:26:31","slug":"colgante-dorado-malaquita","status":"publish","type":"product","link":"https:\/\/www.valantabisuteria.com\/en\/product\/colgante-dorado-malaquita\/","title":{"rendered":"Colgante dorado malaquita"},"content":{"rendered":"<p>Colgante cadena en dorado con peque\u00f1o adorno en forma redondeada con mineral malaquita<\/p>\n<p>Medida: 40cm m\u00e1s extensi\u00f3n<\/p>\n<p>Medida pieza: 1x1cm<\/p>\n<p>REF: EL7<\/p>\n","protected":false},"excerpt":{"rendered":"<p>&nbsp;<\/p>\n<p>Colgante cadena en dorado con peque\u00f1o adorno en forma redondeada con mineral malaquita.<\/p>\n<p>Este mineral no solo es bello, tambi\u00e9n te va a proporcionar un sentido de arraigo. Llevarlo te recuerda que provienes de algo grande y eterno,<\/p>\n<p>Medida: 40cm m\u00e1s extensi\u00f3n<\/p>\n<p>Medida pieza: 1x1cm<\/p>\n<p>REF: EL7<\/p>\n<p><span style=\"color: #ffcc99;\">Tan espiritual como lo eres t\u00fa.<\/span><\/p>\n","protected":false},"featured_media":29103,"template":"","meta":{"_joinchat":[]},"product_brand":[],"product_cat":[156,150],"product_tag":[],"class_list":{"0":"post-29111","1":"product","2":"type-product","3":"status-publish","4":"has-post-thumbnail","6":"product_cat-collares","7":"product_cat-eliana","10":"first","11":"instock","12":"shipping-taxable","13":"purchasable","14":"product-type-simple"},"yoast_head":"<!-- This site is optimized with the Yoast SEO plugin v27.2 - https:\/\/yoast.com\/product\/yoast-seo-wordpress\/ -->\n<title>ComprarColgante dorado malaquita | Valanta Bisuter\u00eda<\/title>\n<meta name=\"robots\" content=\"index, follow, max-snippet:-1, max-image-preview:large, max-video-preview:-1\" \/>\n<link rel=\"canonical\" href=\"https:\/\/www.valantabisuteria.com\/product\/colgante-dorado-malaquita\/\" \/>\n<meta property=\"og:locale\" content=\"en_US\" \/>\n<meta property=\"og:type\" content=\"article\" \/>\n<meta property=\"og:title\" content=\"ComprarColgante dorado malaquita | Valanta Bisuter\u00eda\" \/>\n<meta property=\"og:description\" content=\"&nbsp;  Colgante cadena en dorado con peque\u00f1o adorno en forma redondeada con mineral malaquita.  Este mineral no solo es bello, tambi\u00e9n te va a proporcionar un sentido de arraigo. Llevarlo te recuerda que provienes de algo grande y eterno,  Medida: 40cm m\u00e1s extensi\u00f3n  Medida pieza: 1x1cm  REF: EL7  Tan espiritual como lo eres t\u00fa.\" \/>\n<meta property=\"og:url\" content=\"https:\/\/www.valantabisuteria.com\/product\/colgante-dorado-malaquita\/\" \/>\n<meta property=\"og:site_name\" content=\"Valanta Bisuter\u00eda\" \/>\n<meta property=\"article:modified_time\" content=\"2024-08-12T16:26:31+00:00\" \/>\n<meta property=\"og:image\" content=\"https:\/\/www.valantabisuteria.com\/wp-content\/uploads\/2023\/04\/Captura-de-pantalla-2023-04-14-111229.png\" \/>\n\t<meta property=\"og:image:width\" content=\"642\" \/>\n\t<meta property=\"og:image:height\" content=\"670\" \/>\n\t<meta property=\"og:image:type\" content=\"image\/png\" \/>\n<meta name=\"twitter:card\" content=\"summary_large_image\" \/>\n<meta name=\"twitter:label1\" content=\"Est. reading time\" \/>\n\t<meta name=\"twitter:data1\" content=\"1 minute\" \/>\n<script type=\"application\/ld+json\" class=\"yoast-schema-graph\">{\"@context\":\"https:\/\/schema.org\",\"@graph\":[{\"@type\":\"WebPage\",\"@id\":\"https:\/\/www.valantabisuteria.com\/product\/colgante-dorado-malaquita\/\",\"url\":\"https:\/\/www.valantabisuteria.com\/product\/colgante-dorado-malaquita\/\",\"name\":\"ComprarColgante dorado malaquita | Valanta Bisuter\u00eda\",\"isPartOf\":{\"@id\":\"https:\/\/www.valantabisuteria.com\/#website\"},\"primaryImageOfPage\":{\"@id\":\"https:\/\/www.valantabisuteria.com\/product\/colgante-dorado-malaquita\/#primaryimage\"},\"image\":{\"@id\":\"https:\/\/www.valantabisuteria.com\/product\/colgante-dorado-malaquita\/#primaryimage\"},\"thumbnailUrl\":\"https:\/\/www.valantabisuteria.com\/wp-content\/uploads\/2023\/04\/Captura-de-pantalla-2023-04-14-111229.png\",\"datePublished\":\"2023-04-14T10:03:59+00:00\",\"dateModified\":\"2024-08-12T16:26:31+00:00\",\"breadcrumb\":{\"@id\":\"https:\/\/www.valantabisuteria.com\/product\/colgante-dorado-malaquita\/#breadcrumb\"},\"inLanguage\":\"en-US\",\"potentialAction\":[{\"@type\":\"ReadAction\",\"target\":[\"https:\/\/www.valantabisuteria.com\/product\/colgante-dorado-malaquita\/\"]}]},{\"@type\":\"ImageObject\",\"inLanguage\":\"en-US\",\"@id\":\"https:\/\/www.valantabisuteria.com\/product\/colgante-dorado-malaquita\/#primaryimage\",\"url\":\"https:\/\/www.valantabisuteria.com\/wp-content\/uploads\/2023\/04\/Captura-de-pantalla-2023-04-14-111229.png\",\"contentUrl\":\"https:\/\/www.valantabisuteria.com\/wp-content\/uploads\/2023\/04\/Captura-de-pantalla-2023-04-14-111229.png\",\"width\":642,\"height\":670,\"caption\":\"Colgante dorado malaquita\"},{\"@type\":\"BreadcrumbList\",\"@id\":\"https:\/\/www.valantabisuteria.com\/product\/colgante-dorado-malaquita\/#breadcrumb\",\"itemListElement\":[{\"@type\":\"ListItem\",\"position\":1,\"name\":\"Portada\",\"item\":\"https:\/\/www.valantabisuteria.com\/\"},{\"@type\":\"ListItem\",\"position\":2,\"name\":\"Tienda\",\"item\":\"https:\/\/www.valantabisuteria.com\/tienda\/\"},{\"@type\":\"ListItem\",\"position\":3,\"name\":\"Colgante dorado malaquita\"}]},{\"@type\":\"WebSite\",\"@id\":\"https:\/\/www.valantabisuteria.com\/#website\",\"url\":\"https:\/\/www.valantabisuteria.com\/\",\"name\":\"Valanta Bisuter\u00eda\",\"description\":\"Joyas y Bisuter\u00eda de calidad\",\"publisher\":{\"@id\":\"https:\/\/www.valantabisuteria.com\/#organization\"},\"alternateName\":\"Valanta Bisuter\u00eda\",\"potentialAction\":[{\"@type\":\"SearchAction\",\"target\":{\"@type\":\"EntryPoint\",\"urlTemplate\":\"https:\/\/www.valantabisuteria.com\/?s={search_term_string}\"},\"query-input\":{\"@type\":\"PropertyValueSpecification\",\"valueRequired\":true,\"valueName\":\"search_term_string\"}}],\"inLanguage\":\"en-US\"},{\"@type\":\"Organization\",\"@id\":\"https:\/\/www.valantabisuteria.com\/#organization\",\"name\":\"Valanta Bisuter\u00eda\",\"url\":\"https:\/\/www.valantabisuteria.com\/\",\"logo\":{\"@type\":\"ImageObject\",\"inLanguage\":\"en-US\",\"@id\":\"https:\/\/www.valantabisuteria.com\/#\/schema\/logo\/image\/\",\"url\":\"https:\/\/valantabisuteria.com\/wp-content\/uploads\/2023\/02\/Logo-07-b.png\",\"contentUrl\":\"https:\/\/valantabisuteria.com\/wp-content\/uploads\/2023\/02\/Logo-07-b.png\",\"width\":800,\"height\":238,\"caption\":\"Valanta Bisuter\u00eda\"},\"image\":{\"@id\":\"https:\/\/www.valantabisuteria.com\/#\/schema\/logo\/image\/\"},\"sameAs\":[\"https:\/\/www.instagram.com\/valantabisuteria\/\"]}]}<\/script>\n<!-- \/ Yoast SEO plugin. -->","yoast_head_json":{"title":"ComprarColgante dorado malaquita | Valanta Bisuter\u00eda","robots":{"index":"index","follow":"follow","max-snippet":"max-snippet:-1","max-image-preview":"max-image-preview:large","max-video-preview":"max-video-preview:-1"},"canonical":"https:\/\/www.valantabisuteria.com\/product\/colgante-dorado-malaquita\/","og_locale":"en_US","og_type":"article","og_title":"ComprarColgante dorado malaquita | Valanta Bisuter\u00eda","og_description":"&nbsp;  Colgante cadena en dorado con peque\u00f1o adorno en forma redondeada con mineral malaquita.  Este mineral no solo es bello, tambi\u00e9n te va a proporcionar un sentido de arraigo. Llevarlo te recuerda que provienes de algo grande y eterno,  Medida: 40cm m\u00e1s extensi\u00f3n  Medida pieza: 1x1cm  REF: EL7  Tan espiritual como lo eres t\u00fa.","og_url":"https:\/\/www.valantabisuteria.com\/product\/colgante-dorado-malaquita\/","og_site_name":"Valanta Bisuter\u00eda","article_modified_time":"2024-08-12T16:26:31+00:00","og_image":[{"width":642,"height":670,"url":"https:\/\/www.valantabisuteria.com\/wp-content\/uploads\/2023\/04\/Captura-de-pantalla-2023-04-14-111229.png","type":"image\/png"}],"twitter_card":"summary_large_image","twitter_misc":{"Est. reading time":"1 minute"},"schema":{"@context":"https:\/\/schema.org","@graph":[{"@type":"WebPage","@id":"https:\/\/www.valantabisuteria.com\/product\/colgante-dorado-malaquita\/","url":"https:\/\/www.valantabisuteria.com\/product\/colgante-dorado-malaquita\/","name":"ComprarColgante dorado malaquita | Valanta Bisuter\u00eda","isPartOf":{"@id":"https:\/\/www.valantabisuteria.com\/#website"},"primaryImageOfPage":{"@id":"https:\/\/www.valantabisuteria.com\/product\/colgante-dorado-malaquita\/#primaryimage"},"image":{"@id":"https:\/\/www.valantabisuteria.com\/product\/colgante-dorado-malaquita\/#primaryimage"},"thumbnailUrl":"https:\/\/www.valantabisuteria.com\/wp-content\/uploads\/2023\/04\/Captura-de-pantalla-2023-04-14-111229.png","datePublished":"2023-04-14T10:03:59+00:00","dateModified":"2024-08-12T16:26:31+00:00","breadcrumb":{"@id":"https:\/\/www.valantabisuteria.com\/product\/colgante-dorado-malaquita\/#breadcrumb"},"inLanguage":"en-US","potentialAction":[{"@type":"ReadAction","target":["https:\/\/www.valantabisuteria.com\/product\/colgante-dorado-malaquita\/"]}]},{"@type":"ImageObject","inLanguage":"en-US","@id":"https:\/\/www.valantabisuteria.com\/product\/colgante-dorado-malaquita\/#primaryimage","url":"https:\/\/www.valantabisuteria.com\/wp-content\/uploads\/2023\/04\/Captura-de-pantalla-2023-04-14-111229.png","contentUrl":"https:\/\/www.valantabisuteria.com\/wp-content\/uploads\/2023\/04\/Captura-de-pantalla-2023-04-14-111229.png","width":642,"height":670,"caption":"Colgante dorado malaquita"},{"@type":"BreadcrumbList","@id":"https:\/\/www.valantabisuteria.com\/product\/colgante-dorado-malaquita\/#breadcrumb","itemListElement":[{"@type":"ListItem","position":1,"name":"Portada","item":"https:\/\/www.valantabisuteria.com\/"},{"@type":"ListItem","position":2,"name":"Tienda","item":"https:\/\/www.valantabisuteria.com\/tienda\/"},{"@type":"ListItem","position":3,"name":"Colgante dorado malaquita"}]},{"@type":"WebSite","@id":"https:\/\/www.valantabisuteria.com\/#website","url":"https:\/\/www.valantabisuteria.com\/","name":"Valanta Bisuter\u00eda","description":"Joyas y Bisuter\u00eda de calidad","publisher":{"@id":"https:\/\/www.valantabisuteria.com\/#organization"},"alternateName":"Valanta Bisuter\u00eda","potentialAction":[{"@type":"SearchAction","target":{"@type":"EntryPoint","urlTemplate":"https:\/\/www.valantabisuteria.com\/?s={search_term_string}"},"query-input":{"@type":"PropertyValueSpecification","valueRequired":true,"valueName":"search_term_string"}}],"inLanguage":"en-US"},{"@type":"Organization","@id":"https:\/\/www.valantabisuteria.com\/#organization","name":"Valanta Bisuter\u00eda","url":"https:\/\/www.valantabisuteria.com\/","logo":{"@type":"ImageObject","inLanguage":"en-US","@id":"https:\/\/www.valantabisuteria.com\/#\/schema\/logo\/image\/","url":"https:\/\/valantabisuteria.com\/wp-content\/uploads\/2023\/02\/Logo-07-b.png","contentUrl":"https:\/\/valantabisuteria.com\/wp-content\/uploads\/2023\/02\/Logo-07-b.png","width":800,"height":238,"caption":"Valanta Bisuter\u00eda"},"image":{"@id":"https:\/\/www.valantabisuteria.com\/#\/schema\/logo\/image\/"},"sameAs":["https:\/\/www.instagram.com\/valantabisuteria\/"]}]}},"_links":{"self":[{"href":"https:\/\/www.valantabisuteria.com\/en\/wp-json\/wp\/v2\/product\/29111","targetHints":{"allow":["GET"]}}],"collection":[{"href":"https:\/\/www.valantabisuteria.com\/en\/wp-json\/wp\/v2\/product"}],"about":[{"href":"https:\/\/www.valantabisuteria.com\/en\/wp-json\/wp\/v2\/types\/product"}],"wp:featuredmedia":[{"embeddable":true,"href":"https:\/\/www.valantabisuteria.com\/en\/wp-json\/wp\/v2\/media\/29103"}],"wp:attachment":[{"href":"https:\/\/www.valantabisuteria.com\/en\/wp-json\/wp\/v2\/media?parent=29111"}],"wp:term":[{"taxonomy":"product_brand","embeddable":true,"href":"https:\/\/www.valantabisuteria.com\/en\/wp-json\/wp\/v2\/product_brand?post=29111"},{"taxonomy":"product_cat","embeddable":true,"href":"https:\/\/www.valantabisuteria.com\/en\/wp-json\/wp\/v2\/product_cat?post=29111"},{"taxonomy":"product_tag","embeddable":true,"href":"https:\/\/www.valantabisuteria.com\/en\/wp-json\/wp\/v2\/product_tag?post=29111"}],"curies":[{"name":"wp","href":"https:\/\/api.w.org\/{rel}","templated":true}]}}