{"id":29189,"date":"2023-07-14T12:53:58","date_gmt":"2023-07-14T10:53:58","guid":{"rendered":"https:\/\/valantabisuteria.com\/?post_type=product&#038;p=29189"},"modified":"2026-01-19T10:27:56","modified_gmt":"2026-01-19T09:27:56","slug":"colgante-dorado-con-rosa-de-los-vientos-acero-dorado","status":"publish","type":"product","link":"https:\/\/www.valantabisuteria.com\/en\/product\/colgante-dorado-con-rosa-de-los-vientos-acero-dorado\/","title":{"rendered":"Colgante acero dorado con rosa de los vientos"},"content":{"rendered":"<p>Collar acero en color dorado con colgante redondo y estrella &#8220;rosa de los vientos&#8221;<\/p>\n<p>Largo cadena 25 cm incluida la extensi\u00f3n<\/p>\n<p>Medida pieza: 2,5cmx2,5cm<\/p>\n<p>REF: MV3<\/p>\n","protected":false},"excerpt":{"rendered":"<p>Collar acero en color dorado con colgante redondo y estrella &#8220;rosa de los vientos&#8221;.<\/p>\n<p>Este colgante es un s\u00edmbolo de resistencia, de saber cuales son tus metas. Cada vez que lo uses, recordar\u00e1s los desaf\u00edos que has superado y te har\u00e1n sentir orgullosa. Nunca vas a perder tu rumbo.<\/p>\n<p>Largo cadena 25 cm incluida la extensi\u00f3n<\/p>\n<p>Medida pieza: 2,5cmx2,5cm<\/p>\n<p>REF: MV3<\/p>\n<p>&nbsp;<\/p>\n","protected":false},"featured_media":29122,"template":"","meta":{"_joinchat":[]},"product_brand":[],"product_cat":[156,165,195],"product_tag":[],"class_list":{"0":"post-29189","1":"product","2":"type-product","3":"status-publish","4":"has-post-thumbnail","6":"product_cat-collares","7":"product_cat-mujer-valanta","8":"product_cat-outlet-exclusivo","11":"first","12":"instock","13":"sale","14":"shipping-taxable","15":"purchasable","16":"product-type-simple"},"yoast_head":"<!-- This site is optimized with the Yoast SEO plugin v27.2 - https:\/\/yoast.com\/product\/yoast-seo-wordpress\/ -->\n<title>ComprarColgante acero dorado con rosa de los vientos | Valanta Bisuter\u00eda<\/title>\n<meta name=\"description\" content=\"Estos colgantes se adaptan perfectamente a cualquier look, desde el mas casual hasta el m\u00e1s elegante, son piezas muy vers\u00e1tiles.\" \/>\n<meta name=\"robots\" content=\"index, follow, max-snippet:-1, max-image-preview:large, max-video-preview:-1\" \/>\n<link rel=\"canonical\" href=\"https:\/\/www.valantabisuteria.com\/product\/colgante-dorado-con-rosa-de-los-vientos-acero-dorado\/\" \/>\n<meta property=\"og:locale\" content=\"en_US\" \/>\n<meta property=\"og:type\" content=\"article\" \/>\n<meta property=\"og:title\" content=\"ComprarColgante acero dorado con rosa de los vientos | Valanta Bisuter\u00eda\" \/>\n<meta property=\"og:description\" content=\"Estos colgantes se adaptan perfectamente a cualquier look, desde el mas casual hasta el m\u00e1s elegante, son piezas muy vers\u00e1tiles.\" \/>\n<meta property=\"og:url\" content=\"https:\/\/www.valantabisuteria.com\/product\/colgante-dorado-con-rosa-de-los-vientos-acero-dorado\/\" \/>\n<meta property=\"og:site_name\" content=\"Valanta Bisuter\u00eda\" \/>\n<meta property=\"article:modified_time\" content=\"2026-01-19T09:27:56+00:00\" \/>\n<meta property=\"og:image\" content=\"https:\/\/www.valantabisuteria.com\/wp-content\/uploads\/2023\/04\/Captura-de-pantalla-2023-04-17-105043.png\" \/>\n\t<meta property=\"og:image:width\" content=\"535\" \/>\n\t<meta property=\"og:image:height\" content=\"592\" \/>\n\t<meta property=\"og:image:type\" content=\"image\/png\" \/>\n<meta name=\"twitter:card\" content=\"summary_large_image\" \/>\n<meta name=\"twitter:label1\" content=\"Est. reading time\" \/>\n\t<meta name=\"twitter:data1\" content=\"1 minute\" \/>\n<script type=\"application\/ld+json\" class=\"yoast-schema-graph\">{\"@context\":\"https:\/\/schema.org\",\"@graph\":[{\"@type\":\"WebPage\",\"@id\":\"https:\/\/www.valantabisuteria.com\/product\/colgante-dorado-con-rosa-de-los-vientos-acero-dorado\/\",\"url\":\"https:\/\/www.valantabisuteria.com\/product\/colgante-dorado-con-rosa-de-los-vientos-acero-dorado\/\",\"name\":\"ComprarColgante acero dorado con rosa de los vientos | Valanta Bisuter\u00eda\",\"isPartOf\":{\"@id\":\"https:\/\/www.valantabisuteria.com\/#website\"},\"primaryImageOfPage\":{\"@id\":\"https:\/\/www.valantabisuteria.com\/product\/colgante-dorado-con-rosa-de-los-vientos-acero-dorado\/#primaryimage\"},\"image\":{\"@id\":\"https:\/\/www.valantabisuteria.com\/product\/colgante-dorado-con-rosa-de-los-vientos-acero-dorado\/#primaryimage\"},\"thumbnailUrl\":\"https:\/\/www.valantabisuteria.com\/wp-content\/uploads\/2023\/04\/Captura-de-pantalla-2023-04-17-105043.png\",\"datePublished\":\"2023-07-14T10:53:58+00:00\",\"dateModified\":\"2026-01-19T09:27:56+00:00\",\"description\":\"Estos colgantes se adaptan perfectamente a cualquier look, desde el mas casual hasta el m\u00e1s elegante, son piezas muy vers\u00e1tiles.\",\"breadcrumb\":{\"@id\":\"https:\/\/www.valantabisuteria.com\/product\/colgante-dorado-con-rosa-de-los-vientos-acero-dorado\/#breadcrumb\"},\"inLanguage\":\"en-US\",\"potentialAction\":[{\"@type\":\"ReadAction\",\"target\":[\"https:\/\/www.valantabisuteria.com\/product\/colgante-dorado-con-rosa-de-los-vientos-acero-dorado\/\"]}]},{\"@type\":\"ImageObject\",\"inLanguage\":\"en-US\",\"@id\":\"https:\/\/www.valantabisuteria.com\/product\/colgante-dorado-con-rosa-de-los-vientos-acero-dorado\/#primaryimage\",\"url\":\"https:\/\/www.valantabisuteria.com\/wp-content\/uploads\/2023\/04\/Captura-de-pantalla-2023-04-17-105043.png\",\"contentUrl\":\"https:\/\/www.valantabisuteria.com\/wp-content\/uploads\/2023\/04\/Captura-de-pantalla-2023-04-17-105043.png\",\"width\":535,\"height\":592,\"caption\":\"Colgante acero dorado con rosa de los vientos\"},{\"@type\":\"BreadcrumbList\",\"@id\":\"https:\/\/www.valantabisuteria.com\/product\/colgante-dorado-con-rosa-de-los-vientos-acero-dorado\/#breadcrumb\",\"itemListElement\":[{\"@type\":\"ListItem\",\"position\":1,\"name\":\"Portada\",\"item\":\"https:\/\/www.valantabisuteria.com\/\"},{\"@type\":\"ListItem\",\"position\":2,\"name\":\"Tienda\",\"item\":\"https:\/\/www.valantabisuteria.com\/tienda\/\"},{\"@type\":\"ListItem\",\"position\":3,\"name\":\"Colgante acero dorado con rosa de los vientos\"}]},{\"@type\":\"WebSite\",\"@id\":\"https:\/\/www.valantabisuteria.com\/#website\",\"url\":\"https:\/\/www.valantabisuteria.com\/\",\"name\":\"Valanta Bisuter\u00eda\",\"description\":\"Joyas y Bisuter\u00eda de calidad\",\"publisher\":{\"@id\":\"https:\/\/www.valantabisuteria.com\/#organization\"},\"alternateName\":\"Valanta Bisuter\u00eda\",\"potentialAction\":[{\"@type\":\"SearchAction\",\"target\":{\"@type\":\"EntryPoint\",\"urlTemplate\":\"https:\/\/www.valantabisuteria.com\/?s={search_term_string}\"},\"query-input\":{\"@type\":\"PropertyValueSpecification\",\"valueRequired\":true,\"valueName\":\"search_term_string\"}}],\"inLanguage\":\"en-US\"},{\"@type\":\"Organization\",\"@id\":\"https:\/\/www.valantabisuteria.com\/#organization\",\"name\":\"Valanta Bisuter\u00eda\",\"url\":\"https:\/\/www.valantabisuteria.com\/\",\"logo\":{\"@type\":\"ImageObject\",\"inLanguage\":\"en-US\",\"@id\":\"https:\/\/www.valantabisuteria.com\/#\/schema\/logo\/image\/\",\"url\":\"https:\/\/valantabisuteria.com\/wp-content\/uploads\/2023\/02\/Logo-07-b.png\",\"contentUrl\":\"https:\/\/valantabisuteria.com\/wp-content\/uploads\/2023\/02\/Logo-07-b.png\",\"width\":800,\"height\":238,\"caption\":\"Valanta Bisuter\u00eda\"},\"image\":{\"@id\":\"https:\/\/www.valantabisuteria.com\/#\/schema\/logo\/image\/\"},\"sameAs\":[\"https:\/\/www.instagram.com\/valantabisuteria\/\"]}]}<\/script>\n<!-- \/ Yoast SEO plugin. -->","yoast_head_json":{"title":"ComprarColgante acero dorado con rosa de los vientos | Valanta Bisuter\u00eda","description":"Estos colgantes se adaptan perfectamente a cualquier look, desde el mas casual hasta el m\u00e1s elegante, son piezas muy vers\u00e1tiles.","robots":{"index":"index","follow":"follow","max-snippet":"max-snippet:-1","max-image-preview":"max-image-preview:large","max-video-preview":"max-video-preview:-1"},"canonical":"https:\/\/www.valantabisuteria.com\/product\/colgante-dorado-con-rosa-de-los-vientos-acero-dorado\/","og_locale":"en_US","og_type":"article","og_title":"ComprarColgante acero dorado con rosa de los vientos | Valanta Bisuter\u00eda","og_description":"Estos colgantes se adaptan perfectamente a cualquier look, desde el mas casual hasta el m\u00e1s elegante, son piezas muy vers\u00e1tiles.","og_url":"https:\/\/www.valantabisuteria.com\/product\/colgante-dorado-con-rosa-de-los-vientos-acero-dorado\/","og_site_name":"Valanta Bisuter\u00eda","article_modified_time":"2026-01-19T09:27:56+00:00","og_image":[{"width":535,"height":592,"url":"https:\/\/www.valantabisuteria.com\/wp-content\/uploads\/2023\/04\/Captura-de-pantalla-2023-04-17-105043.png","type":"image\/png"}],"twitter_card":"summary_large_image","twitter_misc":{"Est. reading time":"1 minute"},"schema":{"@context":"https:\/\/schema.org","@graph":[{"@type":"WebPage","@id":"https:\/\/www.valantabisuteria.com\/product\/colgante-dorado-con-rosa-de-los-vientos-acero-dorado\/","url":"https:\/\/www.valantabisuteria.com\/product\/colgante-dorado-con-rosa-de-los-vientos-acero-dorado\/","name":"ComprarColgante acero dorado con rosa de los vientos | Valanta Bisuter\u00eda","isPartOf":{"@id":"https:\/\/www.valantabisuteria.com\/#website"},"primaryImageOfPage":{"@id":"https:\/\/www.valantabisuteria.com\/product\/colgante-dorado-con-rosa-de-los-vientos-acero-dorado\/#primaryimage"},"image":{"@id":"https:\/\/www.valantabisuteria.com\/product\/colgante-dorado-con-rosa-de-los-vientos-acero-dorado\/#primaryimage"},"thumbnailUrl":"https:\/\/www.valantabisuteria.com\/wp-content\/uploads\/2023\/04\/Captura-de-pantalla-2023-04-17-105043.png","datePublished":"2023-07-14T10:53:58+00:00","dateModified":"2026-01-19T09:27:56+00:00","description":"Estos colgantes se adaptan perfectamente a cualquier look, desde el mas casual hasta el m\u00e1s elegante, son piezas muy vers\u00e1tiles.","breadcrumb":{"@id":"https:\/\/www.valantabisuteria.com\/product\/colgante-dorado-con-rosa-de-los-vientos-acero-dorado\/#breadcrumb"},"inLanguage":"en-US","potentialAction":[{"@type":"ReadAction","target":["https:\/\/www.valantabisuteria.com\/product\/colgante-dorado-con-rosa-de-los-vientos-acero-dorado\/"]}]},{"@type":"ImageObject","inLanguage":"en-US","@id":"https:\/\/www.valantabisuteria.com\/product\/colgante-dorado-con-rosa-de-los-vientos-acero-dorado\/#primaryimage","url":"https:\/\/www.valantabisuteria.com\/wp-content\/uploads\/2023\/04\/Captura-de-pantalla-2023-04-17-105043.png","contentUrl":"https:\/\/www.valantabisuteria.com\/wp-content\/uploads\/2023\/04\/Captura-de-pantalla-2023-04-17-105043.png","width":535,"height":592,"caption":"Colgante acero dorado con rosa de los vientos"},{"@type":"BreadcrumbList","@id":"https:\/\/www.valantabisuteria.com\/product\/colgante-dorado-con-rosa-de-los-vientos-acero-dorado\/#breadcrumb","itemListElement":[{"@type":"ListItem","position":1,"name":"Portada","item":"https:\/\/www.valantabisuteria.com\/"},{"@type":"ListItem","position":2,"name":"Tienda","item":"https:\/\/www.valantabisuteria.com\/tienda\/"},{"@type":"ListItem","position":3,"name":"Colgante acero dorado con rosa de los vientos"}]},{"@type":"WebSite","@id":"https:\/\/www.valantabisuteria.com\/#website","url":"https:\/\/www.valantabisuteria.com\/","name":"Valanta Bisuter\u00eda","description":"Joyas y Bisuter\u00eda de calidad","publisher":{"@id":"https:\/\/www.valantabisuteria.com\/#organization"},"alternateName":"Valanta Bisuter\u00eda","potentialAction":[{"@type":"SearchAction","target":{"@type":"EntryPoint","urlTemplate":"https:\/\/www.valantabisuteria.com\/?s={search_term_string}"},"query-input":{"@type":"PropertyValueSpecification","valueRequired":true,"valueName":"search_term_string"}}],"inLanguage":"en-US"},{"@type":"Organization","@id":"https:\/\/www.valantabisuteria.com\/#organization","name":"Valanta Bisuter\u00eda","url":"https:\/\/www.valantabisuteria.com\/","logo":{"@type":"ImageObject","inLanguage":"en-US","@id":"https:\/\/www.valantabisuteria.com\/#\/schema\/logo\/image\/","url":"https:\/\/valantabisuteria.com\/wp-content\/uploads\/2023\/02\/Logo-07-b.png","contentUrl":"https:\/\/valantabisuteria.com\/wp-content\/uploads\/2023\/02\/Logo-07-b.png","width":800,"height":238,"caption":"Valanta Bisuter\u00eda"},"image":{"@id":"https:\/\/www.valantabisuteria.com\/#\/schema\/logo\/image\/"},"sameAs":["https:\/\/www.instagram.com\/valantabisuteria\/"]}]}},"_links":{"self":[{"href":"https:\/\/www.valantabisuteria.com\/en\/wp-json\/wp\/v2\/product\/29189","targetHints":{"allow":["GET"]}}],"collection":[{"href":"https:\/\/www.valantabisuteria.com\/en\/wp-json\/wp\/v2\/product"}],"about":[{"href":"https:\/\/www.valantabisuteria.com\/en\/wp-json\/wp\/v2\/types\/product"}],"wp:featuredmedia":[{"embeddable":true,"href":"https:\/\/www.valantabisuteria.com\/en\/wp-json\/wp\/v2\/media\/29122"}],"wp:attachment":[{"href":"https:\/\/www.valantabisuteria.com\/en\/wp-json\/wp\/v2\/media?parent=29189"}],"wp:term":[{"taxonomy":"product_brand","embeddable":true,"href":"https:\/\/www.valantabisuteria.com\/en\/wp-json\/wp\/v2\/product_brand?post=29189"},{"taxonomy":"product_cat","embeddable":true,"href":"https:\/\/www.valantabisuteria.com\/en\/wp-json\/wp\/v2\/product_cat?post=29189"},{"taxonomy":"product_tag","embeddable":true,"href":"https:\/\/www.valantabisuteria.com\/en\/wp-json\/wp\/v2\/product_tag?post=29189"}],"curies":[{"name":"wp","href":"https:\/\/api.w.org\/{rel}","templated":true}]}}