{"id":29190,"date":"2023-07-14T13:10:54","date_gmt":"2023-07-14T11:10:54","guid":{"rendered":"https:\/\/valantabisuteria.com\/?post_type=product&#038;p=29190"},"modified":"2026-04-21T11:10:53","modified_gmt":"2026-04-21T09:10:53","slug":"colgante-dorado-doble-sol-y-luna","status":"publish","type":"product","link":"https:\/\/www.valantabisuteria.com\/en\/product\/colgante-dorado-doble-sol-y-luna\/","title":{"rendered":"Colgante plata dorado doble sol y luna"},"content":{"rendered":"<p>Collar con cadena bolitas en acero dorado y colgante alargado con sol grabado con peque\u00f1as circonitas.<\/p>\n<p>Medida cadena: 22cm m\u00e1s extensi\u00f3n<\/p>\n<p>Medida pieza: 2cmx2cm<\/p>\n<p>REF: MV2<\/p>\n","protected":false},"excerpt":{"rendered":"<p>Collar con cadena bolitas en acero dorado y colgante alargado con sol y luna grabados en diferentes caras con peque\u00f1as circonitas.<\/p>\n<p>Ilumina tu piel y tu sonrisa con este colgante. Es un simple gesto que puede cambiar tu estado de \u00e1nimo y hacerte sentir fabulosa.<\/p>\n<p>Medida cadena: 22cm m\u00e1s extensi\u00f3n<\/p>\n<p>Medida pieza: 2cmx2cm<\/p>\n<p>Material: plata y acero con ba\u00f1o en oro dorado<\/p>\n<p><span style=\"color: #ffcc99;\">Lun\u00e1tica o brillante. La perfecta combinaci\u00f3n.<\/span><\/p>\n","protected":false},"featured_media":29191,"template":"","meta":{"_joinchat":{"message_text":"Aprovecha la oportunidad. Compra Ahora"}},"product_brand":[],"product_cat":[156,165,195],"product_tag":[],"class_list":{"0":"post-29190","1":"product","2":"type-product","3":"status-publish","4":"has-post-thumbnail","6":"product_cat-collares","7":"product_cat-mujer-valanta","8":"product_cat-outlet-exclusivo","11":"first","12":"instock","13":"sale","14":"shipping-taxable","15":"purchasable","16":"product-type-simple"},"yoast_head":"<!-- This site is optimized with the Yoast SEO plugin v27.2 - https:\/\/yoast.com\/product\/yoast-seo-wordpress\/ -->\n<title>ComprarColgante plata dorado doble sol y luna | Valanta Bisuter\u00eda<\/title>\n<meta name=\"robots\" content=\"index, follow, max-snippet:-1, max-image-preview:large, max-video-preview:-1\" \/>\n<link rel=\"canonical\" href=\"https:\/\/www.valantabisuteria.com\/product\/colgante-dorado-doble-sol-y-luna\/\" \/>\n<meta property=\"og:locale\" content=\"en_US\" \/>\n<meta property=\"og:type\" content=\"article\" \/>\n<meta property=\"og:title\" content=\"ComprarColgante plata dorado doble sol y luna | Valanta Bisuter\u00eda\" \/>\n<meta property=\"og:description\" content=\"Collar con cadena bolitas en acero dorado y colgante alargado con sol y luna grabados en diferentes caras con peque\u00f1as circonitas.  Ilumina tu piel y tu sonrisa con este colgante. Es un simple gesto que puede cambiar tu estado de \u00e1nimo y hacerte sentir fabulosa.  Medida cadena: 22cm m\u00e1s extensi\u00f3n  Medida pieza: 2cmx2cm  Material: plata y acero con ba\u00f1o en oro dorado  Lun\u00e1tica o brillante. La perfecta combinaci\u00f3n.\" \/>\n<meta property=\"og:url\" content=\"https:\/\/www.valantabisuteria.com\/product\/colgante-dorado-doble-sol-y-luna\/\" \/>\n<meta property=\"og:site_name\" content=\"Valanta Bisuter\u00eda\" \/>\n<meta property=\"article:modified_time\" content=\"2026-04-21T09:10:53+00:00\" \/>\n<meta property=\"og:image\" content=\"https:\/\/www.valantabisuteria.com\/wp-content\/uploads\/2023\/07\/Captura-de-pantalla-2023-07-14-123730.png\" \/>\n\t<meta property=\"og:image:width\" content=\"532\" \/>\n\t<meta property=\"og:image:height\" content=\"604\" \/>\n\t<meta property=\"og:image:type\" content=\"image\/png\" \/>\n<meta name=\"twitter:card\" content=\"summary_large_image\" \/>\n<meta name=\"twitter:label1\" content=\"Est. reading time\" \/>\n\t<meta name=\"twitter:data1\" content=\"1 minute\" \/>\n<script type=\"application\/ld+json\" class=\"yoast-schema-graph\">{\"@context\":\"https:\/\/schema.org\",\"@graph\":[{\"@type\":\"WebPage\",\"@id\":\"https:\/\/www.valantabisuteria.com\/product\/colgante-dorado-doble-sol-y-luna\/\",\"url\":\"https:\/\/www.valantabisuteria.com\/product\/colgante-dorado-doble-sol-y-luna\/\",\"name\":\"ComprarColgante plata dorado doble sol y luna | Valanta Bisuter\u00eda\",\"isPartOf\":{\"@id\":\"https:\/\/www.valantabisuteria.com\/#website\"},\"primaryImageOfPage\":{\"@id\":\"https:\/\/www.valantabisuteria.com\/product\/colgante-dorado-doble-sol-y-luna\/#primaryimage\"},\"image\":{\"@id\":\"https:\/\/www.valantabisuteria.com\/product\/colgante-dorado-doble-sol-y-luna\/#primaryimage\"},\"thumbnailUrl\":\"https:\/\/www.valantabisuteria.com\/wp-content\/uploads\/2023\/07\/Captura-de-pantalla-2023-07-14-123730.png\",\"datePublished\":\"2023-07-14T11:10:54+00:00\",\"dateModified\":\"2026-04-21T09:10:53+00:00\",\"breadcrumb\":{\"@id\":\"https:\/\/www.valantabisuteria.com\/product\/colgante-dorado-doble-sol-y-luna\/#breadcrumb\"},\"inLanguage\":\"en-US\",\"potentialAction\":[{\"@type\":\"ReadAction\",\"target\":[\"https:\/\/www.valantabisuteria.com\/product\/colgante-dorado-doble-sol-y-luna\/\"]}]},{\"@type\":\"ImageObject\",\"inLanguage\":\"en-US\",\"@id\":\"https:\/\/www.valantabisuteria.com\/product\/colgante-dorado-doble-sol-y-luna\/#primaryimage\",\"url\":\"https:\/\/www.valantabisuteria.com\/wp-content\/uploads\/2023\/07\/Captura-de-pantalla-2023-07-14-123730.png\",\"contentUrl\":\"https:\/\/www.valantabisuteria.com\/wp-content\/uploads\/2023\/07\/Captura-de-pantalla-2023-07-14-123730.png\",\"width\":532,\"height\":604,\"caption\":\"Colgante plata dorado doble sol y luna\"},{\"@type\":\"BreadcrumbList\",\"@id\":\"https:\/\/www.valantabisuteria.com\/product\/colgante-dorado-doble-sol-y-luna\/#breadcrumb\",\"itemListElement\":[{\"@type\":\"ListItem\",\"position\":1,\"name\":\"Portada\",\"item\":\"https:\/\/www.valantabisuteria.com\/\"},{\"@type\":\"ListItem\",\"position\":2,\"name\":\"Tienda\",\"item\":\"https:\/\/www.valantabisuteria.com\/tienda\/\"},{\"@type\":\"ListItem\",\"position\":3,\"name\":\"Colgante plata dorado doble sol y luna\"}]},{\"@type\":\"WebSite\",\"@id\":\"https:\/\/www.valantabisuteria.com\/#website\",\"url\":\"https:\/\/www.valantabisuteria.com\/\",\"name\":\"Valanta Bisuter\u00eda\",\"description\":\"Joyas y Bisuter\u00eda de calidad\",\"publisher\":{\"@id\":\"https:\/\/www.valantabisuteria.com\/#organization\"},\"alternateName\":\"Valanta Bisuter\u00eda\",\"potentialAction\":[{\"@type\":\"SearchAction\",\"target\":{\"@type\":\"EntryPoint\",\"urlTemplate\":\"https:\/\/www.valantabisuteria.com\/?s={search_term_string}\"},\"query-input\":{\"@type\":\"PropertyValueSpecification\",\"valueRequired\":true,\"valueName\":\"search_term_string\"}}],\"inLanguage\":\"en-US\"},{\"@type\":\"Organization\",\"@id\":\"https:\/\/www.valantabisuteria.com\/#organization\",\"name\":\"Valanta Bisuter\u00eda\",\"url\":\"https:\/\/www.valantabisuteria.com\/\",\"logo\":{\"@type\":\"ImageObject\",\"inLanguage\":\"en-US\",\"@id\":\"https:\/\/www.valantabisuteria.com\/#\/schema\/logo\/image\/\",\"url\":\"https:\/\/valantabisuteria.com\/wp-content\/uploads\/2023\/02\/Logo-07-b.png\",\"contentUrl\":\"https:\/\/valantabisuteria.com\/wp-content\/uploads\/2023\/02\/Logo-07-b.png\",\"width\":800,\"height\":238,\"caption\":\"Valanta Bisuter\u00eda\"},\"image\":{\"@id\":\"https:\/\/www.valantabisuteria.com\/#\/schema\/logo\/image\/\"},\"sameAs\":[\"https:\/\/www.instagram.com\/valantabisuteria\/\"]}]}<\/script>\n<!-- \/ Yoast SEO plugin. -->","yoast_head_json":{"title":"ComprarColgante plata dorado doble sol y luna | Valanta Bisuter\u00eda","robots":{"index":"index","follow":"follow","max-snippet":"max-snippet:-1","max-image-preview":"max-image-preview:large","max-video-preview":"max-video-preview:-1"},"canonical":"https:\/\/www.valantabisuteria.com\/product\/colgante-dorado-doble-sol-y-luna\/","og_locale":"en_US","og_type":"article","og_title":"ComprarColgante plata dorado doble sol y luna | Valanta Bisuter\u00eda","og_description":"Collar con cadena bolitas en acero dorado y colgante alargado con sol y luna grabados en diferentes caras con peque\u00f1as circonitas.  Ilumina tu piel y tu sonrisa con este colgante. Es un simple gesto que puede cambiar tu estado de \u00e1nimo y hacerte sentir fabulosa.  Medida cadena: 22cm m\u00e1s extensi\u00f3n  Medida pieza: 2cmx2cm  Material: plata y acero con ba\u00f1o en oro dorado  Lun\u00e1tica o brillante. La perfecta combinaci\u00f3n.","og_url":"https:\/\/www.valantabisuteria.com\/product\/colgante-dorado-doble-sol-y-luna\/","og_site_name":"Valanta Bisuter\u00eda","article_modified_time":"2026-04-21T09:10:53+00:00","og_image":[{"width":532,"height":604,"url":"https:\/\/www.valantabisuteria.com\/wp-content\/uploads\/2023\/07\/Captura-de-pantalla-2023-07-14-123730.png","type":"image\/png"}],"twitter_card":"summary_large_image","twitter_misc":{"Est. reading time":"1 minute"},"schema":{"@context":"https:\/\/schema.org","@graph":[{"@type":"WebPage","@id":"https:\/\/www.valantabisuteria.com\/product\/colgante-dorado-doble-sol-y-luna\/","url":"https:\/\/www.valantabisuteria.com\/product\/colgante-dorado-doble-sol-y-luna\/","name":"ComprarColgante plata dorado doble sol y luna | Valanta Bisuter\u00eda","isPartOf":{"@id":"https:\/\/www.valantabisuteria.com\/#website"},"primaryImageOfPage":{"@id":"https:\/\/www.valantabisuteria.com\/product\/colgante-dorado-doble-sol-y-luna\/#primaryimage"},"image":{"@id":"https:\/\/www.valantabisuteria.com\/product\/colgante-dorado-doble-sol-y-luna\/#primaryimage"},"thumbnailUrl":"https:\/\/www.valantabisuteria.com\/wp-content\/uploads\/2023\/07\/Captura-de-pantalla-2023-07-14-123730.png","datePublished":"2023-07-14T11:10:54+00:00","dateModified":"2026-04-21T09:10:53+00:00","breadcrumb":{"@id":"https:\/\/www.valantabisuteria.com\/product\/colgante-dorado-doble-sol-y-luna\/#breadcrumb"},"inLanguage":"en-US","potentialAction":[{"@type":"ReadAction","target":["https:\/\/www.valantabisuteria.com\/product\/colgante-dorado-doble-sol-y-luna\/"]}]},{"@type":"ImageObject","inLanguage":"en-US","@id":"https:\/\/www.valantabisuteria.com\/product\/colgante-dorado-doble-sol-y-luna\/#primaryimage","url":"https:\/\/www.valantabisuteria.com\/wp-content\/uploads\/2023\/07\/Captura-de-pantalla-2023-07-14-123730.png","contentUrl":"https:\/\/www.valantabisuteria.com\/wp-content\/uploads\/2023\/07\/Captura-de-pantalla-2023-07-14-123730.png","width":532,"height":604,"caption":"Colgante plata dorado doble sol y luna"},{"@type":"BreadcrumbList","@id":"https:\/\/www.valantabisuteria.com\/product\/colgante-dorado-doble-sol-y-luna\/#breadcrumb","itemListElement":[{"@type":"ListItem","position":1,"name":"Portada","item":"https:\/\/www.valantabisuteria.com\/"},{"@type":"ListItem","position":2,"name":"Tienda","item":"https:\/\/www.valantabisuteria.com\/tienda\/"},{"@type":"ListItem","position":3,"name":"Colgante plata dorado doble sol y luna"}]},{"@type":"WebSite","@id":"https:\/\/www.valantabisuteria.com\/#website","url":"https:\/\/www.valantabisuteria.com\/","name":"Valanta Bisuter\u00eda","description":"Joyas y Bisuter\u00eda de calidad","publisher":{"@id":"https:\/\/www.valantabisuteria.com\/#organization"},"alternateName":"Valanta Bisuter\u00eda","potentialAction":[{"@type":"SearchAction","target":{"@type":"EntryPoint","urlTemplate":"https:\/\/www.valantabisuteria.com\/?s={search_term_string}"},"query-input":{"@type":"PropertyValueSpecification","valueRequired":true,"valueName":"search_term_string"}}],"inLanguage":"en-US"},{"@type":"Organization","@id":"https:\/\/www.valantabisuteria.com\/#organization","name":"Valanta Bisuter\u00eda","url":"https:\/\/www.valantabisuteria.com\/","logo":{"@type":"ImageObject","inLanguage":"en-US","@id":"https:\/\/www.valantabisuteria.com\/#\/schema\/logo\/image\/","url":"https:\/\/valantabisuteria.com\/wp-content\/uploads\/2023\/02\/Logo-07-b.png","contentUrl":"https:\/\/valantabisuteria.com\/wp-content\/uploads\/2023\/02\/Logo-07-b.png","width":800,"height":238,"caption":"Valanta Bisuter\u00eda"},"image":{"@id":"https:\/\/www.valantabisuteria.com\/#\/schema\/logo\/image\/"},"sameAs":["https:\/\/www.instagram.com\/valantabisuteria\/"]}]}},"_links":{"self":[{"href":"https:\/\/www.valantabisuteria.com\/en\/wp-json\/wp\/v2\/product\/29190","targetHints":{"allow":["GET"]}}],"collection":[{"href":"https:\/\/www.valantabisuteria.com\/en\/wp-json\/wp\/v2\/product"}],"about":[{"href":"https:\/\/www.valantabisuteria.com\/en\/wp-json\/wp\/v2\/types\/product"}],"wp:featuredmedia":[{"embeddable":true,"href":"https:\/\/www.valantabisuteria.com\/en\/wp-json\/wp\/v2\/media\/29191"}],"wp:attachment":[{"href":"https:\/\/www.valantabisuteria.com\/en\/wp-json\/wp\/v2\/media?parent=29190"}],"wp:term":[{"taxonomy":"product_brand","embeddable":true,"href":"https:\/\/www.valantabisuteria.com\/en\/wp-json\/wp\/v2\/product_brand?post=29190"},{"taxonomy":"product_cat","embeddable":true,"href":"https:\/\/www.valantabisuteria.com\/en\/wp-json\/wp\/v2\/product_cat?post=29190"},{"taxonomy":"product_tag","embeddable":true,"href":"https:\/\/www.valantabisuteria.com\/en\/wp-json\/wp\/v2\/product_tag?post=29190"}],"curies":[{"name":"wp","href":"https:\/\/api.w.org\/{rel}","templated":true}]}}