{"id":29193,"date":"2023-07-14T13:36:31","date_gmt":"2023-07-14T11:36:31","guid":{"rendered":"https:\/\/valantabisuteria.com\/?post_type=product&#038;p=29193"},"modified":"2025-07-20T21:18:14","modified_gmt":"2025-07-20T19:18:14","slug":"colgante-dorado-acero-circonitas","status":"publish","type":"product","link":"https:\/\/www.valantabisuteria.com\/en\/product\/colgante-dorado-acero-circonitas\/","title":{"rendered":"Colgante acero sol dorado con circonitas"},"content":{"rendered":"<p>Collar con cadena bolitas en acero dorado y colgante alargado con sol grabado con peque\u00f1as circonitas.<\/p>\n<p>Medida cadena: 22cm m\u00e1s extensi\u00f3n<\/p>\n<p>Medida pieza: 2cmx2cm<\/p>\n<p>REF: MV2<\/p>\n<p>&nbsp;<\/p>\n","protected":false},"excerpt":{"rendered":"<p>&nbsp;<\/p>\n<p>Collar con cadena bolitas en acero dorado y colgante alargado con sol grabado con peque\u00f1as circonitas.<\/p>\n<p>La bisuter\u00eda en acero es para la mujer que no teme ser diferente. Es una celebraci\u00f3n de las cualidades que te hacen especial y \u00fanica. Cuenta tu verdadera historia y resalta tu personalidad.<\/p>\n<p>Material: Acero dorado y circonita<\/p>\n<p>Medida cadena: 22cm m\u00e1s extensi\u00f3n<\/p>\n<p>Medida pieza: 2cmx2cm<\/p>\n","protected":false},"featured_media":29194,"template":"","meta":{"_joinchat":[]},"product_brand":[],"product_cat":[156,165],"product_tag":[],"class_list":{"0":"post-29193","1":"product","2":"type-product","3":"status-publish","4":"has-post-thumbnail","6":"product_cat-collares","7":"product_cat-mujer-valanta","10":"first","11":"instock","12":"shipping-taxable","13":"purchasable","14":"product-type-simple"},"yoast_head":"<!-- This site is optimized with the Yoast SEO plugin v27.2 - https:\/\/yoast.com\/product\/yoast-seo-wordpress\/ -->\n<title>ComprarColgante acero sol dorado con circonitas | Valanta Bisuter\u00eda<\/title>\n<meta name=\"description\" content=\"Joyas que cuentan historias, cada colgante es una obra de arte, dise\u00f1ada para resaltar tu personalidad y contar tu historia\" \/>\n<meta name=\"robots\" content=\"index, follow, max-snippet:-1, max-image-preview:large, max-video-preview:-1\" \/>\n<link rel=\"canonical\" href=\"https:\/\/www.valantabisuteria.com\/product\/colgante-dorado-acero-circonitas\/\" \/>\n<meta property=\"og:locale\" content=\"en_US\" \/>\n<meta property=\"og:type\" content=\"article\" \/>\n<meta property=\"og:title\" content=\"ComprarColgante acero sol dorado con circonitas | Valanta Bisuter\u00eda\" \/>\n<meta property=\"og:description\" content=\"Joyas que cuentan historias, cada colgante es una obra de arte, dise\u00f1ada para resaltar tu personalidad y contar tu historia\" \/>\n<meta property=\"og:url\" content=\"https:\/\/www.valantabisuteria.com\/product\/colgante-dorado-acero-circonitas\/\" \/>\n<meta property=\"og:site_name\" content=\"Valanta Bisuter\u00eda\" \/>\n<meta property=\"article:modified_time\" content=\"2025-07-20T19:18:14+00:00\" \/>\n<meta property=\"og:image\" content=\"https:\/\/www.valantabisuteria.com\/wp-content\/uploads\/2023\/07\/Captura-de-pantalla-2023-07-14-123643.png\" \/>\n\t<meta property=\"og:image:width\" content=\"564\" \/>\n\t<meta property=\"og:image:height\" content=\"622\" \/>\n\t<meta property=\"og:image:type\" content=\"image\/png\" \/>\n<meta name=\"twitter:card\" content=\"summary_large_image\" \/>\n<meta name=\"twitter:label1\" content=\"Est. reading time\" \/>\n\t<meta name=\"twitter:data1\" content=\"1 minute\" \/>\n<script type=\"application\/ld+json\" class=\"yoast-schema-graph\">{\"@context\":\"https:\/\/schema.org\",\"@graph\":[{\"@type\":\"WebPage\",\"@id\":\"https:\/\/www.valantabisuteria.com\/product\/colgante-dorado-acero-circonitas\/\",\"url\":\"https:\/\/www.valantabisuteria.com\/product\/colgante-dorado-acero-circonitas\/\",\"name\":\"ComprarColgante acero sol dorado con circonitas | Valanta Bisuter\u00eda\",\"isPartOf\":{\"@id\":\"https:\/\/www.valantabisuteria.com\/#website\"},\"primaryImageOfPage\":{\"@id\":\"https:\/\/www.valantabisuteria.com\/product\/colgante-dorado-acero-circonitas\/#primaryimage\"},\"image\":{\"@id\":\"https:\/\/www.valantabisuteria.com\/product\/colgante-dorado-acero-circonitas\/#primaryimage\"},\"thumbnailUrl\":\"https:\/\/www.valantabisuteria.com\/wp-content\/uploads\/2023\/07\/Captura-de-pantalla-2023-07-14-123643.png\",\"datePublished\":\"2023-07-14T11:36:31+00:00\",\"dateModified\":\"2025-07-20T19:18:14+00:00\",\"description\":\"Joyas que cuentan historias, cada colgante es una obra de arte, dise\u00f1ada para resaltar tu personalidad y contar tu historia\",\"breadcrumb\":{\"@id\":\"https:\/\/www.valantabisuteria.com\/product\/colgante-dorado-acero-circonitas\/#breadcrumb\"},\"inLanguage\":\"en-US\",\"potentialAction\":[{\"@type\":\"ReadAction\",\"target\":[\"https:\/\/www.valantabisuteria.com\/product\/colgante-dorado-acero-circonitas\/\"]}]},{\"@type\":\"ImageObject\",\"inLanguage\":\"en-US\",\"@id\":\"https:\/\/www.valantabisuteria.com\/product\/colgante-dorado-acero-circonitas\/#primaryimage\",\"url\":\"https:\/\/www.valantabisuteria.com\/wp-content\/uploads\/2023\/07\/Captura-de-pantalla-2023-07-14-123643.png\",\"contentUrl\":\"https:\/\/www.valantabisuteria.com\/wp-content\/uploads\/2023\/07\/Captura-de-pantalla-2023-07-14-123643.png\",\"width\":564,\"height\":622,\"caption\":\"Colgante acero sol dorado con circonitas\"},{\"@type\":\"BreadcrumbList\",\"@id\":\"https:\/\/www.valantabisuteria.com\/product\/colgante-dorado-acero-circonitas\/#breadcrumb\",\"itemListElement\":[{\"@type\":\"ListItem\",\"position\":1,\"name\":\"Portada\",\"item\":\"https:\/\/www.valantabisuteria.com\/\"},{\"@type\":\"ListItem\",\"position\":2,\"name\":\"Tienda\",\"item\":\"https:\/\/www.valantabisuteria.com\/tienda\/\"},{\"@type\":\"ListItem\",\"position\":3,\"name\":\"Colgante acero sol dorado con circonitas\"}]},{\"@type\":\"WebSite\",\"@id\":\"https:\/\/www.valantabisuteria.com\/#website\",\"url\":\"https:\/\/www.valantabisuteria.com\/\",\"name\":\"Valanta Bisuter\u00eda\",\"description\":\"Joyas y Bisuter\u00eda de calidad\",\"publisher\":{\"@id\":\"https:\/\/www.valantabisuteria.com\/#organization\"},\"alternateName\":\"Valanta Bisuter\u00eda\",\"potentialAction\":[{\"@type\":\"SearchAction\",\"target\":{\"@type\":\"EntryPoint\",\"urlTemplate\":\"https:\/\/www.valantabisuteria.com\/?s={search_term_string}\"},\"query-input\":{\"@type\":\"PropertyValueSpecification\",\"valueRequired\":true,\"valueName\":\"search_term_string\"}}],\"inLanguage\":\"en-US\"},{\"@type\":\"Organization\",\"@id\":\"https:\/\/www.valantabisuteria.com\/#organization\",\"name\":\"Valanta Bisuter\u00eda\",\"url\":\"https:\/\/www.valantabisuteria.com\/\",\"logo\":{\"@type\":\"ImageObject\",\"inLanguage\":\"en-US\",\"@id\":\"https:\/\/www.valantabisuteria.com\/#\/schema\/logo\/image\/\",\"url\":\"https:\/\/valantabisuteria.com\/wp-content\/uploads\/2023\/02\/Logo-07-b.png\",\"contentUrl\":\"https:\/\/valantabisuteria.com\/wp-content\/uploads\/2023\/02\/Logo-07-b.png\",\"width\":800,\"height\":238,\"caption\":\"Valanta Bisuter\u00eda\"},\"image\":{\"@id\":\"https:\/\/www.valantabisuteria.com\/#\/schema\/logo\/image\/\"},\"sameAs\":[\"https:\/\/www.instagram.com\/valantabisuteria\/\"]}]}<\/script>\n<!-- \/ Yoast SEO plugin. -->","yoast_head_json":{"title":"ComprarColgante acero sol dorado con circonitas | Valanta Bisuter\u00eda","description":"Joyas que cuentan historias, cada colgante es una obra de arte, dise\u00f1ada para resaltar tu personalidad y contar tu historia","robots":{"index":"index","follow":"follow","max-snippet":"max-snippet:-1","max-image-preview":"max-image-preview:large","max-video-preview":"max-video-preview:-1"},"canonical":"https:\/\/www.valantabisuteria.com\/product\/colgante-dorado-acero-circonitas\/","og_locale":"en_US","og_type":"article","og_title":"ComprarColgante acero sol dorado con circonitas | Valanta Bisuter\u00eda","og_description":"Joyas que cuentan historias, cada colgante es una obra de arte, dise\u00f1ada para resaltar tu personalidad y contar tu historia","og_url":"https:\/\/www.valantabisuteria.com\/product\/colgante-dorado-acero-circonitas\/","og_site_name":"Valanta Bisuter\u00eda","article_modified_time":"2025-07-20T19:18:14+00:00","og_image":[{"width":564,"height":622,"url":"https:\/\/www.valantabisuteria.com\/wp-content\/uploads\/2023\/07\/Captura-de-pantalla-2023-07-14-123643.png","type":"image\/png"}],"twitter_card":"summary_large_image","twitter_misc":{"Est. reading time":"1 minute"},"schema":{"@context":"https:\/\/schema.org","@graph":[{"@type":"WebPage","@id":"https:\/\/www.valantabisuteria.com\/product\/colgante-dorado-acero-circonitas\/","url":"https:\/\/www.valantabisuteria.com\/product\/colgante-dorado-acero-circonitas\/","name":"ComprarColgante acero sol dorado con circonitas | Valanta Bisuter\u00eda","isPartOf":{"@id":"https:\/\/www.valantabisuteria.com\/#website"},"primaryImageOfPage":{"@id":"https:\/\/www.valantabisuteria.com\/product\/colgante-dorado-acero-circonitas\/#primaryimage"},"image":{"@id":"https:\/\/www.valantabisuteria.com\/product\/colgante-dorado-acero-circonitas\/#primaryimage"},"thumbnailUrl":"https:\/\/www.valantabisuteria.com\/wp-content\/uploads\/2023\/07\/Captura-de-pantalla-2023-07-14-123643.png","datePublished":"2023-07-14T11:36:31+00:00","dateModified":"2025-07-20T19:18:14+00:00","description":"Joyas que cuentan historias, cada colgante es una obra de arte, dise\u00f1ada para resaltar tu personalidad y contar tu historia","breadcrumb":{"@id":"https:\/\/www.valantabisuteria.com\/product\/colgante-dorado-acero-circonitas\/#breadcrumb"},"inLanguage":"en-US","potentialAction":[{"@type":"ReadAction","target":["https:\/\/www.valantabisuteria.com\/product\/colgante-dorado-acero-circonitas\/"]}]},{"@type":"ImageObject","inLanguage":"en-US","@id":"https:\/\/www.valantabisuteria.com\/product\/colgante-dorado-acero-circonitas\/#primaryimage","url":"https:\/\/www.valantabisuteria.com\/wp-content\/uploads\/2023\/07\/Captura-de-pantalla-2023-07-14-123643.png","contentUrl":"https:\/\/www.valantabisuteria.com\/wp-content\/uploads\/2023\/07\/Captura-de-pantalla-2023-07-14-123643.png","width":564,"height":622,"caption":"Colgante acero sol dorado con circonitas"},{"@type":"BreadcrumbList","@id":"https:\/\/www.valantabisuteria.com\/product\/colgante-dorado-acero-circonitas\/#breadcrumb","itemListElement":[{"@type":"ListItem","position":1,"name":"Portada","item":"https:\/\/www.valantabisuteria.com\/"},{"@type":"ListItem","position":2,"name":"Tienda","item":"https:\/\/www.valantabisuteria.com\/tienda\/"},{"@type":"ListItem","position":3,"name":"Colgante acero sol dorado con circonitas"}]},{"@type":"WebSite","@id":"https:\/\/www.valantabisuteria.com\/#website","url":"https:\/\/www.valantabisuteria.com\/","name":"Valanta Bisuter\u00eda","description":"Joyas y Bisuter\u00eda de calidad","publisher":{"@id":"https:\/\/www.valantabisuteria.com\/#organization"},"alternateName":"Valanta Bisuter\u00eda","potentialAction":[{"@type":"SearchAction","target":{"@type":"EntryPoint","urlTemplate":"https:\/\/www.valantabisuteria.com\/?s={search_term_string}"},"query-input":{"@type":"PropertyValueSpecification","valueRequired":true,"valueName":"search_term_string"}}],"inLanguage":"en-US"},{"@type":"Organization","@id":"https:\/\/www.valantabisuteria.com\/#organization","name":"Valanta Bisuter\u00eda","url":"https:\/\/www.valantabisuteria.com\/","logo":{"@type":"ImageObject","inLanguage":"en-US","@id":"https:\/\/www.valantabisuteria.com\/#\/schema\/logo\/image\/","url":"https:\/\/valantabisuteria.com\/wp-content\/uploads\/2023\/02\/Logo-07-b.png","contentUrl":"https:\/\/valantabisuteria.com\/wp-content\/uploads\/2023\/02\/Logo-07-b.png","width":800,"height":238,"caption":"Valanta Bisuter\u00eda"},"image":{"@id":"https:\/\/www.valantabisuteria.com\/#\/schema\/logo\/image\/"},"sameAs":["https:\/\/www.instagram.com\/valantabisuteria\/"]}]}},"_links":{"self":[{"href":"https:\/\/www.valantabisuteria.com\/en\/wp-json\/wp\/v2\/product\/29193","targetHints":{"allow":["GET"]}}],"collection":[{"href":"https:\/\/www.valantabisuteria.com\/en\/wp-json\/wp\/v2\/product"}],"about":[{"href":"https:\/\/www.valantabisuteria.com\/en\/wp-json\/wp\/v2\/types\/product"}],"wp:featuredmedia":[{"embeddable":true,"href":"https:\/\/www.valantabisuteria.com\/en\/wp-json\/wp\/v2\/media\/29194"}],"wp:attachment":[{"href":"https:\/\/www.valantabisuteria.com\/en\/wp-json\/wp\/v2\/media?parent=29193"}],"wp:term":[{"taxonomy":"product_brand","embeddable":true,"href":"https:\/\/www.valantabisuteria.com\/en\/wp-json\/wp\/v2\/product_brand?post=29193"},{"taxonomy":"product_cat","embeddable":true,"href":"https:\/\/www.valantabisuteria.com\/en\/wp-json\/wp\/v2\/product_cat?post=29193"},{"taxonomy":"product_tag","embeddable":true,"href":"https:\/\/www.valantabisuteria.com\/en\/wp-json\/wp\/v2\/product_tag?post=29193"}],"curies":[{"name":"wp","href":"https:\/\/api.w.org\/{rel}","templated":true}]}}