{"id":29197,"date":"2023-07-20T11:43:58","date_gmt":"2023-07-20T09:43:58","guid":{"rendered":"https:\/\/valantabisuteria.com\/?post_type=product&#038;p=29197"},"modified":"2026-02-19T10:27:29","modified_gmt":"2026-02-19T09:27:29","slug":"pulsera-minerales-con-jaspe-verde","status":"publish","type":"product","link":"https:\/\/www.valantabisuteria.com\/en\/product\/pulsera-minerales-con-jaspe-verde\/","title":{"rendered":"Pulsera minerales con jaspe verde"},"content":{"rendered":"<p>Pulsera con cuarzo rosa, turmalinas, \u00e1gatas y adorno con mineral jaspe verde.<\/p>\n<p>Medida: 17cm m\u00e1s extensi\u00f3n<\/p>\n<p>REF: EL2<\/p>\n<p>&nbsp;<\/p>\n<p>&nbsp;<\/p>\n<p>&nbsp;<\/p>\n","protected":false},"excerpt":{"rendered":"<p>Pulsera con cuarzo rosa, turmalinas, \u00e1gatas y adorno con mineral jaspe verde.<\/p>\n<p>Los minerales utilizados en tus joyas son reflejos de tus emociones. Elige siempre aquellos que resuenen contigo.<\/p>\n<p>Medida: 17cm m\u00e1s extensi\u00f3n<\/p>\n<p>Para mu\u00f1eca contorno peque\u00f1o.<\/p>\n<p>REF: EL2<\/p>\n<p><span style=\"color: #ffcc99;\">La pulsera con alta vibraci\u00f3n emocional.<\/span><\/p>\n","protected":false},"featured_media":29198,"template":"","meta":{"_joinchat":[]},"product_brand":[],"product_cat":[150,155,193],"product_tag":[],"class_list":{"0":"post-29197","1":"product","2":"type-product","3":"status-publish","4":"has-post-thumbnail","6":"product_cat-eliana","7":"product_cat-pulseras","8":"product_cat-pulseras-minerales","11":"first","12":"instock","13":"shipping-taxable","14":"purchasable","15":"product-type-simple"},"yoast_head":"<!-- This site is optimized with the Yoast SEO plugin v27.2 - https:\/\/yoast.com\/product\/yoast-seo-wordpress\/ -->\n<title>ComprarPulsera minerales con jaspe verde | Valanta Bisuter\u00eda<\/title>\n<meta name=\"robots\" content=\"index, follow, max-snippet:-1, max-image-preview:large, max-video-preview:-1\" \/>\n<link rel=\"canonical\" href=\"https:\/\/www.valantabisuteria.com\/product\/pulsera-minerales-con-jaspe-verde\/\" \/>\n<meta property=\"og:locale\" content=\"en_US\" \/>\n<meta property=\"og:type\" content=\"article\" \/>\n<meta property=\"og:title\" content=\"ComprarPulsera minerales con jaspe verde | Valanta Bisuter\u00eda\" \/>\n<meta property=\"og:description\" content=\"Pulsera con cuarzo rosa, turmalinas, \u00e1gatas y adorno con mineral jaspe verde.  Los minerales utilizados en tus joyas son reflejos de tus emociones. Elige siempre aquellos que resuenen contigo.  Medida: 17cm m\u00e1s extensi\u00f3n  Para mu\u00f1eca contorno peque\u00f1o.  REF: EL2  La pulsera con alta vibraci\u00f3n emocional.\" \/>\n<meta property=\"og:url\" content=\"https:\/\/www.valantabisuteria.com\/product\/pulsera-minerales-con-jaspe-verde\/\" \/>\n<meta property=\"og:site_name\" content=\"Valanta Bisuter\u00eda\" \/>\n<meta property=\"article:modified_time\" content=\"2026-02-19T09:27:29+00:00\" \/>\n<meta property=\"og:image\" content=\"https:\/\/www.valantabisuteria.com\/wp-content\/uploads\/2023\/07\/Captura-de-pantalla-2023-06-28-115505.png\" \/>\n\t<meta property=\"og:image:width\" content=\"586\" \/>\n\t<meta property=\"og:image:height\" content=\"586\" \/>\n\t<meta property=\"og:image:type\" content=\"image\/png\" \/>\n<meta name=\"twitter:card\" content=\"summary_large_image\" \/>\n<meta name=\"twitter:label1\" content=\"Est. reading time\" \/>\n\t<meta name=\"twitter:data1\" content=\"1 minute\" \/>\n<script type=\"application\/ld+json\" class=\"yoast-schema-graph\">{\"@context\":\"https:\/\/schema.org\",\"@graph\":[{\"@type\":\"WebPage\",\"@id\":\"https:\/\/www.valantabisuteria.com\/product\/pulsera-minerales-con-jaspe-verde\/\",\"url\":\"https:\/\/www.valantabisuteria.com\/product\/pulsera-minerales-con-jaspe-verde\/\",\"name\":\"ComprarPulsera minerales con jaspe verde | Valanta Bisuter\u00eda\",\"isPartOf\":{\"@id\":\"https:\/\/www.valantabisuteria.com\/#website\"},\"primaryImageOfPage\":{\"@id\":\"https:\/\/www.valantabisuteria.com\/product\/pulsera-minerales-con-jaspe-verde\/#primaryimage\"},\"image\":{\"@id\":\"https:\/\/www.valantabisuteria.com\/product\/pulsera-minerales-con-jaspe-verde\/#primaryimage\"},\"thumbnailUrl\":\"https:\/\/www.valantabisuteria.com\/wp-content\/uploads\/2023\/07\/Captura-de-pantalla-2023-06-28-115505.png\",\"datePublished\":\"2023-07-20T09:43:58+00:00\",\"dateModified\":\"2026-02-19T09:27:29+00:00\",\"breadcrumb\":{\"@id\":\"https:\/\/www.valantabisuteria.com\/product\/pulsera-minerales-con-jaspe-verde\/#breadcrumb\"},\"inLanguage\":\"en-US\",\"potentialAction\":[{\"@type\":\"ReadAction\",\"target\":[\"https:\/\/www.valantabisuteria.com\/product\/pulsera-minerales-con-jaspe-verde\/\"]}]},{\"@type\":\"ImageObject\",\"inLanguage\":\"en-US\",\"@id\":\"https:\/\/www.valantabisuteria.com\/product\/pulsera-minerales-con-jaspe-verde\/#primaryimage\",\"url\":\"https:\/\/www.valantabisuteria.com\/wp-content\/uploads\/2023\/07\/Captura-de-pantalla-2023-06-28-115505.png\",\"contentUrl\":\"https:\/\/www.valantabisuteria.com\/wp-content\/uploads\/2023\/07\/Captura-de-pantalla-2023-06-28-115505.png\",\"width\":586,\"height\":586,\"caption\":\"Pulsera minerales con jaspe verde\"},{\"@type\":\"BreadcrumbList\",\"@id\":\"https:\/\/www.valantabisuteria.com\/product\/pulsera-minerales-con-jaspe-verde\/#breadcrumb\",\"itemListElement\":[{\"@type\":\"ListItem\",\"position\":1,\"name\":\"Portada\",\"item\":\"https:\/\/www.valantabisuteria.com\/\"},{\"@type\":\"ListItem\",\"position\":2,\"name\":\"Tienda\",\"item\":\"https:\/\/www.valantabisuteria.com\/tienda\/\"},{\"@type\":\"ListItem\",\"position\":3,\"name\":\"Pulsera minerales con jaspe verde\"}]},{\"@type\":\"WebSite\",\"@id\":\"https:\/\/www.valantabisuteria.com\/#website\",\"url\":\"https:\/\/www.valantabisuteria.com\/\",\"name\":\"Valanta Bisuter\u00eda\",\"description\":\"Joyas y Bisuter\u00eda de calidad\",\"publisher\":{\"@id\":\"https:\/\/www.valantabisuteria.com\/#organization\"},\"alternateName\":\"Valanta Bisuter\u00eda\",\"potentialAction\":[{\"@type\":\"SearchAction\",\"target\":{\"@type\":\"EntryPoint\",\"urlTemplate\":\"https:\/\/www.valantabisuteria.com\/?s={search_term_string}\"},\"query-input\":{\"@type\":\"PropertyValueSpecification\",\"valueRequired\":true,\"valueName\":\"search_term_string\"}}],\"inLanguage\":\"en-US\"},{\"@type\":\"Organization\",\"@id\":\"https:\/\/www.valantabisuteria.com\/#organization\",\"name\":\"Valanta Bisuter\u00eda\",\"url\":\"https:\/\/www.valantabisuteria.com\/\",\"logo\":{\"@type\":\"ImageObject\",\"inLanguage\":\"en-US\",\"@id\":\"https:\/\/www.valantabisuteria.com\/#\/schema\/logo\/image\/\",\"url\":\"https:\/\/valantabisuteria.com\/wp-content\/uploads\/2023\/02\/Logo-07-b.png\",\"contentUrl\":\"https:\/\/valantabisuteria.com\/wp-content\/uploads\/2023\/02\/Logo-07-b.png\",\"width\":800,\"height\":238,\"caption\":\"Valanta Bisuter\u00eda\"},\"image\":{\"@id\":\"https:\/\/www.valantabisuteria.com\/#\/schema\/logo\/image\/\"},\"sameAs\":[\"https:\/\/www.instagram.com\/valantabisuteria\/\"]}]}<\/script>\n<!-- \/ Yoast SEO plugin. -->","yoast_head_json":{"title":"ComprarPulsera minerales con jaspe verde | Valanta Bisuter\u00eda","robots":{"index":"index","follow":"follow","max-snippet":"max-snippet:-1","max-image-preview":"max-image-preview:large","max-video-preview":"max-video-preview:-1"},"canonical":"https:\/\/www.valantabisuteria.com\/product\/pulsera-minerales-con-jaspe-verde\/","og_locale":"en_US","og_type":"article","og_title":"ComprarPulsera minerales con jaspe verde | Valanta Bisuter\u00eda","og_description":"Pulsera con cuarzo rosa, turmalinas, \u00e1gatas y adorno con mineral jaspe verde.  Los minerales utilizados en tus joyas son reflejos de tus emociones. Elige siempre aquellos que resuenen contigo.  Medida: 17cm m\u00e1s extensi\u00f3n  Para mu\u00f1eca contorno peque\u00f1o.  REF: EL2  La pulsera con alta vibraci\u00f3n emocional.","og_url":"https:\/\/www.valantabisuteria.com\/product\/pulsera-minerales-con-jaspe-verde\/","og_site_name":"Valanta Bisuter\u00eda","article_modified_time":"2026-02-19T09:27:29+00:00","og_image":[{"width":586,"height":586,"url":"https:\/\/www.valantabisuteria.com\/wp-content\/uploads\/2023\/07\/Captura-de-pantalla-2023-06-28-115505.png","type":"image\/png"}],"twitter_card":"summary_large_image","twitter_misc":{"Est. reading time":"1 minute"},"schema":{"@context":"https:\/\/schema.org","@graph":[{"@type":"WebPage","@id":"https:\/\/www.valantabisuteria.com\/product\/pulsera-minerales-con-jaspe-verde\/","url":"https:\/\/www.valantabisuteria.com\/product\/pulsera-minerales-con-jaspe-verde\/","name":"ComprarPulsera minerales con jaspe verde | Valanta Bisuter\u00eda","isPartOf":{"@id":"https:\/\/www.valantabisuteria.com\/#website"},"primaryImageOfPage":{"@id":"https:\/\/www.valantabisuteria.com\/product\/pulsera-minerales-con-jaspe-verde\/#primaryimage"},"image":{"@id":"https:\/\/www.valantabisuteria.com\/product\/pulsera-minerales-con-jaspe-verde\/#primaryimage"},"thumbnailUrl":"https:\/\/www.valantabisuteria.com\/wp-content\/uploads\/2023\/07\/Captura-de-pantalla-2023-06-28-115505.png","datePublished":"2023-07-20T09:43:58+00:00","dateModified":"2026-02-19T09:27:29+00:00","breadcrumb":{"@id":"https:\/\/www.valantabisuteria.com\/product\/pulsera-minerales-con-jaspe-verde\/#breadcrumb"},"inLanguage":"en-US","potentialAction":[{"@type":"ReadAction","target":["https:\/\/www.valantabisuteria.com\/product\/pulsera-minerales-con-jaspe-verde\/"]}]},{"@type":"ImageObject","inLanguage":"en-US","@id":"https:\/\/www.valantabisuteria.com\/product\/pulsera-minerales-con-jaspe-verde\/#primaryimage","url":"https:\/\/www.valantabisuteria.com\/wp-content\/uploads\/2023\/07\/Captura-de-pantalla-2023-06-28-115505.png","contentUrl":"https:\/\/www.valantabisuteria.com\/wp-content\/uploads\/2023\/07\/Captura-de-pantalla-2023-06-28-115505.png","width":586,"height":586,"caption":"Pulsera minerales con jaspe verde"},{"@type":"BreadcrumbList","@id":"https:\/\/www.valantabisuteria.com\/product\/pulsera-minerales-con-jaspe-verde\/#breadcrumb","itemListElement":[{"@type":"ListItem","position":1,"name":"Portada","item":"https:\/\/www.valantabisuteria.com\/"},{"@type":"ListItem","position":2,"name":"Tienda","item":"https:\/\/www.valantabisuteria.com\/tienda\/"},{"@type":"ListItem","position":3,"name":"Pulsera minerales con jaspe verde"}]},{"@type":"WebSite","@id":"https:\/\/www.valantabisuteria.com\/#website","url":"https:\/\/www.valantabisuteria.com\/","name":"Valanta Bisuter\u00eda","description":"Joyas y Bisuter\u00eda de calidad","publisher":{"@id":"https:\/\/www.valantabisuteria.com\/#organization"},"alternateName":"Valanta Bisuter\u00eda","potentialAction":[{"@type":"SearchAction","target":{"@type":"EntryPoint","urlTemplate":"https:\/\/www.valantabisuteria.com\/?s={search_term_string}"},"query-input":{"@type":"PropertyValueSpecification","valueRequired":true,"valueName":"search_term_string"}}],"inLanguage":"en-US"},{"@type":"Organization","@id":"https:\/\/www.valantabisuteria.com\/#organization","name":"Valanta Bisuter\u00eda","url":"https:\/\/www.valantabisuteria.com\/","logo":{"@type":"ImageObject","inLanguage":"en-US","@id":"https:\/\/www.valantabisuteria.com\/#\/schema\/logo\/image\/","url":"https:\/\/valantabisuteria.com\/wp-content\/uploads\/2023\/02\/Logo-07-b.png","contentUrl":"https:\/\/valantabisuteria.com\/wp-content\/uploads\/2023\/02\/Logo-07-b.png","width":800,"height":238,"caption":"Valanta Bisuter\u00eda"},"image":{"@id":"https:\/\/www.valantabisuteria.com\/#\/schema\/logo\/image\/"},"sameAs":["https:\/\/www.instagram.com\/valantabisuteria\/"]}]}},"_links":{"self":[{"href":"https:\/\/www.valantabisuteria.com\/en\/wp-json\/wp\/v2\/product\/29197","targetHints":{"allow":["GET"]}}],"collection":[{"href":"https:\/\/www.valantabisuteria.com\/en\/wp-json\/wp\/v2\/product"}],"about":[{"href":"https:\/\/www.valantabisuteria.com\/en\/wp-json\/wp\/v2\/types\/product"}],"wp:featuredmedia":[{"embeddable":true,"href":"https:\/\/www.valantabisuteria.com\/en\/wp-json\/wp\/v2\/media\/29198"}],"wp:attachment":[{"href":"https:\/\/www.valantabisuteria.com\/en\/wp-json\/wp\/v2\/media?parent=29197"}],"wp:term":[{"taxonomy":"product_brand","embeddable":true,"href":"https:\/\/www.valantabisuteria.com\/en\/wp-json\/wp\/v2\/product_brand?post=29197"},{"taxonomy":"product_cat","embeddable":true,"href":"https:\/\/www.valantabisuteria.com\/en\/wp-json\/wp\/v2\/product_cat?post=29197"},{"taxonomy":"product_tag","embeddable":true,"href":"https:\/\/www.valantabisuteria.com\/en\/wp-json\/wp\/v2\/product_tag?post=29197"}],"curies":[{"name":"wp","href":"https:\/\/api.w.org\/{rel}","templated":true}]}}