{"id":29200,"date":"2023-07-20T11:49:20","date_gmt":"2023-07-20T09:49:20","guid":{"rendered":"https:\/\/valantabisuteria.com\/?post_type=product&#038;p=29200"},"modified":"2026-03-05T11:28:52","modified_gmt":"2026-03-05T10:28:52","slug":"anillo-ajustable-plateado-circonita","status":"publish","type":"product","link":"https:\/\/www.valantabisuteria.com\/en\/product\/anillo-ajustable-plateado-circonita\/","title":{"rendered":"Anillo plateado ajustable cuarzo"},"content":{"rendered":"<p>Anillo ajustable en acero plateado con forma irregular y circonita cuarzo blanco rectangular.<\/p>\n<p>REF: A10<\/p>\n<p>&nbsp;<\/p>\n","protected":false},"excerpt":{"rendered":"<p>Anillo ajustable en acero plateado con forma irregular y circonita cuarzo blanco rectangular.<br \/>\nMaterial: Acero y cristal circ\u00f3n<\/p>\n<p>Belleza personalizable. Descubre la magia de los anillos ajustables, no solo se adaptan a tu tama\u00f1o, sino que tambi\u00e9n se ajustan a tu estilo personal, para ir elegante en cualquier ocasi\u00f3n. El cuarzo junto con el acero hacen una combinaci\u00f3n perfecta. Dise\u00f1ado para una mujer moderna y elegante.<\/p>\n","protected":false},"featured_media":29201,"template":"","meta":{"_joinchat":[]},"product_brand":[],"product_cat":[162,202],"product_tag":[],"class_list":{"0":"post-29200","1":"product","2":"type-product","3":"status-publish","4":"has-post-thumbnail","6":"product_cat-anillos","7":"product_cat-precio-especial-9","10":"first","11":"instock","12":"sale","13":"shipping-taxable","14":"purchasable","15":"product-type-simple"},"yoast_head":"<!-- This site is optimized with the Yoast SEO plugin v27.2 - https:\/\/yoast.com\/product\/yoast-seo-wordpress\/ -->\n<title>ComprarAnillo plateado ajustable cuarzo | Valanta Bisuter\u00eda<\/title>\n<meta name=\"description\" content=\"Anillo ajustable en acero plateado con forma irregular y circonita cuarzo blanco rectangular, pon un toque de sofisticaci\u00f3n a tus manos.\" \/>\n<meta name=\"robots\" content=\"index, follow, max-snippet:-1, max-image-preview:large, max-video-preview:-1\" \/>\n<link rel=\"canonical\" href=\"https:\/\/www.valantabisuteria.com\/product\/anillo-ajustable-plateado-circonita\/\" \/>\n<meta property=\"og:locale\" content=\"en_US\" \/>\n<meta property=\"og:type\" content=\"article\" \/>\n<meta property=\"og:title\" content=\"ComprarAnillo plateado ajustable cuarzo | Valanta Bisuter\u00eda\" \/>\n<meta property=\"og:description\" content=\"Anillo ajustable en acero plateado con forma irregular y circonita cuarzo blanco rectangular, pon un toque de sofisticaci\u00f3n a tus manos.\" \/>\n<meta property=\"og:url\" content=\"https:\/\/www.valantabisuteria.com\/product\/anillo-ajustable-plateado-circonita\/\" \/>\n<meta property=\"og:site_name\" content=\"Valanta Bisuter\u00eda\" \/>\n<meta property=\"article:modified_time\" content=\"2026-03-05T10:28:52+00:00\" \/>\n<meta property=\"og:image\" content=\"https:\/\/www.valantabisuteria.com\/wp-content\/uploads\/2023\/07\/Captura-de-pantalla-2023-07-14-123319.png\" \/>\n\t<meta property=\"og:image:width\" content=\"516\" \/>\n\t<meta property=\"og:image:height\" content=\"499\" \/>\n\t<meta property=\"og:image:type\" content=\"image\/png\" \/>\n<meta name=\"twitter:card\" content=\"summary_large_image\" \/>\n<meta name=\"twitter:label1\" content=\"Est. reading time\" \/>\n\t<meta name=\"twitter:data1\" content=\"1 minute\" \/>\n<script type=\"application\/ld+json\" class=\"yoast-schema-graph\">{\"@context\":\"https:\/\/schema.org\",\"@graph\":[{\"@type\":\"WebPage\",\"@id\":\"https:\/\/www.valantabisuteria.com\/product\/anillo-ajustable-plateado-circonita\/\",\"url\":\"https:\/\/www.valantabisuteria.com\/product\/anillo-ajustable-plateado-circonita\/\",\"name\":\"ComprarAnillo plateado ajustable cuarzo | Valanta Bisuter\u00eda\",\"isPartOf\":{\"@id\":\"https:\/\/www.valantabisuteria.com\/#website\"},\"primaryImageOfPage\":{\"@id\":\"https:\/\/www.valantabisuteria.com\/product\/anillo-ajustable-plateado-circonita\/#primaryimage\"},\"image\":{\"@id\":\"https:\/\/www.valantabisuteria.com\/product\/anillo-ajustable-plateado-circonita\/#primaryimage\"},\"thumbnailUrl\":\"https:\/\/www.valantabisuteria.com\/wp-content\/uploads\/2023\/07\/Captura-de-pantalla-2023-07-14-123319.png\",\"datePublished\":\"2023-07-20T09:49:20+00:00\",\"dateModified\":\"2026-03-05T10:28:52+00:00\",\"description\":\"Anillo ajustable en acero plateado con forma irregular y circonita cuarzo blanco rectangular, pon un toque de sofisticaci\u00f3n a tus manos.\",\"breadcrumb\":{\"@id\":\"https:\/\/www.valantabisuteria.com\/product\/anillo-ajustable-plateado-circonita\/#breadcrumb\"},\"inLanguage\":\"en-US\",\"potentialAction\":[{\"@type\":\"ReadAction\",\"target\":[\"https:\/\/www.valantabisuteria.com\/product\/anillo-ajustable-plateado-circonita\/\"]}]},{\"@type\":\"ImageObject\",\"inLanguage\":\"en-US\",\"@id\":\"https:\/\/www.valantabisuteria.com\/product\/anillo-ajustable-plateado-circonita\/#primaryimage\",\"url\":\"https:\/\/www.valantabisuteria.com\/wp-content\/uploads\/2023\/07\/Captura-de-pantalla-2023-07-14-123319.png\",\"contentUrl\":\"https:\/\/www.valantabisuteria.com\/wp-content\/uploads\/2023\/07\/Captura-de-pantalla-2023-07-14-123319.png\",\"width\":516,\"height\":499,\"caption\":\"Anillo ajustable en acero plateado con forma irregular y circonita cuarzo blanco rectangular.\"},{\"@type\":\"BreadcrumbList\",\"@id\":\"https:\/\/www.valantabisuteria.com\/product\/anillo-ajustable-plateado-circonita\/#breadcrumb\",\"itemListElement\":[{\"@type\":\"ListItem\",\"position\":1,\"name\":\"Portada\",\"item\":\"https:\/\/www.valantabisuteria.com\/\"},{\"@type\":\"ListItem\",\"position\":2,\"name\":\"Tienda\",\"item\":\"https:\/\/www.valantabisuteria.com\/tienda\/\"},{\"@type\":\"ListItem\",\"position\":3,\"name\":\"Anillo plateado ajustable cuarzo\"}]},{\"@type\":\"WebSite\",\"@id\":\"https:\/\/www.valantabisuteria.com\/#website\",\"url\":\"https:\/\/www.valantabisuteria.com\/\",\"name\":\"Valanta Bisuter\u00eda\",\"description\":\"Joyas y Bisuter\u00eda de calidad\",\"publisher\":{\"@id\":\"https:\/\/www.valantabisuteria.com\/#organization\"},\"alternateName\":\"Valanta Bisuter\u00eda\",\"potentialAction\":[{\"@type\":\"SearchAction\",\"target\":{\"@type\":\"EntryPoint\",\"urlTemplate\":\"https:\/\/www.valantabisuteria.com\/?s={search_term_string}\"},\"query-input\":{\"@type\":\"PropertyValueSpecification\",\"valueRequired\":true,\"valueName\":\"search_term_string\"}}],\"inLanguage\":\"en-US\"},{\"@type\":\"Organization\",\"@id\":\"https:\/\/www.valantabisuteria.com\/#organization\",\"name\":\"Valanta Bisuter\u00eda\",\"url\":\"https:\/\/www.valantabisuteria.com\/\",\"logo\":{\"@type\":\"ImageObject\",\"inLanguage\":\"en-US\",\"@id\":\"https:\/\/www.valantabisuteria.com\/#\/schema\/logo\/image\/\",\"url\":\"https:\/\/valantabisuteria.com\/wp-content\/uploads\/2023\/02\/Logo-07-b.png\",\"contentUrl\":\"https:\/\/valantabisuteria.com\/wp-content\/uploads\/2023\/02\/Logo-07-b.png\",\"width\":800,\"height\":238,\"caption\":\"Valanta Bisuter\u00eda\"},\"image\":{\"@id\":\"https:\/\/www.valantabisuteria.com\/#\/schema\/logo\/image\/\"},\"sameAs\":[\"https:\/\/www.instagram.com\/valantabisuteria\/\"]}]}<\/script>\n<!-- \/ Yoast SEO plugin. -->","yoast_head_json":{"title":"ComprarAnillo plateado ajustable cuarzo | Valanta Bisuter\u00eda","description":"Anillo ajustable en acero plateado con forma irregular y circonita cuarzo blanco rectangular, pon un toque de sofisticaci\u00f3n a tus manos.","robots":{"index":"index","follow":"follow","max-snippet":"max-snippet:-1","max-image-preview":"max-image-preview:large","max-video-preview":"max-video-preview:-1"},"canonical":"https:\/\/www.valantabisuteria.com\/product\/anillo-ajustable-plateado-circonita\/","og_locale":"en_US","og_type":"article","og_title":"ComprarAnillo plateado ajustable cuarzo | Valanta Bisuter\u00eda","og_description":"Anillo ajustable en acero plateado con forma irregular y circonita cuarzo blanco rectangular, pon un toque de sofisticaci\u00f3n a tus manos.","og_url":"https:\/\/www.valantabisuteria.com\/product\/anillo-ajustable-plateado-circonita\/","og_site_name":"Valanta Bisuter\u00eda","article_modified_time":"2026-03-05T10:28:52+00:00","og_image":[{"width":516,"height":499,"url":"https:\/\/www.valantabisuteria.com\/wp-content\/uploads\/2023\/07\/Captura-de-pantalla-2023-07-14-123319.png","type":"image\/png"}],"twitter_card":"summary_large_image","twitter_misc":{"Est. reading time":"1 minute"},"schema":{"@context":"https:\/\/schema.org","@graph":[{"@type":"WebPage","@id":"https:\/\/www.valantabisuteria.com\/product\/anillo-ajustable-plateado-circonita\/","url":"https:\/\/www.valantabisuteria.com\/product\/anillo-ajustable-plateado-circonita\/","name":"ComprarAnillo plateado ajustable cuarzo | Valanta Bisuter\u00eda","isPartOf":{"@id":"https:\/\/www.valantabisuteria.com\/#website"},"primaryImageOfPage":{"@id":"https:\/\/www.valantabisuteria.com\/product\/anillo-ajustable-plateado-circonita\/#primaryimage"},"image":{"@id":"https:\/\/www.valantabisuteria.com\/product\/anillo-ajustable-plateado-circonita\/#primaryimage"},"thumbnailUrl":"https:\/\/www.valantabisuteria.com\/wp-content\/uploads\/2023\/07\/Captura-de-pantalla-2023-07-14-123319.png","datePublished":"2023-07-20T09:49:20+00:00","dateModified":"2026-03-05T10:28:52+00:00","description":"Anillo ajustable en acero plateado con forma irregular y circonita cuarzo blanco rectangular, pon un toque de sofisticaci\u00f3n a tus manos.","breadcrumb":{"@id":"https:\/\/www.valantabisuteria.com\/product\/anillo-ajustable-plateado-circonita\/#breadcrumb"},"inLanguage":"en-US","potentialAction":[{"@type":"ReadAction","target":["https:\/\/www.valantabisuteria.com\/product\/anillo-ajustable-plateado-circonita\/"]}]},{"@type":"ImageObject","inLanguage":"en-US","@id":"https:\/\/www.valantabisuteria.com\/product\/anillo-ajustable-plateado-circonita\/#primaryimage","url":"https:\/\/www.valantabisuteria.com\/wp-content\/uploads\/2023\/07\/Captura-de-pantalla-2023-07-14-123319.png","contentUrl":"https:\/\/www.valantabisuteria.com\/wp-content\/uploads\/2023\/07\/Captura-de-pantalla-2023-07-14-123319.png","width":516,"height":499,"caption":"Anillo ajustable en acero plateado con forma irregular y circonita cuarzo blanco rectangular."},{"@type":"BreadcrumbList","@id":"https:\/\/www.valantabisuteria.com\/product\/anillo-ajustable-plateado-circonita\/#breadcrumb","itemListElement":[{"@type":"ListItem","position":1,"name":"Portada","item":"https:\/\/www.valantabisuteria.com\/"},{"@type":"ListItem","position":2,"name":"Tienda","item":"https:\/\/www.valantabisuteria.com\/tienda\/"},{"@type":"ListItem","position":3,"name":"Anillo plateado ajustable cuarzo"}]},{"@type":"WebSite","@id":"https:\/\/www.valantabisuteria.com\/#website","url":"https:\/\/www.valantabisuteria.com\/","name":"Valanta Bisuter\u00eda","description":"Joyas y Bisuter\u00eda de calidad","publisher":{"@id":"https:\/\/www.valantabisuteria.com\/#organization"},"alternateName":"Valanta Bisuter\u00eda","potentialAction":[{"@type":"SearchAction","target":{"@type":"EntryPoint","urlTemplate":"https:\/\/www.valantabisuteria.com\/?s={search_term_string}"},"query-input":{"@type":"PropertyValueSpecification","valueRequired":true,"valueName":"search_term_string"}}],"inLanguage":"en-US"},{"@type":"Organization","@id":"https:\/\/www.valantabisuteria.com\/#organization","name":"Valanta Bisuter\u00eda","url":"https:\/\/www.valantabisuteria.com\/","logo":{"@type":"ImageObject","inLanguage":"en-US","@id":"https:\/\/www.valantabisuteria.com\/#\/schema\/logo\/image\/","url":"https:\/\/valantabisuteria.com\/wp-content\/uploads\/2023\/02\/Logo-07-b.png","contentUrl":"https:\/\/valantabisuteria.com\/wp-content\/uploads\/2023\/02\/Logo-07-b.png","width":800,"height":238,"caption":"Valanta Bisuter\u00eda"},"image":{"@id":"https:\/\/www.valantabisuteria.com\/#\/schema\/logo\/image\/"},"sameAs":["https:\/\/www.instagram.com\/valantabisuteria\/"]}]}},"_links":{"self":[{"href":"https:\/\/www.valantabisuteria.com\/en\/wp-json\/wp\/v2\/product\/29200","targetHints":{"allow":["GET"]}}],"collection":[{"href":"https:\/\/www.valantabisuteria.com\/en\/wp-json\/wp\/v2\/product"}],"about":[{"href":"https:\/\/www.valantabisuteria.com\/en\/wp-json\/wp\/v2\/types\/product"}],"wp:featuredmedia":[{"embeddable":true,"href":"https:\/\/www.valantabisuteria.com\/en\/wp-json\/wp\/v2\/media\/29201"}],"wp:attachment":[{"href":"https:\/\/www.valantabisuteria.com\/en\/wp-json\/wp\/v2\/media?parent=29200"}],"wp:term":[{"taxonomy":"product_brand","embeddable":true,"href":"https:\/\/www.valantabisuteria.com\/en\/wp-json\/wp\/v2\/product_brand?post=29200"},{"taxonomy":"product_cat","embeddable":true,"href":"https:\/\/www.valantabisuteria.com\/en\/wp-json\/wp\/v2\/product_cat?post=29200"},{"taxonomy":"product_tag","embeddable":true,"href":"https:\/\/www.valantabisuteria.com\/en\/wp-json\/wp\/v2\/product_tag?post=29200"}],"curies":[{"name":"wp","href":"https:\/\/api.w.org\/{rel}","templated":true}]}}