{"id":29204,"date":"2023-07-24T10:32:11","date_gmt":"2023-07-24T08:32:11","guid":{"rendered":"https:\/\/valantabisuteria.com\/?post_type=product&#038;p=29204"},"modified":"2024-08-12T17:01:39","modified_gmt":"2024-08-12T15:01:39","slug":"collar-gargantilla-cuentas-cristal","status":"publish","type":"product","link":"https:\/\/www.valantabisuteria.com\/en\/product\/collar-gargantilla-cuentas-cristal\/","title":{"rendered":"Collar gargantilla cuarzo rosa y piedra lunar"},"content":{"rendered":"<p>Collar gargantilla realizadas en cuentas de cristal blanco lunar y cuarzo rosacon adorno en dorado<\/p>\n<p>Medida: 40cm m\u00e1s extensi\u00f3n<\/p>\n<p>REF: EL1<\/p>\n<p>&nbsp;<\/p>\n<p>&nbsp;<\/p>\n","protected":false},"excerpt":{"rendered":"<p>Collar gargantilla realizada en cuentas de cristal blanco lunar y cuarzo rosa con adorno en dorado.<\/p>\n<p>Los minerales te envuelven en una aura de energ\u00eda positiva. Son un recordatorio de que la belleza proviene del interior y se refleja siempre hacia afuera.<\/p>\n<p>Medida: 40cm m\u00e1s extensi\u00f3n<\/p>\n<p>REF: EL1<\/p>\n<p><span style=\"color: #ffcc99;\">M\u00e1gico y espectacular<\/span><\/p>\n","protected":false},"featured_media":29205,"template":"","meta":{"_joinchat":[]},"product_brand":[],"product_cat":[156,150],"product_tag":[],"class_list":{"0":"post-29204","1":"product","2":"type-product","3":"status-publish","4":"has-post-thumbnail","6":"product_cat-collares","7":"product_cat-eliana","10":"first","11":"instock","12":"shipping-taxable","13":"purchasable","14":"product-type-simple"},"yoast_head":"<!-- This site is optimized with the Yoast SEO plugin v27.2 - https:\/\/yoast.com\/product\/yoast-seo-wordpress\/ -->\n<title>ComprarCollar gargantilla cuarzo rosa y piedra lunar | Valanta Bisuter\u00eda<\/title>\n<meta name=\"robots\" content=\"index, follow, max-snippet:-1, max-image-preview:large, max-video-preview:-1\" \/>\n<link rel=\"canonical\" href=\"https:\/\/www.valantabisuteria.com\/en\/product\/collar-gargantilla-cuentas-cristal\/\" \/>\n<meta property=\"og:locale\" content=\"en_US\" \/>\n<meta property=\"og:type\" content=\"article\" \/>\n<meta property=\"og:title\" content=\"ComprarCollar gargantilla cuarzo rosa y piedra lunar | Valanta Bisuter\u00eda\" \/>\n<meta property=\"og:description\" content=\"Collar gargantilla realizada en cuentas de cristal blanco lunar y cuarzo rosa con adorno en dorado.  Los minerales te envuelven en una aura de energ\u00eda positiva. Son un recordatorio de que la belleza proviene del interior y se refleja siempre hacia afuera.  Medida: 40cm m\u00e1s extensi\u00f3n  REF: EL1  M\u00e1gico y espectacular\" \/>\n<meta property=\"og:url\" content=\"https:\/\/www.valantabisuteria.com\/en\/product\/collar-gargantilla-cuentas-cristal\/\" \/>\n<meta property=\"og:site_name\" content=\"Valanta Bisuter\u00eda\" \/>\n<meta property=\"article:modified_time\" content=\"2024-08-12T15:01:39+00:00\" \/>\n<meta property=\"og:image\" content=\"https:\/\/www.valantabisuteria.com\/wp-content\/uploads\/2023\/07\/Captura-de-pantalla-2023-07-24-094635.png\" \/>\n\t<meta property=\"og:image:width\" content=\"712\" \/>\n\t<meta property=\"og:image:height\" content=\"579\" \/>\n\t<meta property=\"og:image:type\" content=\"image\/png\" \/>\n<meta name=\"twitter:card\" content=\"summary_large_image\" \/>\n<meta name=\"twitter:label1\" content=\"Est. reading time\" \/>\n\t<meta name=\"twitter:data1\" content=\"1 minute\" \/>\n<script type=\"application\/ld+json\" class=\"yoast-schema-graph\">{\"@context\":\"https:\/\/schema.org\",\"@graph\":[{\"@type\":\"WebPage\",\"@id\":\"https:\/\/www.valantabisuteria.com\/en\/product\/collar-gargantilla-cuentas-cristal\/\",\"url\":\"https:\/\/www.valantabisuteria.com\/en\/product\/collar-gargantilla-cuentas-cristal\/\",\"name\":\"ComprarCollar gargantilla cuarzo rosa y piedra lunar | Valanta Bisuter\u00eda\",\"isPartOf\":{\"@id\":\"https:\/\/www.valantabisuteria.com\/#website\"},\"primaryImageOfPage\":{\"@id\":\"https:\/\/www.valantabisuteria.com\/en\/product\/collar-gargantilla-cuentas-cristal\/#primaryimage\"},\"image\":{\"@id\":\"https:\/\/www.valantabisuteria.com\/en\/product\/collar-gargantilla-cuentas-cristal\/#primaryimage\"},\"thumbnailUrl\":\"https:\/\/www.valantabisuteria.com\/wp-content\/uploads\/2023\/07\/Captura-de-pantalla-2023-07-24-094635.png\",\"datePublished\":\"2023-07-24T08:32:11+00:00\",\"dateModified\":\"2024-08-12T15:01:39+00:00\",\"breadcrumb\":{\"@id\":\"https:\/\/www.valantabisuteria.com\/en\/product\/collar-gargantilla-cuentas-cristal\/#breadcrumb\"},\"inLanguage\":\"en-US\",\"potentialAction\":[{\"@type\":\"ReadAction\",\"target\":[\"https:\/\/www.valantabisuteria.com\/en\/product\/collar-gargantilla-cuentas-cristal\/\"]}]},{\"@type\":\"ImageObject\",\"inLanguage\":\"en-US\",\"@id\":\"https:\/\/www.valantabisuteria.com\/en\/product\/collar-gargantilla-cuentas-cristal\/#primaryimage\",\"url\":\"https:\/\/www.valantabisuteria.com\/wp-content\/uploads\/2023\/07\/Captura-de-pantalla-2023-07-24-094635.png\",\"contentUrl\":\"https:\/\/www.valantabisuteria.com\/wp-content\/uploads\/2023\/07\/Captura-de-pantalla-2023-07-24-094635.png\",\"width\":712,\"height\":579,\"caption\":\"Collar gargantilla con cuentas de cristal blanco lunar y adorno en dorado\"},{\"@type\":\"BreadcrumbList\",\"@id\":\"https:\/\/www.valantabisuteria.com\/en\/product\/collar-gargantilla-cuentas-cristal\/#breadcrumb\",\"itemListElement\":[{\"@type\":\"ListItem\",\"position\":1,\"name\":\"Portada\",\"item\":\"https:\/\/www.valantabisuteria.com\/\"},{\"@type\":\"ListItem\",\"position\":2,\"name\":\"Tienda\",\"item\":\"https:\/\/www.valantabisuteria.com\/tienda\/\"},{\"@type\":\"ListItem\",\"position\":3,\"name\":\"Collar gargantilla cuarzo rosa y piedra lunar\"}]},{\"@type\":\"WebSite\",\"@id\":\"https:\/\/www.valantabisuteria.com\/#website\",\"url\":\"https:\/\/www.valantabisuteria.com\/\",\"name\":\"Valanta Bisuter\u00eda\",\"description\":\"Joyas y Bisuter\u00eda de calidad\",\"publisher\":{\"@id\":\"https:\/\/www.valantabisuteria.com\/#organization\"},\"alternateName\":\"Valanta Bisuter\u00eda\",\"potentialAction\":[{\"@type\":\"SearchAction\",\"target\":{\"@type\":\"EntryPoint\",\"urlTemplate\":\"https:\/\/www.valantabisuteria.com\/?s={search_term_string}\"},\"query-input\":{\"@type\":\"PropertyValueSpecification\",\"valueRequired\":true,\"valueName\":\"search_term_string\"}}],\"inLanguage\":\"en-US\"},{\"@type\":\"Organization\",\"@id\":\"https:\/\/www.valantabisuteria.com\/#organization\",\"name\":\"Valanta Bisuter\u00eda\",\"url\":\"https:\/\/www.valantabisuteria.com\/\",\"logo\":{\"@type\":\"ImageObject\",\"inLanguage\":\"en-US\",\"@id\":\"https:\/\/www.valantabisuteria.com\/#\/schema\/logo\/image\/\",\"url\":\"https:\/\/valantabisuteria.com\/wp-content\/uploads\/2023\/02\/Logo-07-b.png\",\"contentUrl\":\"https:\/\/valantabisuteria.com\/wp-content\/uploads\/2023\/02\/Logo-07-b.png\",\"width\":800,\"height\":238,\"caption\":\"Valanta Bisuter\u00eda\"},\"image\":{\"@id\":\"https:\/\/www.valantabisuteria.com\/#\/schema\/logo\/image\/\"},\"sameAs\":[\"https:\/\/www.instagram.com\/valantabisuteria\/\"]}]}<\/script>\n<!-- \/ Yoast SEO plugin. -->","yoast_head_json":{"title":"ComprarCollar gargantilla cuarzo rosa y piedra lunar | Valanta Bisuter\u00eda","robots":{"index":"index","follow":"follow","max-snippet":"max-snippet:-1","max-image-preview":"max-image-preview:large","max-video-preview":"max-video-preview:-1"},"canonical":"https:\/\/www.valantabisuteria.com\/en\/product\/collar-gargantilla-cuentas-cristal\/","og_locale":"en_US","og_type":"article","og_title":"ComprarCollar gargantilla cuarzo rosa y piedra lunar | Valanta Bisuter\u00eda","og_description":"Collar gargantilla realizada en cuentas de cristal blanco lunar y cuarzo rosa con adorno en dorado.  Los minerales te envuelven en una aura de energ\u00eda positiva. Son un recordatorio de que la belleza proviene del interior y se refleja siempre hacia afuera.  Medida: 40cm m\u00e1s extensi\u00f3n  REF: EL1  M\u00e1gico y espectacular","og_url":"https:\/\/www.valantabisuteria.com\/en\/product\/collar-gargantilla-cuentas-cristal\/","og_site_name":"Valanta Bisuter\u00eda","article_modified_time":"2024-08-12T15:01:39+00:00","og_image":[{"width":712,"height":579,"url":"https:\/\/www.valantabisuteria.com\/wp-content\/uploads\/2023\/07\/Captura-de-pantalla-2023-07-24-094635.png","type":"image\/png"}],"twitter_card":"summary_large_image","twitter_misc":{"Est. reading time":"1 minute"},"schema":{"@context":"https:\/\/schema.org","@graph":[{"@type":"WebPage","@id":"https:\/\/www.valantabisuteria.com\/en\/product\/collar-gargantilla-cuentas-cristal\/","url":"https:\/\/www.valantabisuteria.com\/en\/product\/collar-gargantilla-cuentas-cristal\/","name":"ComprarCollar gargantilla cuarzo rosa y piedra lunar | Valanta Bisuter\u00eda","isPartOf":{"@id":"https:\/\/www.valantabisuteria.com\/#website"},"primaryImageOfPage":{"@id":"https:\/\/www.valantabisuteria.com\/en\/product\/collar-gargantilla-cuentas-cristal\/#primaryimage"},"image":{"@id":"https:\/\/www.valantabisuteria.com\/en\/product\/collar-gargantilla-cuentas-cristal\/#primaryimage"},"thumbnailUrl":"https:\/\/www.valantabisuteria.com\/wp-content\/uploads\/2023\/07\/Captura-de-pantalla-2023-07-24-094635.png","datePublished":"2023-07-24T08:32:11+00:00","dateModified":"2024-08-12T15:01:39+00:00","breadcrumb":{"@id":"https:\/\/www.valantabisuteria.com\/en\/product\/collar-gargantilla-cuentas-cristal\/#breadcrumb"},"inLanguage":"en-US","potentialAction":[{"@type":"ReadAction","target":["https:\/\/www.valantabisuteria.com\/en\/product\/collar-gargantilla-cuentas-cristal\/"]}]},{"@type":"ImageObject","inLanguage":"en-US","@id":"https:\/\/www.valantabisuteria.com\/en\/product\/collar-gargantilla-cuentas-cristal\/#primaryimage","url":"https:\/\/www.valantabisuteria.com\/wp-content\/uploads\/2023\/07\/Captura-de-pantalla-2023-07-24-094635.png","contentUrl":"https:\/\/www.valantabisuteria.com\/wp-content\/uploads\/2023\/07\/Captura-de-pantalla-2023-07-24-094635.png","width":712,"height":579,"caption":"Collar gargantilla con cuentas de cristal blanco lunar y adorno en dorado"},{"@type":"BreadcrumbList","@id":"https:\/\/www.valantabisuteria.com\/en\/product\/collar-gargantilla-cuentas-cristal\/#breadcrumb","itemListElement":[{"@type":"ListItem","position":1,"name":"Portada","item":"https:\/\/www.valantabisuteria.com\/"},{"@type":"ListItem","position":2,"name":"Tienda","item":"https:\/\/www.valantabisuteria.com\/tienda\/"},{"@type":"ListItem","position":3,"name":"Collar gargantilla cuarzo rosa y piedra lunar"}]},{"@type":"WebSite","@id":"https:\/\/www.valantabisuteria.com\/#website","url":"https:\/\/www.valantabisuteria.com\/","name":"Valanta Bisuter\u00eda","description":"Joyas y Bisuter\u00eda de calidad","publisher":{"@id":"https:\/\/www.valantabisuteria.com\/#organization"},"alternateName":"Valanta Bisuter\u00eda","potentialAction":[{"@type":"SearchAction","target":{"@type":"EntryPoint","urlTemplate":"https:\/\/www.valantabisuteria.com\/?s={search_term_string}"},"query-input":{"@type":"PropertyValueSpecification","valueRequired":true,"valueName":"search_term_string"}}],"inLanguage":"en-US"},{"@type":"Organization","@id":"https:\/\/www.valantabisuteria.com\/#organization","name":"Valanta Bisuter\u00eda","url":"https:\/\/www.valantabisuteria.com\/","logo":{"@type":"ImageObject","inLanguage":"en-US","@id":"https:\/\/www.valantabisuteria.com\/#\/schema\/logo\/image\/","url":"https:\/\/valantabisuteria.com\/wp-content\/uploads\/2023\/02\/Logo-07-b.png","contentUrl":"https:\/\/valantabisuteria.com\/wp-content\/uploads\/2023\/02\/Logo-07-b.png","width":800,"height":238,"caption":"Valanta Bisuter\u00eda"},"image":{"@id":"https:\/\/www.valantabisuteria.com\/#\/schema\/logo\/image\/"},"sameAs":["https:\/\/www.instagram.com\/valantabisuteria\/"]}]}},"_links":{"self":[{"href":"https:\/\/www.valantabisuteria.com\/en\/wp-json\/wp\/v2\/product\/29204","targetHints":{"allow":["GET"]}}],"collection":[{"href":"https:\/\/www.valantabisuteria.com\/en\/wp-json\/wp\/v2\/product"}],"about":[{"href":"https:\/\/www.valantabisuteria.com\/en\/wp-json\/wp\/v2\/types\/product"}],"wp:featuredmedia":[{"embeddable":true,"href":"https:\/\/www.valantabisuteria.com\/en\/wp-json\/wp\/v2\/media\/29205"}],"wp:attachment":[{"href":"https:\/\/www.valantabisuteria.com\/en\/wp-json\/wp\/v2\/media?parent=29204"}],"wp:term":[{"taxonomy":"product_brand","embeddable":true,"href":"https:\/\/www.valantabisuteria.com\/en\/wp-json\/wp\/v2\/product_brand?post=29204"},{"taxonomy":"product_cat","embeddable":true,"href":"https:\/\/www.valantabisuteria.com\/en\/wp-json\/wp\/v2\/product_cat?post=29204"},{"taxonomy":"product_tag","embeddable":true,"href":"https:\/\/www.valantabisuteria.com\/en\/wp-json\/wp\/v2\/product_tag?post=29204"}],"curies":[{"name":"wp","href":"https:\/\/api.w.org\/{rel}","templated":true}]}}