{"id":29367,"date":"2023-10-30T12:17:53","date_gmt":"2023-10-30T11:17:53","guid":{"rendered":"https:\/\/valantabisuteria.com\/?post_type=product&#038;p=29367"},"modified":"2025-07-06T19:04:14","modified_gmt":"2025-07-06T17:04:14","slug":"pendientes-en-oro-rosa-3-bolas","status":"publish","type":"product","link":"https:\/\/www.valantabisuteria.com\/en\/product\/pendientes-en-oro-rosa-3-bolas\/","title":{"rendered":"Pendientes en oro rosa 3 bolas"},"content":{"rendered":"<p>Pendientes desmontables en color oro rosa alargados con adorno 3 bolas<\/p>\n<p>Medida pendientes: 7x1cm<\/p>\n<p>REF: ES14<\/p>\n","protected":false},"excerpt":{"rendered":"<p>Pendientes en acero desmontables en color oro rosa alargados con adorno 3 bolas<\/p>\n<p>Medida pendientes: 7x1cm<\/p>\n<p>El acero es un s\u00edmbolo de sabidur\u00eda y reflexi\u00f3n. Cada vez que llevas una pieza en bisuter\u00eda realizada en acero, recuerdas tu propio viaje personal. Por su solidez y durabilidad, igual que tus propias experiencias.<\/p>\n<p><span style=\"color: #ff0000;\">ATENCI\u00d3N: \u00daLTIMA UNIDAD DISPONIBLE<\/span><\/p>\n<p>REF: ES14<\/p>\n","protected":false},"featured_media":29368,"template":"","meta":{"_joinchat":[]},"product_brand":[],"product_cat":[195,183,154],"product_tag":[],"class_list":{"0":"post-29367","1":"product","2":"type-product","3":"status-publish","4":"has-post-thumbnail","6":"product_cat-outlet-exclusivo","7":"product_cat-pendientes-acero-dorado","8":"product_cat-pendientes","11":"first","12":"instock","13":"sale","14":"shipping-taxable","15":"purchasable","16":"product-type-simple"},"yoast_head":"<!-- This site is optimized with the Yoast SEO plugin v27.2 - https:\/\/yoast.com\/product\/yoast-seo-wordpress\/ -->\n<title>ComprarPendientes en oro rosa 3 bolas | Valanta Bisuter\u00eda<\/title>\n<meta name=\"robots\" content=\"index, follow, max-snippet:-1, max-image-preview:large, max-video-preview:-1\" \/>\n<link rel=\"canonical\" href=\"https:\/\/www.valantabisuteria.com\/product\/pendientes-en-oro-rosa-3-bolas\/\" \/>\n<meta property=\"og:locale\" content=\"en_US\" \/>\n<meta property=\"og:type\" content=\"article\" \/>\n<meta property=\"og:title\" content=\"ComprarPendientes en oro rosa 3 bolas | Valanta Bisuter\u00eda\" \/>\n<meta property=\"og:description\" content=\"Pendientes en acero desmontables en color oro rosa alargados con adorno 3 bolas  Medida pendientes: 7x1cm  El acero es un s\u00edmbolo de sabidur\u00eda y reflexi\u00f3n. Cada vez que llevas una pieza en bisuter\u00eda realizada en acero, recuerdas tu propio viaje personal. Por su solidez y durabilidad, igual que tus propias experiencias.  ATENCI\u00d3N: \u00daLTIMA UNIDAD DISPONIBLE  REF: ES14\" \/>\n<meta property=\"og:url\" content=\"https:\/\/www.valantabisuteria.com\/product\/pendientes-en-oro-rosa-3-bolas\/\" \/>\n<meta property=\"og:site_name\" content=\"Valanta Bisuter\u00eda\" \/>\n<meta property=\"article:modified_time\" content=\"2025-07-06T17:04:14+00:00\" \/>\n<meta property=\"og:image\" content=\"https:\/\/www.valantabisuteria.com\/wp-content\/uploads\/2023\/10\/Foto-17.jpg\" \/>\n\t<meta property=\"og:image:width\" content=\"445\" \/>\n\t<meta property=\"og:image:height\" content=\"456\" \/>\n\t<meta property=\"og:image:type\" content=\"image\/jpeg\" \/>\n<meta name=\"twitter:card\" content=\"summary_large_image\" \/>\n<meta name=\"twitter:label1\" content=\"Est. reading time\" \/>\n\t<meta name=\"twitter:data1\" content=\"1 minute\" \/>\n<script type=\"application\/ld+json\" class=\"yoast-schema-graph\">{\"@context\":\"https:\/\/schema.org\",\"@graph\":[{\"@type\":\"WebPage\",\"@id\":\"https:\/\/www.valantabisuteria.com\/product\/pendientes-en-oro-rosa-3-bolas\/\",\"url\":\"https:\/\/www.valantabisuteria.com\/product\/pendientes-en-oro-rosa-3-bolas\/\",\"name\":\"ComprarPendientes en oro rosa 3 bolas | Valanta Bisuter\u00eda\",\"isPartOf\":{\"@id\":\"https:\/\/www.valantabisuteria.com\/#website\"},\"primaryImageOfPage\":{\"@id\":\"https:\/\/www.valantabisuteria.com\/product\/pendientes-en-oro-rosa-3-bolas\/#primaryimage\"},\"image\":{\"@id\":\"https:\/\/www.valantabisuteria.com\/product\/pendientes-en-oro-rosa-3-bolas\/#primaryimage\"},\"thumbnailUrl\":\"https:\/\/www.valantabisuteria.com\/wp-content\/uploads\/2023\/10\/Foto-17.jpg\",\"datePublished\":\"2023-10-30T11:17:53+00:00\",\"dateModified\":\"2025-07-06T17:04:14+00:00\",\"breadcrumb\":{\"@id\":\"https:\/\/www.valantabisuteria.com\/product\/pendientes-en-oro-rosa-3-bolas\/#breadcrumb\"},\"inLanguage\":\"en-US\",\"potentialAction\":[{\"@type\":\"ReadAction\",\"target\":[\"https:\/\/www.valantabisuteria.com\/product\/pendientes-en-oro-rosa-3-bolas\/\"]}]},{\"@type\":\"ImageObject\",\"inLanguage\":\"en-US\",\"@id\":\"https:\/\/www.valantabisuteria.com\/product\/pendientes-en-oro-rosa-3-bolas\/#primaryimage\",\"url\":\"https:\/\/www.valantabisuteria.com\/wp-content\/uploads\/2023\/10\/Foto-17.jpg\",\"contentUrl\":\"https:\/\/www.valantabisuteria.com\/wp-content\/uploads\/2023\/10\/Foto-17.jpg\",\"width\":445,\"height\":456,\"caption\":\"Pendientes desmontables en color oro rosa alargados con adorno 3 bolas\"},{\"@type\":\"BreadcrumbList\",\"@id\":\"https:\/\/www.valantabisuteria.com\/product\/pendientes-en-oro-rosa-3-bolas\/#breadcrumb\",\"itemListElement\":[{\"@type\":\"ListItem\",\"position\":1,\"name\":\"Portada\",\"item\":\"https:\/\/www.valantabisuteria.com\/\"},{\"@type\":\"ListItem\",\"position\":2,\"name\":\"Tienda\",\"item\":\"https:\/\/www.valantabisuteria.com\/tienda\/\"},{\"@type\":\"ListItem\",\"position\":3,\"name\":\"Pendientes en oro rosa 3 bolas\"}]},{\"@type\":\"WebSite\",\"@id\":\"https:\/\/www.valantabisuteria.com\/#website\",\"url\":\"https:\/\/www.valantabisuteria.com\/\",\"name\":\"Valanta Bisuter\u00eda\",\"description\":\"Joyas y Bisuter\u00eda de calidad\",\"publisher\":{\"@id\":\"https:\/\/www.valantabisuteria.com\/#organization\"},\"alternateName\":\"Valanta Bisuter\u00eda\",\"potentialAction\":[{\"@type\":\"SearchAction\",\"target\":{\"@type\":\"EntryPoint\",\"urlTemplate\":\"https:\/\/www.valantabisuteria.com\/?s={search_term_string}\"},\"query-input\":{\"@type\":\"PropertyValueSpecification\",\"valueRequired\":true,\"valueName\":\"search_term_string\"}}],\"inLanguage\":\"en-US\"},{\"@type\":\"Organization\",\"@id\":\"https:\/\/www.valantabisuteria.com\/#organization\",\"name\":\"Valanta Bisuter\u00eda\",\"url\":\"https:\/\/www.valantabisuteria.com\/\",\"logo\":{\"@type\":\"ImageObject\",\"inLanguage\":\"en-US\",\"@id\":\"https:\/\/www.valantabisuteria.com\/#\/schema\/logo\/image\/\",\"url\":\"https:\/\/valantabisuteria.com\/wp-content\/uploads\/2023\/02\/Logo-07-b.png\",\"contentUrl\":\"https:\/\/valantabisuteria.com\/wp-content\/uploads\/2023\/02\/Logo-07-b.png\",\"width\":800,\"height\":238,\"caption\":\"Valanta Bisuter\u00eda\"},\"image\":{\"@id\":\"https:\/\/www.valantabisuteria.com\/#\/schema\/logo\/image\/\"},\"sameAs\":[\"https:\/\/www.instagram.com\/valantabisuteria\/\"]}]}<\/script>\n<!-- \/ Yoast SEO plugin. -->","yoast_head_json":{"title":"ComprarPendientes en oro rosa 3 bolas | Valanta Bisuter\u00eda","robots":{"index":"index","follow":"follow","max-snippet":"max-snippet:-1","max-image-preview":"max-image-preview:large","max-video-preview":"max-video-preview:-1"},"canonical":"https:\/\/www.valantabisuteria.com\/product\/pendientes-en-oro-rosa-3-bolas\/","og_locale":"en_US","og_type":"article","og_title":"ComprarPendientes en oro rosa 3 bolas | Valanta Bisuter\u00eda","og_description":"Pendientes en acero desmontables en color oro rosa alargados con adorno 3 bolas  Medida pendientes: 7x1cm  El acero es un s\u00edmbolo de sabidur\u00eda y reflexi\u00f3n. Cada vez que llevas una pieza en bisuter\u00eda realizada en acero, recuerdas tu propio viaje personal. Por su solidez y durabilidad, igual que tus propias experiencias.  ATENCI\u00d3N: \u00daLTIMA UNIDAD DISPONIBLE  REF: ES14","og_url":"https:\/\/www.valantabisuteria.com\/product\/pendientes-en-oro-rosa-3-bolas\/","og_site_name":"Valanta Bisuter\u00eda","article_modified_time":"2025-07-06T17:04:14+00:00","og_image":[{"width":445,"height":456,"url":"https:\/\/www.valantabisuteria.com\/wp-content\/uploads\/2023\/10\/Foto-17.jpg","type":"image\/jpeg"}],"twitter_card":"summary_large_image","twitter_misc":{"Est. reading time":"1 minute"},"schema":{"@context":"https:\/\/schema.org","@graph":[{"@type":"WebPage","@id":"https:\/\/www.valantabisuteria.com\/product\/pendientes-en-oro-rosa-3-bolas\/","url":"https:\/\/www.valantabisuteria.com\/product\/pendientes-en-oro-rosa-3-bolas\/","name":"ComprarPendientes en oro rosa 3 bolas | Valanta Bisuter\u00eda","isPartOf":{"@id":"https:\/\/www.valantabisuteria.com\/#website"},"primaryImageOfPage":{"@id":"https:\/\/www.valantabisuteria.com\/product\/pendientes-en-oro-rosa-3-bolas\/#primaryimage"},"image":{"@id":"https:\/\/www.valantabisuteria.com\/product\/pendientes-en-oro-rosa-3-bolas\/#primaryimage"},"thumbnailUrl":"https:\/\/www.valantabisuteria.com\/wp-content\/uploads\/2023\/10\/Foto-17.jpg","datePublished":"2023-10-30T11:17:53+00:00","dateModified":"2025-07-06T17:04:14+00:00","breadcrumb":{"@id":"https:\/\/www.valantabisuteria.com\/product\/pendientes-en-oro-rosa-3-bolas\/#breadcrumb"},"inLanguage":"en-US","potentialAction":[{"@type":"ReadAction","target":["https:\/\/www.valantabisuteria.com\/product\/pendientes-en-oro-rosa-3-bolas\/"]}]},{"@type":"ImageObject","inLanguage":"en-US","@id":"https:\/\/www.valantabisuteria.com\/product\/pendientes-en-oro-rosa-3-bolas\/#primaryimage","url":"https:\/\/www.valantabisuteria.com\/wp-content\/uploads\/2023\/10\/Foto-17.jpg","contentUrl":"https:\/\/www.valantabisuteria.com\/wp-content\/uploads\/2023\/10\/Foto-17.jpg","width":445,"height":456,"caption":"Pendientes desmontables en color oro rosa alargados con adorno 3 bolas"},{"@type":"BreadcrumbList","@id":"https:\/\/www.valantabisuteria.com\/product\/pendientes-en-oro-rosa-3-bolas\/#breadcrumb","itemListElement":[{"@type":"ListItem","position":1,"name":"Portada","item":"https:\/\/www.valantabisuteria.com\/"},{"@type":"ListItem","position":2,"name":"Tienda","item":"https:\/\/www.valantabisuteria.com\/tienda\/"},{"@type":"ListItem","position":3,"name":"Pendientes en oro rosa 3 bolas"}]},{"@type":"WebSite","@id":"https:\/\/www.valantabisuteria.com\/#website","url":"https:\/\/www.valantabisuteria.com\/","name":"Valanta Bisuter\u00eda","description":"Joyas y Bisuter\u00eda de calidad","publisher":{"@id":"https:\/\/www.valantabisuteria.com\/#organization"},"alternateName":"Valanta Bisuter\u00eda","potentialAction":[{"@type":"SearchAction","target":{"@type":"EntryPoint","urlTemplate":"https:\/\/www.valantabisuteria.com\/?s={search_term_string}"},"query-input":{"@type":"PropertyValueSpecification","valueRequired":true,"valueName":"search_term_string"}}],"inLanguage":"en-US"},{"@type":"Organization","@id":"https:\/\/www.valantabisuteria.com\/#organization","name":"Valanta Bisuter\u00eda","url":"https:\/\/www.valantabisuteria.com\/","logo":{"@type":"ImageObject","inLanguage":"en-US","@id":"https:\/\/www.valantabisuteria.com\/#\/schema\/logo\/image\/","url":"https:\/\/valantabisuteria.com\/wp-content\/uploads\/2023\/02\/Logo-07-b.png","contentUrl":"https:\/\/valantabisuteria.com\/wp-content\/uploads\/2023\/02\/Logo-07-b.png","width":800,"height":238,"caption":"Valanta Bisuter\u00eda"},"image":{"@id":"https:\/\/www.valantabisuteria.com\/#\/schema\/logo\/image\/"},"sameAs":["https:\/\/www.instagram.com\/valantabisuteria\/"]}]}},"_links":{"self":[{"href":"https:\/\/www.valantabisuteria.com\/en\/wp-json\/wp\/v2\/product\/29367","targetHints":{"allow":["GET"]}}],"collection":[{"href":"https:\/\/www.valantabisuteria.com\/en\/wp-json\/wp\/v2\/product"}],"about":[{"href":"https:\/\/www.valantabisuteria.com\/en\/wp-json\/wp\/v2\/types\/product"}],"wp:featuredmedia":[{"embeddable":true,"href":"https:\/\/www.valantabisuteria.com\/en\/wp-json\/wp\/v2\/media\/29368"}],"wp:attachment":[{"href":"https:\/\/www.valantabisuteria.com\/en\/wp-json\/wp\/v2\/media?parent=29367"}],"wp:term":[{"taxonomy":"product_brand","embeddable":true,"href":"https:\/\/www.valantabisuteria.com\/en\/wp-json\/wp\/v2\/product_brand?post=29367"},{"taxonomy":"product_cat","embeddable":true,"href":"https:\/\/www.valantabisuteria.com\/en\/wp-json\/wp\/v2\/product_cat?post=29367"},{"taxonomy":"product_tag","embeddable":true,"href":"https:\/\/www.valantabisuteria.com\/en\/wp-json\/wp\/v2\/product_tag?post=29367"}],"curies":[{"name":"wp","href":"https:\/\/api.w.org\/{rel}","templated":true}]}}