{"id":29385,"date":"2023-11-13T10:42:19","date_gmt":"2023-11-13T09:42:19","guid":{"rendered":"https:\/\/valantabisuteria.com\/?post_type=product&#038;p=29385"},"modified":"2026-01-20T09:53:27","modified_gmt":"2026-01-20T08:53:27","slug":"gargantilla-dorada-moneda-agata-con-perla","status":"publish","type":"product","link":"https:\/\/www.valantabisuteria.com\/en\/product\/gargantilla-dorada-moneda-agata-con-perla\/","title":{"rendered":"Gargantilla dorada moneda \u00e1gata con perla"},"content":{"rendered":"<p>Gargantilla en acero dorado con peque\u00f1a perla y moneda central con \u00e1gatas verdes<\/p>\n<p>Medida: 40cm m\u00e1s extensi\u00f3n<\/p>\n<p>Medida moneda: 1.5x2cm<\/p>\n","protected":false},"excerpt":{"rendered":"<p>&nbsp;<\/p>\n<p>Gargantilla en acero dorado con peque\u00f1a perla y moneda central con \u00e1gatas verdes.<\/p>\n<p>Al elegir minerales, te permites un viaje emocional. Cada joya te recordar\u00e1 momentos especiales y te conectar\u00e1 con tus emociones m\u00e1s profundas.<\/p>\n<p>Medida: 40cm m\u00e1s extensi\u00f3n<\/p>\n<p>Medida moneda: 1.5x2cm<\/p>\n<p>REF: EL21<\/p>\n<p><span style=\"color: #ffcc99;\">ATENCI\u00d3N: \u00daLTIMA UNIDAD<\/span><\/p>\n","protected":false},"featured_media":29387,"template":"","meta":{"_joinchat":[]},"product_brand":[],"product_cat":[156,150,195],"product_tag":[],"class_list":{"0":"post-29385","1":"product","2":"type-product","3":"status-publish","4":"has-post-thumbnail","6":"product_cat-collares","7":"product_cat-eliana","8":"product_cat-outlet-exclusivo","11":"first","12":"instock","13":"shipping-taxable","14":"purchasable","15":"product-type-simple"},"yoast_head":"<!-- This site is optimized with the Yoast SEO plugin v27.2 - https:\/\/yoast.com\/product\/yoast-seo-wordpress\/ -->\n<title>ComprarGargantilla dorada moneda \u00e1gata con perla | Valanta Bisuter\u00eda<\/title>\n<meta name=\"robots\" content=\"index, follow, max-snippet:-1, max-image-preview:large, max-video-preview:-1\" \/>\n<link rel=\"canonical\" href=\"https:\/\/www.valantabisuteria.com\/product\/gargantilla-dorada-moneda-agata-con-perla\/\" \/>\n<meta property=\"og:locale\" content=\"en_US\" \/>\n<meta property=\"og:type\" content=\"article\" \/>\n<meta property=\"og:title\" content=\"ComprarGargantilla dorada moneda \u00e1gata con perla | Valanta Bisuter\u00eda\" \/>\n<meta property=\"og:description\" content=\"&nbsp;  Gargantilla en acero dorado con peque\u00f1a perla y moneda central con \u00e1gatas verdes.  Al elegir minerales, te permites un viaje emocional. Cada joya te recordar\u00e1 momentos especiales y te conectar\u00e1 con tus emociones m\u00e1s profundas.  Medida: 40cm m\u00e1s extensi\u00f3n  Medida moneda: 1.5x2cm  REF: EL21  ATENCI\u00d3N: \u00daLTIMA UNIDAD\" \/>\n<meta property=\"og:url\" content=\"https:\/\/www.valantabisuteria.com\/product\/gargantilla-dorada-moneda-agata-con-perla\/\" \/>\n<meta property=\"og:site_name\" content=\"Valanta Bisuter\u00eda\" \/>\n<meta property=\"article:modified_time\" content=\"2026-01-20T08:53:27+00:00\" \/>\n<meta property=\"og:image\" content=\"https:\/\/www.valantabisuteria.com\/wp-content\/uploads\/2023\/11\/Captura-de-pantalla-2023-09-24-112231.png\" \/>\n\t<meta property=\"og:image:width\" content=\"571\" \/>\n\t<meta property=\"og:image:height\" content=\"618\" \/>\n\t<meta property=\"og:image:type\" content=\"image\/png\" \/>\n<meta name=\"twitter:card\" content=\"summary_large_image\" \/>\n<meta name=\"twitter:label1\" content=\"Est. reading time\" \/>\n\t<meta name=\"twitter:data1\" content=\"1 minute\" \/>\n<script type=\"application\/ld+json\" class=\"yoast-schema-graph\">{\"@context\":\"https:\/\/schema.org\",\"@graph\":[{\"@type\":\"WebPage\",\"@id\":\"https:\/\/www.valantabisuteria.com\/product\/gargantilla-dorada-moneda-agata-con-perla\/\",\"url\":\"https:\/\/www.valantabisuteria.com\/product\/gargantilla-dorada-moneda-agata-con-perla\/\",\"name\":\"ComprarGargantilla dorada moneda \u00e1gata con perla | Valanta Bisuter\u00eda\",\"isPartOf\":{\"@id\":\"https:\/\/www.valantabisuteria.com\/#website\"},\"primaryImageOfPage\":{\"@id\":\"https:\/\/www.valantabisuteria.com\/product\/gargantilla-dorada-moneda-agata-con-perla\/#primaryimage\"},\"image\":{\"@id\":\"https:\/\/www.valantabisuteria.com\/product\/gargantilla-dorada-moneda-agata-con-perla\/#primaryimage\"},\"thumbnailUrl\":\"https:\/\/www.valantabisuteria.com\/wp-content\/uploads\/2023\/11\/Captura-de-pantalla-2023-09-24-112231.png\",\"datePublished\":\"2023-11-13T09:42:19+00:00\",\"dateModified\":\"2026-01-20T08:53:27+00:00\",\"breadcrumb\":{\"@id\":\"https:\/\/www.valantabisuteria.com\/product\/gargantilla-dorada-moneda-agata-con-perla\/#breadcrumb\"},\"inLanguage\":\"en-US\",\"potentialAction\":[{\"@type\":\"ReadAction\",\"target\":[\"https:\/\/www.valantabisuteria.com\/product\/gargantilla-dorada-moneda-agata-con-perla\/\"]}]},{\"@type\":\"ImageObject\",\"inLanguage\":\"en-US\",\"@id\":\"https:\/\/www.valantabisuteria.com\/product\/gargantilla-dorada-moneda-agata-con-perla\/#primaryimage\",\"url\":\"https:\/\/www.valantabisuteria.com\/wp-content\/uploads\/2023\/11\/Captura-de-pantalla-2023-09-24-112231.png\",\"contentUrl\":\"https:\/\/www.valantabisuteria.com\/wp-content\/uploads\/2023\/11\/Captura-de-pantalla-2023-09-24-112231.png\",\"width\":571,\"height\":618,\"caption\":\"Gargantilla en acero dorado con peque\u00f1a perla y moneda central con \u00e1gatas verdes\"},{\"@type\":\"BreadcrumbList\",\"@id\":\"https:\/\/www.valantabisuteria.com\/product\/gargantilla-dorada-moneda-agata-con-perla\/#breadcrumb\",\"itemListElement\":[{\"@type\":\"ListItem\",\"position\":1,\"name\":\"Portada\",\"item\":\"https:\/\/www.valantabisuteria.com\/\"},{\"@type\":\"ListItem\",\"position\":2,\"name\":\"Tienda\",\"item\":\"https:\/\/www.valantabisuteria.com\/tienda\/\"},{\"@type\":\"ListItem\",\"position\":3,\"name\":\"Gargantilla dorada moneda \u00e1gata con perla\"}]},{\"@type\":\"WebSite\",\"@id\":\"https:\/\/www.valantabisuteria.com\/#website\",\"url\":\"https:\/\/www.valantabisuteria.com\/\",\"name\":\"Valanta Bisuter\u00eda\",\"description\":\"Joyas y Bisuter\u00eda de calidad\",\"publisher\":{\"@id\":\"https:\/\/www.valantabisuteria.com\/#organization\"},\"alternateName\":\"Valanta Bisuter\u00eda\",\"potentialAction\":[{\"@type\":\"SearchAction\",\"target\":{\"@type\":\"EntryPoint\",\"urlTemplate\":\"https:\/\/www.valantabisuteria.com\/?s={search_term_string}\"},\"query-input\":{\"@type\":\"PropertyValueSpecification\",\"valueRequired\":true,\"valueName\":\"search_term_string\"}}],\"inLanguage\":\"en-US\"},{\"@type\":\"Organization\",\"@id\":\"https:\/\/www.valantabisuteria.com\/#organization\",\"name\":\"Valanta Bisuter\u00eda\",\"url\":\"https:\/\/www.valantabisuteria.com\/\",\"logo\":{\"@type\":\"ImageObject\",\"inLanguage\":\"en-US\",\"@id\":\"https:\/\/www.valantabisuteria.com\/#\/schema\/logo\/image\/\",\"url\":\"https:\/\/valantabisuteria.com\/wp-content\/uploads\/2023\/02\/Logo-07-b.png\",\"contentUrl\":\"https:\/\/valantabisuteria.com\/wp-content\/uploads\/2023\/02\/Logo-07-b.png\",\"width\":800,\"height\":238,\"caption\":\"Valanta Bisuter\u00eda\"},\"image\":{\"@id\":\"https:\/\/www.valantabisuteria.com\/#\/schema\/logo\/image\/\"},\"sameAs\":[\"https:\/\/www.instagram.com\/valantabisuteria\/\"]}]}<\/script>\n<!-- \/ Yoast SEO plugin. -->","yoast_head_json":{"title":"ComprarGargantilla dorada moneda \u00e1gata con perla | Valanta Bisuter\u00eda","robots":{"index":"index","follow":"follow","max-snippet":"max-snippet:-1","max-image-preview":"max-image-preview:large","max-video-preview":"max-video-preview:-1"},"canonical":"https:\/\/www.valantabisuteria.com\/product\/gargantilla-dorada-moneda-agata-con-perla\/","og_locale":"en_US","og_type":"article","og_title":"ComprarGargantilla dorada moneda \u00e1gata con perla | Valanta Bisuter\u00eda","og_description":"&nbsp;  Gargantilla en acero dorado con peque\u00f1a perla y moneda central con \u00e1gatas verdes.  Al elegir minerales, te permites un viaje emocional. Cada joya te recordar\u00e1 momentos especiales y te conectar\u00e1 con tus emociones m\u00e1s profundas.  Medida: 40cm m\u00e1s extensi\u00f3n  Medida moneda: 1.5x2cm  REF: EL21  ATENCI\u00d3N: \u00daLTIMA UNIDAD","og_url":"https:\/\/www.valantabisuteria.com\/product\/gargantilla-dorada-moneda-agata-con-perla\/","og_site_name":"Valanta Bisuter\u00eda","article_modified_time":"2026-01-20T08:53:27+00:00","og_image":[{"width":571,"height":618,"url":"https:\/\/www.valantabisuteria.com\/wp-content\/uploads\/2023\/11\/Captura-de-pantalla-2023-09-24-112231.png","type":"image\/png"}],"twitter_card":"summary_large_image","twitter_misc":{"Est. reading time":"1 minute"},"schema":{"@context":"https:\/\/schema.org","@graph":[{"@type":"WebPage","@id":"https:\/\/www.valantabisuteria.com\/product\/gargantilla-dorada-moneda-agata-con-perla\/","url":"https:\/\/www.valantabisuteria.com\/product\/gargantilla-dorada-moneda-agata-con-perla\/","name":"ComprarGargantilla dorada moneda \u00e1gata con perla | Valanta Bisuter\u00eda","isPartOf":{"@id":"https:\/\/www.valantabisuteria.com\/#website"},"primaryImageOfPage":{"@id":"https:\/\/www.valantabisuteria.com\/product\/gargantilla-dorada-moneda-agata-con-perla\/#primaryimage"},"image":{"@id":"https:\/\/www.valantabisuteria.com\/product\/gargantilla-dorada-moneda-agata-con-perla\/#primaryimage"},"thumbnailUrl":"https:\/\/www.valantabisuteria.com\/wp-content\/uploads\/2023\/11\/Captura-de-pantalla-2023-09-24-112231.png","datePublished":"2023-11-13T09:42:19+00:00","dateModified":"2026-01-20T08:53:27+00:00","breadcrumb":{"@id":"https:\/\/www.valantabisuteria.com\/product\/gargantilla-dorada-moneda-agata-con-perla\/#breadcrumb"},"inLanguage":"en-US","potentialAction":[{"@type":"ReadAction","target":["https:\/\/www.valantabisuteria.com\/product\/gargantilla-dorada-moneda-agata-con-perla\/"]}]},{"@type":"ImageObject","inLanguage":"en-US","@id":"https:\/\/www.valantabisuteria.com\/product\/gargantilla-dorada-moneda-agata-con-perla\/#primaryimage","url":"https:\/\/www.valantabisuteria.com\/wp-content\/uploads\/2023\/11\/Captura-de-pantalla-2023-09-24-112231.png","contentUrl":"https:\/\/www.valantabisuteria.com\/wp-content\/uploads\/2023\/11\/Captura-de-pantalla-2023-09-24-112231.png","width":571,"height":618,"caption":"Gargantilla en acero dorado con peque\u00f1a perla y moneda central con \u00e1gatas verdes"},{"@type":"BreadcrumbList","@id":"https:\/\/www.valantabisuteria.com\/product\/gargantilla-dorada-moneda-agata-con-perla\/#breadcrumb","itemListElement":[{"@type":"ListItem","position":1,"name":"Portada","item":"https:\/\/www.valantabisuteria.com\/"},{"@type":"ListItem","position":2,"name":"Tienda","item":"https:\/\/www.valantabisuteria.com\/tienda\/"},{"@type":"ListItem","position":3,"name":"Gargantilla dorada moneda \u00e1gata con perla"}]},{"@type":"WebSite","@id":"https:\/\/www.valantabisuteria.com\/#website","url":"https:\/\/www.valantabisuteria.com\/","name":"Valanta Bisuter\u00eda","description":"Joyas y Bisuter\u00eda de calidad","publisher":{"@id":"https:\/\/www.valantabisuteria.com\/#organization"},"alternateName":"Valanta Bisuter\u00eda","potentialAction":[{"@type":"SearchAction","target":{"@type":"EntryPoint","urlTemplate":"https:\/\/www.valantabisuteria.com\/?s={search_term_string}"},"query-input":{"@type":"PropertyValueSpecification","valueRequired":true,"valueName":"search_term_string"}}],"inLanguage":"en-US"},{"@type":"Organization","@id":"https:\/\/www.valantabisuteria.com\/#organization","name":"Valanta Bisuter\u00eda","url":"https:\/\/www.valantabisuteria.com\/","logo":{"@type":"ImageObject","inLanguage":"en-US","@id":"https:\/\/www.valantabisuteria.com\/#\/schema\/logo\/image\/","url":"https:\/\/valantabisuteria.com\/wp-content\/uploads\/2023\/02\/Logo-07-b.png","contentUrl":"https:\/\/valantabisuteria.com\/wp-content\/uploads\/2023\/02\/Logo-07-b.png","width":800,"height":238,"caption":"Valanta Bisuter\u00eda"},"image":{"@id":"https:\/\/www.valantabisuteria.com\/#\/schema\/logo\/image\/"},"sameAs":["https:\/\/www.instagram.com\/valantabisuteria\/"]}]}},"_links":{"self":[{"href":"https:\/\/www.valantabisuteria.com\/en\/wp-json\/wp\/v2\/product\/29385","targetHints":{"allow":["GET"]}}],"collection":[{"href":"https:\/\/www.valantabisuteria.com\/en\/wp-json\/wp\/v2\/product"}],"about":[{"href":"https:\/\/www.valantabisuteria.com\/en\/wp-json\/wp\/v2\/types\/product"}],"wp:featuredmedia":[{"embeddable":true,"href":"https:\/\/www.valantabisuteria.com\/en\/wp-json\/wp\/v2\/media\/29387"}],"wp:attachment":[{"href":"https:\/\/www.valantabisuteria.com\/en\/wp-json\/wp\/v2\/media?parent=29385"}],"wp:term":[{"taxonomy":"product_brand","embeddable":true,"href":"https:\/\/www.valantabisuteria.com\/en\/wp-json\/wp\/v2\/product_brand?post=29385"},{"taxonomy":"product_cat","embeddable":true,"href":"https:\/\/www.valantabisuteria.com\/en\/wp-json\/wp\/v2\/product_cat?post=29385"},{"taxonomy":"product_tag","embeddable":true,"href":"https:\/\/www.valantabisuteria.com\/en\/wp-json\/wp\/v2\/product_tag?post=29385"}],"curies":[{"name":"wp","href":"https:\/\/api.w.org\/{rel}","templated":true}]}}