{"id":29390,"date":"2023-11-13T11:10:34","date_gmt":"2023-11-13T10:10:34","guid":{"rendered":"https:\/\/valantabisuteria.com\/?post_type=product&#038;p=29390"},"modified":"2025-12-01T11:51:40","modified_gmt":"2025-12-01T10:51:40","slug":"gargantilla-acero-dorado-con-amatista-facetada","status":"publish","type":"product","link":"https:\/\/www.valantabisuteria.com\/en\/product\/gargantilla-acero-dorado-con-amatista-facetada\/","title":{"rendered":"Gargantilla acero dorado con amatista facetada"},"content":{"rendered":"<p>Gargantilla en acero dorado con cristales en amatista facetada y adorno bolita en dorado<\/p>\n<p>Medida: 40cm m\u00e1s extensi\u00f3n<\/p>\n<p>REF: EL22<\/p>\n","protected":false},"excerpt":{"rendered":"<p>Gargantilla en acero dorado con cristales en amatista facetada y adorno bolita en dorado.<\/p>\n<p>Los minerales no solo son hermosos, tambi\u00e9n poseen propiedades energ\u00e9ticas. Al elegir esta pieza, eliges la energ\u00eda que deseas llevar contigo cada d\u00eda. Con esta amatista vas a resalta el lado positivo de tu vida.<\/p>\n<p>Medida: 40cm m\u00e1s extensi\u00f3n<\/p>\n<p>REF: EL22<\/p>\n","protected":false},"featured_media":29391,"template":"","meta":{"_joinchat":[]},"product_brand":[],"product_cat":[156,150,195],"product_tag":[],"class_list":{"0":"post-29390","1":"product","2":"type-product","3":"status-publish","4":"has-post-thumbnail","6":"product_cat-collares","7":"product_cat-eliana","8":"product_cat-outlet-exclusivo","11":"first","12":"instock","13":"sale","14":"shipping-taxable","15":"purchasable","16":"product-type-simple"},"yoast_head":"<!-- This site is optimized with the Yoast SEO plugin v27.2 - https:\/\/yoast.com\/product\/yoast-seo-wordpress\/ -->\n<title>ComprarGargantilla acero dorado con amatista facetada | Valanta Bisuter\u00eda<\/title>\n<meta name=\"robots\" content=\"index, follow, max-snippet:-1, max-image-preview:large, max-video-preview:-1\" \/>\n<link rel=\"canonical\" href=\"https:\/\/www.valantabisuteria.com\/product\/gargantilla-acero-dorado-con-amatista-facetada\/\" \/>\n<meta property=\"og:locale\" content=\"en_US\" \/>\n<meta property=\"og:type\" content=\"article\" \/>\n<meta property=\"og:title\" content=\"ComprarGargantilla acero dorado con amatista facetada | Valanta Bisuter\u00eda\" \/>\n<meta property=\"og:description\" content=\"Gargantilla en acero dorado con cristales en amatista facetada y adorno bolita en dorado.  Los minerales no solo son hermosos, tambi\u00e9n poseen propiedades energ\u00e9ticas. Al elegir esta pieza, eliges la energ\u00eda que deseas llevar contigo cada d\u00eda. Con esta amatista vas a resalta el lado positivo de tu vida.  Medida: 40cm m\u00e1s extensi\u00f3n  REF: EL22\" \/>\n<meta property=\"og:url\" content=\"https:\/\/www.valantabisuteria.com\/product\/gargantilla-acero-dorado-con-amatista-facetada\/\" \/>\n<meta property=\"og:site_name\" content=\"Valanta Bisuter\u00eda\" \/>\n<meta property=\"article:modified_time\" content=\"2025-12-01T10:51:40+00:00\" \/>\n<meta property=\"og:image\" content=\"https:\/\/www.valantabisuteria.com\/wp-content\/uploads\/2023\/11\/Captura-de-pantalla-2023-09-24-112142.png\" \/>\n\t<meta property=\"og:image:width\" content=\"714\" \/>\n\t<meta property=\"og:image:height\" content=\"547\" \/>\n\t<meta property=\"og:image:type\" content=\"image\/png\" \/>\n<meta name=\"twitter:card\" content=\"summary_large_image\" \/>\n<meta name=\"twitter:label1\" content=\"Est. reading time\" \/>\n\t<meta name=\"twitter:data1\" content=\"1 minute\" \/>\n<script type=\"application\/ld+json\" class=\"yoast-schema-graph\">{\"@context\":\"https:\/\/schema.org\",\"@graph\":[{\"@type\":\"WebPage\",\"@id\":\"https:\/\/www.valantabisuteria.com\/product\/gargantilla-acero-dorado-con-amatista-facetada\/\",\"url\":\"https:\/\/www.valantabisuteria.com\/product\/gargantilla-acero-dorado-con-amatista-facetada\/\",\"name\":\"ComprarGargantilla acero dorado con amatista facetada | Valanta Bisuter\u00eda\",\"isPartOf\":{\"@id\":\"https:\/\/www.valantabisuteria.com\/#website\"},\"primaryImageOfPage\":{\"@id\":\"https:\/\/www.valantabisuteria.com\/product\/gargantilla-acero-dorado-con-amatista-facetada\/#primaryimage\"},\"image\":{\"@id\":\"https:\/\/www.valantabisuteria.com\/product\/gargantilla-acero-dorado-con-amatista-facetada\/#primaryimage\"},\"thumbnailUrl\":\"https:\/\/www.valantabisuteria.com\/wp-content\/uploads\/2023\/11\/Captura-de-pantalla-2023-09-24-112142.png\",\"datePublished\":\"2023-11-13T10:10:34+00:00\",\"dateModified\":\"2025-12-01T10:51:40+00:00\",\"breadcrumb\":{\"@id\":\"https:\/\/www.valantabisuteria.com\/product\/gargantilla-acero-dorado-con-amatista-facetada\/#breadcrumb\"},\"inLanguage\":\"en-US\",\"potentialAction\":[{\"@type\":\"ReadAction\",\"target\":[\"https:\/\/www.valantabisuteria.com\/product\/gargantilla-acero-dorado-con-amatista-facetada\/\"]}]},{\"@type\":\"ImageObject\",\"inLanguage\":\"en-US\",\"@id\":\"https:\/\/www.valantabisuteria.com\/product\/gargantilla-acero-dorado-con-amatista-facetada\/#primaryimage\",\"url\":\"https:\/\/www.valantabisuteria.com\/wp-content\/uploads\/2023\/11\/Captura-de-pantalla-2023-09-24-112142.png\",\"contentUrl\":\"https:\/\/www.valantabisuteria.com\/wp-content\/uploads\/2023\/11\/Captura-de-pantalla-2023-09-24-112142.png\",\"width\":714,\"height\":547,\"caption\":\"Gargantilla en acero dorado con cristales en amatista facetada y adorno bolita en dorado\"},{\"@type\":\"BreadcrumbList\",\"@id\":\"https:\/\/www.valantabisuteria.com\/product\/gargantilla-acero-dorado-con-amatista-facetada\/#breadcrumb\",\"itemListElement\":[{\"@type\":\"ListItem\",\"position\":1,\"name\":\"Portada\",\"item\":\"https:\/\/www.valantabisuteria.com\/\"},{\"@type\":\"ListItem\",\"position\":2,\"name\":\"Tienda\",\"item\":\"https:\/\/www.valantabisuteria.com\/tienda\/\"},{\"@type\":\"ListItem\",\"position\":3,\"name\":\"Gargantilla acero dorado con amatista facetada\"}]},{\"@type\":\"WebSite\",\"@id\":\"https:\/\/www.valantabisuteria.com\/#website\",\"url\":\"https:\/\/www.valantabisuteria.com\/\",\"name\":\"Valanta Bisuter\u00eda\",\"description\":\"Joyas y Bisuter\u00eda de calidad\",\"publisher\":{\"@id\":\"https:\/\/www.valantabisuteria.com\/#organization\"},\"alternateName\":\"Valanta Bisuter\u00eda\",\"potentialAction\":[{\"@type\":\"SearchAction\",\"target\":{\"@type\":\"EntryPoint\",\"urlTemplate\":\"https:\/\/www.valantabisuteria.com\/?s={search_term_string}\"},\"query-input\":{\"@type\":\"PropertyValueSpecification\",\"valueRequired\":true,\"valueName\":\"search_term_string\"}}],\"inLanguage\":\"en-US\"},{\"@type\":\"Organization\",\"@id\":\"https:\/\/www.valantabisuteria.com\/#organization\",\"name\":\"Valanta Bisuter\u00eda\",\"url\":\"https:\/\/www.valantabisuteria.com\/\",\"logo\":{\"@type\":\"ImageObject\",\"inLanguage\":\"en-US\",\"@id\":\"https:\/\/www.valantabisuteria.com\/#\/schema\/logo\/image\/\",\"url\":\"https:\/\/valantabisuteria.com\/wp-content\/uploads\/2023\/02\/Logo-07-b.png\",\"contentUrl\":\"https:\/\/valantabisuteria.com\/wp-content\/uploads\/2023\/02\/Logo-07-b.png\",\"width\":800,\"height\":238,\"caption\":\"Valanta Bisuter\u00eda\"},\"image\":{\"@id\":\"https:\/\/www.valantabisuteria.com\/#\/schema\/logo\/image\/\"},\"sameAs\":[\"https:\/\/www.instagram.com\/valantabisuteria\/\"]}]}<\/script>\n<!-- \/ Yoast SEO plugin. -->","yoast_head_json":{"title":"ComprarGargantilla acero dorado con amatista facetada | Valanta Bisuter\u00eda","robots":{"index":"index","follow":"follow","max-snippet":"max-snippet:-1","max-image-preview":"max-image-preview:large","max-video-preview":"max-video-preview:-1"},"canonical":"https:\/\/www.valantabisuteria.com\/product\/gargantilla-acero-dorado-con-amatista-facetada\/","og_locale":"en_US","og_type":"article","og_title":"ComprarGargantilla acero dorado con amatista facetada | Valanta Bisuter\u00eda","og_description":"Gargantilla en acero dorado con cristales en amatista facetada y adorno bolita en dorado.  Los minerales no solo son hermosos, tambi\u00e9n poseen propiedades energ\u00e9ticas. Al elegir esta pieza, eliges la energ\u00eda que deseas llevar contigo cada d\u00eda. Con esta amatista vas a resalta el lado positivo de tu vida.  Medida: 40cm m\u00e1s extensi\u00f3n  REF: EL22","og_url":"https:\/\/www.valantabisuteria.com\/product\/gargantilla-acero-dorado-con-amatista-facetada\/","og_site_name":"Valanta Bisuter\u00eda","article_modified_time":"2025-12-01T10:51:40+00:00","og_image":[{"width":714,"height":547,"url":"https:\/\/www.valantabisuteria.com\/wp-content\/uploads\/2023\/11\/Captura-de-pantalla-2023-09-24-112142.png","type":"image\/png"}],"twitter_card":"summary_large_image","twitter_misc":{"Est. reading time":"1 minute"},"schema":{"@context":"https:\/\/schema.org","@graph":[{"@type":"WebPage","@id":"https:\/\/www.valantabisuteria.com\/product\/gargantilla-acero-dorado-con-amatista-facetada\/","url":"https:\/\/www.valantabisuteria.com\/product\/gargantilla-acero-dorado-con-amatista-facetada\/","name":"ComprarGargantilla acero dorado con amatista facetada | Valanta Bisuter\u00eda","isPartOf":{"@id":"https:\/\/www.valantabisuteria.com\/#website"},"primaryImageOfPage":{"@id":"https:\/\/www.valantabisuteria.com\/product\/gargantilla-acero-dorado-con-amatista-facetada\/#primaryimage"},"image":{"@id":"https:\/\/www.valantabisuteria.com\/product\/gargantilla-acero-dorado-con-amatista-facetada\/#primaryimage"},"thumbnailUrl":"https:\/\/www.valantabisuteria.com\/wp-content\/uploads\/2023\/11\/Captura-de-pantalla-2023-09-24-112142.png","datePublished":"2023-11-13T10:10:34+00:00","dateModified":"2025-12-01T10:51:40+00:00","breadcrumb":{"@id":"https:\/\/www.valantabisuteria.com\/product\/gargantilla-acero-dorado-con-amatista-facetada\/#breadcrumb"},"inLanguage":"en-US","potentialAction":[{"@type":"ReadAction","target":["https:\/\/www.valantabisuteria.com\/product\/gargantilla-acero-dorado-con-amatista-facetada\/"]}]},{"@type":"ImageObject","inLanguage":"en-US","@id":"https:\/\/www.valantabisuteria.com\/product\/gargantilla-acero-dorado-con-amatista-facetada\/#primaryimage","url":"https:\/\/www.valantabisuteria.com\/wp-content\/uploads\/2023\/11\/Captura-de-pantalla-2023-09-24-112142.png","contentUrl":"https:\/\/www.valantabisuteria.com\/wp-content\/uploads\/2023\/11\/Captura-de-pantalla-2023-09-24-112142.png","width":714,"height":547,"caption":"Gargantilla en acero dorado con cristales en amatista facetada y adorno bolita en dorado"},{"@type":"BreadcrumbList","@id":"https:\/\/www.valantabisuteria.com\/product\/gargantilla-acero-dorado-con-amatista-facetada\/#breadcrumb","itemListElement":[{"@type":"ListItem","position":1,"name":"Portada","item":"https:\/\/www.valantabisuteria.com\/"},{"@type":"ListItem","position":2,"name":"Tienda","item":"https:\/\/www.valantabisuteria.com\/tienda\/"},{"@type":"ListItem","position":3,"name":"Gargantilla acero dorado con amatista facetada"}]},{"@type":"WebSite","@id":"https:\/\/www.valantabisuteria.com\/#website","url":"https:\/\/www.valantabisuteria.com\/","name":"Valanta Bisuter\u00eda","description":"Joyas y Bisuter\u00eda de calidad","publisher":{"@id":"https:\/\/www.valantabisuteria.com\/#organization"},"alternateName":"Valanta Bisuter\u00eda","potentialAction":[{"@type":"SearchAction","target":{"@type":"EntryPoint","urlTemplate":"https:\/\/www.valantabisuteria.com\/?s={search_term_string}"},"query-input":{"@type":"PropertyValueSpecification","valueRequired":true,"valueName":"search_term_string"}}],"inLanguage":"en-US"},{"@type":"Organization","@id":"https:\/\/www.valantabisuteria.com\/#organization","name":"Valanta Bisuter\u00eda","url":"https:\/\/www.valantabisuteria.com\/","logo":{"@type":"ImageObject","inLanguage":"en-US","@id":"https:\/\/www.valantabisuteria.com\/#\/schema\/logo\/image\/","url":"https:\/\/valantabisuteria.com\/wp-content\/uploads\/2023\/02\/Logo-07-b.png","contentUrl":"https:\/\/valantabisuteria.com\/wp-content\/uploads\/2023\/02\/Logo-07-b.png","width":800,"height":238,"caption":"Valanta Bisuter\u00eda"},"image":{"@id":"https:\/\/www.valantabisuteria.com\/#\/schema\/logo\/image\/"},"sameAs":["https:\/\/www.instagram.com\/valantabisuteria\/"]}]}},"_links":{"self":[{"href":"https:\/\/www.valantabisuteria.com\/en\/wp-json\/wp\/v2\/product\/29390","targetHints":{"allow":["GET"]}}],"collection":[{"href":"https:\/\/www.valantabisuteria.com\/en\/wp-json\/wp\/v2\/product"}],"about":[{"href":"https:\/\/www.valantabisuteria.com\/en\/wp-json\/wp\/v2\/types\/product"}],"wp:featuredmedia":[{"embeddable":true,"href":"https:\/\/www.valantabisuteria.com\/en\/wp-json\/wp\/v2\/media\/29391"}],"wp:attachment":[{"href":"https:\/\/www.valantabisuteria.com\/en\/wp-json\/wp\/v2\/media?parent=29390"}],"wp:term":[{"taxonomy":"product_brand","embeddable":true,"href":"https:\/\/www.valantabisuteria.com\/en\/wp-json\/wp\/v2\/product_brand?post=29390"},{"taxonomy":"product_cat","embeddable":true,"href":"https:\/\/www.valantabisuteria.com\/en\/wp-json\/wp\/v2\/product_cat?post=29390"},{"taxonomy":"product_tag","embeddable":true,"href":"https:\/\/www.valantabisuteria.com\/en\/wp-json\/wp\/v2\/product_tag?post=29390"}],"curies":[{"name":"wp","href":"https:\/\/api.w.org\/{rel}","templated":true}]}}