{"id":29401,"date":"2023-11-13T11:37:47","date_gmt":"2023-11-13T10:37:47","guid":{"rendered":"https:\/\/valantabisuteria.com\/?post_type=product&#038;p=29401"},"modified":"2026-02-04T12:21:17","modified_gmt":"2026-02-04T11:21:17","slug":"pendientes-dorados-con-estrella-y-perla","status":"publish","type":"product","link":"https:\/\/www.valantabisuteria.com\/en\/product\/pendientes-dorados-con-estrella-y-perla\/","title":{"rendered":"Pendientes dorados con estrella y perla"},"content":{"rendered":"<p>Pendientes en acero dorado con pieza en forma de estrella y perla plana de r\u00edo<\/p>\n<p>Cierre tipo tuerca<\/p>\n<p>Medida: 3x1cm<\/p>\n","protected":false},"excerpt":{"rendered":"<p>Pendientes en acero dorado con pieza en forma de estrella y perla plana de r\u00edo.<\/p>\n<p>La bisuter\u00eda en acero es ideal para la mujer activa. Es duradera y ligera, perfecta para todas las aventuras que emprendas. Se complementa contigo y tu estilo de vida.<\/p>\n<p>Cierre tipo tuerca<\/p>\n<p>REF: DA22<\/p>\n<p><span style=\"color: #ffcc99;\">Atenci\u00f3n: La perla puede ser diferente en tama\u00f1o o color a la foto.<\/span><\/p>\n<p>Medida: 3x1cm<\/p>\n","protected":false},"featured_media":29402,"template":"","meta":{"_joinchat":[]},"product_brand":[],"product_cat":[149,181,183,154],"product_tag":[],"class_list":{"0":"post-29401","1":"product","2":"type-product","3":"status-publish","4":"has-post-thumbnail","6":"product_cat-davinia","7":"product_cat-novedades-temporada","8":"product_cat-pendientes-acero-dorado","9":"product_cat-pendientes","12":"first","13":"instock","14":"shipping-taxable","15":"purchasable","16":"product-type-simple"},"yoast_head":"<!-- This site is optimized with the Yoast SEO plugin v27.2 - https:\/\/yoast.com\/product\/yoast-seo-wordpress\/ -->\n<title>ComprarPendientes dorados con estrella y perla | Valanta Bisuter\u00eda<\/title>\n<meta name=\"robots\" content=\"index, follow, max-snippet:-1, max-image-preview:large, max-video-preview:-1\" \/>\n<link rel=\"canonical\" href=\"https:\/\/www.valantabisuteria.com\/product\/pendientes-dorados-con-estrella-y-perla\/\" \/>\n<meta property=\"og:locale\" content=\"en_US\" \/>\n<meta property=\"og:type\" content=\"article\" \/>\n<meta property=\"og:title\" content=\"ComprarPendientes dorados con estrella y perla | Valanta Bisuter\u00eda\" \/>\n<meta property=\"og:description\" content=\"Pendientes en acero dorado con pieza en forma de estrella y perla plana de r\u00edo.  La bisuter\u00eda en acero es ideal para la mujer activa. Es duradera y ligera, perfecta para todas las aventuras que emprendas. Se complementa contigo y tu estilo de vida.  Cierre tipo tuerca  REF: DA22  Atenci\u00f3n: La perla puede ser diferente en tama\u00f1o o color a la foto.  Medida: 3x1cm\" \/>\n<meta property=\"og:url\" content=\"https:\/\/www.valantabisuteria.com\/product\/pendientes-dorados-con-estrella-y-perla\/\" \/>\n<meta property=\"og:site_name\" content=\"Valanta Bisuter\u00eda\" \/>\n<meta property=\"article:modified_time\" content=\"2026-02-04T11:21:17+00:00\" \/>\n<meta property=\"og:image\" content=\"https:\/\/www.valantabisuteria.com\/wp-content\/uploads\/2023\/11\/Captura-de-pantalla-2023-09-24-111947.png\" \/>\n\t<meta property=\"og:image:width\" content=\"595\" \/>\n\t<meta property=\"og:image:height\" content=\"535\" \/>\n\t<meta property=\"og:image:type\" content=\"image\/png\" \/>\n<meta name=\"twitter:card\" content=\"summary_large_image\" \/>\n<meta name=\"twitter:label1\" content=\"Est. reading time\" \/>\n\t<meta name=\"twitter:data1\" content=\"1 minute\" \/>\n<script type=\"application\/ld+json\" class=\"yoast-schema-graph\">{\"@context\":\"https:\/\/schema.org\",\"@graph\":[{\"@type\":\"WebPage\",\"@id\":\"https:\/\/www.valantabisuteria.com\/product\/pendientes-dorados-con-estrella-y-perla\/\",\"url\":\"https:\/\/www.valantabisuteria.com\/product\/pendientes-dorados-con-estrella-y-perla\/\",\"name\":\"ComprarPendientes dorados con estrella y perla | Valanta Bisuter\u00eda\",\"isPartOf\":{\"@id\":\"https:\/\/www.valantabisuteria.com\/#website\"},\"primaryImageOfPage\":{\"@id\":\"https:\/\/www.valantabisuteria.com\/product\/pendientes-dorados-con-estrella-y-perla\/#primaryimage\"},\"image\":{\"@id\":\"https:\/\/www.valantabisuteria.com\/product\/pendientes-dorados-con-estrella-y-perla\/#primaryimage\"},\"thumbnailUrl\":\"https:\/\/www.valantabisuteria.com\/wp-content\/uploads\/2023\/11\/Captura-de-pantalla-2023-09-24-111947.png\",\"datePublished\":\"2023-11-13T10:37:47+00:00\",\"dateModified\":\"2026-02-04T11:21:17+00:00\",\"breadcrumb\":{\"@id\":\"https:\/\/www.valantabisuteria.com\/product\/pendientes-dorados-con-estrella-y-perla\/#breadcrumb\"},\"inLanguage\":\"en-US\",\"potentialAction\":[{\"@type\":\"ReadAction\",\"target\":[\"https:\/\/www.valantabisuteria.com\/product\/pendientes-dorados-con-estrella-y-perla\/\"]}]},{\"@type\":\"ImageObject\",\"inLanguage\":\"en-US\",\"@id\":\"https:\/\/www.valantabisuteria.com\/product\/pendientes-dorados-con-estrella-y-perla\/#primaryimage\",\"url\":\"https:\/\/www.valantabisuteria.com\/wp-content\/uploads\/2023\/11\/Captura-de-pantalla-2023-09-24-111947.png\",\"contentUrl\":\"https:\/\/www.valantabisuteria.com\/wp-content\/uploads\/2023\/11\/Captura-de-pantalla-2023-09-24-111947.png\",\"width\":595,\"height\":535,\"caption\":\"Pendientes en acero dorado con pieza en forma de estrella y perla plana de r\u00edo\"},{\"@type\":\"BreadcrumbList\",\"@id\":\"https:\/\/www.valantabisuteria.com\/product\/pendientes-dorados-con-estrella-y-perla\/#breadcrumb\",\"itemListElement\":[{\"@type\":\"ListItem\",\"position\":1,\"name\":\"Portada\",\"item\":\"https:\/\/www.valantabisuteria.com\/\"},{\"@type\":\"ListItem\",\"position\":2,\"name\":\"Tienda\",\"item\":\"https:\/\/www.valantabisuteria.com\/tienda\/\"},{\"@type\":\"ListItem\",\"position\":3,\"name\":\"Pendientes dorados con estrella y perla\"}]},{\"@type\":\"WebSite\",\"@id\":\"https:\/\/www.valantabisuteria.com\/#website\",\"url\":\"https:\/\/www.valantabisuteria.com\/\",\"name\":\"Valanta Bisuter\u00eda\",\"description\":\"Joyas y Bisuter\u00eda de calidad\",\"publisher\":{\"@id\":\"https:\/\/www.valantabisuteria.com\/#organization\"},\"alternateName\":\"Valanta Bisuter\u00eda\",\"potentialAction\":[{\"@type\":\"SearchAction\",\"target\":{\"@type\":\"EntryPoint\",\"urlTemplate\":\"https:\/\/www.valantabisuteria.com\/?s={search_term_string}\"},\"query-input\":{\"@type\":\"PropertyValueSpecification\",\"valueRequired\":true,\"valueName\":\"search_term_string\"}}],\"inLanguage\":\"en-US\"},{\"@type\":\"Organization\",\"@id\":\"https:\/\/www.valantabisuteria.com\/#organization\",\"name\":\"Valanta Bisuter\u00eda\",\"url\":\"https:\/\/www.valantabisuteria.com\/\",\"logo\":{\"@type\":\"ImageObject\",\"inLanguage\":\"en-US\",\"@id\":\"https:\/\/www.valantabisuteria.com\/#\/schema\/logo\/image\/\",\"url\":\"https:\/\/valantabisuteria.com\/wp-content\/uploads\/2023\/02\/Logo-07-b.png\",\"contentUrl\":\"https:\/\/valantabisuteria.com\/wp-content\/uploads\/2023\/02\/Logo-07-b.png\",\"width\":800,\"height\":238,\"caption\":\"Valanta Bisuter\u00eda\"},\"image\":{\"@id\":\"https:\/\/www.valantabisuteria.com\/#\/schema\/logo\/image\/\"},\"sameAs\":[\"https:\/\/www.instagram.com\/valantabisuteria\/\"]}]}<\/script>\n<!-- \/ Yoast SEO plugin. -->","yoast_head_json":{"title":"ComprarPendientes dorados con estrella y perla | Valanta Bisuter\u00eda","robots":{"index":"index","follow":"follow","max-snippet":"max-snippet:-1","max-image-preview":"max-image-preview:large","max-video-preview":"max-video-preview:-1"},"canonical":"https:\/\/www.valantabisuteria.com\/product\/pendientes-dorados-con-estrella-y-perla\/","og_locale":"en_US","og_type":"article","og_title":"ComprarPendientes dorados con estrella y perla | Valanta Bisuter\u00eda","og_description":"Pendientes en acero dorado con pieza en forma de estrella y perla plana de r\u00edo.  La bisuter\u00eda en acero es ideal para la mujer activa. Es duradera y ligera, perfecta para todas las aventuras que emprendas. Se complementa contigo y tu estilo de vida.  Cierre tipo tuerca  REF: DA22  Atenci\u00f3n: La perla puede ser diferente en tama\u00f1o o color a la foto.  Medida: 3x1cm","og_url":"https:\/\/www.valantabisuteria.com\/product\/pendientes-dorados-con-estrella-y-perla\/","og_site_name":"Valanta Bisuter\u00eda","article_modified_time":"2026-02-04T11:21:17+00:00","og_image":[{"width":595,"height":535,"url":"https:\/\/www.valantabisuteria.com\/wp-content\/uploads\/2023\/11\/Captura-de-pantalla-2023-09-24-111947.png","type":"image\/png"}],"twitter_card":"summary_large_image","twitter_misc":{"Est. reading time":"1 minute"},"schema":{"@context":"https:\/\/schema.org","@graph":[{"@type":"WebPage","@id":"https:\/\/www.valantabisuteria.com\/product\/pendientes-dorados-con-estrella-y-perla\/","url":"https:\/\/www.valantabisuteria.com\/product\/pendientes-dorados-con-estrella-y-perla\/","name":"ComprarPendientes dorados con estrella y perla | Valanta Bisuter\u00eda","isPartOf":{"@id":"https:\/\/www.valantabisuteria.com\/#website"},"primaryImageOfPage":{"@id":"https:\/\/www.valantabisuteria.com\/product\/pendientes-dorados-con-estrella-y-perla\/#primaryimage"},"image":{"@id":"https:\/\/www.valantabisuteria.com\/product\/pendientes-dorados-con-estrella-y-perla\/#primaryimage"},"thumbnailUrl":"https:\/\/www.valantabisuteria.com\/wp-content\/uploads\/2023\/11\/Captura-de-pantalla-2023-09-24-111947.png","datePublished":"2023-11-13T10:37:47+00:00","dateModified":"2026-02-04T11:21:17+00:00","breadcrumb":{"@id":"https:\/\/www.valantabisuteria.com\/product\/pendientes-dorados-con-estrella-y-perla\/#breadcrumb"},"inLanguage":"en-US","potentialAction":[{"@type":"ReadAction","target":["https:\/\/www.valantabisuteria.com\/product\/pendientes-dorados-con-estrella-y-perla\/"]}]},{"@type":"ImageObject","inLanguage":"en-US","@id":"https:\/\/www.valantabisuteria.com\/product\/pendientes-dorados-con-estrella-y-perla\/#primaryimage","url":"https:\/\/www.valantabisuteria.com\/wp-content\/uploads\/2023\/11\/Captura-de-pantalla-2023-09-24-111947.png","contentUrl":"https:\/\/www.valantabisuteria.com\/wp-content\/uploads\/2023\/11\/Captura-de-pantalla-2023-09-24-111947.png","width":595,"height":535,"caption":"Pendientes en acero dorado con pieza en forma de estrella y perla plana de r\u00edo"},{"@type":"BreadcrumbList","@id":"https:\/\/www.valantabisuteria.com\/product\/pendientes-dorados-con-estrella-y-perla\/#breadcrumb","itemListElement":[{"@type":"ListItem","position":1,"name":"Portada","item":"https:\/\/www.valantabisuteria.com\/"},{"@type":"ListItem","position":2,"name":"Tienda","item":"https:\/\/www.valantabisuteria.com\/tienda\/"},{"@type":"ListItem","position":3,"name":"Pendientes dorados con estrella y perla"}]},{"@type":"WebSite","@id":"https:\/\/www.valantabisuteria.com\/#website","url":"https:\/\/www.valantabisuteria.com\/","name":"Valanta Bisuter\u00eda","description":"Joyas y Bisuter\u00eda de calidad","publisher":{"@id":"https:\/\/www.valantabisuteria.com\/#organization"},"alternateName":"Valanta Bisuter\u00eda","potentialAction":[{"@type":"SearchAction","target":{"@type":"EntryPoint","urlTemplate":"https:\/\/www.valantabisuteria.com\/?s={search_term_string}"},"query-input":{"@type":"PropertyValueSpecification","valueRequired":true,"valueName":"search_term_string"}}],"inLanguage":"en-US"},{"@type":"Organization","@id":"https:\/\/www.valantabisuteria.com\/#organization","name":"Valanta Bisuter\u00eda","url":"https:\/\/www.valantabisuteria.com\/","logo":{"@type":"ImageObject","inLanguage":"en-US","@id":"https:\/\/www.valantabisuteria.com\/#\/schema\/logo\/image\/","url":"https:\/\/valantabisuteria.com\/wp-content\/uploads\/2023\/02\/Logo-07-b.png","contentUrl":"https:\/\/valantabisuteria.com\/wp-content\/uploads\/2023\/02\/Logo-07-b.png","width":800,"height":238,"caption":"Valanta Bisuter\u00eda"},"image":{"@id":"https:\/\/www.valantabisuteria.com\/#\/schema\/logo\/image\/"},"sameAs":["https:\/\/www.instagram.com\/valantabisuteria\/"]}]}},"_links":{"self":[{"href":"https:\/\/www.valantabisuteria.com\/en\/wp-json\/wp\/v2\/product\/29401","targetHints":{"allow":["GET"]}}],"collection":[{"href":"https:\/\/www.valantabisuteria.com\/en\/wp-json\/wp\/v2\/product"}],"about":[{"href":"https:\/\/www.valantabisuteria.com\/en\/wp-json\/wp\/v2\/types\/product"}],"wp:featuredmedia":[{"embeddable":true,"href":"https:\/\/www.valantabisuteria.com\/en\/wp-json\/wp\/v2\/media\/29402"}],"wp:attachment":[{"href":"https:\/\/www.valantabisuteria.com\/en\/wp-json\/wp\/v2\/media?parent=29401"}],"wp:term":[{"taxonomy":"product_brand","embeddable":true,"href":"https:\/\/www.valantabisuteria.com\/en\/wp-json\/wp\/v2\/product_brand?post=29401"},{"taxonomy":"product_cat","embeddable":true,"href":"https:\/\/www.valantabisuteria.com\/en\/wp-json\/wp\/v2\/product_cat?post=29401"},{"taxonomy":"product_tag","embeddable":true,"href":"https:\/\/www.valantabisuteria.com\/en\/wp-json\/wp\/v2\/product_tag?post=29401"}],"curies":[{"name":"wp","href":"https:\/\/api.w.org\/{rel}","templated":true}]}}