{"id":29410,"date":"2023-11-13T11:47:44","date_gmt":"2023-11-13T10:47:44","guid":{"rendered":"https:\/\/valantabisuteria.com\/?post_type=product&#038;p=29410"},"modified":"2025-12-22T09:55:57","modified_gmt":"2025-12-22T08:55:57","slug":"pulsera-acero-dorado-circonitas-negras","status":"publish","type":"product","link":"https:\/\/www.valantabisuteria.com\/en\/product\/pulsera-acero-dorado-circonitas-negras\/","title":{"rendered":"Pulsera acero dorado circonitas negras"},"content":{"rendered":"<p>Pulsera en acero dorado con cadena bolitas y adorno con circonio negro<\/p>\n<p>Medida total: 21cm (incluida la extensi\u00f3n)<\/p>\n<p>Para mu\u00f1ecas m\u00e1s bien peque\u00f1as<\/p>\n<p>REF: DA23<\/p>\n","protected":false},"excerpt":{"rendered":"<p>Pulsera en acero dorado con cadena bolitas y adorno con circonitas negras<\/p>\n<p>Medida total: 21cm (incluida la extensi\u00f3n)<\/p>\n<p>La bisuter\u00eda en acero refleja la fortaleza de quien la lleva, esta pulsera, s\u00edmbolo de valent\u00eda, te elige para que puedas brillar con tu propia luz.<\/p>\n<p>Para mu\u00f1ecas m\u00e1s bien peque\u00f1as<\/p>\n<p>REF: DA23<\/p>\n","protected":false},"featured_media":29411,"template":"","meta":{"_joinchat":[]},"product_brand":[],"product_cat":[149,195,155],"product_tag":[],"class_list":{"0":"post-29410","1":"product","2":"type-product","3":"status-publish","4":"has-post-thumbnail","6":"product_cat-davinia","7":"product_cat-outlet-exclusivo","8":"product_cat-pulseras","11":"first","12":"instock","13":"sale","14":"shipping-taxable","15":"purchasable","16":"product-type-simple"},"yoast_head":"<!-- This site is optimized with the Yoast SEO plugin v27.2 - https:\/\/yoast.com\/product\/yoast-seo-wordpress\/ -->\n<title>ComprarPulsera acero dorado circonitas negras | Valanta Bisuter\u00eda<\/title>\n<meta name=\"robots\" content=\"index, follow, max-snippet:-1, max-image-preview:large, max-video-preview:-1\" \/>\n<link rel=\"canonical\" href=\"https:\/\/www.valantabisuteria.com\/product\/pulsera-acero-dorado-circonitas-negras\/\" \/>\n<meta property=\"og:locale\" content=\"en_US\" \/>\n<meta property=\"og:type\" content=\"article\" \/>\n<meta property=\"og:title\" content=\"ComprarPulsera acero dorado circonitas negras | Valanta Bisuter\u00eda\" \/>\n<meta property=\"og:description\" content=\"Pulsera en acero dorado con cadena bolitas y adorno con circonitas negras  Medida total: 21cm (incluida la extensi\u00f3n)  La bisuter\u00eda en acero refleja la fortaleza de quien la lleva, esta pulsera, s\u00edmbolo de valent\u00eda, te elige para que puedas brillar con tu propia luz.  Para mu\u00f1ecas m\u00e1s bien peque\u00f1as  REF: DA23\" \/>\n<meta property=\"og:url\" content=\"https:\/\/www.valantabisuteria.com\/product\/pulsera-acero-dorado-circonitas-negras\/\" \/>\n<meta property=\"og:site_name\" content=\"Valanta Bisuter\u00eda\" \/>\n<meta property=\"article:modified_time\" content=\"2025-12-22T08:55:57+00:00\" \/>\n<meta property=\"og:image\" content=\"https:\/\/www.valantabisuteria.com\/wp-content\/uploads\/2023\/11\/Captura-de-pantalla-2023-09-24-111837.png\" \/>\n\t<meta property=\"og:image:width\" content=\"604\" \/>\n\t<meta property=\"og:image:height\" content=\"330\" \/>\n\t<meta property=\"og:image:type\" content=\"image\/png\" \/>\n<meta name=\"twitter:card\" content=\"summary_large_image\" \/>\n<meta name=\"twitter:label1\" content=\"Est. reading time\" \/>\n\t<meta name=\"twitter:data1\" content=\"1 minute\" \/>\n<script type=\"application\/ld+json\" class=\"yoast-schema-graph\">{\"@context\":\"https:\/\/schema.org\",\"@graph\":[{\"@type\":\"WebPage\",\"@id\":\"https:\/\/www.valantabisuteria.com\/product\/pulsera-acero-dorado-circonitas-negras\/\",\"url\":\"https:\/\/www.valantabisuteria.com\/product\/pulsera-acero-dorado-circonitas-negras\/\",\"name\":\"ComprarPulsera acero dorado circonitas negras | Valanta Bisuter\u00eda\",\"isPartOf\":{\"@id\":\"https:\/\/www.valantabisuteria.com\/#website\"},\"primaryImageOfPage\":{\"@id\":\"https:\/\/www.valantabisuteria.com\/product\/pulsera-acero-dorado-circonitas-negras\/#primaryimage\"},\"image\":{\"@id\":\"https:\/\/www.valantabisuteria.com\/product\/pulsera-acero-dorado-circonitas-negras\/#primaryimage\"},\"thumbnailUrl\":\"https:\/\/www.valantabisuteria.com\/wp-content\/uploads\/2023\/11\/Captura-de-pantalla-2023-09-24-111837.png\",\"datePublished\":\"2023-11-13T10:47:44+00:00\",\"dateModified\":\"2025-12-22T08:55:57+00:00\",\"breadcrumb\":{\"@id\":\"https:\/\/www.valantabisuteria.com\/product\/pulsera-acero-dorado-circonitas-negras\/#breadcrumb\"},\"inLanguage\":\"en-US\",\"potentialAction\":[{\"@type\":\"ReadAction\",\"target\":[\"https:\/\/www.valantabisuteria.com\/product\/pulsera-acero-dorado-circonitas-negras\/\"]}]},{\"@type\":\"ImageObject\",\"inLanguage\":\"en-US\",\"@id\":\"https:\/\/www.valantabisuteria.com\/product\/pulsera-acero-dorado-circonitas-negras\/#primaryimage\",\"url\":\"https:\/\/www.valantabisuteria.com\/wp-content\/uploads\/2023\/11\/Captura-de-pantalla-2023-09-24-111837.png\",\"contentUrl\":\"https:\/\/www.valantabisuteria.com\/wp-content\/uploads\/2023\/11\/Captura-de-pantalla-2023-09-24-111837.png\",\"width\":604,\"height\":330,\"caption\":\"Pulsera en acero dorado con cadena bolitas y adorno con circonio negro\"},{\"@type\":\"BreadcrumbList\",\"@id\":\"https:\/\/www.valantabisuteria.com\/product\/pulsera-acero-dorado-circonitas-negras\/#breadcrumb\",\"itemListElement\":[{\"@type\":\"ListItem\",\"position\":1,\"name\":\"Portada\",\"item\":\"https:\/\/www.valantabisuteria.com\/\"},{\"@type\":\"ListItem\",\"position\":2,\"name\":\"Tienda\",\"item\":\"https:\/\/www.valantabisuteria.com\/tienda\/\"},{\"@type\":\"ListItem\",\"position\":3,\"name\":\"Pulsera acero dorado circonitas negras\"}]},{\"@type\":\"WebSite\",\"@id\":\"https:\/\/www.valantabisuteria.com\/#website\",\"url\":\"https:\/\/www.valantabisuteria.com\/\",\"name\":\"Valanta Bisuter\u00eda\",\"description\":\"Joyas y Bisuter\u00eda de calidad\",\"publisher\":{\"@id\":\"https:\/\/www.valantabisuteria.com\/#organization\"},\"alternateName\":\"Valanta Bisuter\u00eda\",\"potentialAction\":[{\"@type\":\"SearchAction\",\"target\":{\"@type\":\"EntryPoint\",\"urlTemplate\":\"https:\/\/www.valantabisuteria.com\/?s={search_term_string}\"},\"query-input\":{\"@type\":\"PropertyValueSpecification\",\"valueRequired\":true,\"valueName\":\"search_term_string\"}}],\"inLanguage\":\"en-US\"},{\"@type\":\"Organization\",\"@id\":\"https:\/\/www.valantabisuteria.com\/#organization\",\"name\":\"Valanta Bisuter\u00eda\",\"url\":\"https:\/\/www.valantabisuteria.com\/\",\"logo\":{\"@type\":\"ImageObject\",\"inLanguage\":\"en-US\",\"@id\":\"https:\/\/www.valantabisuteria.com\/#\/schema\/logo\/image\/\",\"url\":\"https:\/\/valantabisuteria.com\/wp-content\/uploads\/2023\/02\/Logo-07-b.png\",\"contentUrl\":\"https:\/\/valantabisuteria.com\/wp-content\/uploads\/2023\/02\/Logo-07-b.png\",\"width\":800,\"height\":238,\"caption\":\"Valanta Bisuter\u00eda\"},\"image\":{\"@id\":\"https:\/\/www.valantabisuteria.com\/#\/schema\/logo\/image\/\"},\"sameAs\":[\"https:\/\/www.instagram.com\/valantabisuteria\/\"]}]}<\/script>\n<!-- \/ Yoast SEO plugin. -->","yoast_head_json":{"title":"ComprarPulsera acero dorado circonitas negras | Valanta Bisuter\u00eda","robots":{"index":"index","follow":"follow","max-snippet":"max-snippet:-1","max-image-preview":"max-image-preview:large","max-video-preview":"max-video-preview:-1"},"canonical":"https:\/\/www.valantabisuteria.com\/product\/pulsera-acero-dorado-circonitas-negras\/","og_locale":"en_US","og_type":"article","og_title":"ComprarPulsera acero dorado circonitas negras | Valanta Bisuter\u00eda","og_description":"Pulsera en acero dorado con cadena bolitas y adorno con circonitas negras  Medida total: 21cm (incluida la extensi\u00f3n)  La bisuter\u00eda en acero refleja la fortaleza de quien la lleva, esta pulsera, s\u00edmbolo de valent\u00eda, te elige para que puedas brillar con tu propia luz.  Para mu\u00f1ecas m\u00e1s bien peque\u00f1as  REF: DA23","og_url":"https:\/\/www.valantabisuteria.com\/product\/pulsera-acero-dorado-circonitas-negras\/","og_site_name":"Valanta Bisuter\u00eda","article_modified_time":"2025-12-22T08:55:57+00:00","og_image":[{"width":604,"height":330,"url":"https:\/\/www.valantabisuteria.com\/wp-content\/uploads\/2023\/11\/Captura-de-pantalla-2023-09-24-111837.png","type":"image\/png"}],"twitter_card":"summary_large_image","twitter_misc":{"Est. reading time":"1 minute"},"schema":{"@context":"https:\/\/schema.org","@graph":[{"@type":"WebPage","@id":"https:\/\/www.valantabisuteria.com\/product\/pulsera-acero-dorado-circonitas-negras\/","url":"https:\/\/www.valantabisuteria.com\/product\/pulsera-acero-dorado-circonitas-negras\/","name":"ComprarPulsera acero dorado circonitas negras | Valanta Bisuter\u00eda","isPartOf":{"@id":"https:\/\/www.valantabisuteria.com\/#website"},"primaryImageOfPage":{"@id":"https:\/\/www.valantabisuteria.com\/product\/pulsera-acero-dorado-circonitas-negras\/#primaryimage"},"image":{"@id":"https:\/\/www.valantabisuteria.com\/product\/pulsera-acero-dorado-circonitas-negras\/#primaryimage"},"thumbnailUrl":"https:\/\/www.valantabisuteria.com\/wp-content\/uploads\/2023\/11\/Captura-de-pantalla-2023-09-24-111837.png","datePublished":"2023-11-13T10:47:44+00:00","dateModified":"2025-12-22T08:55:57+00:00","breadcrumb":{"@id":"https:\/\/www.valantabisuteria.com\/product\/pulsera-acero-dorado-circonitas-negras\/#breadcrumb"},"inLanguage":"en-US","potentialAction":[{"@type":"ReadAction","target":["https:\/\/www.valantabisuteria.com\/product\/pulsera-acero-dorado-circonitas-negras\/"]}]},{"@type":"ImageObject","inLanguage":"en-US","@id":"https:\/\/www.valantabisuteria.com\/product\/pulsera-acero-dorado-circonitas-negras\/#primaryimage","url":"https:\/\/www.valantabisuteria.com\/wp-content\/uploads\/2023\/11\/Captura-de-pantalla-2023-09-24-111837.png","contentUrl":"https:\/\/www.valantabisuteria.com\/wp-content\/uploads\/2023\/11\/Captura-de-pantalla-2023-09-24-111837.png","width":604,"height":330,"caption":"Pulsera en acero dorado con cadena bolitas y adorno con circonio negro"},{"@type":"BreadcrumbList","@id":"https:\/\/www.valantabisuteria.com\/product\/pulsera-acero-dorado-circonitas-negras\/#breadcrumb","itemListElement":[{"@type":"ListItem","position":1,"name":"Portada","item":"https:\/\/www.valantabisuteria.com\/"},{"@type":"ListItem","position":2,"name":"Tienda","item":"https:\/\/www.valantabisuteria.com\/tienda\/"},{"@type":"ListItem","position":3,"name":"Pulsera acero dorado circonitas negras"}]},{"@type":"WebSite","@id":"https:\/\/www.valantabisuteria.com\/#website","url":"https:\/\/www.valantabisuteria.com\/","name":"Valanta Bisuter\u00eda","description":"Joyas y Bisuter\u00eda de calidad","publisher":{"@id":"https:\/\/www.valantabisuteria.com\/#organization"},"alternateName":"Valanta Bisuter\u00eda","potentialAction":[{"@type":"SearchAction","target":{"@type":"EntryPoint","urlTemplate":"https:\/\/www.valantabisuteria.com\/?s={search_term_string}"},"query-input":{"@type":"PropertyValueSpecification","valueRequired":true,"valueName":"search_term_string"}}],"inLanguage":"en-US"},{"@type":"Organization","@id":"https:\/\/www.valantabisuteria.com\/#organization","name":"Valanta Bisuter\u00eda","url":"https:\/\/www.valantabisuteria.com\/","logo":{"@type":"ImageObject","inLanguage":"en-US","@id":"https:\/\/www.valantabisuteria.com\/#\/schema\/logo\/image\/","url":"https:\/\/valantabisuteria.com\/wp-content\/uploads\/2023\/02\/Logo-07-b.png","contentUrl":"https:\/\/valantabisuteria.com\/wp-content\/uploads\/2023\/02\/Logo-07-b.png","width":800,"height":238,"caption":"Valanta Bisuter\u00eda"},"image":{"@id":"https:\/\/www.valantabisuteria.com\/#\/schema\/logo\/image\/"},"sameAs":["https:\/\/www.instagram.com\/valantabisuteria\/"]}]}},"_links":{"self":[{"href":"https:\/\/www.valantabisuteria.com\/en\/wp-json\/wp\/v2\/product\/29410","targetHints":{"allow":["GET"]}}],"collection":[{"href":"https:\/\/www.valantabisuteria.com\/en\/wp-json\/wp\/v2\/product"}],"about":[{"href":"https:\/\/www.valantabisuteria.com\/en\/wp-json\/wp\/v2\/types\/product"}],"wp:featuredmedia":[{"embeddable":true,"href":"https:\/\/www.valantabisuteria.com\/en\/wp-json\/wp\/v2\/media\/29411"}],"wp:attachment":[{"href":"https:\/\/www.valantabisuteria.com\/en\/wp-json\/wp\/v2\/media?parent=29410"}],"wp:term":[{"taxonomy":"product_brand","embeddable":true,"href":"https:\/\/www.valantabisuteria.com\/en\/wp-json\/wp\/v2\/product_brand?post=29410"},{"taxonomy":"product_cat","embeddable":true,"href":"https:\/\/www.valantabisuteria.com\/en\/wp-json\/wp\/v2\/product_cat?post=29410"},{"taxonomy":"product_tag","embeddable":true,"href":"https:\/\/www.valantabisuteria.com\/en\/wp-json\/wp\/v2\/product_tag?post=29410"}],"curies":[{"name":"wp","href":"https:\/\/api.w.org\/{rel}","templated":true}]}}