{"id":29445,"date":"2024-01-07T19:36:10","date_gmt":"2024-01-07T18:36:10","guid":{"rendered":"https:\/\/valantabisuteria.com\/?post_type=product&#038;p=29445"},"modified":"2025-10-29T11:54:42","modified_gmt":"2025-10-29T10:54:42","slug":"pendientes-pequenos-circonita-azul-circonio-transparente-plata","status":"publish","type":"product","link":"https:\/\/www.valantabisuteria.com\/en\/product\/pendientes-pequenos-circonita-azul-circonio-transparente-plata\/","title":{"rendered":"Pendientes plata peque\u00f1os circonita azul"},"content":{"rendered":"<p>Pendientes peque\u00f1os con circonita ovalada color azul y circonitas blancas<\/p>\n<p>REF: MN27<\/p>\n<p>Medida: 0,8&#215;0,6cm<\/p>\n","protected":false},"excerpt":{"rendered":"<p>&nbsp;<\/p>\n<p>Pendientes en plata tama\u00f1o peque\u00f1o con circonita ovalada color azul y circonitas blancas.<\/p>\n<p>La plata, con su brillo sutil, irradia sofisticaci\u00f3n. Al llevar estos pendientes te sientes cada d\u00eda especial y tu confianza brilla tanto como la joya que llevas puesta.<\/p>\n<p>Medida: 0,8&#215;0,6cm<\/p>\n<p>Material: plata y cristal circonita<\/p>\n","protected":false},"featured_media":29446,"template":"","meta":{"_joinchat":[]},"product_brand":[],"product_cat":[165,198],"product_tag":[],"class_list":{"0":"post-29445","1":"product","2":"type-product","3":"status-publish","4":"has-post-thumbnail","6":"product_cat-mujer-valanta","7":"product_cat-pendientes-plata","10":"first","11":"instock","12":"shipping-taxable","13":"purchasable","14":"product-type-simple"},"yoast_head":"<!-- This site is optimized with the Yoast SEO plugin v27.2 - https:\/\/yoast.com\/product\/yoast-seo-wordpress\/ -->\n<title>ComprarPendientes plata peque\u00f1os circonita azul | Valanta Bisuter\u00eda<\/title>\n<meta name=\"description\" content=\"La tendencia del minimalismo se enfoca en piezas m\u00e1s personalizadas y con dise\u00f1os que reflejen la personalidad de la mujer\" \/>\n<meta name=\"robots\" content=\"index, follow, max-snippet:-1, max-image-preview:large, max-video-preview:-1\" \/>\n<link rel=\"canonical\" href=\"https:\/\/www.valantabisuteria.com\/product\/pendientes-pequenos-circonita-azul-circonio-transparente-plata\/\" \/>\n<meta property=\"og:locale\" content=\"en_US\" \/>\n<meta property=\"og:type\" content=\"article\" \/>\n<meta property=\"og:title\" content=\"ComprarPendientes plata peque\u00f1os circonita azul | Valanta Bisuter\u00eda\" \/>\n<meta property=\"og:description\" content=\"La tendencia del minimalismo se enfoca en piezas m\u00e1s personalizadas y con dise\u00f1os que reflejen la personalidad de la mujer\" \/>\n<meta property=\"og:url\" content=\"https:\/\/www.valantabisuteria.com\/product\/pendientes-pequenos-circonita-azul-circonio-transparente-plata\/\" \/>\n<meta property=\"og:site_name\" content=\"Valanta Bisuter\u00eda\" \/>\n<meta property=\"article:modified_time\" content=\"2025-10-29T10:54:42+00:00\" \/>\n<meta property=\"og:image\" content=\"https:\/\/www.valantabisuteria.com\/wp-content\/uploads\/2024\/01\/Captura-de-pantalla-2024-01-07-192621.png\" \/>\n\t<meta property=\"og:image:width\" content=\"526\" \/>\n\t<meta property=\"og:image:height\" content=\"322\" \/>\n\t<meta property=\"og:image:type\" content=\"image\/png\" \/>\n<meta name=\"twitter:card\" content=\"summary_large_image\" \/>\n<meta name=\"twitter:label1\" content=\"Est. reading time\" \/>\n\t<meta name=\"twitter:data1\" content=\"1 minute\" \/>\n<script type=\"application\/ld+json\" class=\"yoast-schema-graph\">{\"@context\":\"https:\/\/schema.org\",\"@graph\":[{\"@type\":\"WebPage\",\"@id\":\"https:\/\/www.valantabisuteria.com\/product\/pendientes-pequenos-circonita-azul-circonio-transparente-plata\/\",\"url\":\"https:\/\/www.valantabisuteria.com\/product\/pendientes-pequenos-circonita-azul-circonio-transparente-plata\/\",\"name\":\"ComprarPendientes plata peque\u00f1os circonita azul | Valanta Bisuter\u00eda\",\"isPartOf\":{\"@id\":\"https:\/\/www.valantabisuteria.com\/#website\"},\"primaryImageOfPage\":{\"@id\":\"https:\/\/www.valantabisuteria.com\/product\/pendientes-pequenos-circonita-azul-circonio-transparente-plata\/#primaryimage\"},\"image\":{\"@id\":\"https:\/\/www.valantabisuteria.com\/product\/pendientes-pequenos-circonita-azul-circonio-transparente-plata\/#primaryimage\"},\"thumbnailUrl\":\"https:\/\/www.valantabisuteria.com\/wp-content\/uploads\/2024\/01\/Captura-de-pantalla-2024-01-07-192621.png\",\"datePublished\":\"2024-01-07T18:36:10+00:00\",\"dateModified\":\"2025-10-29T10:54:42+00:00\",\"description\":\"La tendencia del minimalismo se enfoca en piezas m\u00e1s personalizadas y con dise\u00f1os que reflejen la personalidad de la mujer\",\"breadcrumb\":{\"@id\":\"https:\/\/www.valantabisuteria.com\/product\/pendientes-pequenos-circonita-azul-circonio-transparente-plata\/#breadcrumb\"},\"inLanguage\":\"en-US\",\"potentialAction\":[{\"@type\":\"ReadAction\",\"target\":[\"https:\/\/www.valantabisuteria.com\/product\/pendientes-pequenos-circonita-azul-circonio-transparente-plata\/\"]}]},{\"@type\":\"ImageObject\",\"inLanguage\":\"en-US\",\"@id\":\"https:\/\/www.valantabisuteria.com\/product\/pendientes-pequenos-circonita-azul-circonio-transparente-plata\/#primaryimage\",\"url\":\"https:\/\/www.valantabisuteria.com\/wp-content\/uploads\/2024\/01\/Captura-de-pantalla-2024-01-07-192621.png\",\"contentUrl\":\"https:\/\/www.valantabisuteria.com\/wp-content\/uploads\/2024\/01\/Captura-de-pantalla-2024-01-07-192621.png\",\"width\":526,\"height\":322,\"caption\":\"Pendientes peque\u00f1os en plata con circonita azul\"},{\"@type\":\"BreadcrumbList\",\"@id\":\"https:\/\/www.valantabisuteria.com\/product\/pendientes-pequenos-circonita-azul-circonio-transparente-plata\/#breadcrumb\",\"itemListElement\":[{\"@type\":\"ListItem\",\"position\":1,\"name\":\"Portada\",\"item\":\"https:\/\/www.valantabisuteria.com\/\"},{\"@type\":\"ListItem\",\"position\":2,\"name\":\"Tienda\",\"item\":\"https:\/\/www.valantabisuteria.com\/tienda\/\"},{\"@type\":\"ListItem\",\"position\":3,\"name\":\"Pendientes plata peque\u00f1os circonita azul\"}]},{\"@type\":\"WebSite\",\"@id\":\"https:\/\/www.valantabisuteria.com\/#website\",\"url\":\"https:\/\/www.valantabisuteria.com\/\",\"name\":\"Valanta Bisuter\u00eda\",\"description\":\"Joyas y Bisuter\u00eda de calidad\",\"publisher\":{\"@id\":\"https:\/\/www.valantabisuteria.com\/#organization\"},\"alternateName\":\"Valanta Bisuter\u00eda\",\"potentialAction\":[{\"@type\":\"SearchAction\",\"target\":{\"@type\":\"EntryPoint\",\"urlTemplate\":\"https:\/\/www.valantabisuteria.com\/?s={search_term_string}\"},\"query-input\":{\"@type\":\"PropertyValueSpecification\",\"valueRequired\":true,\"valueName\":\"search_term_string\"}}],\"inLanguage\":\"en-US\"},{\"@type\":\"Organization\",\"@id\":\"https:\/\/www.valantabisuteria.com\/#organization\",\"name\":\"Valanta Bisuter\u00eda\",\"url\":\"https:\/\/www.valantabisuteria.com\/\",\"logo\":{\"@type\":\"ImageObject\",\"inLanguage\":\"en-US\",\"@id\":\"https:\/\/www.valantabisuteria.com\/#\/schema\/logo\/image\/\",\"url\":\"https:\/\/valantabisuteria.com\/wp-content\/uploads\/2023\/02\/Logo-07-b.png\",\"contentUrl\":\"https:\/\/valantabisuteria.com\/wp-content\/uploads\/2023\/02\/Logo-07-b.png\",\"width\":800,\"height\":238,\"caption\":\"Valanta Bisuter\u00eda\"},\"image\":{\"@id\":\"https:\/\/www.valantabisuteria.com\/#\/schema\/logo\/image\/\"},\"sameAs\":[\"https:\/\/www.instagram.com\/valantabisuteria\/\"]}]}<\/script>\n<!-- \/ Yoast SEO plugin. -->","yoast_head_json":{"title":"ComprarPendientes plata peque\u00f1os circonita azul | Valanta Bisuter\u00eda","description":"La tendencia del minimalismo se enfoca en piezas m\u00e1s personalizadas y con dise\u00f1os que reflejen la personalidad de la mujer","robots":{"index":"index","follow":"follow","max-snippet":"max-snippet:-1","max-image-preview":"max-image-preview:large","max-video-preview":"max-video-preview:-1"},"canonical":"https:\/\/www.valantabisuteria.com\/product\/pendientes-pequenos-circonita-azul-circonio-transparente-plata\/","og_locale":"en_US","og_type":"article","og_title":"ComprarPendientes plata peque\u00f1os circonita azul | Valanta Bisuter\u00eda","og_description":"La tendencia del minimalismo se enfoca en piezas m\u00e1s personalizadas y con dise\u00f1os que reflejen la personalidad de la mujer","og_url":"https:\/\/www.valantabisuteria.com\/product\/pendientes-pequenos-circonita-azul-circonio-transparente-plata\/","og_site_name":"Valanta Bisuter\u00eda","article_modified_time":"2025-10-29T10:54:42+00:00","og_image":[{"width":526,"height":322,"url":"https:\/\/www.valantabisuteria.com\/wp-content\/uploads\/2024\/01\/Captura-de-pantalla-2024-01-07-192621.png","type":"image\/png"}],"twitter_card":"summary_large_image","twitter_misc":{"Est. reading time":"1 minute"},"schema":{"@context":"https:\/\/schema.org","@graph":[{"@type":"WebPage","@id":"https:\/\/www.valantabisuteria.com\/product\/pendientes-pequenos-circonita-azul-circonio-transparente-plata\/","url":"https:\/\/www.valantabisuteria.com\/product\/pendientes-pequenos-circonita-azul-circonio-transparente-plata\/","name":"ComprarPendientes plata peque\u00f1os circonita azul | Valanta Bisuter\u00eda","isPartOf":{"@id":"https:\/\/www.valantabisuteria.com\/#website"},"primaryImageOfPage":{"@id":"https:\/\/www.valantabisuteria.com\/product\/pendientes-pequenos-circonita-azul-circonio-transparente-plata\/#primaryimage"},"image":{"@id":"https:\/\/www.valantabisuteria.com\/product\/pendientes-pequenos-circonita-azul-circonio-transparente-plata\/#primaryimage"},"thumbnailUrl":"https:\/\/www.valantabisuteria.com\/wp-content\/uploads\/2024\/01\/Captura-de-pantalla-2024-01-07-192621.png","datePublished":"2024-01-07T18:36:10+00:00","dateModified":"2025-10-29T10:54:42+00:00","description":"La tendencia del minimalismo se enfoca en piezas m\u00e1s personalizadas y con dise\u00f1os que reflejen la personalidad de la mujer","breadcrumb":{"@id":"https:\/\/www.valantabisuteria.com\/product\/pendientes-pequenos-circonita-azul-circonio-transparente-plata\/#breadcrumb"},"inLanguage":"en-US","potentialAction":[{"@type":"ReadAction","target":["https:\/\/www.valantabisuteria.com\/product\/pendientes-pequenos-circonita-azul-circonio-transparente-plata\/"]}]},{"@type":"ImageObject","inLanguage":"en-US","@id":"https:\/\/www.valantabisuteria.com\/product\/pendientes-pequenos-circonita-azul-circonio-transparente-plata\/#primaryimage","url":"https:\/\/www.valantabisuteria.com\/wp-content\/uploads\/2024\/01\/Captura-de-pantalla-2024-01-07-192621.png","contentUrl":"https:\/\/www.valantabisuteria.com\/wp-content\/uploads\/2024\/01\/Captura-de-pantalla-2024-01-07-192621.png","width":526,"height":322,"caption":"Pendientes peque\u00f1os en plata con circonita azul"},{"@type":"BreadcrumbList","@id":"https:\/\/www.valantabisuteria.com\/product\/pendientes-pequenos-circonita-azul-circonio-transparente-plata\/#breadcrumb","itemListElement":[{"@type":"ListItem","position":1,"name":"Portada","item":"https:\/\/www.valantabisuteria.com\/"},{"@type":"ListItem","position":2,"name":"Tienda","item":"https:\/\/www.valantabisuteria.com\/tienda\/"},{"@type":"ListItem","position":3,"name":"Pendientes plata peque\u00f1os circonita azul"}]},{"@type":"WebSite","@id":"https:\/\/www.valantabisuteria.com\/#website","url":"https:\/\/www.valantabisuteria.com\/","name":"Valanta Bisuter\u00eda","description":"Joyas y Bisuter\u00eda de calidad","publisher":{"@id":"https:\/\/www.valantabisuteria.com\/#organization"},"alternateName":"Valanta Bisuter\u00eda","potentialAction":[{"@type":"SearchAction","target":{"@type":"EntryPoint","urlTemplate":"https:\/\/www.valantabisuteria.com\/?s={search_term_string}"},"query-input":{"@type":"PropertyValueSpecification","valueRequired":true,"valueName":"search_term_string"}}],"inLanguage":"en-US"},{"@type":"Organization","@id":"https:\/\/www.valantabisuteria.com\/#organization","name":"Valanta Bisuter\u00eda","url":"https:\/\/www.valantabisuteria.com\/","logo":{"@type":"ImageObject","inLanguage":"en-US","@id":"https:\/\/www.valantabisuteria.com\/#\/schema\/logo\/image\/","url":"https:\/\/valantabisuteria.com\/wp-content\/uploads\/2023\/02\/Logo-07-b.png","contentUrl":"https:\/\/valantabisuteria.com\/wp-content\/uploads\/2023\/02\/Logo-07-b.png","width":800,"height":238,"caption":"Valanta Bisuter\u00eda"},"image":{"@id":"https:\/\/www.valantabisuteria.com\/#\/schema\/logo\/image\/"},"sameAs":["https:\/\/www.instagram.com\/valantabisuteria\/"]}]}},"_links":{"self":[{"href":"https:\/\/www.valantabisuteria.com\/en\/wp-json\/wp\/v2\/product\/29445","targetHints":{"allow":["GET"]}}],"collection":[{"href":"https:\/\/www.valantabisuteria.com\/en\/wp-json\/wp\/v2\/product"}],"about":[{"href":"https:\/\/www.valantabisuteria.com\/en\/wp-json\/wp\/v2\/types\/product"}],"wp:featuredmedia":[{"embeddable":true,"href":"https:\/\/www.valantabisuteria.com\/en\/wp-json\/wp\/v2\/media\/29446"}],"wp:attachment":[{"href":"https:\/\/www.valantabisuteria.com\/en\/wp-json\/wp\/v2\/media?parent=29445"}],"wp:term":[{"taxonomy":"product_brand","embeddable":true,"href":"https:\/\/www.valantabisuteria.com\/en\/wp-json\/wp\/v2\/product_brand?post=29445"},{"taxonomy":"product_cat","embeddable":true,"href":"https:\/\/www.valantabisuteria.com\/en\/wp-json\/wp\/v2\/product_cat?post=29445"},{"taxonomy":"product_tag","embeddable":true,"href":"https:\/\/www.valantabisuteria.com\/en\/wp-json\/wp\/v2\/product_tag?post=29445"}],"curies":[{"name":"wp","href":"https:\/\/api.w.org\/{rel}","templated":true}]}}