{"id":29478,"date":"2024-02-17T19:14:53","date_gmt":"2024-02-17T18:14:53","guid":{"rendered":"https:\/\/valantabisuteria.com\/?post_type=product&#038;p=29478"},"modified":"2026-02-19T10:09:15","modified_gmt":"2026-02-19T09:09:15","slug":"pendientes-pequenos-acero-flor-de-loto","status":"publish","type":"product","link":"https:\/\/www.valantabisuteria.com\/en\/product\/pendientes-pequenos-acero-flor-de-loto\/","title":{"rendered":"Pendientes peque\u00f1os acero flor de loto"},"content":{"rendered":"<p>Pendientes peque\u00f1os en acero plateado en forma de flor de loto y cierre a presi\u00f3n<br \/>\nMedida: 0,5&#215;0,5cm<br \/>\nREF: EM3<\/p>\n","protected":false},"excerpt":{"rendered":"<p>&nbsp;<\/p>\n<p>Pendientes peque\u00f1os en acero dorado en forma de flor de loto y cierre a presi\u00f3n.<\/p>\n<p>Flor de loto s\u00edmbolo de renovaci\u00f3n. A\u00f1ade un toque espiritual a tu estilo de vida. Aprende a respirar con la ayuda de esta nueva colecci\u00f3n.<br \/>\nMedida: 0,5&#215;0,5cm<br \/>\nREF: EM3<\/p>\n","protected":false},"featured_media":29479,"template":"","meta":{"_joinchat":[]},"product_brand":[],"product_cat":[150,154],"product_tag":[],"class_list":{"0":"post-29478","1":"product","2":"type-product","3":"status-publish","4":"has-post-thumbnail","6":"product_cat-eliana","7":"product_cat-pendientes","10":"first","11":"instock","12":"shipping-taxable","13":"purchasable","14":"product-type-simple"},"yoast_head":"<!-- This site is optimized with the Yoast SEO plugin v27.2 - https:\/\/yoast.com\/product\/yoast-seo-wordpress\/ -->\n<title>ComprarPendientes peque\u00f1os acero flor de loto | Valanta Bisuter\u00eda<\/title>\n<meta name=\"description\" content=\"&quot;pendientes de acero&quot; &quot;loto&quot; &quot;joyer\u00eda moderna&quot; &quot;significado espiritual&quot; &quot;estilo elegante&quot;\" \/>\n<meta name=\"robots\" content=\"index, follow, max-snippet:-1, max-image-preview:large, max-video-preview:-1\" \/>\n<link rel=\"canonical\" href=\"https:\/\/www.valantabisuteria.com\/product\/pendientes-pequenos-acero-flor-de-loto\/\" \/>\n<meta property=\"og:locale\" content=\"en_US\" \/>\n<meta property=\"og:type\" content=\"article\" \/>\n<meta property=\"og:title\" content=\"ComprarPendientes peque\u00f1os acero flor de loto | Valanta Bisuter\u00eda\" \/>\n<meta property=\"og:description\" content=\"&quot;pendientes de acero&quot; &quot;loto&quot; &quot;joyer\u00eda moderna&quot; &quot;significado espiritual&quot; &quot;estilo elegante&quot;\" \/>\n<meta property=\"og:url\" content=\"https:\/\/www.valantabisuteria.com\/product\/pendientes-pequenos-acero-flor-de-loto\/\" \/>\n<meta property=\"og:site_name\" content=\"Valanta Bisuter\u00eda\" \/>\n<meta property=\"article:modified_time\" content=\"2026-02-19T09:09:15+00:00\" \/>\n<meta property=\"og:image\" content=\"https:\/\/www.valantabisuteria.com\/wp-content\/uploads\/2024\/02\/Captura-de-pantalla-2024-02-17-113735.png\" \/>\n\t<meta property=\"og:image:width\" content=\"499\" \/>\n\t<meta property=\"og:image:height\" content=\"424\" \/>\n\t<meta property=\"og:image:type\" content=\"image\/png\" \/>\n<meta name=\"twitter:card\" content=\"summary_large_image\" \/>\n<meta name=\"twitter:label1\" content=\"Est. reading time\" \/>\n\t<meta name=\"twitter:data1\" content=\"1 minute\" \/>\n<script type=\"application\/ld+json\" class=\"yoast-schema-graph\">{\"@context\":\"https:\/\/schema.org\",\"@graph\":[{\"@type\":\"WebPage\",\"@id\":\"https:\/\/www.valantabisuteria.com\/product\/pendientes-pequenos-acero-flor-de-loto\/\",\"url\":\"https:\/\/www.valantabisuteria.com\/product\/pendientes-pequenos-acero-flor-de-loto\/\",\"name\":\"ComprarPendientes peque\u00f1os acero flor de loto | Valanta Bisuter\u00eda\",\"isPartOf\":{\"@id\":\"https:\/\/www.valantabisuteria.com\/#website\"},\"primaryImageOfPage\":{\"@id\":\"https:\/\/www.valantabisuteria.com\/product\/pendientes-pequenos-acero-flor-de-loto\/#primaryimage\"},\"image\":{\"@id\":\"https:\/\/www.valantabisuteria.com\/product\/pendientes-pequenos-acero-flor-de-loto\/#primaryimage\"},\"thumbnailUrl\":\"https:\/\/www.valantabisuteria.com\/wp-content\/uploads\/2024\/02\/Captura-de-pantalla-2024-02-17-113735.png\",\"datePublished\":\"2024-02-17T18:14:53+00:00\",\"dateModified\":\"2026-02-19T09:09:15+00:00\",\"description\":\"\\\"pendientes de acero\\\" \\\"loto\\\" \\\"joyer\u00eda moderna\\\" \\\"significado espiritual\\\" \\\"estilo elegante\\\"\",\"breadcrumb\":{\"@id\":\"https:\/\/www.valantabisuteria.com\/product\/pendientes-pequenos-acero-flor-de-loto\/#breadcrumb\"},\"inLanguage\":\"en-US\",\"potentialAction\":[{\"@type\":\"ReadAction\",\"target\":[\"https:\/\/www.valantabisuteria.com\/product\/pendientes-pequenos-acero-flor-de-loto\/\"]}]},{\"@type\":\"ImageObject\",\"inLanguage\":\"en-US\",\"@id\":\"https:\/\/www.valantabisuteria.com\/product\/pendientes-pequenos-acero-flor-de-loto\/#primaryimage\",\"url\":\"https:\/\/www.valantabisuteria.com\/wp-content\/uploads\/2024\/02\/Captura-de-pantalla-2024-02-17-113735.png\",\"contentUrl\":\"https:\/\/www.valantabisuteria.com\/wp-content\/uploads\/2024\/02\/Captura-de-pantalla-2024-02-17-113735.png\",\"width\":499,\"height\":424,\"caption\":\"Pendientes de acero\"},{\"@type\":\"BreadcrumbList\",\"@id\":\"https:\/\/www.valantabisuteria.com\/product\/pendientes-pequenos-acero-flor-de-loto\/#breadcrumb\",\"itemListElement\":[{\"@type\":\"ListItem\",\"position\":1,\"name\":\"Portada\",\"item\":\"https:\/\/www.valantabisuteria.com\/\"},{\"@type\":\"ListItem\",\"position\":2,\"name\":\"Tienda\",\"item\":\"https:\/\/www.valantabisuteria.com\/tienda\/\"},{\"@type\":\"ListItem\",\"position\":3,\"name\":\"Pendientes peque\u00f1os acero flor de loto\"}]},{\"@type\":\"WebSite\",\"@id\":\"https:\/\/www.valantabisuteria.com\/#website\",\"url\":\"https:\/\/www.valantabisuteria.com\/\",\"name\":\"Valanta Bisuter\u00eda\",\"description\":\"Joyas y Bisuter\u00eda de calidad\",\"publisher\":{\"@id\":\"https:\/\/www.valantabisuteria.com\/#organization\"},\"alternateName\":\"Valanta Bisuter\u00eda\",\"potentialAction\":[{\"@type\":\"SearchAction\",\"target\":{\"@type\":\"EntryPoint\",\"urlTemplate\":\"https:\/\/www.valantabisuteria.com\/?s={search_term_string}\"},\"query-input\":{\"@type\":\"PropertyValueSpecification\",\"valueRequired\":true,\"valueName\":\"search_term_string\"}}],\"inLanguage\":\"en-US\"},{\"@type\":\"Organization\",\"@id\":\"https:\/\/www.valantabisuteria.com\/#organization\",\"name\":\"Valanta Bisuter\u00eda\",\"url\":\"https:\/\/www.valantabisuteria.com\/\",\"logo\":{\"@type\":\"ImageObject\",\"inLanguage\":\"en-US\",\"@id\":\"https:\/\/www.valantabisuteria.com\/#\/schema\/logo\/image\/\",\"url\":\"https:\/\/valantabisuteria.com\/wp-content\/uploads\/2023\/02\/Logo-07-b.png\",\"contentUrl\":\"https:\/\/valantabisuteria.com\/wp-content\/uploads\/2023\/02\/Logo-07-b.png\",\"width\":800,\"height\":238,\"caption\":\"Valanta Bisuter\u00eda\"},\"image\":{\"@id\":\"https:\/\/www.valantabisuteria.com\/#\/schema\/logo\/image\/\"},\"sameAs\":[\"https:\/\/www.instagram.com\/valantabisuteria\/\"]}]}<\/script>\n<!-- \/ Yoast SEO plugin. -->","yoast_head_json":{"title":"ComprarPendientes peque\u00f1os acero flor de loto | Valanta Bisuter\u00eda","description":"\"pendientes de acero\" \"loto\" \"joyer\u00eda moderna\" \"significado espiritual\" \"estilo elegante\"","robots":{"index":"index","follow":"follow","max-snippet":"max-snippet:-1","max-image-preview":"max-image-preview:large","max-video-preview":"max-video-preview:-1"},"canonical":"https:\/\/www.valantabisuteria.com\/product\/pendientes-pequenos-acero-flor-de-loto\/","og_locale":"en_US","og_type":"article","og_title":"ComprarPendientes peque\u00f1os acero flor de loto | Valanta Bisuter\u00eda","og_description":"\"pendientes de acero\" \"loto\" \"joyer\u00eda moderna\" \"significado espiritual\" \"estilo elegante\"","og_url":"https:\/\/www.valantabisuteria.com\/product\/pendientes-pequenos-acero-flor-de-loto\/","og_site_name":"Valanta Bisuter\u00eda","article_modified_time":"2026-02-19T09:09:15+00:00","og_image":[{"width":499,"height":424,"url":"https:\/\/www.valantabisuteria.com\/wp-content\/uploads\/2024\/02\/Captura-de-pantalla-2024-02-17-113735.png","type":"image\/png"}],"twitter_card":"summary_large_image","twitter_misc":{"Est. reading time":"1 minute"},"schema":{"@context":"https:\/\/schema.org","@graph":[{"@type":"WebPage","@id":"https:\/\/www.valantabisuteria.com\/product\/pendientes-pequenos-acero-flor-de-loto\/","url":"https:\/\/www.valantabisuteria.com\/product\/pendientes-pequenos-acero-flor-de-loto\/","name":"ComprarPendientes peque\u00f1os acero flor de loto | Valanta Bisuter\u00eda","isPartOf":{"@id":"https:\/\/www.valantabisuteria.com\/#website"},"primaryImageOfPage":{"@id":"https:\/\/www.valantabisuteria.com\/product\/pendientes-pequenos-acero-flor-de-loto\/#primaryimage"},"image":{"@id":"https:\/\/www.valantabisuteria.com\/product\/pendientes-pequenos-acero-flor-de-loto\/#primaryimage"},"thumbnailUrl":"https:\/\/www.valantabisuteria.com\/wp-content\/uploads\/2024\/02\/Captura-de-pantalla-2024-02-17-113735.png","datePublished":"2024-02-17T18:14:53+00:00","dateModified":"2026-02-19T09:09:15+00:00","description":"\"pendientes de acero\" \"loto\" \"joyer\u00eda moderna\" \"significado espiritual\" \"estilo elegante\"","breadcrumb":{"@id":"https:\/\/www.valantabisuteria.com\/product\/pendientes-pequenos-acero-flor-de-loto\/#breadcrumb"},"inLanguage":"en-US","potentialAction":[{"@type":"ReadAction","target":["https:\/\/www.valantabisuteria.com\/product\/pendientes-pequenos-acero-flor-de-loto\/"]}]},{"@type":"ImageObject","inLanguage":"en-US","@id":"https:\/\/www.valantabisuteria.com\/product\/pendientes-pequenos-acero-flor-de-loto\/#primaryimage","url":"https:\/\/www.valantabisuteria.com\/wp-content\/uploads\/2024\/02\/Captura-de-pantalla-2024-02-17-113735.png","contentUrl":"https:\/\/www.valantabisuteria.com\/wp-content\/uploads\/2024\/02\/Captura-de-pantalla-2024-02-17-113735.png","width":499,"height":424,"caption":"Pendientes de acero"},{"@type":"BreadcrumbList","@id":"https:\/\/www.valantabisuteria.com\/product\/pendientes-pequenos-acero-flor-de-loto\/#breadcrumb","itemListElement":[{"@type":"ListItem","position":1,"name":"Portada","item":"https:\/\/www.valantabisuteria.com\/"},{"@type":"ListItem","position":2,"name":"Tienda","item":"https:\/\/www.valantabisuteria.com\/tienda\/"},{"@type":"ListItem","position":3,"name":"Pendientes peque\u00f1os acero flor de loto"}]},{"@type":"WebSite","@id":"https:\/\/www.valantabisuteria.com\/#website","url":"https:\/\/www.valantabisuteria.com\/","name":"Valanta Bisuter\u00eda","description":"Joyas y Bisuter\u00eda de calidad","publisher":{"@id":"https:\/\/www.valantabisuteria.com\/#organization"},"alternateName":"Valanta Bisuter\u00eda","potentialAction":[{"@type":"SearchAction","target":{"@type":"EntryPoint","urlTemplate":"https:\/\/www.valantabisuteria.com\/?s={search_term_string}"},"query-input":{"@type":"PropertyValueSpecification","valueRequired":true,"valueName":"search_term_string"}}],"inLanguage":"en-US"},{"@type":"Organization","@id":"https:\/\/www.valantabisuteria.com\/#organization","name":"Valanta Bisuter\u00eda","url":"https:\/\/www.valantabisuteria.com\/","logo":{"@type":"ImageObject","inLanguage":"en-US","@id":"https:\/\/www.valantabisuteria.com\/#\/schema\/logo\/image\/","url":"https:\/\/valantabisuteria.com\/wp-content\/uploads\/2023\/02\/Logo-07-b.png","contentUrl":"https:\/\/valantabisuteria.com\/wp-content\/uploads\/2023\/02\/Logo-07-b.png","width":800,"height":238,"caption":"Valanta Bisuter\u00eda"},"image":{"@id":"https:\/\/www.valantabisuteria.com\/#\/schema\/logo\/image\/"},"sameAs":["https:\/\/www.instagram.com\/valantabisuteria\/"]}]}},"_links":{"self":[{"href":"https:\/\/www.valantabisuteria.com\/en\/wp-json\/wp\/v2\/product\/29478","targetHints":{"allow":["GET"]}}],"collection":[{"href":"https:\/\/www.valantabisuteria.com\/en\/wp-json\/wp\/v2\/product"}],"about":[{"href":"https:\/\/www.valantabisuteria.com\/en\/wp-json\/wp\/v2\/types\/product"}],"wp:featuredmedia":[{"embeddable":true,"href":"https:\/\/www.valantabisuteria.com\/en\/wp-json\/wp\/v2\/media\/29479"}],"wp:attachment":[{"href":"https:\/\/www.valantabisuteria.com\/en\/wp-json\/wp\/v2\/media?parent=29478"}],"wp:term":[{"taxonomy":"product_brand","embeddable":true,"href":"https:\/\/www.valantabisuteria.com\/en\/wp-json\/wp\/v2\/product_brand?post=29478"},{"taxonomy":"product_cat","embeddable":true,"href":"https:\/\/www.valantabisuteria.com\/en\/wp-json\/wp\/v2\/product_cat?post=29478"},{"taxonomy":"product_tag","embeddable":true,"href":"https:\/\/www.valantabisuteria.com\/en\/wp-json\/wp\/v2\/product_tag?post=29478"}],"curies":[{"name":"wp","href":"https:\/\/api.w.org\/{rel}","templated":true}]}}