{"id":29642,"date":"2024-08-08T19:00:18","date_gmt":"2024-08-08T17:00:18","guid":{"rendered":"https:\/\/valantabisuteria.com\/?post_type=product&#038;p=29642"},"modified":"2025-08-19T18:21:18","modified_gmt":"2025-08-19T16:21:18","slug":"pulsera-acero-adorno-patitas-perro-plateado-joya-solidaria","status":"publish","type":"product","link":"https:\/\/www.valantabisuteria.com\/en\/product\/pulsera-acero-adorno-patitas-perro-plateado-joya-solidaria\/","title":{"rendered":"Pulsera acero plateado con adorno patitas perro"},"content":{"rendered":"<p>Pulsera en acero plateado doble cadena con adorno camino patitas perro<\/p>\n<p>Medida: 18cm m\u00e1s extensi\u00f3n<\/p>\n","protected":false},"excerpt":{"rendered":"<p>Pulsera en acero plateado doble cadena con adorno camino patitas perro<\/p>\n<p>Medida: 18cm m\u00e1s extensi\u00f3n<\/p>\n<p>Belleza con prop\u00f3sito; cada joya de esta colecci\u00f3n no solo es una expresi\u00f3n de elegancia, sino que tambi\u00e9n representa un compromiso con el bienestar animal. Al usarlas, puedes llevar contigo un s\u00edmbolo de amor y protecci\u00f3n hacia aquellos que no tienen voz.<\/p>\n<p><strong>SUPER IMPORTANTE: Donaci\u00f3n del 10% del precio de venta a diferentes organizaciones sin \u00e1nimo de lucro para el cuidado, bienestar y protecci\u00f3n animal.<\/strong><br \/>\n<img decoding=\"async\" class=\"alignnone size-medium wp-image-28904\" src=\"https:\/\/valantabisuteria.com\/wp-content\/uploads\/2022\/12\/10perc-300x82.jpg\" alt=\"\" width=\"150px\" \/><\/p>\n","protected":false},"featured_media":29643,"template":"","meta":{"_joinchat":[]},"product_brand":[],"product_cat":[184,155,166],"product_tag":[],"class_list":{"0":"post-29642","1":"product","2":"type-product","3":"status-publish","4":"has-post-thumbnail","6":"product_cat-joya-solidaria","7":"product_cat-pulseras","8":"product_cat-valanta-solidaria","11":"first","12":"instock","13":"shipping-taxable","14":"purchasable","15":"product-type-simple"},"yoast_head":"<!-- This site is optimized with the Yoast SEO plugin v27.2 - https:\/\/yoast.com\/product\/yoast-seo-wordpress\/ -->\n<title>ComprarPulsera acero plateado con adorno patitas perro | Valanta Bisuter\u00eda<\/title>\n<meta name=\"robots\" content=\"index, follow, max-snippet:-1, max-image-preview:large, max-video-preview:-1\" \/>\n<link rel=\"canonical\" href=\"https:\/\/www.valantabisuteria.com\/product\/pulsera-acero-adorno-patitas-perro-plateado-joya-solidaria\/\" \/>\n<meta property=\"og:locale\" content=\"en_US\" \/>\n<meta property=\"og:type\" content=\"article\" \/>\n<meta property=\"og:title\" content=\"ComprarPulsera acero plateado con adorno patitas perro | Valanta Bisuter\u00eda\" \/>\n<meta property=\"og:description\" content=\"Pulsera en acero plateado doble cadena con adorno camino patitas perro  Medida: 18cm m\u00e1s extensi\u00f3n  Belleza con prop\u00f3sito; cada joya de esta colecci\u00f3n no solo es una expresi\u00f3n de elegancia, sino que tambi\u00e9n representa un compromiso con el bienestar animal. Al usarlas, puedes llevar contigo un s\u00edmbolo de amor y protecci\u00f3n hacia aquellos que no tienen voz.  SUPER IMPORTANTE: Donaci\u00f3n del 10% del precio de venta a diferentes organizaciones sin \u00e1nimo de lucro para el cuidado, bienestar y protecci\u00f3n animal.\" \/>\n<meta property=\"og:url\" content=\"https:\/\/www.valantabisuteria.com\/product\/pulsera-acero-adorno-patitas-perro-plateado-joya-solidaria\/\" \/>\n<meta property=\"og:site_name\" content=\"Valanta Bisuter\u00eda\" \/>\n<meta property=\"article:modified_time\" content=\"2025-08-19T16:21:18+00:00\" \/>\n<meta property=\"og:image\" content=\"https:\/\/www.valantabisuteria.com\/wp-content\/uploads\/2024\/08\/Captura-de-pantalla-2024-07-10-110504.jpg\" \/>\n\t<meta property=\"og:image:width\" content=\"589\" \/>\n\t<meta property=\"og:image:height\" content=\"457\" \/>\n\t<meta property=\"og:image:type\" content=\"image\/jpeg\" \/>\n<meta name=\"twitter:card\" content=\"summary_large_image\" \/>\n<meta name=\"twitter:label1\" content=\"Est. reading time\" \/>\n\t<meta name=\"twitter:data1\" content=\"1 minute\" \/>\n<script type=\"application\/ld+json\" class=\"yoast-schema-graph\">{\"@context\":\"https:\/\/schema.org\",\"@graph\":[{\"@type\":\"WebPage\",\"@id\":\"https:\/\/www.valantabisuteria.com\/product\/pulsera-acero-adorno-patitas-perro-plateado-joya-solidaria\/\",\"url\":\"https:\/\/www.valantabisuteria.com\/product\/pulsera-acero-adorno-patitas-perro-plateado-joya-solidaria\/\",\"name\":\"ComprarPulsera acero plateado con adorno patitas perro | Valanta Bisuter\u00eda\",\"isPartOf\":{\"@id\":\"https:\/\/www.valantabisuteria.com\/#website\"},\"primaryImageOfPage\":{\"@id\":\"https:\/\/www.valantabisuteria.com\/product\/pulsera-acero-adorno-patitas-perro-plateado-joya-solidaria\/#primaryimage\"},\"image\":{\"@id\":\"https:\/\/www.valantabisuteria.com\/product\/pulsera-acero-adorno-patitas-perro-plateado-joya-solidaria\/#primaryimage\"},\"thumbnailUrl\":\"https:\/\/www.valantabisuteria.com\/wp-content\/uploads\/2024\/08\/Captura-de-pantalla-2024-07-10-110504.jpg\",\"datePublished\":\"2024-08-08T17:00:18+00:00\",\"dateModified\":\"2025-08-19T16:21:18+00:00\",\"breadcrumb\":{\"@id\":\"https:\/\/www.valantabisuteria.com\/product\/pulsera-acero-adorno-patitas-perro-plateado-joya-solidaria\/#breadcrumb\"},\"inLanguage\":\"en-US\",\"potentialAction\":[{\"@type\":\"ReadAction\",\"target\":[\"https:\/\/www.valantabisuteria.com\/product\/pulsera-acero-adorno-patitas-perro-plateado-joya-solidaria\/\"]}]},{\"@type\":\"ImageObject\",\"inLanguage\":\"en-US\",\"@id\":\"https:\/\/www.valantabisuteria.com\/product\/pulsera-acero-adorno-patitas-perro-plateado-joya-solidaria\/#primaryimage\",\"url\":\"https:\/\/www.valantabisuteria.com\/wp-content\/uploads\/2024\/08\/Captura-de-pantalla-2024-07-10-110504.jpg\",\"contentUrl\":\"https:\/\/www.valantabisuteria.com\/wp-content\/uploads\/2024\/08\/Captura-de-pantalla-2024-07-10-110504.jpg\",\"width\":589,\"height\":457,\"caption\":\"Pulsera acero plateada patitas perro\"},{\"@type\":\"BreadcrumbList\",\"@id\":\"https:\/\/www.valantabisuteria.com\/product\/pulsera-acero-adorno-patitas-perro-plateado-joya-solidaria\/#breadcrumb\",\"itemListElement\":[{\"@type\":\"ListItem\",\"position\":1,\"name\":\"Portada\",\"item\":\"https:\/\/www.valantabisuteria.com\/\"},{\"@type\":\"ListItem\",\"position\":2,\"name\":\"Tienda\",\"item\":\"https:\/\/www.valantabisuteria.com\/tienda\/\"},{\"@type\":\"ListItem\",\"position\":3,\"name\":\"Pulsera acero plateado con adorno patitas perro\"}]},{\"@type\":\"WebSite\",\"@id\":\"https:\/\/www.valantabisuteria.com\/#website\",\"url\":\"https:\/\/www.valantabisuteria.com\/\",\"name\":\"Valanta Bisuter\u00eda\",\"description\":\"Joyas y Bisuter\u00eda de calidad\",\"publisher\":{\"@id\":\"https:\/\/www.valantabisuteria.com\/#organization\"},\"alternateName\":\"Valanta Bisuter\u00eda\",\"potentialAction\":[{\"@type\":\"SearchAction\",\"target\":{\"@type\":\"EntryPoint\",\"urlTemplate\":\"https:\/\/www.valantabisuteria.com\/?s={search_term_string}\"},\"query-input\":{\"@type\":\"PropertyValueSpecification\",\"valueRequired\":true,\"valueName\":\"search_term_string\"}}],\"inLanguage\":\"en-US\"},{\"@type\":\"Organization\",\"@id\":\"https:\/\/www.valantabisuteria.com\/#organization\",\"name\":\"Valanta Bisuter\u00eda\",\"url\":\"https:\/\/www.valantabisuteria.com\/\",\"logo\":{\"@type\":\"ImageObject\",\"inLanguage\":\"en-US\",\"@id\":\"https:\/\/www.valantabisuteria.com\/#\/schema\/logo\/image\/\",\"url\":\"https:\/\/valantabisuteria.com\/wp-content\/uploads\/2023\/02\/Logo-07-b.png\",\"contentUrl\":\"https:\/\/valantabisuteria.com\/wp-content\/uploads\/2023\/02\/Logo-07-b.png\",\"width\":800,\"height\":238,\"caption\":\"Valanta Bisuter\u00eda\"},\"image\":{\"@id\":\"https:\/\/www.valantabisuteria.com\/#\/schema\/logo\/image\/\"},\"sameAs\":[\"https:\/\/www.instagram.com\/valantabisuteria\/\"]}]}<\/script>\n<!-- \/ Yoast SEO plugin. -->","yoast_head_json":{"title":"ComprarPulsera acero plateado con adorno patitas perro | Valanta Bisuter\u00eda","robots":{"index":"index","follow":"follow","max-snippet":"max-snippet:-1","max-image-preview":"max-image-preview:large","max-video-preview":"max-video-preview:-1"},"canonical":"https:\/\/www.valantabisuteria.com\/product\/pulsera-acero-adorno-patitas-perro-plateado-joya-solidaria\/","og_locale":"en_US","og_type":"article","og_title":"ComprarPulsera acero plateado con adorno patitas perro | Valanta Bisuter\u00eda","og_description":"Pulsera en acero plateado doble cadena con adorno camino patitas perro  Medida: 18cm m\u00e1s extensi\u00f3n  Belleza con prop\u00f3sito; cada joya de esta colecci\u00f3n no solo es una expresi\u00f3n de elegancia, sino que tambi\u00e9n representa un compromiso con el bienestar animal. Al usarlas, puedes llevar contigo un s\u00edmbolo de amor y protecci\u00f3n hacia aquellos que no tienen voz.  SUPER IMPORTANTE: Donaci\u00f3n del 10% del precio de venta a diferentes organizaciones sin \u00e1nimo de lucro para el cuidado, bienestar y protecci\u00f3n animal.","og_url":"https:\/\/www.valantabisuteria.com\/product\/pulsera-acero-adorno-patitas-perro-plateado-joya-solidaria\/","og_site_name":"Valanta Bisuter\u00eda","article_modified_time":"2025-08-19T16:21:18+00:00","og_image":[{"width":589,"height":457,"url":"https:\/\/www.valantabisuteria.com\/wp-content\/uploads\/2024\/08\/Captura-de-pantalla-2024-07-10-110504.jpg","type":"image\/jpeg"}],"twitter_card":"summary_large_image","twitter_misc":{"Est. reading time":"1 minute"},"schema":{"@context":"https:\/\/schema.org","@graph":[{"@type":"WebPage","@id":"https:\/\/www.valantabisuteria.com\/product\/pulsera-acero-adorno-patitas-perro-plateado-joya-solidaria\/","url":"https:\/\/www.valantabisuteria.com\/product\/pulsera-acero-adorno-patitas-perro-plateado-joya-solidaria\/","name":"ComprarPulsera acero plateado con adorno patitas perro | Valanta Bisuter\u00eda","isPartOf":{"@id":"https:\/\/www.valantabisuteria.com\/#website"},"primaryImageOfPage":{"@id":"https:\/\/www.valantabisuteria.com\/product\/pulsera-acero-adorno-patitas-perro-plateado-joya-solidaria\/#primaryimage"},"image":{"@id":"https:\/\/www.valantabisuteria.com\/product\/pulsera-acero-adorno-patitas-perro-plateado-joya-solidaria\/#primaryimage"},"thumbnailUrl":"https:\/\/www.valantabisuteria.com\/wp-content\/uploads\/2024\/08\/Captura-de-pantalla-2024-07-10-110504.jpg","datePublished":"2024-08-08T17:00:18+00:00","dateModified":"2025-08-19T16:21:18+00:00","breadcrumb":{"@id":"https:\/\/www.valantabisuteria.com\/product\/pulsera-acero-adorno-patitas-perro-plateado-joya-solidaria\/#breadcrumb"},"inLanguage":"en-US","potentialAction":[{"@type":"ReadAction","target":["https:\/\/www.valantabisuteria.com\/product\/pulsera-acero-adorno-patitas-perro-plateado-joya-solidaria\/"]}]},{"@type":"ImageObject","inLanguage":"en-US","@id":"https:\/\/www.valantabisuteria.com\/product\/pulsera-acero-adorno-patitas-perro-plateado-joya-solidaria\/#primaryimage","url":"https:\/\/www.valantabisuteria.com\/wp-content\/uploads\/2024\/08\/Captura-de-pantalla-2024-07-10-110504.jpg","contentUrl":"https:\/\/www.valantabisuteria.com\/wp-content\/uploads\/2024\/08\/Captura-de-pantalla-2024-07-10-110504.jpg","width":589,"height":457,"caption":"Pulsera acero plateada patitas perro"},{"@type":"BreadcrumbList","@id":"https:\/\/www.valantabisuteria.com\/product\/pulsera-acero-adorno-patitas-perro-plateado-joya-solidaria\/#breadcrumb","itemListElement":[{"@type":"ListItem","position":1,"name":"Portada","item":"https:\/\/www.valantabisuteria.com\/"},{"@type":"ListItem","position":2,"name":"Tienda","item":"https:\/\/www.valantabisuteria.com\/tienda\/"},{"@type":"ListItem","position":3,"name":"Pulsera acero plateado con adorno patitas perro"}]},{"@type":"WebSite","@id":"https:\/\/www.valantabisuteria.com\/#website","url":"https:\/\/www.valantabisuteria.com\/","name":"Valanta Bisuter\u00eda","description":"Joyas y Bisuter\u00eda de calidad","publisher":{"@id":"https:\/\/www.valantabisuteria.com\/#organization"},"alternateName":"Valanta Bisuter\u00eda","potentialAction":[{"@type":"SearchAction","target":{"@type":"EntryPoint","urlTemplate":"https:\/\/www.valantabisuteria.com\/?s={search_term_string}"},"query-input":{"@type":"PropertyValueSpecification","valueRequired":true,"valueName":"search_term_string"}}],"inLanguage":"en-US"},{"@type":"Organization","@id":"https:\/\/www.valantabisuteria.com\/#organization","name":"Valanta Bisuter\u00eda","url":"https:\/\/www.valantabisuteria.com\/","logo":{"@type":"ImageObject","inLanguage":"en-US","@id":"https:\/\/www.valantabisuteria.com\/#\/schema\/logo\/image\/","url":"https:\/\/valantabisuteria.com\/wp-content\/uploads\/2023\/02\/Logo-07-b.png","contentUrl":"https:\/\/valantabisuteria.com\/wp-content\/uploads\/2023\/02\/Logo-07-b.png","width":800,"height":238,"caption":"Valanta Bisuter\u00eda"},"image":{"@id":"https:\/\/www.valantabisuteria.com\/#\/schema\/logo\/image\/"},"sameAs":["https:\/\/www.instagram.com\/valantabisuteria\/"]}]}},"_links":{"self":[{"href":"https:\/\/www.valantabisuteria.com\/en\/wp-json\/wp\/v2\/product\/29642","targetHints":{"allow":["GET"]}}],"collection":[{"href":"https:\/\/www.valantabisuteria.com\/en\/wp-json\/wp\/v2\/product"}],"about":[{"href":"https:\/\/www.valantabisuteria.com\/en\/wp-json\/wp\/v2\/types\/product"}],"wp:featuredmedia":[{"embeddable":true,"href":"https:\/\/www.valantabisuteria.com\/en\/wp-json\/wp\/v2\/media\/29643"}],"wp:attachment":[{"href":"https:\/\/www.valantabisuteria.com\/en\/wp-json\/wp\/v2\/media?parent=29642"}],"wp:term":[{"taxonomy":"product_brand","embeddable":true,"href":"https:\/\/www.valantabisuteria.com\/en\/wp-json\/wp\/v2\/product_brand?post=29642"},{"taxonomy":"product_cat","embeddable":true,"href":"https:\/\/www.valantabisuteria.com\/en\/wp-json\/wp\/v2\/product_cat?post=29642"},{"taxonomy":"product_tag","embeddable":true,"href":"https:\/\/www.valantabisuteria.com\/en\/wp-json\/wp\/v2\/product_tag?post=29642"}],"curies":[{"name":"wp","href":"https:\/\/api.w.org\/{rel}","templated":true}]}}