{"id":29791,"date":"2024-12-11T10:57:55","date_gmt":"2024-12-11T09:57:55","guid":{"rendered":"https:\/\/www.valantabisuteria.com\/?post_type=product&#038;p=29791"},"modified":"2025-07-06T19:01:16","modified_gmt":"2025-07-06T17:01:16","slug":"pulsera-acero-dorado-con-mineral-y-estrella-polar","status":"publish","type":"product","link":"https:\/\/www.valantabisuteria.com\/en\/product\/pulsera-acero-dorado-con-mineral-y-estrella-polar\/","title":{"rendered":"Pulsera acero dorado con mineral y estrella polar"},"content":{"rendered":"","protected":false},"excerpt":{"rendered":"<p>Pulsera acero color dorado con cadena eslab\u00f3n y mineral, adornado con la estrella polar.<\/p>\n<p>Esta pulsera es ideal para aquellos d\u00edas en los que necesitas un impulso de energ\u00eda. Su resistencia y valor se alinea con tu fuerza y poder interior.<\/p>\n<p>Material: Acero inoxidable color dorado con mineral<\/p>\n<p>Medida: 19 cm m\u00e1s extensi\u00f3n<\/p>\n","protected":false},"featured_media":29792,"template":"","meta":{"_joinchat":{"message_text":"ATENCI\u00d3N !! \u00faltima unidad..","message_send":"No la dejes escapar, est\u00e1 hecha para t\u00ed."}},"product_brand":[],"product_cat":[150,195,155,193],"product_tag":[],"class_list":{"0":"post-29791","1":"product","2":"type-product","3":"status-publish","4":"has-post-thumbnail","6":"product_cat-eliana","7":"product_cat-outlet-exclusivo","8":"product_cat-pulseras","9":"product_cat-pulseras-minerales","12":"first","13":"instock","14":"sale","15":"sold-individually","16":"shipping-taxable","17":"purchasable","18":"product-type-simple"},"yoast_head":"<!-- This site is optimized with the Yoast SEO plugin v27.2 - https:\/\/yoast.com\/product\/yoast-seo-wordpress\/ -->\n<title>ComprarPulsera acero dorado con mineral y estrella polar | Valanta Bisuter\u00eda<\/title>\n<meta name=\"description\" content=\"Explora toda nuestra selecci\u00f3n de pulseras modernas, dise\u00f1adas para llevar en cualquier ocasi\u00f3n, fusionando elegancia y tendencia.\" \/>\n<meta name=\"robots\" content=\"index, follow, max-snippet:-1, max-image-preview:large, max-video-preview:-1\" \/>\n<link rel=\"canonical\" href=\"https:\/\/www.valantabisuteria.com\/product\/pulsera-acero-dorado-con-mineral-y-estrella-polar\/\" \/>\n<meta property=\"og:locale\" content=\"en_US\" \/>\n<meta property=\"og:type\" content=\"article\" \/>\n<meta property=\"og:title\" content=\"ComprarPulsera acero dorado con mineral y estrella polar | Valanta Bisuter\u00eda\" \/>\n<meta property=\"og:description\" content=\"Explora toda nuestra selecci\u00f3n de pulseras modernas, dise\u00f1adas para llevar en cualquier ocasi\u00f3n, fusionando elegancia y tendencia.\" \/>\n<meta property=\"og:url\" content=\"https:\/\/www.valantabisuteria.com\/product\/pulsera-acero-dorado-con-mineral-y-estrella-polar\/\" \/>\n<meta property=\"og:site_name\" content=\"Valanta Bisuter\u00eda\" \/>\n<meta property=\"article:modified_time\" content=\"2025-07-06T17:01:16+00:00\" \/>\n<meta property=\"og:image\" content=\"https:\/\/www.valantabisuteria.com\/wp-content\/uploads\/2024\/12\/pulsera-acero-dorado-con-mineral-scaled.jpg\" \/>\n\t<meta property=\"og:image:width\" content=\"2560\" \/>\n\t<meta property=\"og:image:height\" content=\"2141\" \/>\n\t<meta property=\"og:image:type\" content=\"image\/jpeg\" \/>\n<meta name=\"twitter:card\" content=\"summary_large_image\" \/>\n<meta name=\"twitter:label1\" content=\"Est. reading time\" \/>\n\t<meta name=\"twitter:data1\" content=\"1 minute\" \/>\n<script type=\"application\/ld+json\" class=\"yoast-schema-graph\">{\"@context\":\"https:\/\/schema.org\",\"@graph\":[{\"@type\":\"WebPage\",\"@id\":\"https:\/\/www.valantabisuteria.com\/product\/pulsera-acero-dorado-con-mineral-y-estrella-polar\/\",\"url\":\"https:\/\/www.valantabisuteria.com\/product\/pulsera-acero-dorado-con-mineral-y-estrella-polar\/\",\"name\":\"ComprarPulsera acero dorado con mineral y estrella polar | Valanta Bisuter\u00eda\",\"isPartOf\":{\"@id\":\"https:\/\/www.valantabisuteria.com\/#website\"},\"primaryImageOfPage\":{\"@id\":\"https:\/\/www.valantabisuteria.com\/product\/pulsera-acero-dorado-con-mineral-y-estrella-polar\/#primaryimage\"},\"image\":{\"@id\":\"https:\/\/www.valantabisuteria.com\/product\/pulsera-acero-dorado-con-mineral-y-estrella-polar\/#primaryimage\"},\"thumbnailUrl\":\"https:\/\/www.valantabisuteria.com\/wp-content\/uploads\/2024\/12\/pulsera-acero-dorado-con-mineral-scaled.jpg\",\"datePublished\":\"2024-12-11T09:57:55+00:00\",\"dateModified\":\"2025-07-06T17:01:16+00:00\",\"description\":\"Explora toda nuestra selecci\u00f3n de pulseras modernas, dise\u00f1adas para llevar en cualquier ocasi\u00f3n, fusionando elegancia y tendencia.\",\"breadcrumb\":{\"@id\":\"https:\/\/www.valantabisuteria.com\/product\/pulsera-acero-dorado-con-mineral-y-estrella-polar\/#breadcrumb\"},\"inLanguage\":\"en-US\",\"potentialAction\":[{\"@type\":\"ReadAction\",\"target\":[\"https:\/\/www.valantabisuteria.com\/product\/pulsera-acero-dorado-con-mineral-y-estrella-polar\/\"]}]},{\"@type\":\"ImageObject\",\"inLanguage\":\"en-US\",\"@id\":\"https:\/\/www.valantabisuteria.com\/product\/pulsera-acero-dorado-con-mineral-y-estrella-polar\/#primaryimage\",\"url\":\"https:\/\/www.valantabisuteria.com\/wp-content\/uploads\/2024\/12\/pulsera-acero-dorado-con-mineral-scaled.jpg\",\"contentUrl\":\"https:\/\/www.valantabisuteria.com\/wp-content\/uploads\/2024\/12\/pulsera-acero-dorado-con-mineral-scaled.jpg\",\"width\":2560,\"height\":2141},{\"@type\":\"BreadcrumbList\",\"@id\":\"https:\/\/www.valantabisuteria.com\/product\/pulsera-acero-dorado-con-mineral-y-estrella-polar\/#breadcrumb\",\"itemListElement\":[{\"@type\":\"ListItem\",\"position\":1,\"name\":\"Portada\",\"item\":\"https:\/\/www.valantabisuteria.com\/\"},{\"@type\":\"ListItem\",\"position\":2,\"name\":\"Tienda\",\"item\":\"https:\/\/www.valantabisuteria.com\/tienda\/\"},{\"@type\":\"ListItem\",\"position\":3,\"name\":\"Pulsera acero dorado con mineral y estrella polar\"}]},{\"@type\":\"WebSite\",\"@id\":\"https:\/\/www.valantabisuteria.com\/#website\",\"url\":\"https:\/\/www.valantabisuteria.com\/\",\"name\":\"Valanta Bisuter\u00eda\",\"description\":\"Joyas y Bisuter\u00eda de calidad\",\"publisher\":{\"@id\":\"https:\/\/www.valantabisuteria.com\/#organization\"},\"alternateName\":\"Valanta Bisuter\u00eda\",\"potentialAction\":[{\"@type\":\"SearchAction\",\"target\":{\"@type\":\"EntryPoint\",\"urlTemplate\":\"https:\/\/www.valantabisuteria.com\/?s={search_term_string}\"},\"query-input\":{\"@type\":\"PropertyValueSpecification\",\"valueRequired\":true,\"valueName\":\"search_term_string\"}}],\"inLanguage\":\"en-US\"},{\"@type\":\"Organization\",\"@id\":\"https:\/\/www.valantabisuteria.com\/#organization\",\"name\":\"Valanta Bisuter\u00eda\",\"url\":\"https:\/\/www.valantabisuteria.com\/\",\"logo\":{\"@type\":\"ImageObject\",\"inLanguage\":\"en-US\",\"@id\":\"https:\/\/www.valantabisuteria.com\/#\/schema\/logo\/image\/\",\"url\":\"https:\/\/valantabisuteria.com\/wp-content\/uploads\/2023\/02\/Logo-07-b.png\",\"contentUrl\":\"https:\/\/valantabisuteria.com\/wp-content\/uploads\/2023\/02\/Logo-07-b.png\",\"width\":800,\"height\":238,\"caption\":\"Valanta Bisuter\u00eda\"},\"image\":{\"@id\":\"https:\/\/www.valantabisuteria.com\/#\/schema\/logo\/image\/\"},\"sameAs\":[\"https:\/\/www.instagram.com\/valantabisuteria\/\"]}]}<\/script>\n<!-- \/ Yoast SEO plugin. -->","yoast_head_json":{"title":"ComprarPulsera acero dorado con mineral y estrella polar | Valanta Bisuter\u00eda","description":"Explora toda nuestra selecci\u00f3n de pulseras modernas, dise\u00f1adas para llevar en cualquier ocasi\u00f3n, fusionando elegancia y tendencia.","robots":{"index":"index","follow":"follow","max-snippet":"max-snippet:-1","max-image-preview":"max-image-preview:large","max-video-preview":"max-video-preview:-1"},"canonical":"https:\/\/www.valantabisuteria.com\/product\/pulsera-acero-dorado-con-mineral-y-estrella-polar\/","og_locale":"en_US","og_type":"article","og_title":"ComprarPulsera acero dorado con mineral y estrella polar | Valanta Bisuter\u00eda","og_description":"Explora toda nuestra selecci\u00f3n de pulseras modernas, dise\u00f1adas para llevar en cualquier ocasi\u00f3n, fusionando elegancia y tendencia.","og_url":"https:\/\/www.valantabisuteria.com\/product\/pulsera-acero-dorado-con-mineral-y-estrella-polar\/","og_site_name":"Valanta Bisuter\u00eda","article_modified_time":"2025-07-06T17:01:16+00:00","og_image":[{"width":2560,"height":2141,"url":"https:\/\/www.valantabisuteria.com\/wp-content\/uploads\/2024\/12\/pulsera-acero-dorado-con-mineral-scaled.jpg","type":"image\/jpeg"}],"twitter_card":"summary_large_image","twitter_misc":{"Est. reading time":"1 minute"},"schema":{"@context":"https:\/\/schema.org","@graph":[{"@type":"WebPage","@id":"https:\/\/www.valantabisuteria.com\/product\/pulsera-acero-dorado-con-mineral-y-estrella-polar\/","url":"https:\/\/www.valantabisuteria.com\/product\/pulsera-acero-dorado-con-mineral-y-estrella-polar\/","name":"ComprarPulsera acero dorado con mineral y estrella polar | Valanta Bisuter\u00eda","isPartOf":{"@id":"https:\/\/www.valantabisuteria.com\/#website"},"primaryImageOfPage":{"@id":"https:\/\/www.valantabisuteria.com\/product\/pulsera-acero-dorado-con-mineral-y-estrella-polar\/#primaryimage"},"image":{"@id":"https:\/\/www.valantabisuteria.com\/product\/pulsera-acero-dorado-con-mineral-y-estrella-polar\/#primaryimage"},"thumbnailUrl":"https:\/\/www.valantabisuteria.com\/wp-content\/uploads\/2024\/12\/pulsera-acero-dorado-con-mineral-scaled.jpg","datePublished":"2024-12-11T09:57:55+00:00","dateModified":"2025-07-06T17:01:16+00:00","description":"Explora toda nuestra selecci\u00f3n de pulseras modernas, dise\u00f1adas para llevar en cualquier ocasi\u00f3n, fusionando elegancia y tendencia.","breadcrumb":{"@id":"https:\/\/www.valantabisuteria.com\/product\/pulsera-acero-dorado-con-mineral-y-estrella-polar\/#breadcrumb"},"inLanguage":"en-US","potentialAction":[{"@type":"ReadAction","target":["https:\/\/www.valantabisuteria.com\/product\/pulsera-acero-dorado-con-mineral-y-estrella-polar\/"]}]},{"@type":"ImageObject","inLanguage":"en-US","@id":"https:\/\/www.valantabisuteria.com\/product\/pulsera-acero-dorado-con-mineral-y-estrella-polar\/#primaryimage","url":"https:\/\/www.valantabisuteria.com\/wp-content\/uploads\/2024\/12\/pulsera-acero-dorado-con-mineral-scaled.jpg","contentUrl":"https:\/\/www.valantabisuteria.com\/wp-content\/uploads\/2024\/12\/pulsera-acero-dorado-con-mineral-scaled.jpg","width":2560,"height":2141},{"@type":"BreadcrumbList","@id":"https:\/\/www.valantabisuteria.com\/product\/pulsera-acero-dorado-con-mineral-y-estrella-polar\/#breadcrumb","itemListElement":[{"@type":"ListItem","position":1,"name":"Portada","item":"https:\/\/www.valantabisuteria.com\/"},{"@type":"ListItem","position":2,"name":"Tienda","item":"https:\/\/www.valantabisuteria.com\/tienda\/"},{"@type":"ListItem","position":3,"name":"Pulsera acero dorado con mineral y estrella polar"}]},{"@type":"WebSite","@id":"https:\/\/www.valantabisuteria.com\/#website","url":"https:\/\/www.valantabisuteria.com\/","name":"Valanta Bisuter\u00eda","description":"Joyas y Bisuter\u00eda de calidad","publisher":{"@id":"https:\/\/www.valantabisuteria.com\/#organization"},"alternateName":"Valanta Bisuter\u00eda","potentialAction":[{"@type":"SearchAction","target":{"@type":"EntryPoint","urlTemplate":"https:\/\/www.valantabisuteria.com\/?s={search_term_string}"},"query-input":{"@type":"PropertyValueSpecification","valueRequired":true,"valueName":"search_term_string"}}],"inLanguage":"en-US"},{"@type":"Organization","@id":"https:\/\/www.valantabisuteria.com\/#organization","name":"Valanta Bisuter\u00eda","url":"https:\/\/www.valantabisuteria.com\/","logo":{"@type":"ImageObject","inLanguage":"en-US","@id":"https:\/\/www.valantabisuteria.com\/#\/schema\/logo\/image\/","url":"https:\/\/valantabisuteria.com\/wp-content\/uploads\/2023\/02\/Logo-07-b.png","contentUrl":"https:\/\/valantabisuteria.com\/wp-content\/uploads\/2023\/02\/Logo-07-b.png","width":800,"height":238,"caption":"Valanta Bisuter\u00eda"},"image":{"@id":"https:\/\/www.valantabisuteria.com\/#\/schema\/logo\/image\/"},"sameAs":["https:\/\/www.instagram.com\/valantabisuteria\/"]}]}},"_links":{"self":[{"href":"https:\/\/www.valantabisuteria.com\/en\/wp-json\/wp\/v2\/product\/29791","targetHints":{"allow":["GET"]}}],"collection":[{"href":"https:\/\/www.valantabisuteria.com\/en\/wp-json\/wp\/v2\/product"}],"about":[{"href":"https:\/\/www.valantabisuteria.com\/en\/wp-json\/wp\/v2\/types\/product"}],"wp:featuredmedia":[{"embeddable":true,"href":"https:\/\/www.valantabisuteria.com\/en\/wp-json\/wp\/v2\/media\/29792"}],"wp:attachment":[{"href":"https:\/\/www.valantabisuteria.com\/en\/wp-json\/wp\/v2\/media?parent=29791"}],"wp:term":[{"taxonomy":"product_brand","embeddable":true,"href":"https:\/\/www.valantabisuteria.com\/en\/wp-json\/wp\/v2\/product_brand?post=29791"},{"taxonomy":"product_cat","embeddable":true,"href":"https:\/\/www.valantabisuteria.com\/en\/wp-json\/wp\/v2\/product_cat?post=29791"},{"taxonomy":"product_tag","embeddable":true,"href":"https:\/\/www.valantabisuteria.com\/en\/wp-json\/wp\/v2\/product_tag?post=29791"}],"curies":[{"name":"wp","href":"https:\/\/api.w.org\/{rel}","templated":true}]}}