{"id":29802,"date":"2024-12-11T11:41:37","date_gmt":"2024-12-11T10:41:37","guid":{"rendered":"https:\/\/www.valantabisuteria.com\/?post_type=product&#038;p=29802"},"modified":"2026-04-21T10:19:13","modified_gmt":"2026-04-21T08:19:13","slug":"pendientes-acero-plateado-con-mineral","status":"publish","type":"product","link":"https:\/\/www.valantabisuteria.com\/en\/product\/pendientes-acero-plateado-con-mineral\/","title":{"rendered":"Pendientes acero plateado con mineral"},"content":{"rendered":"","protected":false},"excerpt":{"rendered":"<p>Pendientes en acero plateado en forma de gota con mineral \u00e1gata azul en el interior. Cierre tipo gancho.<\/p>\n<p>Elige siempre joyas sofisticadas, bisuter\u00eda de calidad y en tendencia, pero siempre que se vinculen a ti. No busques algo como el resto de las mujeres, t\u00fa siempre eres \u00fanica. Como lo son estos pendientes.<\/p>\n<p>Material: Acero plateado y mineral<\/p>\n<p>Medida: 4&#215;3 cm<\/p>\n<p>&nbsp;<\/p>\n","protected":false},"featured_media":29803,"template":"","meta":{"_joinchat":{"message_text":"\u00faltima Unidad","message_send":"Aprovecha la oportunidad, estos pendientes ya no vuelven al stock"}},"product_brand":[],"product_cat":[150,195,200],"product_tag":[],"class_list":{"0":"post-29802","1":"product","2":"type-product","3":"status-publish","4":"has-post-thumbnail","6":"product_cat-eliana","7":"product_cat-outlet-exclusivo","8":"product_cat-pendientes-acero-plateado","11":"first","12":"instock","13":"sold-individually","14":"shipping-taxable","15":"purchasable","16":"product-type-simple"},"yoast_head":"<!-- This site is optimized with the Yoast SEO plugin v27.2 - https:\/\/yoast.com\/product\/yoast-seo-wordpress\/ -->\n<title>ComprarPendientes acero plateado con mineral | Valanta Bisuter\u00eda<\/title>\n<meta name=\"description\" content=\"Amplia tu colecci\u00f3n de pendientes con este nuevo dise\u00f1o en acero plateado con mineral en su interior. Se adaptan a ti, con cualquier look.\" \/>\n<meta name=\"robots\" content=\"index, follow, max-snippet:-1, max-image-preview:large, max-video-preview:-1\" \/>\n<link rel=\"canonical\" href=\"https:\/\/www.valantabisuteria.com\/product\/pendientes-acero-plateado-con-mineral\/\" \/>\n<meta property=\"og:locale\" content=\"en_US\" \/>\n<meta property=\"og:type\" content=\"article\" \/>\n<meta property=\"og:title\" content=\"ComprarPendientes acero plateado con mineral | Valanta Bisuter\u00eda\" \/>\n<meta property=\"og:description\" content=\"Amplia tu colecci\u00f3n de pendientes con este nuevo dise\u00f1o en acero plateado con mineral en su interior. Se adaptan a ti, con cualquier look.\" \/>\n<meta property=\"og:url\" content=\"https:\/\/www.valantabisuteria.com\/product\/pendientes-acero-plateado-con-mineral\/\" \/>\n<meta property=\"og:site_name\" content=\"Valanta Bisuter\u00eda\" \/>\n<meta property=\"article:modified_time\" content=\"2026-04-21T08:19:13+00:00\" \/>\n<meta property=\"og:image\" content=\"https:\/\/www.valantabisuteria.com\/wp-content\/uploads\/2024\/12\/Pendientes-plateados-scaled.jpg\" \/>\n\t<meta property=\"og:image:width\" content=\"2560\" \/>\n\t<meta property=\"og:image:height\" content=\"1706\" \/>\n\t<meta property=\"og:image:type\" content=\"image\/jpeg\" \/>\n<meta name=\"twitter:card\" content=\"summary_large_image\" \/>\n<meta name=\"twitter:label1\" content=\"Est. reading time\" \/>\n\t<meta name=\"twitter:data1\" content=\"1 minute\" \/>\n<script type=\"application\/ld+json\" class=\"yoast-schema-graph\">{\"@context\":\"https:\/\/schema.org\",\"@graph\":[{\"@type\":\"WebPage\",\"@id\":\"https:\/\/www.valantabisuteria.com\/product\/pendientes-acero-plateado-con-mineral\/\",\"url\":\"https:\/\/www.valantabisuteria.com\/product\/pendientes-acero-plateado-con-mineral\/\",\"name\":\"ComprarPendientes acero plateado con mineral | Valanta Bisuter\u00eda\",\"isPartOf\":{\"@id\":\"https:\/\/www.valantabisuteria.com\/#website\"},\"primaryImageOfPage\":{\"@id\":\"https:\/\/www.valantabisuteria.com\/product\/pendientes-acero-plateado-con-mineral\/#primaryimage\"},\"image\":{\"@id\":\"https:\/\/www.valantabisuteria.com\/product\/pendientes-acero-plateado-con-mineral\/#primaryimage\"},\"thumbnailUrl\":\"https:\/\/www.valantabisuteria.com\/wp-content\/uploads\/2024\/12\/Pendientes-plateados-scaled.jpg\",\"datePublished\":\"2024-12-11T10:41:37+00:00\",\"dateModified\":\"2026-04-21T08:19:13+00:00\",\"description\":\"Amplia tu colecci\u00f3n de pendientes con este nuevo dise\u00f1o en acero plateado con mineral en su interior. Se adaptan a ti, con cualquier look.\",\"breadcrumb\":{\"@id\":\"https:\/\/www.valantabisuteria.com\/product\/pendientes-acero-plateado-con-mineral\/#breadcrumb\"},\"inLanguage\":\"en-US\",\"potentialAction\":[{\"@type\":\"ReadAction\",\"target\":[\"https:\/\/www.valantabisuteria.com\/product\/pendientes-acero-plateado-con-mineral\/\"]}]},{\"@type\":\"ImageObject\",\"inLanguage\":\"en-US\",\"@id\":\"https:\/\/www.valantabisuteria.com\/product\/pendientes-acero-plateado-con-mineral\/#primaryimage\",\"url\":\"https:\/\/www.valantabisuteria.com\/wp-content\/uploads\/2024\/12\/Pendientes-plateados-scaled.jpg\",\"contentUrl\":\"https:\/\/www.valantabisuteria.com\/wp-content\/uploads\/2024\/12\/Pendientes-plateados-scaled.jpg\",\"width\":2560,\"height\":1706,\"caption\":\"pendientes plateados en forma de gota con mineral\"},{\"@type\":\"BreadcrumbList\",\"@id\":\"https:\/\/www.valantabisuteria.com\/product\/pendientes-acero-plateado-con-mineral\/#breadcrumb\",\"itemListElement\":[{\"@type\":\"ListItem\",\"position\":1,\"name\":\"Portada\",\"item\":\"https:\/\/www.valantabisuteria.com\/\"},{\"@type\":\"ListItem\",\"position\":2,\"name\":\"Tienda\",\"item\":\"https:\/\/www.valantabisuteria.com\/tienda\/\"},{\"@type\":\"ListItem\",\"position\":3,\"name\":\"Pendientes acero plateado con mineral\"}]},{\"@type\":\"WebSite\",\"@id\":\"https:\/\/www.valantabisuteria.com\/#website\",\"url\":\"https:\/\/www.valantabisuteria.com\/\",\"name\":\"Valanta Bisuter\u00eda\",\"description\":\"Joyas y Bisuter\u00eda de calidad\",\"publisher\":{\"@id\":\"https:\/\/www.valantabisuteria.com\/#organization\"},\"alternateName\":\"Valanta Bisuter\u00eda\",\"potentialAction\":[{\"@type\":\"SearchAction\",\"target\":{\"@type\":\"EntryPoint\",\"urlTemplate\":\"https:\/\/www.valantabisuteria.com\/?s={search_term_string}\"},\"query-input\":{\"@type\":\"PropertyValueSpecification\",\"valueRequired\":true,\"valueName\":\"search_term_string\"}}],\"inLanguage\":\"en-US\"},{\"@type\":\"Organization\",\"@id\":\"https:\/\/www.valantabisuteria.com\/#organization\",\"name\":\"Valanta Bisuter\u00eda\",\"url\":\"https:\/\/www.valantabisuteria.com\/\",\"logo\":{\"@type\":\"ImageObject\",\"inLanguage\":\"en-US\",\"@id\":\"https:\/\/www.valantabisuteria.com\/#\/schema\/logo\/image\/\",\"url\":\"https:\/\/valantabisuteria.com\/wp-content\/uploads\/2023\/02\/Logo-07-b.png\",\"contentUrl\":\"https:\/\/valantabisuteria.com\/wp-content\/uploads\/2023\/02\/Logo-07-b.png\",\"width\":800,\"height\":238,\"caption\":\"Valanta Bisuter\u00eda\"},\"image\":{\"@id\":\"https:\/\/www.valantabisuteria.com\/#\/schema\/logo\/image\/\"},\"sameAs\":[\"https:\/\/www.instagram.com\/valantabisuteria\/\"]}]}<\/script>\n<!-- \/ Yoast SEO plugin. -->","yoast_head_json":{"title":"ComprarPendientes acero plateado con mineral | Valanta Bisuter\u00eda","description":"Amplia tu colecci\u00f3n de pendientes con este nuevo dise\u00f1o en acero plateado con mineral en su interior. Se adaptan a ti, con cualquier look.","robots":{"index":"index","follow":"follow","max-snippet":"max-snippet:-1","max-image-preview":"max-image-preview:large","max-video-preview":"max-video-preview:-1"},"canonical":"https:\/\/www.valantabisuteria.com\/product\/pendientes-acero-plateado-con-mineral\/","og_locale":"en_US","og_type":"article","og_title":"ComprarPendientes acero plateado con mineral | Valanta Bisuter\u00eda","og_description":"Amplia tu colecci\u00f3n de pendientes con este nuevo dise\u00f1o en acero plateado con mineral en su interior. Se adaptan a ti, con cualquier look.","og_url":"https:\/\/www.valantabisuteria.com\/product\/pendientes-acero-plateado-con-mineral\/","og_site_name":"Valanta Bisuter\u00eda","article_modified_time":"2026-04-21T08:19:13+00:00","og_image":[{"width":2560,"height":1706,"url":"https:\/\/www.valantabisuteria.com\/wp-content\/uploads\/2024\/12\/Pendientes-plateados-scaled.jpg","type":"image\/jpeg"}],"twitter_card":"summary_large_image","twitter_misc":{"Est. reading time":"1 minute"},"schema":{"@context":"https:\/\/schema.org","@graph":[{"@type":"WebPage","@id":"https:\/\/www.valantabisuteria.com\/product\/pendientes-acero-plateado-con-mineral\/","url":"https:\/\/www.valantabisuteria.com\/product\/pendientes-acero-plateado-con-mineral\/","name":"ComprarPendientes acero plateado con mineral | Valanta Bisuter\u00eda","isPartOf":{"@id":"https:\/\/www.valantabisuteria.com\/#website"},"primaryImageOfPage":{"@id":"https:\/\/www.valantabisuteria.com\/product\/pendientes-acero-plateado-con-mineral\/#primaryimage"},"image":{"@id":"https:\/\/www.valantabisuteria.com\/product\/pendientes-acero-plateado-con-mineral\/#primaryimage"},"thumbnailUrl":"https:\/\/www.valantabisuteria.com\/wp-content\/uploads\/2024\/12\/Pendientes-plateados-scaled.jpg","datePublished":"2024-12-11T10:41:37+00:00","dateModified":"2026-04-21T08:19:13+00:00","description":"Amplia tu colecci\u00f3n de pendientes con este nuevo dise\u00f1o en acero plateado con mineral en su interior. Se adaptan a ti, con cualquier look.","breadcrumb":{"@id":"https:\/\/www.valantabisuteria.com\/product\/pendientes-acero-plateado-con-mineral\/#breadcrumb"},"inLanguage":"en-US","potentialAction":[{"@type":"ReadAction","target":["https:\/\/www.valantabisuteria.com\/product\/pendientes-acero-plateado-con-mineral\/"]}]},{"@type":"ImageObject","inLanguage":"en-US","@id":"https:\/\/www.valantabisuteria.com\/product\/pendientes-acero-plateado-con-mineral\/#primaryimage","url":"https:\/\/www.valantabisuteria.com\/wp-content\/uploads\/2024\/12\/Pendientes-plateados-scaled.jpg","contentUrl":"https:\/\/www.valantabisuteria.com\/wp-content\/uploads\/2024\/12\/Pendientes-plateados-scaled.jpg","width":2560,"height":1706,"caption":"pendientes plateados en forma de gota con mineral"},{"@type":"BreadcrumbList","@id":"https:\/\/www.valantabisuteria.com\/product\/pendientes-acero-plateado-con-mineral\/#breadcrumb","itemListElement":[{"@type":"ListItem","position":1,"name":"Portada","item":"https:\/\/www.valantabisuteria.com\/"},{"@type":"ListItem","position":2,"name":"Tienda","item":"https:\/\/www.valantabisuteria.com\/tienda\/"},{"@type":"ListItem","position":3,"name":"Pendientes acero plateado con mineral"}]},{"@type":"WebSite","@id":"https:\/\/www.valantabisuteria.com\/#website","url":"https:\/\/www.valantabisuteria.com\/","name":"Valanta Bisuter\u00eda","description":"Joyas y Bisuter\u00eda de calidad","publisher":{"@id":"https:\/\/www.valantabisuteria.com\/#organization"},"alternateName":"Valanta Bisuter\u00eda","potentialAction":[{"@type":"SearchAction","target":{"@type":"EntryPoint","urlTemplate":"https:\/\/www.valantabisuteria.com\/?s={search_term_string}"},"query-input":{"@type":"PropertyValueSpecification","valueRequired":true,"valueName":"search_term_string"}}],"inLanguage":"en-US"},{"@type":"Organization","@id":"https:\/\/www.valantabisuteria.com\/#organization","name":"Valanta Bisuter\u00eda","url":"https:\/\/www.valantabisuteria.com\/","logo":{"@type":"ImageObject","inLanguage":"en-US","@id":"https:\/\/www.valantabisuteria.com\/#\/schema\/logo\/image\/","url":"https:\/\/valantabisuteria.com\/wp-content\/uploads\/2023\/02\/Logo-07-b.png","contentUrl":"https:\/\/valantabisuteria.com\/wp-content\/uploads\/2023\/02\/Logo-07-b.png","width":800,"height":238,"caption":"Valanta Bisuter\u00eda"},"image":{"@id":"https:\/\/www.valantabisuteria.com\/#\/schema\/logo\/image\/"},"sameAs":["https:\/\/www.instagram.com\/valantabisuteria\/"]}]}},"_links":{"self":[{"href":"https:\/\/www.valantabisuteria.com\/en\/wp-json\/wp\/v2\/product\/29802","targetHints":{"allow":["GET"]}}],"collection":[{"href":"https:\/\/www.valantabisuteria.com\/en\/wp-json\/wp\/v2\/product"}],"about":[{"href":"https:\/\/www.valantabisuteria.com\/en\/wp-json\/wp\/v2\/types\/product"}],"wp:featuredmedia":[{"embeddable":true,"href":"https:\/\/www.valantabisuteria.com\/en\/wp-json\/wp\/v2\/media\/29803"}],"wp:attachment":[{"href":"https:\/\/www.valantabisuteria.com\/en\/wp-json\/wp\/v2\/media?parent=29802"}],"wp:term":[{"taxonomy":"product_brand","embeddable":true,"href":"https:\/\/www.valantabisuteria.com\/en\/wp-json\/wp\/v2\/product_brand?post=29802"},{"taxonomy":"product_cat","embeddable":true,"href":"https:\/\/www.valantabisuteria.com\/en\/wp-json\/wp\/v2\/product_cat?post=29802"},{"taxonomy":"product_tag","embeddable":true,"href":"https:\/\/www.valantabisuteria.com\/en\/wp-json\/wp\/v2\/product_tag?post=29802"}],"curies":[{"name":"wp","href":"https:\/\/api.w.org\/{rel}","templated":true}]}}