{"id":29823,"date":"2025-01-12T12:08:02","date_gmt":"2025-01-12T11:08:02","guid":{"rendered":"https:\/\/www.valantabisuteria.com\/?post_type=product&#038;p=29823"},"modified":"2025-11-11T10:41:29","modified_gmt":"2025-11-11T09:41:29","slug":"collar-plata-con-estrella-circonita-azul","status":"publish","type":"product","link":"https:\/\/www.valantabisuteria.com\/en\/product\/collar-plata-con-estrella-circonita-azul\/","title":{"rendered":"Collar plata con estrella circonita azul"},"content":{"rendered":"","protected":false},"excerpt":{"rendered":"<p>Sum\u00e9rgete en la sofisticaci\u00f3n de esta deslumbrante gargantilla de plata, dise\u00f1ada para realzar la belleza de la mujer moderna. La pieza central, meticulosamente elaborada, est\u00e1 compuesta por peque\u00f1as circonitas que destellan con el movimiento. En el centro, una hermosa piedra en circ\u00f3n azul protagonista del dise\u00f1o. Su color, evoca la serenidad de las aguas cristalinas, s\u00edmbolo de fuerza y confianza.<\/p>\n<p>Material: cadena plata y circonita azul<\/p>\n<p>Medida cadena: 42cm m\u00e1s extensi\u00f3n<\/p>\n<p>&nbsp;<\/p>\n","protected":false},"featured_media":29824,"template":"","meta":{"_joinchat":{"message_text":"Ahora tienes la oportunidad \u00fanica de tener esta impresionante joya como accesorio para realzar tu belleza natural","message_send":"Hazte ya con tu colgante estrella"}},"product_brand":[],"product_cat":[165,181],"product_tag":[189],"class_list":{"0":"post-29823","1":"product","2":"type-product","3":"status-publish","4":"has-post-thumbnail","6":"product_cat-mujer-valanta","7":"product_cat-novedades-temporada","8":"product_tag-collar-plata-con-circonitas","11":"first","12":"instock","13":"sold-individually","14":"shipping-taxable","15":"purchasable","16":"product-type-simple"},"yoast_head":"<!-- This site is optimized with the Yoast SEO plugin v27.2 - https:\/\/yoast.com\/product\/yoast-seo-wordpress\/ -->\n<title>ComprarCollar plata con estrella circonita azul | Valanta Bisuter\u00eda<\/title>\n<meta name=\"description\" content=\"Eleva tu estilo diario con Valanta, con este colgante en plata o en acero con dise\u00f1os modernos y elegantes vas a destacar en cada ocasi\u00f3n\" \/>\n<meta name=\"robots\" content=\"index, follow, max-snippet:-1, max-image-preview:large, max-video-preview:-1\" \/>\n<link rel=\"canonical\" href=\"https:\/\/www.valantabisuteria.com\/product\/collar-plata-con-estrella-circonita-azul\/\" \/>\n<meta property=\"og:locale\" content=\"en_US\" \/>\n<meta property=\"og:type\" content=\"article\" \/>\n<meta property=\"og:title\" content=\"ComprarCollar plata con estrella circonita azul | Valanta Bisuter\u00eda\" \/>\n<meta property=\"og:description\" content=\"Eleva tu estilo diario con Valanta, con este colgante en plata o en acero con dise\u00f1os modernos y elegantes vas a destacar en cada ocasi\u00f3n\" \/>\n<meta property=\"og:url\" content=\"https:\/\/www.valantabisuteria.com\/product\/collar-plata-con-estrella-circonita-azul\/\" \/>\n<meta property=\"og:site_name\" content=\"Valanta Bisuter\u00eda\" \/>\n<meta property=\"article:modified_time\" content=\"2025-11-11T09:41:29+00:00\" \/>\n<meta property=\"og:image\" content=\"https:\/\/www.valantabisuteria.com\/wp-content\/uploads\/2025\/01\/Colgante-plata-estrella-azul-scaled.jpg\" \/>\n\t<meta property=\"og:image:width\" content=\"1642\" \/>\n\t<meta property=\"og:image:height\" content=\"2560\" \/>\n\t<meta property=\"og:image:type\" content=\"image\/jpeg\" \/>\n<meta name=\"twitter:card\" content=\"summary_large_image\" \/>\n<meta name=\"twitter:label1\" content=\"Est. reading time\" \/>\n\t<meta name=\"twitter:data1\" content=\"1 minute\" \/>\n<script type=\"application\/ld+json\" class=\"yoast-schema-graph\">{\"@context\":\"https:\/\/schema.org\",\"@graph\":[{\"@type\":\"WebPage\",\"@id\":\"https:\/\/www.valantabisuteria.com\/product\/collar-plata-con-estrella-circonita-azul\/\",\"url\":\"https:\/\/www.valantabisuteria.com\/product\/collar-plata-con-estrella-circonita-azul\/\",\"name\":\"ComprarCollar plata con estrella circonita azul | Valanta Bisuter\u00eda\",\"isPartOf\":{\"@id\":\"https:\/\/www.valantabisuteria.com\/#website\"},\"primaryImageOfPage\":{\"@id\":\"https:\/\/www.valantabisuteria.com\/product\/collar-plata-con-estrella-circonita-azul\/#primaryimage\"},\"image\":{\"@id\":\"https:\/\/www.valantabisuteria.com\/product\/collar-plata-con-estrella-circonita-azul\/#primaryimage\"},\"thumbnailUrl\":\"https:\/\/www.valantabisuteria.com\/wp-content\/uploads\/2025\/01\/Colgante-plata-estrella-azul-scaled.jpg\",\"datePublished\":\"2025-01-12T11:08:02+00:00\",\"dateModified\":\"2025-11-11T09:41:29+00:00\",\"description\":\"Eleva tu estilo diario con Valanta, con este colgante en plata o en acero con dise\u00f1os modernos y elegantes vas a destacar en cada ocasi\u00f3n\",\"breadcrumb\":{\"@id\":\"https:\/\/www.valantabisuteria.com\/product\/collar-plata-con-estrella-circonita-azul\/#breadcrumb\"},\"inLanguage\":\"en-US\",\"potentialAction\":[{\"@type\":\"ReadAction\",\"target\":[\"https:\/\/www.valantabisuteria.com\/product\/collar-plata-con-estrella-circonita-azul\/\"]}]},{\"@type\":\"ImageObject\",\"inLanguage\":\"en-US\",\"@id\":\"https:\/\/www.valantabisuteria.com\/product\/collar-plata-con-estrella-circonita-azul\/#primaryimage\",\"url\":\"https:\/\/www.valantabisuteria.com\/wp-content\/uploads\/2025\/01\/Colgante-plata-estrella-azul-scaled.jpg\",\"contentUrl\":\"https:\/\/www.valantabisuteria.com\/wp-content\/uploads\/2025\/01\/Colgante-plata-estrella-azul-scaled.jpg\",\"width\":1642,\"height\":2560},{\"@type\":\"BreadcrumbList\",\"@id\":\"https:\/\/www.valantabisuteria.com\/product\/collar-plata-con-estrella-circonita-azul\/#breadcrumb\",\"itemListElement\":[{\"@type\":\"ListItem\",\"position\":1,\"name\":\"Portada\",\"item\":\"https:\/\/www.valantabisuteria.com\/\"},{\"@type\":\"ListItem\",\"position\":2,\"name\":\"Tienda\",\"item\":\"https:\/\/www.valantabisuteria.com\/tienda\/\"},{\"@type\":\"ListItem\",\"position\":3,\"name\":\"Collar plata con estrella circonita azul\"}]},{\"@type\":\"WebSite\",\"@id\":\"https:\/\/www.valantabisuteria.com\/#website\",\"url\":\"https:\/\/www.valantabisuteria.com\/\",\"name\":\"Valanta Bisuter\u00eda\",\"description\":\"Joyas y Bisuter\u00eda de calidad\",\"publisher\":{\"@id\":\"https:\/\/www.valantabisuteria.com\/#organization\"},\"alternateName\":\"Valanta Bisuter\u00eda\",\"potentialAction\":[{\"@type\":\"SearchAction\",\"target\":{\"@type\":\"EntryPoint\",\"urlTemplate\":\"https:\/\/www.valantabisuteria.com\/?s={search_term_string}\"},\"query-input\":{\"@type\":\"PropertyValueSpecification\",\"valueRequired\":true,\"valueName\":\"search_term_string\"}}],\"inLanguage\":\"en-US\"},{\"@type\":\"Organization\",\"@id\":\"https:\/\/www.valantabisuteria.com\/#organization\",\"name\":\"Valanta Bisuter\u00eda\",\"url\":\"https:\/\/www.valantabisuteria.com\/\",\"logo\":{\"@type\":\"ImageObject\",\"inLanguage\":\"en-US\",\"@id\":\"https:\/\/www.valantabisuteria.com\/#\/schema\/logo\/image\/\",\"url\":\"https:\/\/valantabisuteria.com\/wp-content\/uploads\/2023\/02\/Logo-07-b.png\",\"contentUrl\":\"https:\/\/valantabisuteria.com\/wp-content\/uploads\/2023\/02\/Logo-07-b.png\",\"width\":800,\"height\":238,\"caption\":\"Valanta Bisuter\u00eda\"},\"image\":{\"@id\":\"https:\/\/www.valantabisuteria.com\/#\/schema\/logo\/image\/\"},\"sameAs\":[\"https:\/\/www.instagram.com\/valantabisuteria\/\"]}]}<\/script>\n<!-- \/ Yoast SEO plugin. -->","yoast_head_json":{"title":"ComprarCollar plata con estrella circonita azul | Valanta Bisuter\u00eda","description":"Eleva tu estilo diario con Valanta, con este colgante en plata o en acero con dise\u00f1os modernos y elegantes vas a destacar en cada ocasi\u00f3n","robots":{"index":"index","follow":"follow","max-snippet":"max-snippet:-1","max-image-preview":"max-image-preview:large","max-video-preview":"max-video-preview:-1"},"canonical":"https:\/\/www.valantabisuteria.com\/product\/collar-plata-con-estrella-circonita-azul\/","og_locale":"en_US","og_type":"article","og_title":"ComprarCollar plata con estrella circonita azul | Valanta Bisuter\u00eda","og_description":"Eleva tu estilo diario con Valanta, con este colgante en plata o en acero con dise\u00f1os modernos y elegantes vas a destacar en cada ocasi\u00f3n","og_url":"https:\/\/www.valantabisuteria.com\/product\/collar-plata-con-estrella-circonita-azul\/","og_site_name":"Valanta Bisuter\u00eda","article_modified_time":"2025-11-11T09:41:29+00:00","og_image":[{"width":1642,"height":2560,"url":"https:\/\/www.valantabisuteria.com\/wp-content\/uploads\/2025\/01\/Colgante-plata-estrella-azul-scaled.jpg","type":"image\/jpeg"}],"twitter_card":"summary_large_image","twitter_misc":{"Est. reading time":"1 minute"},"schema":{"@context":"https:\/\/schema.org","@graph":[{"@type":"WebPage","@id":"https:\/\/www.valantabisuteria.com\/product\/collar-plata-con-estrella-circonita-azul\/","url":"https:\/\/www.valantabisuteria.com\/product\/collar-plata-con-estrella-circonita-azul\/","name":"ComprarCollar plata con estrella circonita azul | Valanta Bisuter\u00eda","isPartOf":{"@id":"https:\/\/www.valantabisuteria.com\/#website"},"primaryImageOfPage":{"@id":"https:\/\/www.valantabisuteria.com\/product\/collar-plata-con-estrella-circonita-azul\/#primaryimage"},"image":{"@id":"https:\/\/www.valantabisuteria.com\/product\/collar-plata-con-estrella-circonita-azul\/#primaryimage"},"thumbnailUrl":"https:\/\/www.valantabisuteria.com\/wp-content\/uploads\/2025\/01\/Colgante-plata-estrella-azul-scaled.jpg","datePublished":"2025-01-12T11:08:02+00:00","dateModified":"2025-11-11T09:41:29+00:00","description":"Eleva tu estilo diario con Valanta, con este colgante en plata o en acero con dise\u00f1os modernos y elegantes vas a destacar en cada ocasi\u00f3n","breadcrumb":{"@id":"https:\/\/www.valantabisuteria.com\/product\/collar-plata-con-estrella-circonita-azul\/#breadcrumb"},"inLanguage":"en-US","potentialAction":[{"@type":"ReadAction","target":["https:\/\/www.valantabisuteria.com\/product\/collar-plata-con-estrella-circonita-azul\/"]}]},{"@type":"ImageObject","inLanguage":"en-US","@id":"https:\/\/www.valantabisuteria.com\/product\/collar-plata-con-estrella-circonita-azul\/#primaryimage","url":"https:\/\/www.valantabisuteria.com\/wp-content\/uploads\/2025\/01\/Colgante-plata-estrella-azul-scaled.jpg","contentUrl":"https:\/\/www.valantabisuteria.com\/wp-content\/uploads\/2025\/01\/Colgante-plata-estrella-azul-scaled.jpg","width":1642,"height":2560},{"@type":"BreadcrumbList","@id":"https:\/\/www.valantabisuteria.com\/product\/collar-plata-con-estrella-circonita-azul\/#breadcrumb","itemListElement":[{"@type":"ListItem","position":1,"name":"Portada","item":"https:\/\/www.valantabisuteria.com\/"},{"@type":"ListItem","position":2,"name":"Tienda","item":"https:\/\/www.valantabisuteria.com\/tienda\/"},{"@type":"ListItem","position":3,"name":"Collar plata con estrella circonita azul"}]},{"@type":"WebSite","@id":"https:\/\/www.valantabisuteria.com\/#website","url":"https:\/\/www.valantabisuteria.com\/","name":"Valanta Bisuter\u00eda","description":"Joyas y Bisuter\u00eda de calidad","publisher":{"@id":"https:\/\/www.valantabisuteria.com\/#organization"},"alternateName":"Valanta Bisuter\u00eda","potentialAction":[{"@type":"SearchAction","target":{"@type":"EntryPoint","urlTemplate":"https:\/\/www.valantabisuteria.com\/?s={search_term_string}"},"query-input":{"@type":"PropertyValueSpecification","valueRequired":true,"valueName":"search_term_string"}}],"inLanguage":"en-US"},{"@type":"Organization","@id":"https:\/\/www.valantabisuteria.com\/#organization","name":"Valanta Bisuter\u00eda","url":"https:\/\/www.valantabisuteria.com\/","logo":{"@type":"ImageObject","inLanguage":"en-US","@id":"https:\/\/www.valantabisuteria.com\/#\/schema\/logo\/image\/","url":"https:\/\/valantabisuteria.com\/wp-content\/uploads\/2023\/02\/Logo-07-b.png","contentUrl":"https:\/\/valantabisuteria.com\/wp-content\/uploads\/2023\/02\/Logo-07-b.png","width":800,"height":238,"caption":"Valanta Bisuter\u00eda"},"image":{"@id":"https:\/\/www.valantabisuteria.com\/#\/schema\/logo\/image\/"},"sameAs":["https:\/\/www.instagram.com\/valantabisuteria\/"]}]}},"_links":{"self":[{"href":"https:\/\/www.valantabisuteria.com\/en\/wp-json\/wp\/v2\/product\/29823","targetHints":{"allow":["GET"]}}],"collection":[{"href":"https:\/\/www.valantabisuteria.com\/en\/wp-json\/wp\/v2\/product"}],"about":[{"href":"https:\/\/www.valantabisuteria.com\/en\/wp-json\/wp\/v2\/types\/product"}],"wp:featuredmedia":[{"embeddable":true,"href":"https:\/\/www.valantabisuteria.com\/en\/wp-json\/wp\/v2\/media\/29824"}],"wp:attachment":[{"href":"https:\/\/www.valantabisuteria.com\/en\/wp-json\/wp\/v2\/media?parent=29823"}],"wp:term":[{"taxonomy":"product_brand","embeddable":true,"href":"https:\/\/www.valantabisuteria.com\/en\/wp-json\/wp\/v2\/product_brand?post=29823"},{"taxonomy":"product_cat","embeddable":true,"href":"https:\/\/www.valantabisuteria.com\/en\/wp-json\/wp\/v2\/product_cat?post=29823"},{"taxonomy":"product_tag","embeddable":true,"href":"https:\/\/www.valantabisuteria.com\/en\/wp-json\/wp\/v2\/product_tag?post=29823"}],"curies":[{"name":"wp","href":"https:\/\/api.w.org\/{rel}","templated":true}]}}