{"id":30014,"date":"2025-06-07T18:37:04","date_gmt":"2025-06-07T16:37:04","guid":{"rendered":"https:\/\/www.valantabisuteria.com\/?post_type=product&#038;p=30014"},"modified":"2026-01-28T12:33:17","modified_gmt":"2026-01-28T11:33:17","slug":"collar-alana","status":"publish","type":"product","link":"https:\/\/www.valantabisuteria.com\/en\/product\/collar-alana\/","title":{"rendered":"Collar mineral crisocola y concha plateada"},"content":{"rendered":"","protected":false},"excerpt":{"rendered":"<p>El collar Alana est\u00e1 realizado con mineral crisocola y pieza en plateado en forma de caracola grande.<\/p>\n<p>Pero si de verdad quieres causa sensaci\u00f3n, combina esta pieza tan especial con el Collar Lua.<\/p>\n<p>https:\/\/www.valantabisuteria.com\/product\/collar-largo-cadena-eslabones-acero-plateado-concha-ceramica\/<\/p>\n<p>Este collar est\u00e1 creado para mujeres con car\u00e1cter y estilo. Esta pieza es para una mujer que no teme expresar qui\u00e9n es, con un dise\u00f1o que transmite fuerza y sofisticaci\u00f3n.<\/p>\n<p>Medida collar: 22cm<\/p>\n<p>Medida pieza: 5cm<\/p>\n","protected":false},"featured_media":30015,"template":"","meta":{"_joinchat":[]},"product_brand":[],"product_cat":[148,181],"product_tag":[],"class_list":{"0":"post-30014","1":"product","2":"type-product","3":"status-publish","4":"has-post-thumbnail","6":"product_cat-gada","7":"product_cat-novedades-temporada","10":"first","11":"instock","12":"shipping-taxable","13":"purchasable","14":"product-type-simple"},"yoast_head":"<!-- This site is optimized with the Yoast SEO plugin v27.2 - https:\/\/yoast.com\/product\/yoast-seo-wordpress\/ -->\n<title>ComprarCollar mineral crisocola y concha plateada | Valanta Bisuter\u00eda<\/title>\n<meta name=\"description\" content=\"Collar creado para una mujer con car\u00e1cter y estilo. Pensado para las que no temen expresar a trav\u00e9s de una joya qui\u00e9nes son.\" \/>\n<meta name=\"robots\" content=\"index, follow, max-snippet:-1, max-image-preview:large, max-video-preview:-1\" \/>\n<link rel=\"canonical\" href=\"https:\/\/www.valantabisuteria.com\/product\/collar-alana\/\" \/>\n<meta property=\"og:locale\" content=\"en_US\" \/>\n<meta property=\"og:type\" content=\"article\" \/>\n<meta property=\"og:title\" content=\"ComprarCollar mineral crisocola y concha plateada | Valanta Bisuter\u00eda\" \/>\n<meta property=\"og:description\" content=\"Collar creado para una mujer con car\u00e1cter y estilo. Pensado para las que no temen expresar a trav\u00e9s de una joya qui\u00e9nes son.\" \/>\n<meta property=\"og:url\" content=\"https:\/\/www.valantabisuteria.com\/product\/collar-alana\/\" \/>\n<meta property=\"og:site_name\" content=\"Valanta Bisuter\u00eda\" \/>\n<meta property=\"article:modified_time\" content=\"2026-01-28T11:33:17+00:00\" \/>\n<meta property=\"og:image\" content=\"https:\/\/www.valantabisuteria.com\/wp-content\/uploads\/2025\/06\/Collar-crisocola-caracola.jpg\" \/>\n\t<meta property=\"og:image:width\" content=\"1460\" \/>\n\t<meta property=\"og:image:height\" content=\"1857\" \/>\n\t<meta property=\"og:image:type\" content=\"image\/jpeg\" \/>\n<meta name=\"twitter:card\" content=\"summary_large_image\" \/>\n<meta name=\"twitter:label1\" content=\"Est. reading time\" \/>\n\t<meta name=\"twitter:data1\" content=\"1 minute\" \/>\n<script type=\"application\/ld+json\" class=\"yoast-schema-graph\">{\"@context\":\"https:\/\/schema.org\",\"@graph\":[{\"@type\":\"WebPage\",\"@id\":\"https:\/\/www.valantabisuteria.com\/product\/collar-alana\/\",\"url\":\"https:\/\/www.valantabisuteria.com\/product\/collar-alana\/\",\"name\":\"ComprarCollar mineral crisocola y concha plateada | Valanta Bisuter\u00eda\",\"isPartOf\":{\"@id\":\"https:\/\/www.valantabisuteria.com\/#website\"},\"primaryImageOfPage\":{\"@id\":\"https:\/\/www.valantabisuteria.com\/product\/collar-alana\/#primaryimage\"},\"image\":{\"@id\":\"https:\/\/www.valantabisuteria.com\/product\/collar-alana\/#primaryimage\"},\"thumbnailUrl\":\"https:\/\/www.valantabisuteria.com\/wp-content\/uploads\/2025\/06\/Collar-crisocola-caracola.jpg\",\"datePublished\":\"2025-06-07T16:37:04+00:00\",\"dateModified\":\"2026-01-28T11:33:17+00:00\",\"description\":\"Collar creado para una mujer con car\u00e1cter y estilo. Pensado para las que no temen expresar a trav\u00e9s de una joya qui\u00e9nes son.\",\"breadcrumb\":{\"@id\":\"https:\/\/www.valantabisuteria.com\/product\/collar-alana\/#breadcrumb\"},\"inLanguage\":\"en-US\",\"potentialAction\":[{\"@type\":\"ReadAction\",\"target\":[\"https:\/\/www.valantabisuteria.com\/product\/collar-alana\/\"]}]},{\"@type\":\"ImageObject\",\"inLanguage\":\"en-US\",\"@id\":\"https:\/\/www.valantabisuteria.com\/product\/collar-alana\/#primaryimage\",\"url\":\"https:\/\/www.valantabisuteria.com\/wp-content\/uploads\/2025\/06\/Collar-crisocola-caracola.jpg\",\"contentUrl\":\"https:\/\/www.valantabisuteria.com\/wp-content\/uploads\/2025\/06\/Collar-crisocola-caracola.jpg\",\"width\":1460,\"height\":1857,\"caption\":\"Collar caracola plateada\"},{\"@type\":\"BreadcrumbList\",\"@id\":\"https:\/\/www.valantabisuteria.com\/product\/collar-alana\/#breadcrumb\",\"itemListElement\":[{\"@type\":\"ListItem\",\"position\":1,\"name\":\"Portada\",\"item\":\"https:\/\/www.valantabisuteria.com\/\"},{\"@type\":\"ListItem\",\"position\":2,\"name\":\"Tienda\",\"item\":\"https:\/\/www.valantabisuteria.com\/tienda\/\"},{\"@type\":\"ListItem\",\"position\":3,\"name\":\"Collar mineral crisocola y concha plateada\"}]},{\"@type\":\"WebSite\",\"@id\":\"https:\/\/www.valantabisuteria.com\/#website\",\"url\":\"https:\/\/www.valantabisuteria.com\/\",\"name\":\"Valanta Bisuter\u00eda\",\"description\":\"Joyas y Bisuter\u00eda de calidad\",\"publisher\":{\"@id\":\"https:\/\/www.valantabisuteria.com\/#organization\"},\"alternateName\":\"Valanta Bisuter\u00eda\",\"potentialAction\":[{\"@type\":\"SearchAction\",\"target\":{\"@type\":\"EntryPoint\",\"urlTemplate\":\"https:\/\/www.valantabisuteria.com\/?s={search_term_string}\"},\"query-input\":{\"@type\":\"PropertyValueSpecification\",\"valueRequired\":true,\"valueName\":\"search_term_string\"}}],\"inLanguage\":\"en-US\"},{\"@type\":\"Organization\",\"@id\":\"https:\/\/www.valantabisuteria.com\/#organization\",\"name\":\"Valanta Bisuter\u00eda\",\"url\":\"https:\/\/www.valantabisuteria.com\/\",\"logo\":{\"@type\":\"ImageObject\",\"inLanguage\":\"en-US\",\"@id\":\"https:\/\/www.valantabisuteria.com\/#\/schema\/logo\/image\/\",\"url\":\"https:\/\/valantabisuteria.com\/wp-content\/uploads\/2023\/02\/Logo-07-b.png\",\"contentUrl\":\"https:\/\/valantabisuteria.com\/wp-content\/uploads\/2023\/02\/Logo-07-b.png\",\"width\":800,\"height\":238,\"caption\":\"Valanta Bisuter\u00eda\"},\"image\":{\"@id\":\"https:\/\/www.valantabisuteria.com\/#\/schema\/logo\/image\/\"},\"sameAs\":[\"https:\/\/www.instagram.com\/valantabisuteria\/\"]}]}<\/script>\n<!-- \/ Yoast SEO plugin. -->","yoast_head_json":{"title":"ComprarCollar mineral crisocola y concha plateada | Valanta Bisuter\u00eda","description":"Collar creado para una mujer con car\u00e1cter y estilo. Pensado para las que no temen expresar a trav\u00e9s de una joya qui\u00e9nes son.","robots":{"index":"index","follow":"follow","max-snippet":"max-snippet:-1","max-image-preview":"max-image-preview:large","max-video-preview":"max-video-preview:-1"},"canonical":"https:\/\/www.valantabisuteria.com\/product\/collar-alana\/","og_locale":"en_US","og_type":"article","og_title":"ComprarCollar mineral crisocola y concha plateada | Valanta Bisuter\u00eda","og_description":"Collar creado para una mujer con car\u00e1cter y estilo. Pensado para las que no temen expresar a trav\u00e9s de una joya qui\u00e9nes son.","og_url":"https:\/\/www.valantabisuteria.com\/product\/collar-alana\/","og_site_name":"Valanta Bisuter\u00eda","article_modified_time":"2026-01-28T11:33:17+00:00","og_image":[{"width":1460,"height":1857,"url":"https:\/\/www.valantabisuteria.com\/wp-content\/uploads\/2025\/06\/Collar-crisocola-caracola.jpg","type":"image\/jpeg"}],"twitter_card":"summary_large_image","twitter_misc":{"Est. reading time":"1 minute"},"schema":{"@context":"https:\/\/schema.org","@graph":[{"@type":"WebPage","@id":"https:\/\/www.valantabisuteria.com\/product\/collar-alana\/","url":"https:\/\/www.valantabisuteria.com\/product\/collar-alana\/","name":"ComprarCollar mineral crisocola y concha plateada | Valanta Bisuter\u00eda","isPartOf":{"@id":"https:\/\/www.valantabisuteria.com\/#website"},"primaryImageOfPage":{"@id":"https:\/\/www.valantabisuteria.com\/product\/collar-alana\/#primaryimage"},"image":{"@id":"https:\/\/www.valantabisuteria.com\/product\/collar-alana\/#primaryimage"},"thumbnailUrl":"https:\/\/www.valantabisuteria.com\/wp-content\/uploads\/2025\/06\/Collar-crisocola-caracola.jpg","datePublished":"2025-06-07T16:37:04+00:00","dateModified":"2026-01-28T11:33:17+00:00","description":"Collar creado para una mujer con car\u00e1cter y estilo. Pensado para las que no temen expresar a trav\u00e9s de una joya qui\u00e9nes son.","breadcrumb":{"@id":"https:\/\/www.valantabisuteria.com\/product\/collar-alana\/#breadcrumb"},"inLanguage":"en-US","potentialAction":[{"@type":"ReadAction","target":["https:\/\/www.valantabisuteria.com\/product\/collar-alana\/"]}]},{"@type":"ImageObject","inLanguage":"en-US","@id":"https:\/\/www.valantabisuteria.com\/product\/collar-alana\/#primaryimage","url":"https:\/\/www.valantabisuteria.com\/wp-content\/uploads\/2025\/06\/Collar-crisocola-caracola.jpg","contentUrl":"https:\/\/www.valantabisuteria.com\/wp-content\/uploads\/2025\/06\/Collar-crisocola-caracola.jpg","width":1460,"height":1857,"caption":"Collar caracola plateada"},{"@type":"BreadcrumbList","@id":"https:\/\/www.valantabisuteria.com\/product\/collar-alana\/#breadcrumb","itemListElement":[{"@type":"ListItem","position":1,"name":"Portada","item":"https:\/\/www.valantabisuteria.com\/"},{"@type":"ListItem","position":2,"name":"Tienda","item":"https:\/\/www.valantabisuteria.com\/tienda\/"},{"@type":"ListItem","position":3,"name":"Collar mineral crisocola y concha plateada"}]},{"@type":"WebSite","@id":"https:\/\/www.valantabisuteria.com\/#website","url":"https:\/\/www.valantabisuteria.com\/","name":"Valanta Bisuter\u00eda","description":"Joyas y Bisuter\u00eda de calidad","publisher":{"@id":"https:\/\/www.valantabisuteria.com\/#organization"},"alternateName":"Valanta Bisuter\u00eda","potentialAction":[{"@type":"SearchAction","target":{"@type":"EntryPoint","urlTemplate":"https:\/\/www.valantabisuteria.com\/?s={search_term_string}"},"query-input":{"@type":"PropertyValueSpecification","valueRequired":true,"valueName":"search_term_string"}}],"inLanguage":"en-US"},{"@type":"Organization","@id":"https:\/\/www.valantabisuteria.com\/#organization","name":"Valanta Bisuter\u00eda","url":"https:\/\/www.valantabisuteria.com\/","logo":{"@type":"ImageObject","inLanguage":"en-US","@id":"https:\/\/www.valantabisuteria.com\/#\/schema\/logo\/image\/","url":"https:\/\/valantabisuteria.com\/wp-content\/uploads\/2023\/02\/Logo-07-b.png","contentUrl":"https:\/\/valantabisuteria.com\/wp-content\/uploads\/2023\/02\/Logo-07-b.png","width":800,"height":238,"caption":"Valanta Bisuter\u00eda"},"image":{"@id":"https:\/\/www.valantabisuteria.com\/#\/schema\/logo\/image\/"},"sameAs":["https:\/\/www.instagram.com\/valantabisuteria\/"]}]}},"_links":{"self":[{"href":"https:\/\/www.valantabisuteria.com\/en\/wp-json\/wp\/v2\/product\/30014","targetHints":{"allow":["GET"]}}],"collection":[{"href":"https:\/\/www.valantabisuteria.com\/en\/wp-json\/wp\/v2\/product"}],"about":[{"href":"https:\/\/www.valantabisuteria.com\/en\/wp-json\/wp\/v2\/types\/product"}],"wp:featuredmedia":[{"embeddable":true,"href":"https:\/\/www.valantabisuteria.com\/en\/wp-json\/wp\/v2\/media\/30015"}],"wp:attachment":[{"href":"https:\/\/www.valantabisuteria.com\/en\/wp-json\/wp\/v2\/media?parent=30014"}],"wp:term":[{"taxonomy":"product_brand","embeddable":true,"href":"https:\/\/www.valantabisuteria.com\/en\/wp-json\/wp\/v2\/product_brand?post=30014"},{"taxonomy":"product_cat","embeddable":true,"href":"https:\/\/www.valantabisuteria.com\/en\/wp-json\/wp\/v2\/product_cat?post=30014"},{"taxonomy":"product_tag","embeddable":true,"href":"https:\/\/www.valantabisuteria.com\/en\/wp-json\/wp\/v2\/product_tag?post=30014"}],"curies":[{"name":"wp","href":"https:\/\/api.w.org\/{rel}","templated":true}]}}