{"id":30352,"date":"2025-07-17T10:26:07","date_gmt":"2025-07-17T08:26:07","guid":{"rendered":"https:\/\/www.valantabisuteria.com\/?post_type=product&#038;p=30352"},"modified":"2025-12-17T10:22:37","modified_gmt":"2025-12-17T09:22:37","slug":"pulsera-acero-plateado-con-doble-cadena-y-placa-patita-perro-cristal-facetado","status":"publish","type":"product","link":"https:\/\/www.valantabisuteria.com\/en\/product\/pulsera-acero-plateado-con-doble-cadena-y-placa-patita-perro-cristal-facetado\/","title":{"rendered":"Pulsera en cristales facetados y placa patita perro"},"content":{"rendered":"","protected":false},"excerpt":{"rendered":"<p>Pulsera en cristal facetado irisado en color gris con chapa en acero plateado en forma de patita de perro.<\/p>\n<p>Medida: 18 cm m\u00e1s extensi\u00f3n<\/p>\n<p>Un legado de Amor. Estas joyas no solo son un tesoro para tu joyero, sino tambi\u00e9n para el mundo. Al comprarlas, apoyas causas que promueven el bienestar de los animales, creando un legado de amor y compasi\u00f3n.<\/p>\n<p><strong>SUPER IMPORTANTE: Donaci\u00f3n del 10% del precio de venta a diferentes organizaciones sin \u00e1nimo de lucro para el cuidado, bienestar y protecci\u00f3n animal.<\/strong><br \/>\n<img decoding=\"async\" class=\"alignnone size-medium wp-image-28904\" src=\"https:\/\/valantabisuteria.com\/wp-content\/uploads\/2022\/12\/10perc-300x82.jpg\" alt=\"\" width=\"150px\" \/><\/p>\n","protected":false},"featured_media":30348,"template":"","meta":{"_joinchat":[]},"product_brand":[],"product_cat":[184,166],"product_tag":[],"class_list":{"0":"post-30352","1":"product","2":"type-product","3":"status-publish","4":"has-post-thumbnail","6":"product_cat-joya-solidaria","7":"product_cat-valanta-solidaria","10":"first","11":"instock","12":"shipping-taxable","13":"purchasable","14":"product-type-simple"},"yoast_head":"<!-- This site is optimized with the Yoast SEO plugin v27.2 - https:\/\/yoast.com\/product\/yoast-seo-wordpress\/ -->\n<title>ComprarPulsera en cristales facetados y placa patita perro | Valanta Bisuter\u00eda<\/title>\n<meta name=\"description\" content=\"Pulsera en cristal facetado en color gris, un toque de brillo, glamour y solidaridad en tu mu\u00f1eca como complemento a tu look\" \/>\n<meta name=\"robots\" content=\"index, follow, max-snippet:-1, max-image-preview:large, max-video-preview:-1\" \/>\n<link rel=\"canonical\" href=\"https:\/\/www.valantabisuteria.com\/product\/pulsera-acero-plateado-con-doble-cadena-y-placa-patita-perro-cristal-facetado\/\" \/>\n<meta property=\"og:locale\" content=\"en_US\" \/>\n<meta property=\"og:type\" content=\"article\" \/>\n<meta property=\"og:title\" content=\"ComprarPulsera en cristales facetados y placa patita perro | Valanta Bisuter\u00eda\" \/>\n<meta property=\"og:description\" content=\"Pulsera en cristal facetado en color gris, un toque de brillo, glamour y solidaridad en tu mu\u00f1eca como complemento a tu look\" \/>\n<meta property=\"og:url\" content=\"https:\/\/www.valantabisuteria.com\/product\/pulsera-acero-plateado-con-doble-cadena-y-placa-patita-perro-cristal-facetado\/\" \/>\n<meta property=\"og:site_name\" content=\"Valanta Bisuter\u00eda\" \/>\n<meta property=\"article:modified_time\" content=\"2025-12-17T09:22:37+00:00\" \/>\n<meta property=\"og:image\" content=\"https:\/\/www.valantabisuteria.com\/wp-content\/uploads\/2025\/07\/IMG_20240711_155139.jpg\" \/>\n\t<meta property=\"og:image:width\" content=\"1413\" \/>\n\t<meta property=\"og:image:height\" content=\"1915\" \/>\n\t<meta property=\"og:image:type\" content=\"image\/jpeg\" \/>\n<meta name=\"twitter:card\" content=\"summary_large_image\" \/>\n<meta name=\"twitter:label1\" content=\"Est. reading time\" \/>\n\t<meta name=\"twitter:data1\" content=\"1 minute\" \/>\n<script type=\"application\/ld+json\" class=\"yoast-schema-graph\">{\"@context\":\"https:\/\/schema.org\",\"@graph\":[{\"@type\":\"WebPage\",\"@id\":\"https:\/\/www.valantabisuteria.com\/product\/pulsera-acero-plateado-con-doble-cadena-y-placa-patita-perro-cristal-facetado\/\",\"url\":\"https:\/\/www.valantabisuteria.com\/product\/pulsera-acero-plateado-con-doble-cadena-y-placa-patita-perro-cristal-facetado\/\",\"name\":\"ComprarPulsera en cristales facetados y placa patita perro | Valanta Bisuter\u00eda\",\"isPartOf\":{\"@id\":\"https:\/\/www.valantabisuteria.com\/#website\"},\"primaryImageOfPage\":{\"@id\":\"https:\/\/www.valantabisuteria.com\/product\/pulsera-acero-plateado-con-doble-cadena-y-placa-patita-perro-cristal-facetado\/#primaryimage\"},\"image\":{\"@id\":\"https:\/\/www.valantabisuteria.com\/product\/pulsera-acero-plateado-con-doble-cadena-y-placa-patita-perro-cristal-facetado\/#primaryimage\"},\"thumbnailUrl\":\"https:\/\/www.valantabisuteria.com\/wp-content\/uploads\/2025\/07\/IMG_20240711_155139.jpg\",\"datePublished\":\"2025-07-17T08:26:07+00:00\",\"dateModified\":\"2025-12-17T09:22:37+00:00\",\"description\":\"Pulsera en cristal facetado en color gris, un toque de brillo, glamour y solidaridad en tu mu\u00f1eca como complemento a tu look\",\"breadcrumb\":{\"@id\":\"https:\/\/www.valantabisuteria.com\/product\/pulsera-acero-plateado-con-doble-cadena-y-placa-patita-perro-cristal-facetado\/#breadcrumb\"},\"inLanguage\":\"en-US\",\"potentialAction\":[{\"@type\":\"ReadAction\",\"target\":[\"https:\/\/www.valantabisuteria.com\/product\/pulsera-acero-plateado-con-doble-cadena-y-placa-patita-perro-cristal-facetado\/\"]}]},{\"@type\":\"ImageObject\",\"inLanguage\":\"en-US\",\"@id\":\"https:\/\/www.valantabisuteria.com\/product\/pulsera-acero-plateado-con-doble-cadena-y-placa-patita-perro-cristal-facetado\/#primaryimage\",\"url\":\"https:\/\/www.valantabisuteria.com\/wp-content\/uploads\/2025\/07\/IMG_20240711_155139.jpg\",\"contentUrl\":\"https:\/\/www.valantabisuteria.com\/wp-content\/uploads\/2025\/07\/IMG_20240711_155139.jpg\",\"width\":1413,\"height\":1915,\"caption\":\"pulsera en cristal gris facetado con placa en forma de patita de perro\"},{\"@type\":\"BreadcrumbList\",\"@id\":\"https:\/\/www.valantabisuteria.com\/product\/pulsera-acero-plateado-con-doble-cadena-y-placa-patita-perro-cristal-facetado\/#breadcrumb\",\"itemListElement\":[{\"@type\":\"ListItem\",\"position\":1,\"name\":\"Portada\",\"item\":\"https:\/\/www.valantabisuteria.com\/\"},{\"@type\":\"ListItem\",\"position\":2,\"name\":\"Tienda\",\"item\":\"https:\/\/www.valantabisuteria.com\/tienda\/\"},{\"@type\":\"ListItem\",\"position\":3,\"name\":\"Pulsera en cristales facetados y placa patita perro\"}]},{\"@type\":\"WebSite\",\"@id\":\"https:\/\/www.valantabisuteria.com\/#website\",\"url\":\"https:\/\/www.valantabisuteria.com\/\",\"name\":\"Valanta Bisuter\u00eda\",\"description\":\"Joyas y Bisuter\u00eda de calidad\",\"publisher\":{\"@id\":\"https:\/\/www.valantabisuteria.com\/#organization\"},\"alternateName\":\"Valanta Bisuter\u00eda\",\"potentialAction\":[{\"@type\":\"SearchAction\",\"target\":{\"@type\":\"EntryPoint\",\"urlTemplate\":\"https:\/\/www.valantabisuteria.com\/?s={search_term_string}\"},\"query-input\":{\"@type\":\"PropertyValueSpecification\",\"valueRequired\":true,\"valueName\":\"search_term_string\"}}],\"inLanguage\":\"en-US\"},{\"@type\":\"Organization\",\"@id\":\"https:\/\/www.valantabisuteria.com\/#organization\",\"name\":\"Valanta Bisuter\u00eda\",\"url\":\"https:\/\/www.valantabisuteria.com\/\",\"logo\":{\"@type\":\"ImageObject\",\"inLanguage\":\"en-US\",\"@id\":\"https:\/\/www.valantabisuteria.com\/#\/schema\/logo\/image\/\",\"url\":\"https:\/\/valantabisuteria.com\/wp-content\/uploads\/2023\/02\/Logo-07-b.png\",\"contentUrl\":\"https:\/\/valantabisuteria.com\/wp-content\/uploads\/2023\/02\/Logo-07-b.png\",\"width\":800,\"height\":238,\"caption\":\"Valanta Bisuter\u00eda\"},\"image\":{\"@id\":\"https:\/\/www.valantabisuteria.com\/#\/schema\/logo\/image\/\"},\"sameAs\":[\"https:\/\/www.instagram.com\/valantabisuteria\/\"]}]}<\/script>\n<!-- \/ Yoast SEO plugin. -->","yoast_head_json":{"title":"ComprarPulsera en cristales facetados y placa patita perro | Valanta Bisuter\u00eda","description":"Pulsera en cristal facetado en color gris, un toque de brillo, glamour y solidaridad en tu mu\u00f1eca como complemento a tu look","robots":{"index":"index","follow":"follow","max-snippet":"max-snippet:-1","max-image-preview":"max-image-preview:large","max-video-preview":"max-video-preview:-1"},"canonical":"https:\/\/www.valantabisuteria.com\/product\/pulsera-acero-plateado-con-doble-cadena-y-placa-patita-perro-cristal-facetado\/","og_locale":"en_US","og_type":"article","og_title":"ComprarPulsera en cristales facetados y placa patita perro | Valanta Bisuter\u00eda","og_description":"Pulsera en cristal facetado en color gris, un toque de brillo, glamour y solidaridad en tu mu\u00f1eca como complemento a tu look","og_url":"https:\/\/www.valantabisuteria.com\/product\/pulsera-acero-plateado-con-doble-cadena-y-placa-patita-perro-cristal-facetado\/","og_site_name":"Valanta Bisuter\u00eda","article_modified_time":"2025-12-17T09:22:37+00:00","og_image":[{"width":1413,"height":1915,"url":"https:\/\/www.valantabisuteria.com\/wp-content\/uploads\/2025\/07\/IMG_20240711_155139.jpg","type":"image\/jpeg"}],"twitter_card":"summary_large_image","twitter_misc":{"Est. reading time":"1 minute"},"schema":{"@context":"https:\/\/schema.org","@graph":[{"@type":"WebPage","@id":"https:\/\/www.valantabisuteria.com\/product\/pulsera-acero-plateado-con-doble-cadena-y-placa-patita-perro-cristal-facetado\/","url":"https:\/\/www.valantabisuteria.com\/product\/pulsera-acero-plateado-con-doble-cadena-y-placa-patita-perro-cristal-facetado\/","name":"ComprarPulsera en cristales facetados y placa patita perro | Valanta Bisuter\u00eda","isPartOf":{"@id":"https:\/\/www.valantabisuteria.com\/#website"},"primaryImageOfPage":{"@id":"https:\/\/www.valantabisuteria.com\/product\/pulsera-acero-plateado-con-doble-cadena-y-placa-patita-perro-cristal-facetado\/#primaryimage"},"image":{"@id":"https:\/\/www.valantabisuteria.com\/product\/pulsera-acero-plateado-con-doble-cadena-y-placa-patita-perro-cristal-facetado\/#primaryimage"},"thumbnailUrl":"https:\/\/www.valantabisuteria.com\/wp-content\/uploads\/2025\/07\/IMG_20240711_155139.jpg","datePublished":"2025-07-17T08:26:07+00:00","dateModified":"2025-12-17T09:22:37+00:00","description":"Pulsera en cristal facetado en color gris, un toque de brillo, glamour y solidaridad en tu mu\u00f1eca como complemento a tu look","breadcrumb":{"@id":"https:\/\/www.valantabisuteria.com\/product\/pulsera-acero-plateado-con-doble-cadena-y-placa-patita-perro-cristal-facetado\/#breadcrumb"},"inLanguage":"en-US","potentialAction":[{"@type":"ReadAction","target":["https:\/\/www.valantabisuteria.com\/product\/pulsera-acero-plateado-con-doble-cadena-y-placa-patita-perro-cristal-facetado\/"]}]},{"@type":"ImageObject","inLanguage":"en-US","@id":"https:\/\/www.valantabisuteria.com\/product\/pulsera-acero-plateado-con-doble-cadena-y-placa-patita-perro-cristal-facetado\/#primaryimage","url":"https:\/\/www.valantabisuteria.com\/wp-content\/uploads\/2025\/07\/IMG_20240711_155139.jpg","contentUrl":"https:\/\/www.valantabisuteria.com\/wp-content\/uploads\/2025\/07\/IMG_20240711_155139.jpg","width":1413,"height":1915,"caption":"pulsera en cristal gris facetado con placa en forma de patita de perro"},{"@type":"BreadcrumbList","@id":"https:\/\/www.valantabisuteria.com\/product\/pulsera-acero-plateado-con-doble-cadena-y-placa-patita-perro-cristal-facetado\/#breadcrumb","itemListElement":[{"@type":"ListItem","position":1,"name":"Portada","item":"https:\/\/www.valantabisuteria.com\/"},{"@type":"ListItem","position":2,"name":"Tienda","item":"https:\/\/www.valantabisuteria.com\/tienda\/"},{"@type":"ListItem","position":3,"name":"Pulsera en cristales facetados y placa patita perro"}]},{"@type":"WebSite","@id":"https:\/\/www.valantabisuteria.com\/#website","url":"https:\/\/www.valantabisuteria.com\/","name":"Valanta Bisuter\u00eda","description":"Joyas y Bisuter\u00eda de calidad","publisher":{"@id":"https:\/\/www.valantabisuteria.com\/#organization"},"alternateName":"Valanta Bisuter\u00eda","potentialAction":[{"@type":"SearchAction","target":{"@type":"EntryPoint","urlTemplate":"https:\/\/www.valantabisuteria.com\/?s={search_term_string}"},"query-input":{"@type":"PropertyValueSpecification","valueRequired":true,"valueName":"search_term_string"}}],"inLanguage":"en-US"},{"@type":"Organization","@id":"https:\/\/www.valantabisuteria.com\/#organization","name":"Valanta Bisuter\u00eda","url":"https:\/\/www.valantabisuteria.com\/","logo":{"@type":"ImageObject","inLanguage":"en-US","@id":"https:\/\/www.valantabisuteria.com\/#\/schema\/logo\/image\/","url":"https:\/\/valantabisuteria.com\/wp-content\/uploads\/2023\/02\/Logo-07-b.png","contentUrl":"https:\/\/valantabisuteria.com\/wp-content\/uploads\/2023\/02\/Logo-07-b.png","width":800,"height":238,"caption":"Valanta Bisuter\u00eda"},"image":{"@id":"https:\/\/www.valantabisuteria.com\/#\/schema\/logo\/image\/"},"sameAs":["https:\/\/www.instagram.com\/valantabisuteria\/"]}]}},"_links":{"self":[{"href":"https:\/\/www.valantabisuteria.com\/en\/wp-json\/wp\/v2\/product\/30352","targetHints":{"allow":["GET"]}}],"collection":[{"href":"https:\/\/www.valantabisuteria.com\/en\/wp-json\/wp\/v2\/product"}],"about":[{"href":"https:\/\/www.valantabisuteria.com\/en\/wp-json\/wp\/v2\/types\/product"}],"wp:featuredmedia":[{"embeddable":true,"href":"https:\/\/www.valantabisuteria.com\/en\/wp-json\/wp\/v2\/media\/30348"}],"wp:attachment":[{"href":"https:\/\/www.valantabisuteria.com\/en\/wp-json\/wp\/v2\/media?parent=30352"}],"wp:term":[{"taxonomy":"product_brand","embeddable":true,"href":"https:\/\/www.valantabisuteria.com\/en\/wp-json\/wp\/v2\/product_brand?post=30352"},{"taxonomy":"product_cat","embeddable":true,"href":"https:\/\/www.valantabisuteria.com\/en\/wp-json\/wp\/v2\/product_cat?post=30352"},{"taxonomy":"product_tag","embeddable":true,"href":"https:\/\/www.valantabisuteria.com\/en\/wp-json\/wp\/v2\/product_tag?post=30352"}],"curies":[{"name":"wp","href":"https:\/\/api.w.org\/{rel}","templated":true}]}}