{"id":30353,"date":"2025-07-17T10:42:05","date_gmt":"2025-07-17T08:42:05","guid":{"rendered":"https:\/\/www.valantabisuteria.com\/?post_type=product&#038;p=30353"},"modified":"2025-08-19T18:02:59","modified_gmt":"2025-08-19T16:02:59","slug":"pulsera-en-cristales-facetados-placa-patita-perro-acero-dorado","status":"publish","type":"product","link":"https:\/\/www.valantabisuteria.com\/en\/product\/pulsera-en-cristales-facetados-placa-patita-perro-acero-dorado\/","title":{"rendered":"Pulsera cristales facetados dorados y placa patita perro"},"content":{"rendered":"<p>Pulsera en cristal facetado irisado en colores dorados con chapa en acero dorado en forma de patita de perro.<\/p>\n<p>Medida: 20cm m\u00e1s extensi\u00f3n<\/p>\n","protected":false},"excerpt":{"rendered":"<p>Pulsera en cristal facetado irisado en colores dorados con chapa en acero dorado en forma de patita de perro.<\/p>\n<p>Medida: 20cm m\u00e1s extensi\u00f3n<\/p>\n<p>Compromiso brillante. Esta pulsera no es solo un accesorio mas, es una declaraci\u00f3n de valores. Cada pieza representa tu compromiso con los animales, asegurando que tu estilo sirva para un prop\u00f3sito mayor con valor.<\/p>\n<p>ATENCI\u00d3N: El color de los cristales pueden variar en relaci\u00f3n a la fotograf\u00eda<\/p>\n<p><strong>SUPER IMPORTANTE: Donaci\u00f3n del 10% del precio de venta a diferentes organizaciones sin \u00e1nimo de lucro para el cuidado, bienestar y protecci\u00f3n animal.<\/strong><br \/>\n<img decoding=\"async\" class=\"alignnone size-medium wp-image-28904\" src=\"https:\/\/valantabisuteria.com\/wp-content\/uploads\/2022\/12\/10perc-300x82.jpg\" alt=\"\" width=\"150px\" \/><\/p>\n","protected":false},"featured_media":30358,"template":"","meta":{"_joinchat":[]},"product_brand":[],"product_cat":[184,166],"product_tag":[],"class_list":{"0":"post-30353","1":"product","2":"type-product","3":"status-publish","4":"has-post-thumbnail","6":"product_cat-joya-solidaria","7":"product_cat-valanta-solidaria","10":"first","11":"instock","12":"shipping-taxable","13":"purchasable","14":"product-type-simple"},"yoast_head":"<!-- This site is optimized with the Yoast SEO plugin v27.2 - https:\/\/yoast.com\/product\/yoast-seo-wordpress\/ -->\n<title>ComprarPulsera cristales facetados dorados y placa patita perro | Valanta Bisuter\u00eda<\/title>\n<meta name=\"description\" content=\"Pulsera en cristal facetado en color gris, un toque de brillo, glamour y solidaridad en tu mu\u00f1eca como complemento a tu look\" \/>\n<meta name=\"robots\" content=\"index, follow, max-snippet:-1, max-image-preview:large, max-video-preview:-1\" \/>\n<link rel=\"canonical\" href=\"https:\/\/www.valantabisuteria.com\/product\/pulsera-en-cristales-facetados-placa-patita-perro-acero-dorado\/\" \/>\n<meta property=\"og:locale\" content=\"en_US\" \/>\n<meta property=\"og:type\" content=\"article\" \/>\n<meta property=\"og:title\" content=\"ComprarPulsera cristales facetados dorados y placa patita perro | Valanta Bisuter\u00eda\" \/>\n<meta property=\"og:description\" content=\"Pulsera en cristal facetado en color gris, un toque de brillo, glamour y solidaridad en tu mu\u00f1eca como complemento a tu look\" \/>\n<meta property=\"og:url\" content=\"https:\/\/www.valantabisuteria.com\/product\/pulsera-en-cristales-facetados-placa-patita-perro-acero-dorado\/\" \/>\n<meta property=\"og:site_name\" content=\"Valanta Bisuter\u00eda\" \/>\n<meta property=\"article:modified_time\" content=\"2025-08-19T16:02:59+00:00\" \/>\n<meta property=\"og:image\" content=\"https:\/\/www.valantabisuteria.com\/wp-content\/uploads\/2025\/07\/1733241919313-scaled.jpg\" \/>\n\t<meta property=\"og:image:width\" content=\"1415\" \/>\n\t<meta property=\"og:image:height\" content=\"2560\" \/>\n\t<meta property=\"og:image:type\" content=\"image\/jpeg\" \/>\n<meta name=\"twitter:card\" content=\"summary_large_image\" \/>\n<meta name=\"twitter:label1\" content=\"Est. reading time\" \/>\n\t<meta name=\"twitter:data1\" content=\"1 minute\" \/>\n<script type=\"application\/ld+json\" class=\"yoast-schema-graph\">{\"@context\":\"https:\/\/schema.org\",\"@graph\":[{\"@type\":\"WebPage\",\"@id\":\"https:\/\/www.valantabisuteria.com\/product\/pulsera-en-cristales-facetados-placa-patita-perro-acero-dorado\/\",\"url\":\"https:\/\/www.valantabisuteria.com\/product\/pulsera-en-cristales-facetados-placa-patita-perro-acero-dorado\/\",\"name\":\"ComprarPulsera cristales facetados dorados y placa patita perro | Valanta Bisuter\u00eda\",\"isPartOf\":{\"@id\":\"https:\/\/www.valantabisuteria.com\/#website\"},\"primaryImageOfPage\":{\"@id\":\"https:\/\/www.valantabisuteria.com\/product\/pulsera-en-cristales-facetados-placa-patita-perro-acero-dorado\/#primaryimage\"},\"image\":{\"@id\":\"https:\/\/www.valantabisuteria.com\/product\/pulsera-en-cristales-facetados-placa-patita-perro-acero-dorado\/#primaryimage\"},\"thumbnailUrl\":\"https:\/\/www.valantabisuteria.com\/wp-content\/uploads\/2025\/07\/1733241919313-scaled.jpg\",\"datePublished\":\"2025-07-17T08:42:05+00:00\",\"dateModified\":\"2025-08-19T16:02:59+00:00\",\"description\":\"Pulsera en cristal facetado en color gris, un toque de brillo, glamour y solidaridad en tu mu\u00f1eca como complemento a tu look\",\"breadcrumb\":{\"@id\":\"https:\/\/www.valantabisuteria.com\/product\/pulsera-en-cristales-facetados-placa-patita-perro-acero-dorado\/#breadcrumb\"},\"inLanguage\":\"en-US\",\"potentialAction\":[{\"@type\":\"ReadAction\",\"target\":[\"https:\/\/www.valantabisuteria.com\/product\/pulsera-en-cristales-facetados-placa-patita-perro-acero-dorado\/\"]}]},{\"@type\":\"ImageObject\",\"inLanguage\":\"en-US\",\"@id\":\"https:\/\/www.valantabisuteria.com\/product\/pulsera-en-cristales-facetados-placa-patita-perro-acero-dorado\/#primaryimage\",\"url\":\"https:\/\/www.valantabisuteria.com\/wp-content\/uploads\/2025\/07\/1733241919313-scaled.jpg\",\"contentUrl\":\"https:\/\/www.valantabisuteria.com\/wp-content\/uploads\/2025\/07\/1733241919313-scaled.jpg\",\"width\":1415,\"height\":2560,\"caption\":\"pulsera cristal facetado en dorados con placa en forma de patita de perro\"},{\"@type\":\"BreadcrumbList\",\"@id\":\"https:\/\/www.valantabisuteria.com\/product\/pulsera-en-cristales-facetados-placa-patita-perro-acero-dorado\/#breadcrumb\",\"itemListElement\":[{\"@type\":\"ListItem\",\"position\":1,\"name\":\"Portada\",\"item\":\"https:\/\/www.valantabisuteria.com\/\"},{\"@type\":\"ListItem\",\"position\":2,\"name\":\"Tienda\",\"item\":\"https:\/\/www.valantabisuteria.com\/tienda\/\"},{\"@type\":\"ListItem\",\"position\":3,\"name\":\"Pulsera cristales facetados dorados y placa patita perro\"}]},{\"@type\":\"WebSite\",\"@id\":\"https:\/\/www.valantabisuteria.com\/#website\",\"url\":\"https:\/\/www.valantabisuteria.com\/\",\"name\":\"Valanta Bisuter\u00eda\",\"description\":\"Joyas y Bisuter\u00eda de calidad\",\"publisher\":{\"@id\":\"https:\/\/www.valantabisuteria.com\/#organization\"},\"alternateName\":\"Valanta Bisuter\u00eda\",\"potentialAction\":[{\"@type\":\"SearchAction\",\"target\":{\"@type\":\"EntryPoint\",\"urlTemplate\":\"https:\/\/www.valantabisuteria.com\/?s={search_term_string}\"},\"query-input\":{\"@type\":\"PropertyValueSpecification\",\"valueRequired\":true,\"valueName\":\"search_term_string\"}}],\"inLanguage\":\"en-US\"},{\"@type\":\"Organization\",\"@id\":\"https:\/\/www.valantabisuteria.com\/#organization\",\"name\":\"Valanta Bisuter\u00eda\",\"url\":\"https:\/\/www.valantabisuteria.com\/\",\"logo\":{\"@type\":\"ImageObject\",\"inLanguage\":\"en-US\",\"@id\":\"https:\/\/www.valantabisuteria.com\/#\/schema\/logo\/image\/\",\"url\":\"https:\/\/valantabisuteria.com\/wp-content\/uploads\/2023\/02\/Logo-07-b.png\",\"contentUrl\":\"https:\/\/valantabisuteria.com\/wp-content\/uploads\/2023\/02\/Logo-07-b.png\",\"width\":800,\"height\":238,\"caption\":\"Valanta Bisuter\u00eda\"},\"image\":{\"@id\":\"https:\/\/www.valantabisuteria.com\/#\/schema\/logo\/image\/\"},\"sameAs\":[\"https:\/\/www.instagram.com\/valantabisuteria\/\"]}]}<\/script>\n<!-- \/ Yoast SEO plugin. -->","yoast_head_json":{"title":"ComprarPulsera cristales facetados dorados y placa patita perro | Valanta Bisuter\u00eda","description":"Pulsera en cristal facetado en color gris, un toque de brillo, glamour y solidaridad en tu mu\u00f1eca como complemento a tu look","robots":{"index":"index","follow":"follow","max-snippet":"max-snippet:-1","max-image-preview":"max-image-preview:large","max-video-preview":"max-video-preview:-1"},"canonical":"https:\/\/www.valantabisuteria.com\/product\/pulsera-en-cristales-facetados-placa-patita-perro-acero-dorado\/","og_locale":"en_US","og_type":"article","og_title":"ComprarPulsera cristales facetados dorados y placa patita perro | Valanta Bisuter\u00eda","og_description":"Pulsera en cristal facetado en color gris, un toque de brillo, glamour y solidaridad en tu mu\u00f1eca como complemento a tu look","og_url":"https:\/\/www.valantabisuteria.com\/product\/pulsera-en-cristales-facetados-placa-patita-perro-acero-dorado\/","og_site_name":"Valanta Bisuter\u00eda","article_modified_time":"2025-08-19T16:02:59+00:00","og_image":[{"width":1415,"height":2560,"url":"https:\/\/www.valantabisuteria.com\/wp-content\/uploads\/2025\/07\/1733241919313-scaled.jpg","type":"image\/jpeg"}],"twitter_card":"summary_large_image","twitter_misc":{"Est. reading time":"1 minute"},"schema":{"@context":"https:\/\/schema.org","@graph":[{"@type":"WebPage","@id":"https:\/\/www.valantabisuteria.com\/product\/pulsera-en-cristales-facetados-placa-patita-perro-acero-dorado\/","url":"https:\/\/www.valantabisuteria.com\/product\/pulsera-en-cristales-facetados-placa-patita-perro-acero-dorado\/","name":"ComprarPulsera cristales facetados dorados y placa patita perro | Valanta Bisuter\u00eda","isPartOf":{"@id":"https:\/\/www.valantabisuteria.com\/#website"},"primaryImageOfPage":{"@id":"https:\/\/www.valantabisuteria.com\/product\/pulsera-en-cristales-facetados-placa-patita-perro-acero-dorado\/#primaryimage"},"image":{"@id":"https:\/\/www.valantabisuteria.com\/product\/pulsera-en-cristales-facetados-placa-patita-perro-acero-dorado\/#primaryimage"},"thumbnailUrl":"https:\/\/www.valantabisuteria.com\/wp-content\/uploads\/2025\/07\/1733241919313-scaled.jpg","datePublished":"2025-07-17T08:42:05+00:00","dateModified":"2025-08-19T16:02:59+00:00","description":"Pulsera en cristal facetado en color gris, un toque de brillo, glamour y solidaridad en tu mu\u00f1eca como complemento a tu look","breadcrumb":{"@id":"https:\/\/www.valantabisuteria.com\/product\/pulsera-en-cristales-facetados-placa-patita-perro-acero-dorado\/#breadcrumb"},"inLanguage":"en-US","potentialAction":[{"@type":"ReadAction","target":["https:\/\/www.valantabisuteria.com\/product\/pulsera-en-cristales-facetados-placa-patita-perro-acero-dorado\/"]}]},{"@type":"ImageObject","inLanguage":"en-US","@id":"https:\/\/www.valantabisuteria.com\/product\/pulsera-en-cristales-facetados-placa-patita-perro-acero-dorado\/#primaryimage","url":"https:\/\/www.valantabisuteria.com\/wp-content\/uploads\/2025\/07\/1733241919313-scaled.jpg","contentUrl":"https:\/\/www.valantabisuteria.com\/wp-content\/uploads\/2025\/07\/1733241919313-scaled.jpg","width":1415,"height":2560,"caption":"pulsera cristal facetado en dorados con placa en forma de patita de perro"},{"@type":"BreadcrumbList","@id":"https:\/\/www.valantabisuteria.com\/product\/pulsera-en-cristales-facetados-placa-patita-perro-acero-dorado\/#breadcrumb","itemListElement":[{"@type":"ListItem","position":1,"name":"Portada","item":"https:\/\/www.valantabisuteria.com\/"},{"@type":"ListItem","position":2,"name":"Tienda","item":"https:\/\/www.valantabisuteria.com\/tienda\/"},{"@type":"ListItem","position":3,"name":"Pulsera cristales facetados dorados y placa patita perro"}]},{"@type":"WebSite","@id":"https:\/\/www.valantabisuteria.com\/#website","url":"https:\/\/www.valantabisuteria.com\/","name":"Valanta Bisuter\u00eda","description":"Joyas y Bisuter\u00eda de calidad","publisher":{"@id":"https:\/\/www.valantabisuteria.com\/#organization"},"alternateName":"Valanta Bisuter\u00eda","potentialAction":[{"@type":"SearchAction","target":{"@type":"EntryPoint","urlTemplate":"https:\/\/www.valantabisuteria.com\/?s={search_term_string}"},"query-input":{"@type":"PropertyValueSpecification","valueRequired":true,"valueName":"search_term_string"}}],"inLanguage":"en-US"},{"@type":"Organization","@id":"https:\/\/www.valantabisuteria.com\/#organization","name":"Valanta Bisuter\u00eda","url":"https:\/\/www.valantabisuteria.com\/","logo":{"@type":"ImageObject","inLanguage":"en-US","@id":"https:\/\/www.valantabisuteria.com\/#\/schema\/logo\/image\/","url":"https:\/\/valantabisuteria.com\/wp-content\/uploads\/2023\/02\/Logo-07-b.png","contentUrl":"https:\/\/valantabisuteria.com\/wp-content\/uploads\/2023\/02\/Logo-07-b.png","width":800,"height":238,"caption":"Valanta Bisuter\u00eda"},"image":{"@id":"https:\/\/www.valantabisuteria.com\/#\/schema\/logo\/image\/"},"sameAs":["https:\/\/www.instagram.com\/valantabisuteria\/"]}]}},"_links":{"self":[{"href":"https:\/\/www.valantabisuteria.com\/en\/wp-json\/wp\/v2\/product\/30353","targetHints":{"allow":["GET"]}}],"collection":[{"href":"https:\/\/www.valantabisuteria.com\/en\/wp-json\/wp\/v2\/product"}],"about":[{"href":"https:\/\/www.valantabisuteria.com\/en\/wp-json\/wp\/v2\/types\/product"}],"wp:featuredmedia":[{"embeddable":true,"href":"https:\/\/www.valantabisuteria.com\/en\/wp-json\/wp\/v2\/media\/30358"}],"wp:attachment":[{"href":"https:\/\/www.valantabisuteria.com\/en\/wp-json\/wp\/v2\/media?parent=30353"}],"wp:term":[{"taxonomy":"product_brand","embeddable":true,"href":"https:\/\/www.valantabisuteria.com\/en\/wp-json\/wp\/v2\/product_brand?post=30353"},{"taxonomy":"product_cat","embeddable":true,"href":"https:\/\/www.valantabisuteria.com\/en\/wp-json\/wp\/v2\/product_cat?post=30353"},{"taxonomy":"product_tag","embeddable":true,"href":"https:\/\/www.valantabisuteria.com\/en\/wp-json\/wp\/v2\/product_tag?post=30353"}],"curies":[{"name":"wp","href":"https:\/\/api.w.org\/{rel}","templated":true}]}}