{"id":30368,"date":"2025-07-19T10:11:43","date_gmt":"2025-07-19T08:11:43","guid":{"rendered":"https:\/\/www.valantabisuteria.com\/?post_type=product&#038;p=30368"},"modified":"2025-08-19T17:59:57","modified_gmt":"2025-08-19T15:59:57","slug":"pendientes-plata-gato-circonitas-raspa-pescado","status":"publish","type":"product","link":"https:\/\/www.valantabisuteria.com\/en\/product\/pendientes-plata-gato-circonitas-raspa-pescado\/","title":{"rendered":"Pendientes plata gatito y raspa"},"content":{"rendered":"<p>Pendientes peque\u00f1os en forma de gato y raspa de pescado en plata y circonitas en cristal transparente.<\/p>\n<p>Medida: 0.5 x 0.5cm<\/p>\n<p>Cierre: tipo tuerca<\/p>\n","protected":false},"excerpt":{"rendered":"<p>Pendientes peque\u00f1os en forma de gato y raspa de pescado en plata y circonitas en cristal transparente.<\/p>\n<p>Medida: 0.5 x 0.5cm<\/p>\n<p>Cierre: tipo tuerca<\/p>\n<p>Al unir la pasi\u00f3n por la moda con el compromiso social, estas joyas de la colecci\u00f3n Valanta solidaria empoderan a las mujeres, record\u00e1ndoles que tienen el poder de hacer una diferencia con cada elecci\u00f3n que hacen.<\/p>\n<p><strong>SUPER IMPORTANTE: Donaci\u00f3n del 10% del precio de venta a diferentes organizaciones sin \u00e1nimo de lucro para el cuidado, bienestar y protecci\u00f3n animal.<\/strong><br \/>\n<img decoding=\"async\" class=\"alignnone size-medium wp-image-28904\" src=\"https:\/\/valantabisuteria.com\/wp-content\/uploads\/2022\/12\/10perc-300x82.jpg\" alt=\"\" width=\"150px\" \/><\/p>\n","protected":false},"featured_media":30375,"template":"","meta":{"_joinchat":{"message_text":"Quedan muy pocas unidades .."}},"product_brand":[],"product_cat":[184,198,166],"product_tag":[],"class_list":{"0":"post-30368","1":"product","2":"type-product","3":"status-publish","4":"has-post-thumbnail","6":"product_cat-joya-solidaria","7":"product_cat-pendientes-plata","8":"product_cat-valanta-solidaria","11":"first","12":"instock","13":"shipping-taxable","14":"purchasable","15":"product-type-simple"},"yoast_head":"<!-- This site is optimized with the Yoast SEO plugin v27.2 - https:\/\/yoast.com\/product\/yoast-seo-wordpress\/ -->\n<title>ComprarPendientes plata gatito y raspa | Valanta Bisuter\u00eda<\/title>\n<meta name=\"description\" content=\"Pendientes con forma de perrito Whesty en plata, para darle un look divertido a tu oreja y a la vez siendo solidaria con su compra\" \/>\n<meta name=\"robots\" content=\"index, follow, max-snippet:-1, max-image-preview:large, max-video-preview:-1\" \/>\n<link rel=\"canonical\" href=\"https:\/\/www.valantabisuteria.com\/product\/pendientes-plata-gato-circonitas-raspa-pescado\/\" \/>\n<meta property=\"og:locale\" content=\"en_US\" \/>\n<meta property=\"og:type\" content=\"article\" \/>\n<meta property=\"og:title\" content=\"ComprarPendientes plata gatito y raspa | Valanta Bisuter\u00eda\" \/>\n<meta property=\"og:description\" content=\"Pendientes con forma de perrito Whesty en plata, para darle un look divertido a tu oreja y a la vez siendo solidaria con su compra\" \/>\n<meta property=\"og:url\" content=\"https:\/\/www.valantabisuteria.com\/product\/pendientes-plata-gato-circonitas-raspa-pescado\/\" \/>\n<meta property=\"og:site_name\" content=\"Valanta Bisuter\u00eda\" \/>\n<meta property=\"article:modified_time\" content=\"2025-08-19T15:59:57+00:00\" \/>\n<meta property=\"og:image\" content=\"https:\/\/www.valantabisuteria.com\/wp-content\/uploads\/2025\/07\/Pendientes-mini-en-plata-gato-con-raspa.png\" \/>\n\t<meta property=\"og:image:width\" content=\"478\" \/>\n\t<meta property=\"og:image:height\" content=\"337\" \/>\n\t<meta property=\"og:image:type\" content=\"image\/png\" \/>\n<meta name=\"twitter:card\" content=\"summary_large_image\" \/>\n<meta name=\"twitter:label1\" content=\"Est. reading time\" \/>\n\t<meta name=\"twitter:data1\" content=\"1 minute\" \/>\n<script type=\"application\/ld+json\" class=\"yoast-schema-graph\">{\"@context\":\"https:\/\/schema.org\",\"@graph\":[{\"@type\":\"WebPage\",\"@id\":\"https:\/\/www.valantabisuteria.com\/product\/pendientes-plata-gato-circonitas-raspa-pescado\/\",\"url\":\"https:\/\/www.valantabisuteria.com\/product\/pendientes-plata-gato-circonitas-raspa-pescado\/\",\"name\":\"ComprarPendientes plata gatito y raspa | Valanta Bisuter\u00eda\",\"isPartOf\":{\"@id\":\"https:\/\/www.valantabisuteria.com\/#website\"},\"primaryImageOfPage\":{\"@id\":\"https:\/\/www.valantabisuteria.com\/product\/pendientes-plata-gato-circonitas-raspa-pescado\/#primaryimage\"},\"image\":{\"@id\":\"https:\/\/www.valantabisuteria.com\/product\/pendientes-plata-gato-circonitas-raspa-pescado\/#primaryimage\"},\"thumbnailUrl\":\"https:\/\/www.valantabisuteria.com\/wp-content\/uploads\/2025\/07\/Pendientes-mini-en-plata-gato-con-raspa.png\",\"datePublished\":\"2025-07-19T08:11:43+00:00\",\"dateModified\":\"2025-08-19T15:59:57+00:00\",\"description\":\"Pendientes con forma de perrito Whesty en plata, para darle un look divertido a tu oreja y a la vez siendo solidaria con su compra\",\"breadcrumb\":{\"@id\":\"https:\/\/www.valantabisuteria.com\/product\/pendientes-plata-gato-circonitas-raspa-pescado\/#breadcrumb\"},\"inLanguage\":\"en-US\",\"potentialAction\":[{\"@type\":\"ReadAction\",\"target\":[\"https:\/\/www.valantabisuteria.com\/product\/pendientes-plata-gato-circonitas-raspa-pescado\/\"]}]},{\"@type\":\"ImageObject\",\"inLanguage\":\"en-US\",\"@id\":\"https:\/\/www.valantabisuteria.com\/product\/pendientes-plata-gato-circonitas-raspa-pescado\/#primaryimage\",\"url\":\"https:\/\/www.valantabisuteria.com\/wp-content\/uploads\/2025\/07\/Pendientes-mini-en-plata-gato-con-raspa.png\",\"contentUrl\":\"https:\/\/www.valantabisuteria.com\/wp-content\/uploads\/2025\/07\/Pendientes-mini-en-plata-gato-con-raspa.png\",\"width\":478,\"height\":337,\"caption\":\"pendientes peque\u00f1os en plata y circonitas en forma de gato con raspa de pescado\"},{\"@type\":\"BreadcrumbList\",\"@id\":\"https:\/\/www.valantabisuteria.com\/product\/pendientes-plata-gato-circonitas-raspa-pescado\/#breadcrumb\",\"itemListElement\":[{\"@type\":\"ListItem\",\"position\":1,\"name\":\"Portada\",\"item\":\"https:\/\/www.valantabisuteria.com\/\"},{\"@type\":\"ListItem\",\"position\":2,\"name\":\"Tienda\",\"item\":\"https:\/\/www.valantabisuteria.com\/tienda\/\"},{\"@type\":\"ListItem\",\"position\":3,\"name\":\"Pendientes plata gatito y raspa\"}]},{\"@type\":\"WebSite\",\"@id\":\"https:\/\/www.valantabisuteria.com\/#website\",\"url\":\"https:\/\/www.valantabisuteria.com\/\",\"name\":\"Valanta Bisuter\u00eda\",\"description\":\"Joyas y Bisuter\u00eda de calidad\",\"publisher\":{\"@id\":\"https:\/\/www.valantabisuteria.com\/#organization\"},\"alternateName\":\"Valanta Bisuter\u00eda\",\"potentialAction\":[{\"@type\":\"SearchAction\",\"target\":{\"@type\":\"EntryPoint\",\"urlTemplate\":\"https:\/\/www.valantabisuteria.com\/?s={search_term_string}\"},\"query-input\":{\"@type\":\"PropertyValueSpecification\",\"valueRequired\":true,\"valueName\":\"search_term_string\"}}],\"inLanguage\":\"en-US\"},{\"@type\":\"Organization\",\"@id\":\"https:\/\/www.valantabisuteria.com\/#organization\",\"name\":\"Valanta Bisuter\u00eda\",\"url\":\"https:\/\/www.valantabisuteria.com\/\",\"logo\":{\"@type\":\"ImageObject\",\"inLanguage\":\"en-US\",\"@id\":\"https:\/\/www.valantabisuteria.com\/#\/schema\/logo\/image\/\",\"url\":\"https:\/\/valantabisuteria.com\/wp-content\/uploads\/2023\/02\/Logo-07-b.png\",\"contentUrl\":\"https:\/\/valantabisuteria.com\/wp-content\/uploads\/2023\/02\/Logo-07-b.png\",\"width\":800,\"height\":238,\"caption\":\"Valanta Bisuter\u00eda\"},\"image\":{\"@id\":\"https:\/\/www.valantabisuteria.com\/#\/schema\/logo\/image\/\"},\"sameAs\":[\"https:\/\/www.instagram.com\/valantabisuteria\/\"]}]}<\/script>\n<!-- \/ Yoast SEO plugin. -->","yoast_head_json":{"title":"ComprarPendientes plata gatito y raspa | Valanta Bisuter\u00eda","description":"Pendientes con forma de perrito Whesty en plata, para darle un look divertido a tu oreja y a la vez siendo solidaria con su compra","robots":{"index":"index","follow":"follow","max-snippet":"max-snippet:-1","max-image-preview":"max-image-preview:large","max-video-preview":"max-video-preview:-1"},"canonical":"https:\/\/www.valantabisuteria.com\/product\/pendientes-plata-gato-circonitas-raspa-pescado\/","og_locale":"en_US","og_type":"article","og_title":"ComprarPendientes plata gatito y raspa | Valanta Bisuter\u00eda","og_description":"Pendientes con forma de perrito Whesty en plata, para darle un look divertido a tu oreja y a la vez siendo solidaria con su compra","og_url":"https:\/\/www.valantabisuteria.com\/product\/pendientes-plata-gato-circonitas-raspa-pescado\/","og_site_name":"Valanta Bisuter\u00eda","article_modified_time":"2025-08-19T15:59:57+00:00","og_image":[{"width":478,"height":337,"url":"https:\/\/www.valantabisuteria.com\/wp-content\/uploads\/2025\/07\/Pendientes-mini-en-plata-gato-con-raspa.png","type":"image\/png"}],"twitter_card":"summary_large_image","twitter_misc":{"Est. reading time":"1 minute"},"schema":{"@context":"https:\/\/schema.org","@graph":[{"@type":"WebPage","@id":"https:\/\/www.valantabisuteria.com\/product\/pendientes-plata-gato-circonitas-raspa-pescado\/","url":"https:\/\/www.valantabisuteria.com\/product\/pendientes-plata-gato-circonitas-raspa-pescado\/","name":"ComprarPendientes plata gatito y raspa | Valanta Bisuter\u00eda","isPartOf":{"@id":"https:\/\/www.valantabisuteria.com\/#website"},"primaryImageOfPage":{"@id":"https:\/\/www.valantabisuteria.com\/product\/pendientes-plata-gato-circonitas-raspa-pescado\/#primaryimage"},"image":{"@id":"https:\/\/www.valantabisuteria.com\/product\/pendientes-plata-gato-circonitas-raspa-pescado\/#primaryimage"},"thumbnailUrl":"https:\/\/www.valantabisuteria.com\/wp-content\/uploads\/2025\/07\/Pendientes-mini-en-plata-gato-con-raspa.png","datePublished":"2025-07-19T08:11:43+00:00","dateModified":"2025-08-19T15:59:57+00:00","description":"Pendientes con forma de perrito Whesty en plata, para darle un look divertido a tu oreja y a la vez siendo solidaria con su compra","breadcrumb":{"@id":"https:\/\/www.valantabisuteria.com\/product\/pendientes-plata-gato-circonitas-raspa-pescado\/#breadcrumb"},"inLanguage":"en-US","potentialAction":[{"@type":"ReadAction","target":["https:\/\/www.valantabisuteria.com\/product\/pendientes-plata-gato-circonitas-raspa-pescado\/"]}]},{"@type":"ImageObject","inLanguage":"en-US","@id":"https:\/\/www.valantabisuteria.com\/product\/pendientes-plata-gato-circonitas-raspa-pescado\/#primaryimage","url":"https:\/\/www.valantabisuteria.com\/wp-content\/uploads\/2025\/07\/Pendientes-mini-en-plata-gato-con-raspa.png","contentUrl":"https:\/\/www.valantabisuteria.com\/wp-content\/uploads\/2025\/07\/Pendientes-mini-en-plata-gato-con-raspa.png","width":478,"height":337,"caption":"pendientes peque\u00f1os en plata y circonitas en forma de gato con raspa de pescado"},{"@type":"BreadcrumbList","@id":"https:\/\/www.valantabisuteria.com\/product\/pendientes-plata-gato-circonitas-raspa-pescado\/#breadcrumb","itemListElement":[{"@type":"ListItem","position":1,"name":"Portada","item":"https:\/\/www.valantabisuteria.com\/"},{"@type":"ListItem","position":2,"name":"Tienda","item":"https:\/\/www.valantabisuteria.com\/tienda\/"},{"@type":"ListItem","position":3,"name":"Pendientes plata gatito y raspa"}]},{"@type":"WebSite","@id":"https:\/\/www.valantabisuteria.com\/#website","url":"https:\/\/www.valantabisuteria.com\/","name":"Valanta Bisuter\u00eda","description":"Joyas y Bisuter\u00eda de calidad","publisher":{"@id":"https:\/\/www.valantabisuteria.com\/#organization"},"alternateName":"Valanta Bisuter\u00eda","potentialAction":[{"@type":"SearchAction","target":{"@type":"EntryPoint","urlTemplate":"https:\/\/www.valantabisuteria.com\/?s={search_term_string}"},"query-input":{"@type":"PropertyValueSpecification","valueRequired":true,"valueName":"search_term_string"}}],"inLanguage":"en-US"},{"@type":"Organization","@id":"https:\/\/www.valantabisuteria.com\/#organization","name":"Valanta Bisuter\u00eda","url":"https:\/\/www.valantabisuteria.com\/","logo":{"@type":"ImageObject","inLanguage":"en-US","@id":"https:\/\/www.valantabisuteria.com\/#\/schema\/logo\/image\/","url":"https:\/\/valantabisuteria.com\/wp-content\/uploads\/2023\/02\/Logo-07-b.png","contentUrl":"https:\/\/valantabisuteria.com\/wp-content\/uploads\/2023\/02\/Logo-07-b.png","width":800,"height":238,"caption":"Valanta Bisuter\u00eda"},"image":{"@id":"https:\/\/www.valantabisuteria.com\/#\/schema\/logo\/image\/"},"sameAs":["https:\/\/www.instagram.com\/valantabisuteria\/"]}]}},"_links":{"self":[{"href":"https:\/\/www.valantabisuteria.com\/en\/wp-json\/wp\/v2\/product\/30368","targetHints":{"allow":["GET"]}}],"collection":[{"href":"https:\/\/www.valantabisuteria.com\/en\/wp-json\/wp\/v2\/product"}],"about":[{"href":"https:\/\/www.valantabisuteria.com\/en\/wp-json\/wp\/v2\/types\/product"}],"wp:featuredmedia":[{"embeddable":true,"href":"https:\/\/www.valantabisuteria.com\/en\/wp-json\/wp\/v2\/media\/30375"}],"wp:attachment":[{"href":"https:\/\/www.valantabisuteria.com\/en\/wp-json\/wp\/v2\/media?parent=30368"}],"wp:term":[{"taxonomy":"product_brand","embeddable":true,"href":"https:\/\/www.valantabisuteria.com\/en\/wp-json\/wp\/v2\/product_brand?post=30368"},{"taxonomy":"product_cat","embeddable":true,"href":"https:\/\/www.valantabisuteria.com\/en\/wp-json\/wp\/v2\/product_cat?post=30368"},{"taxonomy":"product_tag","embeddable":true,"href":"https:\/\/www.valantabisuteria.com\/en\/wp-json\/wp\/v2\/product_tag?post=30368"}],"curies":[{"name":"wp","href":"https:\/\/api.w.org\/{rel}","templated":true}]}}