{"id":30378,"date":"2025-07-19T10:39:06","date_gmt":"2025-07-19T08:39:06","guid":{"rendered":"https:\/\/www.valantabisuteria.com\/?post_type=product&#038;p=30378"},"modified":"2025-09-25T12:05:01","modified_gmt":"2025-09-25T10:05:01","slug":"pendientes-acero-plateado-huellas-perrito-dorado","status":"publish","type":"product","link":"https:\/\/www.valantabisuteria.com\/en\/product\/pendientes-acero-plateado-huellas-perrito-dorado\/","title":{"rendered":"Pendientes acero dorado huellas perrito"},"content":{"rendered":"<p>Pendientes peque\u00f1os en acero inoxidable dorado en forma de varias huellas de perrito.<\/p>\n<p>Medida: 1,5 x 0.3cm<\/p>\n<p>Cierre: tipo tuerca<\/p>\n","protected":false},"excerpt":{"rendered":"<p>Pendientes peque\u00f1os en acero inoxidable dorado en forma de varias huellas de perrito.<\/p>\n<p>Medida: 1,5 x 0.3cm<\/p>\n<p>Cierre: tipo tuerca<\/p>\n<p>Cada dise\u00f1o de la colecci\u00f3n Valanta solidaria es un reflejo de la delicadeza y la belleza del mundo animal. Usar una de las joyas es una forma de llevar contigo un mensaje de compasi\u00f3n y celebrar la vida en todas sus formas.<\/p>\n<p><strong>SUPER IMPORTANTE: Donaci\u00f3n del 10% del precio de venta a diferentes organizaciones sin \u00e1nimo de lucro para el cuidado, bienestar y protecci\u00f3n animal.<\/strong><br \/>\n<img decoding=\"async\" class=\"alignnone size-medium wp-image-28904\" src=\"https:\/\/valantabisuteria.com\/wp-content\/uploads\/2022\/12\/10perc-300x82.jpg\" alt=\"\" width=\"150px\" \/><\/p>\n","protected":false},"featured_media":30369,"template":"","meta":{"_joinchat":{"message_text":"S\u00f3lo quedan dos unidades, hab\u00e9is arrasado siendo solidarias.."}},"product_brand":[],"product_cat":[184,183,166],"product_tag":[],"class_list":{"0":"post-30378","1":"product","2":"type-product","3":"status-publish","4":"has-post-thumbnail","6":"product_cat-joya-solidaria","7":"product_cat-pendientes-acero-dorado","8":"product_cat-valanta-solidaria","11":"first","12":"instock","13":"shipping-taxable","14":"purchasable","15":"product-type-simple"},"yoast_head":"<!-- This site is optimized with the Yoast SEO plugin v27.2 - https:\/\/yoast.com\/product\/yoast-seo-wordpress\/ -->\n<title>ComprarPendientes acero dorado huellas perrito | Valanta Bisuter\u00eda<\/title>\n<meta name=\"description\" content=\"Pendientes con forma de huellas de perrito, para darle un look divertido a tu oreja y a la vez siendo solidaria con tu compra\" \/>\n<meta name=\"robots\" content=\"index, follow, max-snippet:-1, max-image-preview:large, max-video-preview:-1\" \/>\n<link rel=\"canonical\" href=\"https:\/\/www.valantabisuteria.com\/product\/pendientes-acero-plateado-huellas-perrito-dorado\/\" \/>\n<meta property=\"og:locale\" content=\"en_US\" \/>\n<meta property=\"og:type\" content=\"article\" \/>\n<meta property=\"og:title\" content=\"ComprarPendientes acero dorado huellas perrito | Valanta Bisuter\u00eda\" \/>\n<meta property=\"og:description\" content=\"Pendientes con forma de huellas de perrito, para darle un look divertido a tu oreja y a la vez siendo solidaria con tu compra\" \/>\n<meta property=\"og:url\" content=\"https:\/\/www.valantabisuteria.com\/product\/pendientes-acero-plateado-huellas-perrito-dorado\/\" \/>\n<meta property=\"og:site_name\" content=\"Valanta Bisuter\u00eda\" \/>\n<meta property=\"article:modified_time\" content=\"2025-09-25T10:05:01+00:00\" \/>\n<meta property=\"og:image\" content=\"https:\/\/www.valantabisuteria.com\/wp-content\/uploads\/2025\/07\/Pendientes-en-acero-dorado-con-patitas-perro.png\" \/>\n\t<meta property=\"og:image:width\" content=\"549\" \/>\n\t<meta property=\"og:image:height\" content=\"406\" \/>\n\t<meta property=\"og:image:type\" content=\"image\/png\" \/>\n<meta name=\"twitter:card\" content=\"summary_large_image\" \/>\n<meta name=\"twitter:label1\" content=\"Est. reading time\" \/>\n\t<meta name=\"twitter:data1\" content=\"1 minute\" \/>\n<script type=\"application\/ld+json\" class=\"yoast-schema-graph\">{\"@context\":\"https:\/\/schema.org\",\"@graph\":[{\"@type\":\"WebPage\",\"@id\":\"https:\/\/www.valantabisuteria.com\/product\/pendientes-acero-plateado-huellas-perrito-dorado\/\",\"url\":\"https:\/\/www.valantabisuteria.com\/product\/pendientes-acero-plateado-huellas-perrito-dorado\/\",\"name\":\"ComprarPendientes acero dorado huellas perrito | Valanta Bisuter\u00eda\",\"isPartOf\":{\"@id\":\"https:\/\/www.valantabisuteria.com\/#website\"},\"primaryImageOfPage\":{\"@id\":\"https:\/\/www.valantabisuteria.com\/product\/pendientes-acero-plateado-huellas-perrito-dorado\/#primaryimage\"},\"image\":{\"@id\":\"https:\/\/www.valantabisuteria.com\/product\/pendientes-acero-plateado-huellas-perrito-dorado\/#primaryimage\"},\"thumbnailUrl\":\"https:\/\/www.valantabisuteria.com\/wp-content\/uploads\/2025\/07\/Pendientes-en-acero-dorado-con-patitas-perro.png\",\"datePublished\":\"2025-07-19T08:39:06+00:00\",\"dateModified\":\"2025-09-25T10:05:01+00:00\",\"description\":\"Pendientes con forma de huellas de perrito, para darle un look divertido a tu oreja y a la vez siendo solidaria con tu compra\",\"breadcrumb\":{\"@id\":\"https:\/\/www.valantabisuteria.com\/product\/pendientes-acero-plateado-huellas-perrito-dorado\/#breadcrumb\"},\"inLanguage\":\"en-US\",\"potentialAction\":[{\"@type\":\"ReadAction\",\"target\":[\"https:\/\/www.valantabisuteria.com\/product\/pendientes-acero-plateado-huellas-perrito-dorado\/\"]}]},{\"@type\":\"ImageObject\",\"inLanguage\":\"en-US\",\"@id\":\"https:\/\/www.valantabisuteria.com\/product\/pendientes-acero-plateado-huellas-perrito-dorado\/#primaryimage\",\"url\":\"https:\/\/www.valantabisuteria.com\/wp-content\/uploads\/2025\/07\/Pendientes-en-acero-dorado-con-patitas-perro.png\",\"contentUrl\":\"https:\/\/www.valantabisuteria.com\/wp-content\/uploads\/2025\/07\/Pendientes-en-acero-dorado-con-patitas-perro.png\",\"width\":549,\"height\":406,\"caption\":\"pendientes peque\u00f1os en acero dorado en forma de huellas de perrito\"},{\"@type\":\"BreadcrumbList\",\"@id\":\"https:\/\/www.valantabisuteria.com\/product\/pendientes-acero-plateado-huellas-perrito-dorado\/#breadcrumb\",\"itemListElement\":[{\"@type\":\"ListItem\",\"position\":1,\"name\":\"Portada\",\"item\":\"https:\/\/www.valantabisuteria.com\/\"},{\"@type\":\"ListItem\",\"position\":2,\"name\":\"Tienda\",\"item\":\"https:\/\/www.valantabisuteria.com\/tienda\/\"},{\"@type\":\"ListItem\",\"position\":3,\"name\":\"Pendientes acero dorado huellas perrito\"}]},{\"@type\":\"WebSite\",\"@id\":\"https:\/\/www.valantabisuteria.com\/#website\",\"url\":\"https:\/\/www.valantabisuteria.com\/\",\"name\":\"Valanta Bisuter\u00eda\",\"description\":\"Joyas y Bisuter\u00eda de calidad\",\"publisher\":{\"@id\":\"https:\/\/www.valantabisuteria.com\/#organization\"},\"alternateName\":\"Valanta Bisuter\u00eda\",\"potentialAction\":[{\"@type\":\"SearchAction\",\"target\":{\"@type\":\"EntryPoint\",\"urlTemplate\":\"https:\/\/www.valantabisuteria.com\/?s={search_term_string}\"},\"query-input\":{\"@type\":\"PropertyValueSpecification\",\"valueRequired\":true,\"valueName\":\"search_term_string\"}}],\"inLanguage\":\"en-US\"},{\"@type\":\"Organization\",\"@id\":\"https:\/\/www.valantabisuteria.com\/#organization\",\"name\":\"Valanta Bisuter\u00eda\",\"url\":\"https:\/\/www.valantabisuteria.com\/\",\"logo\":{\"@type\":\"ImageObject\",\"inLanguage\":\"en-US\",\"@id\":\"https:\/\/www.valantabisuteria.com\/#\/schema\/logo\/image\/\",\"url\":\"https:\/\/valantabisuteria.com\/wp-content\/uploads\/2023\/02\/Logo-07-b.png\",\"contentUrl\":\"https:\/\/valantabisuteria.com\/wp-content\/uploads\/2023\/02\/Logo-07-b.png\",\"width\":800,\"height\":238,\"caption\":\"Valanta Bisuter\u00eda\"},\"image\":{\"@id\":\"https:\/\/www.valantabisuteria.com\/#\/schema\/logo\/image\/\"},\"sameAs\":[\"https:\/\/www.instagram.com\/valantabisuteria\/\"]}]}<\/script>\n<!-- \/ Yoast SEO plugin. -->","yoast_head_json":{"title":"ComprarPendientes acero dorado huellas perrito | Valanta Bisuter\u00eda","description":"Pendientes con forma de huellas de perrito, para darle un look divertido a tu oreja y a la vez siendo solidaria con tu compra","robots":{"index":"index","follow":"follow","max-snippet":"max-snippet:-1","max-image-preview":"max-image-preview:large","max-video-preview":"max-video-preview:-1"},"canonical":"https:\/\/www.valantabisuteria.com\/product\/pendientes-acero-plateado-huellas-perrito-dorado\/","og_locale":"en_US","og_type":"article","og_title":"ComprarPendientes acero dorado huellas perrito | Valanta Bisuter\u00eda","og_description":"Pendientes con forma de huellas de perrito, para darle un look divertido a tu oreja y a la vez siendo solidaria con tu compra","og_url":"https:\/\/www.valantabisuteria.com\/product\/pendientes-acero-plateado-huellas-perrito-dorado\/","og_site_name":"Valanta Bisuter\u00eda","article_modified_time":"2025-09-25T10:05:01+00:00","og_image":[{"width":549,"height":406,"url":"https:\/\/www.valantabisuteria.com\/wp-content\/uploads\/2025\/07\/Pendientes-en-acero-dorado-con-patitas-perro.png","type":"image\/png"}],"twitter_card":"summary_large_image","twitter_misc":{"Est. reading time":"1 minute"},"schema":{"@context":"https:\/\/schema.org","@graph":[{"@type":"WebPage","@id":"https:\/\/www.valantabisuteria.com\/product\/pendientes-acero-plateado-huellas-perrito-dorado\/","url":"https:\/\/www.valantabisuteria.com\/product\/pendientes-acero-plateado-huellas-perrito-dorado\/","name":"ComprarPendientes acero dorado huellas perrito | Valanta Bisuter\u00eda","isPartOf":{"@id":"https:\/\/www.valantabisuteria.com\/#website"},"primaryImageOfPage":{"@id":"https:\/\/www.valantabisuteria.com\/product\/pendientes-acero-plateado-huellas-perrito-dorado\/#primaryimage"},"image":{"@id":"https:\/\/www.valantabisuteria.com\/product\/pendientes-acero-plateado-huellas-perrito-dorado\/#primaryimage"},"thumbnailUrl":"https:\/\/www.valantabisuteria.com\/wp-content\/uploads\/2025\/07\/Pendientes-en-acero-dorado-con-patitas-perro.png","datePublished":"2025-07-19T08:39:06+00:00","dateModified":"2025-09-25T10:05:01+00:00","description":"Pendientes con forma de huellas de perrito, para darle un look divertido a tu oreja y a la vez siendo solidaria con tu compra","breadcrumb":{"@id":"https:\/\/www.valantabisuteria.com\/product\/pendientes-acero-plateado-huellas-perrito-dorado\/#breadcrumb"},"inLanguage":"en-US","potentialAction":[{"@type":"ReadAction","target":["https:\/\/www.valantabisuteria.com\/product\/pendientes-acero-plateado-huellas-perrito-dorado\/"]}]},{"@type":"ImageObject","inLanguage":"en-US","@id":"https:\/\/www.valantabisuteria.com\/product\/pendientes-acero-plateado-huellas-perrito-dorado\/#primaryimage","url":"https:\/\/www.valantabisuteria.com\/wp-content\/uploads\/2025\/07\/Pendientes-en-acero-dorado-con-patitas-perro.png","contentUrl":"https:\/\/www.valantabisuteria.com\/wp-content\/uploads\/2025\/07\/Pendientes-en-acero-dorado-con-patitas-perro.png","width":549,"height":406,"caption":"pendientes peque\u00f1os en acero dorado en forma de huellas de perrito"},{"@type":"BreadcrumbList","@id":"https:\/\/www.valantabisuteria.com\/product\/pendientes-acero-plateado-huellas-perrito-dorado\/#breadcrumb","itemListElement":[{"@type":"ListItem","position":1,"name":"Portada","item":"https:\/\/www.valantabisuteria.com\/"},{"@type":"ListItem","position":2,"name":"Tienda","item":"https:\/\/www.valantabisuteria.com\/tienda\/"},{"@type":"ListItem","position":3,"name":"Pendientes acero dorado huellas perrito"}]},{"@type":"WebSite","@id":"https:\/\/www.valantabisuteria.com\/#website","url":"https:\/\/www.valantabisuteria.com\/","name":"Valanta Bisuter\u00eda","description":"Joyas y Bisuter\u00eda de calidad","publisher":{"@id":"https:\/\/www.valantabisuteria.com\/#organization"},"alternateName":"Valanta Bisuter\u00eda","potentialAction":[{"@type":"SearchAction","target":{"@type":"EntryPoint","urlTemplate":"https:\/\/www.valantabisuteria.com\/?s={search_term_string}"},"query-input":{"@type":"PropertyValueSpecification","valueRequired":true,"valueName":"search_term_string"}}],"inLanguage":"en-US"},{"@type":"Organization","@id":"https:\/\/www.valantabisuteria.com\/#organization","name":"Valanta Bisuter\u00eda","url":"https:\/\/www.valantabisuteria.com\/","logo":{"@type":"ImageObject","inLanguage":"en-US","@id":"https:\/\/www.valantabisuteria.com\/#\/schema\/logo\/image\/","url":"https:\/\/valantabisuteria.com\/wp-content\/uploads\/2023\/02\/Logo-07-b.png","contentUrl":"https:\/\/valantabisuteria.com\/wp-content\/uploads\/2023\/02\/Logo-07-b.png","width":800,"height":238,"caption":"Valanta Bisuter\u00eda"},"image":{"@id":"https:\/\/www.valantabisuteria.com\/#\/schema\/logo\/image\/"},"sameAs":["https:\/\/www.instagram.com\/valantabisuteria\/"]}]}},"_links":{"self":[{"href":"https:\/\/www.valantabisuteria.com\/en\/wp-json\/wp\/v2\/product\/30378","targetHints":{"allow":["GET"]}}],"collection":[{"href":"https:\/\/www.valantabisuteria.com\/en\/wp-json\/wp\/v2\/product"}],"about":[{"href":"https:\/\/www.valantabisuteria.com\/en\/wp-json\/wp\/v2\/types\/product"}],"wp:featuredmedia":[{"embeddable":true,"href":"https:\/\/www.valantabisuteria.com\/en\/wp-json\/wp\/v2\/media\/30369"}],"wp:attachment":[{"href":"https:\/\/www.valantabisuteria.com\/en\/wp-json\/wp\/v2\/media?parent=30378"}],"wp:term":[{"taxonomy":"product_brand","embeddable":true,"href":"https:\/\/www.valantabisuteria.com\/en\/wp-json\/wp\/v2\/product_brand?post=30378"},{"taxonomy":"product_cat","embeddable":true,"href":"https:\/\/www.valantabisuteria.com\/en\/wp-json\/wp\/v2\/product_cat?post=30378"},{"taxonomy":"product_tag","embeddable":true,"href":"https:\/\/www.valantabisuteria.com\/en\/wp-json\/wp\/v2\/product_tag?post=30378"}],"curies":[{"name":"wp","href":"https:\/\/api.w.org\/{rel}","templated":true}]}}