{"id":30432,"date":"2025-07-22T10:47:35","date_gmt":"2025-07-22T08:47:35","guid":{"rendered":"https:\/\/www.valantabisuteria.com\/?post_type=product&#038;p=30432"},"modified":"2026-01-19T10:25:34","modified_gmt":"2026-01-19T09:25:34","slug":"gargantilla-collar-colgante-plata-cadena-caracola-de-mar","status":"publish","type":"product","link":"https:\/\/www.valantabisuteria.com\/en\/product\/gargantilla-collar-colgante-plata-cadena-caracola-de-mar\/","title":{"rendered":"Colgante en plata con caracola"},"content":{"rendered":"<p>Colgante con cadena de plata y pieza en forma de caracola de mar en plata.<\/p>\n<p>Medida cadena: 40cms m\u00e1s extensi\u00f3n.<\/p>\n<p>Material: Acero y plata<\/p>\n<p>&nbsp;<\/p>\n","protected":false},"excerpt":{"rendered":"<p>Colgante con cadena de plata y pieza en forma de caracola de mar en plata.<\/p>\n<p>Medida cadena: 40cms m\u00e1s extensi\u00f3n.<\/p>\n<p>Joyas que cuentan historias. Este colgante en una obra de arte, dise\u00f1ada para resaltar tu personalidad so\u00f1adora y amante del mar, de las puestas de sol y de los paseos por la playa.<\/p>\n<p>&nbsp;<\/p>\n","protected":false},"featured_media":30433,"template":"","meta":{"_joinchat":[]},"product_brand":[],"product_cat":[199,165,195],"product_tag":[],"class_list":{"0":"post-30432","1":"product","2":"type-product","3":"status-publish","4":"has-post-thumbnail","6":"product_cat-collares-cadenas-plata","7":"product_cat-mujer-valanta","8":"product_cat-outlet-exclusivo","11":"first","12":"instock","13":"shipping-taxable","14":"purchasable","15":"product-type-simple"},"yoast_head":"<!-- This site is optimized with the Yoast SEO plugin v27.2 - https:\/\/yoast.com\/product\/yoast-seo-wordpress\/ -->\n<title>ComprarColgante en plata con caracola | Valanta Bisuter\u00eda<\/title>\n<meta name=\"description\" content=\"Un toque de distinci\u00f3n y modernidad, con este colgante vas a darle un plus a tu estilo, para llevarlo en cualquier ocasi\u00f3n\" \/>\n<meta name=\"robots\" content=\"index, follow, max-snippet:-1, max-image-preview:large, max-video-preview:-1\" \/>\n<link rel=\"canonical\" href=\"https:\/\/www.valantabisuteria.com\/product\/gargantilla-collar-colgante-plata-cadena-caracola-de-mar\/\" \/>\n<meta property=\"og:locale\" content=\"en_US\" \/>\n<meta property=\"og:type\" content=\"article\" \/>\n<meta property=\"og:title\" content=\"ComprarColgante en plata con caracola | Valanta Bisuter\u00eda\" \/>\n<meta property=\"og:description\" content=\"Un toque de distinci\u00f3n y modernidad, con este colgante vas a darle un plus a tu estilo, para llevarlo en cualquier ocasi\u00f3n\" \/>\n<meta property=\"og:url\" content=\"https:\/\/www.valantabisuteria.com\/product\/gargantilla-collar-colgante-plata-cadena-caracola-de-mar\/\" \/>\n<meta property=\"og:site_name\" content=\"Valanta Bisuter\u00eda\" \/>\n<meta property=\"article:modified_time\" content=\"2026-01-19T09:25:34+00:00\" \/>\n<meta property=\"og:image\" content=\"https:\/\/www.valantabisuteria.com\/wp-content\/uploads\/2025\/07\/collar-plata-caracola.jpg\" \/>\n\t<meta property=\"og:image:width\" content=\"1403\" \/>\n\t<meta property=\"og:image:height\" content=\"1437\" \/>\n\t<meta property=\"og:image:type\" content=\"image\/jpeg\" \/>\n<meta name=\"twitter:card\" content=\"summary_large_image\" \/>\n<meta name=\"twitter:label1\" content=\"Est. reading time\" \/>\n\t<meta name=\"twitter:data1\" content=\"1 minute\" \/>\n<script type=\"application\/ld+json\" class=\"yoast-schema-graph\">{\"@context\":\"https:\/\/schema.org\",\"@graph\":[{\"@type\":\"WebPage\",\"@id\":\"https:\/\/www.valantabisuteria.com\/product\/gargantilla-collar-colgante-plata-cadena-caracola-de-mar\/\",\"url\":\"https:\/\/www.valantabisuteria.com\/product\/gargantilla-collar-colgante-plata-cadena-caracola-de-mar\/\",\"name\":\"ComprarColgante en plata con caracola | Valanta Bisuter\u00eda\",\"isPartOf\":{\"@id\":\"https:\/\/www.valantabisuteria.com\/#website\"},\"primaryImageOfPage\":{\"@id\":\"https:\/\/www.valantabisuteria.com\/product\/gargantilla-collar-colgante-plata-cadena-caracola-de-mar\/#primaryimage\"},\"image\":{\"@id\":\"https:\/\/www.valantabisuteria.com\/product\/gargantilla-collar-colgante-plata-cadena-caracola-de-mar\/#primaryimage\"},\"thumbnailUrl\":\"https:\/\/www.valantabisuteria.com\/wp-content\/uploads\/2025\/07\/collar-plata-caracola.jpg\",\"datePublished\":\"2025-07-22T08:47:35+00:00\",\"dateModified\":\"2026-01-19T09:25:34+00:00\",\"description\":\"Un toque de distinci\u00f3n y modernidad, con este colgante vas a darle un plus a tu estilo, para llevarlo en cualquier ocasi\u00f3n\",\"breadcrumb\":{\"@id\":\"https:\/\/www.valantabisuteria.com\/product\/gargantilla-collar-colgante-plata-cadena-caracola-de-mar\/#breadcrumb\"},\"inLanguage\":\"en-US\",\"potentialAction\":[{\"@type\":\"ReadAction\",\"target\":[\"https:\/\/www.valantabisuteria.com\/product\/gargantilla-collar-colgante-plata-cadena-caracola-de-mar\/\"]}]},{\"@type\":\"ImageObject\",\"inLanguage\":\"en-US\",\"@id\":\"https:\/\/www.valantabisuteria.com\/product\/gargantilla-collar-colgante-plata-cadena-caracola-de-mar\/#primaryimage\",\"url\":\"https:\/\/www.valantabisuteria.com\/wp-content\/uploads\/2025\/07\/collar-plata-caracola.jpg\",\"contentUrl\":\"https:\/\/www.valantabisuteria.com\/wp-content\/uploads\/2025\/07\/collar-plata-caracola.jpg\",\"width\":1403,\"height\":1437,\"caption\":\"Colgante con cadena de plata y caracola de mar en plata\"},{\"@type\":\"BreadcrumbList\",\"@id\":\"https:\/\/www.valantabisuteria.com\/product\/gargantilla-collar-colgante-plata-cadena-caracola-de-mar\/#breadcrumb\",\"itemListElement\":[{\"@type\":\"ListItem\",\"position\":1,\"name\":\"Portada\",\"item\":\"https:\/\/www.valantabisuteria.com\/\"},{\"@type\":\"ListItem\",\"position\":2,\"name\":\"Tienda\",\"item\":\"https:\/\/www.valantabisuteria.com\/tienda\/\"},{\"@type\":\"ListItem\",\"position\":3,\"name\":\"Colgante en plata con caracola\"}]},{\"@type\":\"WebSite\",\"@id\":\"https:\/\/www.valantabisuteria.com\/#website\",\"url\":\"https:\/\/www.valantabisuteria.com\/\",\"name\":\"Valanta Bisuter\u00eda\",\"description\":\"Joyas y Bisuter\u00eda de calidad\",\"publisher\":{\"@id\":\"https:\/\/www.valantabisuteria.com\/#organization\"},\"alternateName\":\"Valanta Bisuter\u00eda\",\"potentialAction\":[{\"@type\":\"SearchAction\",\"target\":{\"@type\":\"EntryPoint\",\"urlTemplate\":\"https:\/\/www.valantabisuteria.com\/?s={search_term_string}\"},\"query-input\":{\"@type\":\"PropertyValueSpecification\",\"valueRequired\":true,\"valueName\":\"search_term_string\"}}],\"inLanguage\":\"en-US\"},{\"@type\":\"Organization\",\"@id\":\"https:\/\/www.valantabisuteria.com\/#organization\",\"name\":\"Valanta Bisuter\u00eda\",\"url\":\"https:\/\/www.valantabisuteria.com\/\",\"logo\":{\"@type\":\"ImageObject\",\"inLanguage\":\"en-US\",\"@id\":\"https:\/\/www.valantabisuteria.com\/#\/schema\/logo\/image\/\",\"url\":\"https:\/\/valantabisuteria.com\/wp-content\/uploads\/2023\/02\/Logo-07-b.png\",\"contentUrl\":\"https:\/\/valantabisuteria.com\/wp-content\/uploads\/2023\/02\/Logo-07-b.png\",\"width\":800,\"height\":238,\"caption\":\"Valanta Bisuter\u00eda\"},\"image\":{\"@id\":\"https:\/\/www.valantabisuteria.com\/#\/schema\/logo\/image\/\"},\"sameAs\":[\"https:\/\/www.instagram.com\/valantabisuteria\/\"]}]}<\/script>\n<!-- \/ Yoast SEO plugin. -->","yoast_head_json":{"title":"ComprarColgante en plata con caracola | Valanta Bisuter\u00eda","description":"Un toque de distinci\u00f3n y modernidad, con este colgante vas a darle un plus a tu estilo, para llevarlo en cualquier ocasi\u00f3n","robots":{"index":"index","follow":"follow","max-snippet":"max-snippet:-1","max-image-preview":"max-image-preview:large","max-video-preview":"max-video-preview:-1"},"canonical":"https:\/\/www.valantabisuteria.com\/product\/gargantilla-collar-colgante-plata-cadena-caracola-de-mar\/","og_locale":"en_US","og_type":"article","og_title":"ComprarColgante en plata con caracola | Valanta Bisuter\u00eda","og_description":"Un toque de distinci\u00f3n y modernidad, con este colgante vas a darle un plus a tu estilo, para llevarlo en cualquier ocasi\u00f3n","og_url":"https:\/\/www.valantabisuteria.com\/product\/gargantilla-collar-colgante-plata-cadena-caracola-de-mar\/","og_site_name":"Valanta Bisuter\u00eda","article_modified_time":"2026-01-19T09:25:34+00:00","og_image":[{"width":1403,"height":1437,"url":"https:\/\/www.valantabisuteria.com\/wp-content\/uploads\/2025\/07\/collar-plata-caracola.jpg","type":"image\/jpeg"}],"twitter_card":"summary_large_image","twitter_misc":{"Est. reading time":"1 minute"},"schema":{"@context":"https:\/\/schema.org","@graph":[{"@type":"WebPage","@id":"https:\/\/www.valantabisuteria.com\/product\/gargantilla-collar-colgante-plata-cadena-caracola-de-mar\/","url":"https:\/\/www.valantabisuteria.com\/product\/gargantilla-collar-colgante-plata-cadena-caracola-de-mar\/","name":"ComprarColgante en plata con caracola | Valanta Bisuter\u00eda","isPartOf":{"@id":"https:\/\/www.valantabisuteria.com\/#website"},"primaryImageOfPage":{"@id":"https:\/\/www.valantabisuteria.com\/product\/gargantilla-collar-colgante-plata-cadena-caracola-de-mar\/#primaryimage"},"image":{"@id":"https:\/\/www.valantabisuteria.com\/product\/gargantilla-collar-colgante-plata-cadena-caracola-de-mar\/#primaryimage"},"thumbnailUrl":"https:\/\/www.valantabisuteria.com\/wp-content\/uploads\/2025\/07\/collar-plata-caracola.jpg","datePublished":"2025-07-22T08:47:35+00:00","dateModified":"2026-01-19T09:25:34+00:00","description":"Un toque de distinci\u00f3n y modernidad, con este colgante vas a darle un plus a tu estilo, para llevarlo en cualquier ocasi\u00f3n","breadcrumb":{"@id":"https:\/\/www.valantabisuteria.com\/product\/gargantilla-collar-colgante-plata-cadena-caracola-de-mar\/#breadcrumb"},"inLanguage":"en-US","potentialAction":[{"@type":"ReadAction","target":["https:\/\/www.valantabisuteria.com\/product\/gargantilla-collar-colgante-plata-cadena-caracola-de-mar\/"]}]},{"@type":"ImageObject","inLanguage":"en-US","@id":"https:\/\/www.valantabisuteria.com\/product\/gargantilla-collar-colgante-plata-cadena-caracola-de-mar\/#primaryimage","url":"https:\/\/www.valantabisuteria.com\/wp-content\/uploads\/2025\/07\/collar-plata-caracola.jpg","contentUrl":"https:\/\/www.valantabisuteria.com\/wp-content\/uploads\/2025\/07\/collar-plata-caracola.jpg","width":1403,"height":1437,"caption":"Colgante con cadena de plata y caracola de mar en plata"},{"@type":"BreadcrumbList","@id":"https:\/\/www.valantabisuteria.com\/product\/gargantilla-collar-colgante-plata-cadena-caracola-de-mar\/#breadcrumb","itemListElement":[{"@type":"ListItem","position":1,"name":"Portada","item":"https:\/\/www.valantabisuteria.com\/"},{"@type":"ListItem","position":2,"name":"Tienda","item":"https:\/\/www.valantabisuteria.com\/tienda\/"},{"@type":"ListItem","position":3,"name":"Colgante en plata con caracola"}]},{"@type":"WebSite","@id":"https:\/\/www.valantabisuteria.com\/#website","url":"https:\/\/www.valantabisuteria.com\/","name":"Valanta Bisuter\u00eda","description":"Joyas y Bisuter\u00eda de calidad","publisher":{"@id":"https:\/\/www.valantabisuteria.com\/#organization"},"alternateName":"Valanta Bisuter\u00eda","potentialAction":[{"@type":"SearchAction","target":{"@type":"EntryPoint","urlTemplate":"https:\/\/www.valantabisuteria.com\/?s={search_term_string}"},"query-input":{"@type":"PropertyValueSpecification","valueRequired":true,"valueName":"search_term_string"}}],"inLanguage":"en-US"},{"@type":"Organization","@id":"https:\/\/www.valantabisuteria.com\/#organization","name":"Valanta Bisuter\u00eda","url":"https:\/\/www.valantabisuteria.com\/","logo":{"@type":"ImageObject","inLanguage":"en-US","@id":"https:\/\/www.valantabisuteria.com\/#\/schema\/logo\/image\/","url":"https:\/\/valantabisuteria.com\/wp-content\/uploads\/2023\/02\/Logo-07-b.png","contentUrl":"https:\/\/valantabisuteria.com\/wp-content\/uploads\/2023\/02\/Logo-07-b.png","width":800,"height":238,"caption":"Valanta Bisuter\u00eda"},"image":{"@id":"https:\/\/www.valantabisuteria.com\/#\/schema\/logo\/image\/"},"sameAs":["https:\/\/www.instagram.com\/valantabisuteria\/"]}]}},"_links":{"self":[{"href":"https:\/\/www.valantabisuteria.com\/en\/wp-json\/wp\/v2\/product\/30432","targetHints":{"allow":["GET"]}}],"collection":[{"href":"https:\/\/www.valantabisuteria.com\/en\/wp-json\/wp\/v2\/product"}],"about":[{"href":"https:\/\/www.valantabisuteria.com\/en\/wp-json\/wp\/v2\/types\/product"}],"wp:featuredmedia":[{"embeddable":true,"href":"https:\/\/www.valantabisuteria.com\/en\/wp-json\/wp\/v2\/media\/30433"}],"wp:attachment":[{"href":"https:\/\/www.valantabisuteria.com\/en\/wp-json\/wp\/v2\/media?parent=30432"}],"wp:term":[{"taxonomy":"product_brand","embeddable":true,"href":"https:\/\/www.valantabisuteria.com\/en\/wp-json\/wp\/v2\/product_brand?post=30432"},{"taxonomy":"product_cat","embeddable":true,"href":"https:\/\/www.valantabisuteria.com\/en\/wp-json\/wp\/v2\/product_cat?post=30432"},{"taxonomy":"product_tag","embeddable":true,"href":"https:\/\/www.valantabisuteria.com\/en\/wp-json\/wp\/v2\/product_tag?post=30432"}],"curies":[{"name":"wp","href":"https:\/\/api.w.org\/{rel}","templated":true}]}}