{"id":30452,"date":"2025-07-23T10:33:03","date_gmt":"2025-07-23T08:33:03","guid":{"rendered":"https:\/\/www.valantabisuteria.com\/?post_type=product&#038;p=30452"},"modified":"2025-09-25T12:21:26","modified_gmt":"2025-09-25T10:21:26","slug":"pendientes-plata-pequenos-cruz-circonitas-cristal-colores","status":"publish","type":"product","link":"https:\/\/www.valantabisuteria.com\/en\/product\/pendientes-plata-pequenos-cruz-circonitas-cristal-colores\/","title":{"rendered":"Pendientes plata cruz circonitas"},"content":{"rendered":"<p>Pendientes en plata con forma de cruz y circonitas de varios colores<\/p>\n<p>Medida: 3x2cm<\/p>\n<p>Material: plata y cristal circonita<\/p>\n","protected":false},"excerpt":{"rendered":"<p>&nbsp;<\/p>\n<p>Pendientes en plata con forma de cruz y circonitas de varios colores<\/p>\n<p>Medida: 3x2cm<\/p>\n<p>Material: plata y cristal circonita<\/p>\n<p>La plata, con su brillo sutil, irradia una elegancia casual. Si\u00e9ntete \u00fanica al llevar estos pendientes y brilla con tu belleza y confianza tanto como la joya que llevas puesta.<\/p>\n","protected":false},"featured_media":30440,"template":"","meta":{"_joinchat":[]},"product_brand":[],"product_cat":[165,198],"product_tag":[],"class_list":{"0":"post-30452","1":"product","2":"type-product","3":"status-publish","4":"has-post-thumbnail","6":"product_cat-mujer-valanta","7":"product_cat-pendientes-plata","10":"first","11":"instock","12":"shipping-taxable","13":"purchasable","14":"product-type-simple"},"yoast_head":"<!-- This site is optimized with the Yoast SEO plugin v27.2 - https:\/\/yoast.com\/product\/yoast-seo-wordpress\/ -->\n<title>ComprarPendientes plata cruz circonitas | Valanta Bisuter\u00eda<\/title>\n<meta name=\"description\" content=\"La tendencia del minimalismo se enfoca en piezas m\u00e1s personalizadas y dise\u00f1os que reflejen la personalidad de la mujer y se mezclen perfectamente\" \/>\n<meta name=\"robots\" content=\"index, follow, max-snippet:-1, max-image-preview:large, max-video-preview:-1\" \/>\n<link rel=\"canonical\" href=\"https:\/\/www.valantabisuteria.com\/product\/pendientes-plata-pequenos-cruz-circonitas-cristal-colores\/\" \/>\n<meta property=\"og:locale\" content=\"en_US\" \/>\n<meta property=\"og:type\" content=\"article\" \/>\n<meta property=\"og:title\" content=\"ComprarPendientes plata cruz circonitas | Valanta Bisuter\u00eda\" \/>\n<meta property=\"og:description\" content=\"La tendencia del minimalismo se enfoca en piezas m\u00e1s personalizadas y dise\u00f1os que reflejen la personalidad de la mujer y se mezclen perfectamente\" \/>\n<meta property=\"og:url\" content=\"https:\/\/www.valantabisuteria.com\/product\/pendientes-plata-pequenos-cruz-circonitas-cristal-colores\/\" \/>\n<meta property=\"og:site_name\" content=\"Valanta Bisuter\u00eda\" \/>\n<meta property=\"article:modified_time\" content=\"2025-09-25T10:21:26+00:00\" \/>\n<meta property=\"og:image\" content=\"https:\/\/www.valantabisuteria.com\/wp-content\/uploads\/2025\/07\/Captura-de-pantalla-2024-11-28-105448.png\" \/>\n\t<meta property=\"og:image:width\" content=\"529\" \/>\n\t<meta property=\"og:image:height\" content=\"496\" \/>\n\t<meta property=\"og:image:type\" content=\"image\/png\" \/>\n<meta name=\"twitter:card\" content=\"summary_large_image\" \/>\n<meta name=\"twitter:label1\" content=\"Est. reading time\" \/>\n\t<meta name=\"twitter:data1\" content=\"1 minute\" \/>\n<script type=\"application\/ld+json\" class=\"yoast-schema-graph\">{\"@context\":\"https:\/\/schema.org\",\"@graph\":[{\"@type\":\"WebPage\",\"@id\":\"https:\/\/www.valantabisuteria.com\/product\/pendientes-plata-pequenos-cruz-circonitas-cristal-colores\/\",\"url\":\"https:\/\/www.valantabisuteria.com\/product\/pendientes-plata-pequenos-cruz-circonitas-cristal-colores\/\",\"name\":\"ComprarPendientes plata cruz circonitas | Valanta Bisuter\u00eda\",\"isPartOf\":{\"@id\":\"https:\/\/www.valantabisuteria.com\/#website\"},\"primaryImageOfPage\":{\"@id\":\"https:\/\/www.valantabisuteria.com\/product\/pendientes-plata-pequenos-cruz-circonitas-cristal-colores\/#primaryimage\"},\"image\":{\"@id\":\"https:\/\/www.valantabisuteria.com\/product\/pendientes-plata-pequenos-cruz-circonitas-cristal-colores\/#primaryimage\"},\"thumbnailUrl\":\"https:\/\/www.valantabisuteria.com\/wp-content\/uploads\/2025\/07\/Captura-de-pantalla-2024-11-28-105448.png\",\"datePublished\":\"2025-07-23T08:33:03+00:00\",\"dateModified\":\"2025-09-25T10:21:26+00:00\",\"description\":\"La tendencia del minimalismo se enfoca en piezas m\u00e1s personalizadas y dise\u00f1os que reflejen la personalidad de la mujer y se mezclen perfectamente\",\"breadcrumb\":{\"@id\":\"https:\/\/www.valantabisuteria.com\/product\/pendientes-plata-pequenos-cruz-circonitas-cristal-colores\/#breadcrumb\"},\"inLanguage\":\"en-US\",\"potentialAction\":[{\"@type\":\"ReadAction\",\"target\":[\"https:\/\/www.valantabisuteria.com\/product\/pendientes-plata-pequenos-cruz-circonitas-cristal-colores\/\"]}]},{\"@type\":\"ImageObject\",\"inLanguage\":\"en-US\",\"@id\":\"https:\/\/www.valantabisuteria.com\/product\/pendientes-plata-pequenos-cruz-circonitas-cristal-colores\/#primaryimage\",\"url\":\"https:\/\/www.valantabisuteria.com\/wp-content\/uploads\/2025\/07\/Captura-de-pantalla-2024-11-28-105448.png\",\"contentUrl\":\"https:\/\/www.valantabisuteria.com\/wp-content\/uploads\/2025\/07\/Captura-de-pantalla-2024-11-28-105448.png\",\"width\":529,\"height\":496,\"caption\":\"pendientes plata peque\u00f1os en forma de cruz con circonitas en varios colores\"},{\"@type\":\"BreadcrumbList\",\"@id\":\"https:\/\/www.valantabisuteria.com\/product\/pendientes-plata-pequenos-cruz-circonitas-cristal-colores\/#breadcrumb\",\"itemListElement\":[{\"@type\":\"ListItem\",\"position\":1,\"name\":\"Portada\",\"item\":\"https:\/\/www.valantabisuteria.com\/\"},{\"@type\":\"ListItem\",\"position\":2,\"name\":\"Tienda\",\"item\":\"https:\/\/www.valantabisuteria.com\/tienda\/\"},{\"@type\":\"ListItem\",\"position\":3,\"name\":\"Pendientes plata cruz circonitas\"}]},{\"@type\":\"WebSite\",\"@id\":\"https:\/\/www.valantabisuteria.com\/#website\",\"url\":\"https:\/\/www.valantabisuteria.com\/\",\"name\":\"Valanta Bisuter\u00eda\",\"description\":\"Joyas y Bisuter\u00eda de calidad\",\"publisher\":{\"@id\":\"https:\/\/www.valantabisuteria.com\/#organization\"},\"alternateName\":\"Valanta Bisuter\u00eda\",\"potentialAction\":[{\"@type\":\"SearchAction\",\"target\":{\"@type\":\"EntryPoint\",\"urlTemplate\":\"https:\/\/www.valantabisuteria.com\/?s={search_term_string}\"},\"query-input\":{\"@type\":\"PropertyValueSpecification\",\"valueRequired\":true,\"valueName\":\"search_term_string\"}}],\"inLanguage\":\"en-US\"},{\"@type\":\"Organization\",\"@id\":\"https:\/\/www.valantabisuteria.com\/#organization\",\"name\":\"Valanta Bisuter\u00eda\",\"url\":\"https:\/\/www.valantabisuteria.com\/\",\"logo\":{\"@type\":\"ImageObject\",\"inLanguage\":\"en-US\",\"@id\":\"https:\/\/www.valantabisuteria.com\/#\/schema\/logo\/image\/\",\"url\":\"https:\/\/valantabisuteria.com\/wp-content\/uploads\/2023\/02\/Logo-07-b.png\",\"contentUrl\":\"https:\/\/valantabisuteria.com\/wp-content\/uploads\/2023\/02\/Logo-07-b.png\",\"width\":800,\"height\":238,\"caption\":\"Valanta Bisuter\u00eda\"},\"image\":{\"@id\":\"https:\/\/www.valantabisuteria.com\/#\/schema\/logo\/image\/\"},\"sameAs\":[\"https:\/\/www.instagram.com\/valantabisuteria\/\"]}]}<\/script>\n<!-- \/ Yoast SEO plugin. -->","yoast_head_json":{"title":"ComprarPendientes plata cruz circonitas | Valanta Bisuter\u00eda","description":"La tendencia del minimalismo se enfoca en piezas m\u00e1s personalizadas y dise\u00f1os que reflejen la personalidad de la mujer y se mezclen perfectamente","robots":{"index":"index","follow":"follow","max-snippet":"max-snippet:-1","max-image-preview":"max-image-preview:large","max-video-preview":"max-video-preview:-1"},"canonical":"https:\/\/www.valantabisuteria.com\/product\/pendientes-plata-pequenos-cruz-circonitas-cristal-colores\/","og_locale":"en_US","og_type":"article","og_title":"ComprarPendientes plata cruz circonitas | Valanta Bisuter\u00eda","og_description":"La tendencia del minimalismo se enfoca en piezas m\u00e1s personalizadas y dise\u00f1os que reflejen la personalidad de la mujer y se mezclen perfectamente","og_url":"https:\/\/www.valantabisuteria.com\/product\/pendientes-plata-pequenos-cruz-circonitas-cristal-colores\/","og_site_name":"Valanta Bisuter\u00eda","article_modified_time":"2025-09-25T10:21:26+00:00","og_image":[{"width":529,"height":496,"url":"https:\/\/www.valantabisuteria.com\/wp-content\/uploads\/2025\/07\/Captura-de-pantalla-2024-11-28-105448.png","type":"image\/png"}],"twitter_card":"summary_large_image","twitter_misc":{"Est. reading time":"1 minute"},"schema":{"@context":"https:\/\/schema.org","@graph":[{"@type":"WebPage","@id":"https:\/\/www.valantabisuteria.com\/product\/pendientes-plata-pequenos-cruz-circonitas-cristal-colores\/","url":"https:\/\/www.valantabisuteria.com\/product\/pendientes-plata-pequenos-cruz-circonitas-cristal-colores\/","name":"ComprarPendientes plata cruz circonitas | Valanta Bisuter\u00eda","isPartOf":{"@id":"https:\/\/www.valantabisuteria.com\/#website"},"primaryImageOfPage":{"@id":"https:\/\/www.valantabisuteria.com\/product\/pendientes-plata-pequenos-cruz-circonitas-cristal-colores\/#primaryimage"},"image":{"@id":"https:\/\/www.valantabisuteria.com\/product\/pendientes-plata-pequenos-cruz-circonitas-cristal-colores\/#primaryimage"},"thumbnailUrl":"https:\/\/www.valantabisuteria.com\/wp-content\/uploads\/2025\/07\/Captura-de-pantalla-2024-11-28-105448.png","datePublished":"2025-07-23T08:33:03+00:00","dateModified":"2025-09-25T10:21:26+00:00","description":"La tendencia del minimalismo se enfoca en piezas m\u00e1s personalizadas y dise\u00f1os que reflejen la personalidad de la mujer y se mezclen perfectamente","breadcrumb":{"@id":"https:\/\/www.valantabisuteria.com\/product\/pendientes-plata-pequenos-cruz-circonitas-cristal-colores\/#breadcrumb"},"inLanguage":"en-US","potentialAction":[{"@type":"ReadAction","target":["https:\/\/www.valantabisuteria.com\/product\/pendientes-plata-pequenos-cruz-circonitas-cristal-colores\/"]}]},{"@type":"ImageObject","inLanguage":"en-US","@id":"https:\/\/www.valantabisuteria.com\/product\/pendientes-plata-pequenos-cruz-circonitas-cristal-colores\/#primaryimage","url":"https:\/\/www.valantabisuteria.com\/wp-content\/uploads\/2025\/07\/Captura-de-pantalla-2024-11-28-105448.png","contentUrl":"https:\/\/www.valantabisuteria.com\/wp-content\/uploads\/2025\/07\/Captura-de-pantalla-2024-11-28-105448.png","width":529,"height":496,"caption":"pendientes plata peque\u00f1os en forma de cruz con circonitas en varios colores"},{"@type":"BreadcrumbList","@id":"https:\/\/www.valantabisuteria.com\/product\/pendientes-plata-pequenos-cruz-circonitas-cristal-colores\/#breadcrumb","itemListElement":[{"@type":"ListItem","position":1,"name":"Portada","item":"https:\/\/www.valantabisuteria.com\/"},{"@type":"ListItem","position":2,"name":"Tienda","item":"https:\/\/www.valantabisuteria.com\/tienda\/"},{"@type":"ListItem","position":3,"name":"Pendientes plata cruz circonitas"}]},{"@type":"WebSite","@id":"https:\/\/www.valantabisuteria.com\/#website","url":"https:\/\/www.valantabisuteria.com\/","name":"Valanta Bisuter\u00eda","description":"Joyas y Bisuter\u00eda de calidad","publisher":{"@id":"https:\/\/www.valantabisuteria.com\/#organization"},"alternateName":"Valanta Bisuter\u00eda","potentialAction":[{"@type":"SearchAction","target":{"@type":"EntryPoint","urlTemplate":"https:\/\/www.valantabisuteria.com\/?s={search_term_string}"},"query-input":{"@type":"PropertyValueSpecification","valueRequired":true,"valueName":"search_term_string"}}],"inLanguage":"en-US"},{"@type":"Organization","@id":"https:\/\/www.valantabisuteria.com\/#organization","name":"Valanta Bisuter\u00eda","url":"https:\/\/www.valantabisuteria.com\/","logo":{"@type":"ImageObject","inLanguage":"en-US","@id":"https:\/\/www.valantabisuteria.com\/#\/schema\/logo\/image\/","url":"https:\/\/valantabisuteria.com\/wp-content\/uploads\/2023\/02\/Logo-07-b.png","contentUrl":"https:\/\/valantabisuteria.com\/wp-content\/uploads\/2023\/02\/Logo-07-b.png","width":800,"height":238,"caption":"Valanta Bisuter\u00eda"},"image":{"@id":"https:\/\/www.valantabisuteria.com\/#\/schema\/logo\/image\/"},"sameAs":["https:\/\/www.instagram.com\/valantabisuteria\/"]}]}},"_links":{"self":[{"href":"https:\/\/www.valantabisuteria.com\/en\/wp-json\/wp\/v2\/product\/30452","targetHints":{"allow":["GET"]}}],"collection":[{"href":"https:\/\/www.valantabisuteria.com\/en\/wp-json\/wp\/v2\/product"}],"about":[{"href":"https:\/\/www.valantabisuteria.com\/en\/wp-json\/wp\/v2\/types\/product"}],"wp:featuredmedia":[{"embeddable":true,"href":"https:\/\/www.valantabisuteria.com\/en\/wp-json\/wp\/v2\/media\/30440"}],"wp:attachment":[{"href":"https:\/\/www.valantabisuteria.com\/en\/wp-json\/wp\/v2\/media?parent=30452"}],"wp:term":[{"taxonomy":"product_brand","embeddable":true,"href":"https:\/\/www.valantabisuteria.com\/en\/wp-json\/wp\/v2\/product_brand?post=30452"},{"taxonomy":"product_cat","embeddable":true,"href":"https:\/\/www.valantabisuteria.com\/en\/wp-json\/wp\/v2\/product_cat?post=30452"},{"taxonomy":"product_tag","embeddable":true,"href":"https:\/\/www.valantabisuteria.com\/en\/wp-json\/wp\/v2\/product_tag?post=30452"}],"curies":[{"name":"wp","href":"https:\/\/api.w.org\/{rel}","templated":true}]}}