{"id":30587,"date":"2025-08-05T09:52:11","date_gmt":"2025-08-05T07:52:11","guid":{"rendered":"https:\/\/www.valantabisuteria.com\/?post_type=product&#038;p=30587"},"modified":"2026-01-19T10:22:39","modified_gmt":"2026-01-19T09:22:39","slug":"pendientes-plata-estrella-circonita-cristal-azul","status":"publish","type":"product","link":"https:\/\/www.valantabisuteria.com\/en\/product\/pendientes-plata-estrella-circonita-cristal-azul\/","title":{"rendered":"Pendientes plata estrella cristal azul"},"content":{"rendered":"<p>Pendientes plata tama\u00f1o peque\u00f1o en forma de estrella con circonitas transparentes y cristal azul<\/p>\n<p>Medida: 1&#215;0,5cm<\/p>\n<p>Material: plata y circonita<\/p>\n","protected":false},"excerpt":{"rendered":"<p>&nbsp;<\/p>\n<p>Pendientes peque\u00f1os en plata con estrella y circonitas cristal azul<\/p>\n<p>Medida: 1&#215;0,5cm<\/p>\n<p>Material: plata y cristal circonita<\/p>\n<p>Eleva tu energ\u00eda con estos pendientes en plata con forma de estrella, dar\u00e1n un brillo especial a tu look. Ll\u00e9valos solos o a\u00f1ade varios, la elegancia no est\u00e1 re\u00f1ida con la cantidad.<\/p>\n","protected":false},"featured_media":30588,"template":"","meta":{"_joinchat":[]},"product_brand":[],"product_cat":[165,195,198],"product_tag":[],"class_list":{"0":"post-30587","1":"product","2":"type-product","3":"status-publish","4":"has-post-thumbnail","6":"product_cat-mujer-valanta","7":"product_cat-outlet-exclusivo","8":"product_cat-pendientes-plata","11":"first","12":"instock","13":"shipping-taxable","14":"purchasable","15":"product-type-simple"},"yoast_head":"<!-- This site is optimized with the Yoast SEO plugin v27.2 - https:\/\/yoast.com\/product\/yoast-seo-wordpress\/ -->\n<title>ComprarPendientes plata estrella cristal azul | Valanta Bisuter\u00eda<\/title>\n<meta name=\"description\" content=\"La tendencia del minimalismo se enfoca en piezas m\u00e1s personalizadas y dise\u00f1os que reflejen la personalidad de la mujer y se mezclen perfectamente\" \/>\n<meta name=\"robots\" content=\"index, follow, max-snippet:-1, max-image-preview:large, max-video-preview:-1\" \/>\n<link rel=\"canonical\" href=\"https:\/\/www.valantabisuteria.com\/product\/pendientes-plata-estrella-circonita-cristal-azul\/\" \/>\n<meta property=\"og:locale\" content=\"en_US\" \/>\n<meta property=\"og:type\" content=\"article\" \/>\n<meta property=\"og:title\" content=\"ComprarPendientes plata estrella cristal azul | Valanta Bisuter\u00eda\" \/>\n<meta property=\"og:description\" content=\"La tendencia del minimalismo se enfoca en piezas m\u00e1s personalizadas y dise\u00f1os que reflejen la personalidad de la mujer y se mezclen perfectamente\" \/>\n<meta property=\"og:url\" content=\"https:\/\/www.valantabisuteria.com\/product\/pendientes-plata-estrella-circonita-cristal-azul\/\" \/>\n<meta property=\"og:site_name\" content=\"Valanta Bisuter\u00eda\" \/>\n<meta property=\"article:modified_time\" content=\"2026-01-19T09:22:39+00:00\" \/>\n<meta property=\"og:image\" content=\"https:\/\/www.valantabisuteria.com\/wp-content\/uploads\/2025\/08\/Captura-de-pantalla-2024-11-28-105313.png\" \/>\n\t<meta property=\"og:image:width\" content=\"379\" \/>\n\t<meta property=\"og:image:height\" content=\"378\" \/>\n\t<meta property=\"og:image:type\" content=\"image\/png\" \/>\n<meta name=\"twitter:card\" content=\"summary_large_image\" \/>\n<meta name=\"twitter:label1\" content=\"Est. reading time\" \/>\n\t<meta name=\"twitter:data1\" content=\"1 minute\" \/>\n<script type=\"application\/ld+json\" class=\"yoast-schema-graph\">{\"@context\":\"https:\/\/schema.org\",\"@graph\":[{\"@type\":\"WebPage\",\"@id\":\"https:\/\/www.valantabisuteria.com\/product\/pendientes-plata-estrella-circonita-cristal-azul\/\",\"url\":\"https:\/\/www.valantabisuteria.com\/product\/pendientes-plata-estrella-circonita-cristal-azul\/\",\"name\":\"ComprarPendientes plata estrella cristal azul | Valanta Bisuter\u00eda\",\"isPartOf\":{\"@id\":\"https:\/\/www.valantabisuteria.com\/#website\"},\"primaryImageOfPage\":{\"@id\":\"https:\/\/www.valantabisuteria.com\/product\/pendientes-plata-estrella-circonita-cristal-azul\/#primaryimage\"},\"image\":{\"@id\":\"https:\/\/www.valantabisuteria.com\/product\/pendientes-plata-estrella-circonita-cristal-azul\/#primaryimage\"},\"thumbnailUrl\":\"https:\/\/www.valantabisuteria.com\/wp-content\/uploads\/2025\/08\/Captura-de-pantalla-2024-11-28-105313.png\",\"datePublished\":\"2025-08-05T07:52:11+00:00\",\"dateModified\":\"2026-01-19T09:22:39+00:00\",\"description\":\"La tendencia del minimalismo se enfoca en piezas m\u00e1s personalizadas y dise\u00f1os que reflejen la personalidad de la mujer y se mezclen perfectamente\",\"breadcrumb\":{\"@id\":\"https:\/\/www.valantabisuteria.com\/product\/pendientes-plata-estrella-circonita-cristal-azul\/#breadcrumb\"},\"inLanguage\":\"en-US\",\"potentialAction\":[{\"@type\":\"ReadAction\",\"target\":[\"https:\/\/www.valantabisuteria.com\/product\/pendientes-plata-estrella-circonita-cristal-azul\/\"]}]},{\"@type\":\"ImageObject\",\"inLanguage\":\"en-US\",\"@id\":\"https:\/\/www.valantabisuteria.com\/product\/pendientes-plata-estrella-circonita-cristal-azul\/#primaryimage\",\"url\":\"https:\/\/www.valantabisuteria.com\/wp-content\/uploads\/2025\/08\/Captura-de-pantalla-2024-11-28-105313.png\",\"contentUrl\":\"https:\/\/www.valantabisuteria.com\/wp-content\/uploads\/2025\/08\/Captura-de-pantalla-2024-11-28-105313.png\",\"width\":379,\"height\":378,\"caption\":\"pendientes en plata peque\u00f1os en forma de estrella y circonita cristal azul\"},{\"@type\":\"BreadcrumbList\",\"@id\":\"https:\/\/www.valantabisuteria.com\/product\/pendientes-plata-estrella-circonita-cristal-azul\/#breadcrumb\",\"itemListElement\":[{\"@type\":\"ListItem\",\"position\":1,\"name\":\"Portada\",\"item\":\"https:\/\/www.valantabisuteria.com\/\"},{\"@type\":\"ListItem\",\"position\":2,\"name\":\"Tienda\",\"item\":\"https:\/\/www.valantabisuteria.com\/tienda\/\"},{\"@type\":\"ListItem\",\"position\":3,\"name\":\"Pendientes plata estrella cristal azul\"}]},{\"@type\":\"WebSite\",\"@id\":\"https:\/\/www.valantabisuteria.com\/#website\",\"url\":\"https:\/\/www.valantabisuteria.com\/\",\"name\":\"Valanta Bisuter\u00eda\",\"description\":\"Joyas y Bisuter\u00eda de calidad\",\"publisher\":{\"@id\":\"https:\/\/www.valantabisuteria.com\/#organization\"},\"alternateName\":\"Valanta Bisuter\u00eda\",\"potentialAction\":[{\"@type\":\"SearchAction\",\"target\":{\"@type\":\"EntryPoint\",\"urlTemplate\":\"https:\/\/www.valantabisuteria.com\/?s={search_term_string}\"},\"query-input\":{\"@type\":\"PropertyValueSpecification\",\"valueRequired\":true,\"valueName\":\"search_term_string\"}}],\"inLanguage\":\"en-US\"},{\"@type\":\"Organization\",\"@id\":\"https:\/\/www.valantabisuteria.com\/#organization\",\"name\":\"Valanta Bisuter\u00eda\",\"url\":\"https:\/\/www.valantabisuteria.com\/\",\"logo\":{\"@type\":\"ImageObject\",\"inLanguage\":\"en-US\",\"@id\":\"https:\/\/www.valantabisuteria.com\/#\/schema\/logo\/image\/\",\"url\":\"https:\/\/valantabisuteria.com\/wp-content\/uploads\/2023\/02\/Logo-07-b.png\",\"contentUrl\":\"https:\/\/valantabisuteria.com\/wp-content\/uploads\/2023\/02\/Logo-07-b.png\",\"width\":800,\"height\":238,\"caption\":\"Valanta Bisuter\u00eda\"},\"image\":{\"@id\":\"https:\/\/www.valantabisuteria.com\/#\/schema\/logo\/image\/\"},\"sameAs\":[\"https:\/\/www.instagram.com\/valantabisuteria\/\"]}]}<\/script>\n<!-- \/ Yoast SEO plugin. -->","yoast_head_json":{"title":"ComprarPendientes plata estrella cristal azul | Valanta Bisuter\u00eda","description":"La tendencia del minimalismo se enfoca en piezas m\u00e1s personalizadas y dise\u00f1os que reflejen la personalidad de la mujer y se mezclen perfectamente","robots":{"index":"index","follow":"follow","max-snippet":"max-snippet:-1","max-image-preview":"max-image-preview:large","max-video-preview":"max-video-preview:-1"},"canonical":"https:\/\/www.valantabisuteria.com\/product\/pendientes-plata-estrella-circonita-cristal-azul\/","og_locale":"en_US","og_type":"article","og_title":"ComprarPendientes plata estrella cristal azul | Valanta Bisuter\u00eda","og_description":"La tendencia del minimalismo se enfoca en piezas m\u00e1s personalizadas y dise\u00f1os que reflejen la personalidad de la mujer y se mezclen perfectamente","og_url":"https:\/\/www.valantabisuteria.com\/product\/pendientes-plata-estrella-circonita-cristal-azul\/","og_site_name":"Valanta Bisuter\u00eda","article_modified_time":"2026-01-19T09:22:39+00:00","og_image":[{"width":379,"height":378,"url":"https:\/\/www.valantabisuteria.com\/wp-content\/uploads\/2025\/08\/Captura-de-pantalla-2024-11-28-105313.png","type":"image\/png"}],"twitter_card":"summary_large_image","twitter_misc":{"Est. reading time":"1 minute"},"schema":{"@context":"https:\/\/schema.org","@graph":[{"@type":"WebPage","@id":"https:\/\/www.valantabisuteria.com\/product\/pendientes-plata-estrella-circonita-cristal-azul\/","url":"https:\/\/www.valantabisuteria.com\/product\/pendientes-plata-estrella-circonita-cristal-azul\/","name":"ComprarPendientes plata estrella cristal azul | Valanta Bisuter\u00eda","isPartOf":{"@id":"https:\/\/www.valantabisuteria.com\/#website"},"primaryImageOfPage":{"@id":"https:\/\/www.valantabisuteria.com\/product\/pendientes-plata-estrella-circonita-cristal-azul\/#primaryimage"},"image":{"@id":"https:\/\/www.valantabisuteria.com\/product\/pendientes-plata-estrella-circonita-cristal-azul\/#primaryimage"},"thumbnailUrl":"https:\/\/www.valantabisuteria.com\/wp-content\/uploads\/2025\/08\/Captura-de-pantalla-2024-11-28-105313.png","datePublished":"2025-08-05T07:52:11+00:00","dateModified":"2026-01-19T09:22:39+00:00","description":"La tendencia del minimalismo se enfoca en piezas m\u00e1s personalizadas y dise\u00f1os que reflejen la personalidad de la mujer y se mezclen perfectamente","breadcrumb":{"@id":"https:\/\/www.valantabisuteria.com\/product\/pendientes-plata-estrella-circonita-cristal-azul\/#breadcrumb"},"inLanguage":"en-US","potentialAction":[{"@type":"ReadAction","target":["https:\/\/www.valantabisuteria.com\/product\/pendientes-plata-estrella-circonita-cristal-azul\/"]}]},{"@type":"ImageObject","inLanguage":"en-US","@id":"https:\/\/www.valantabisuteria.com\/product\/pendientes-plata-estrella-circonita-cristal-azul\/#primaryimage","url":"https:\/\/www.valantabisuteria.com\/wp-content\/uploads\/2025\/08\/Captura-de-pantalla-2024-11-28-105313.png","contentUrl":"https:\/\/www.valantabisuteria.com\/wp-content\/uploads\/2025\/08\/Captura-de-pantalla-2024-11-28-105313.png","width":379,"height":378,"caption":"pendientes en plata peque\u00f1os en forma de estrella y circonita cristal azul"},{"@type":"BreadcrumbList","@id":"https:\/\/www.valantabisuteria.com\/product\/pendientes-plata-estrella-circonita-cristal-azul\/#breadcrumb","itemListElement":[{"@type":"ListItem","position":1,"name":"Portada","item":"https:\/\/www.valantabisuteria.com\/"},{"@type":"ListItem","position":2,"name":"Tienda","item":"https:\/\/www.valantabisuteria.com\/tienda\/"},{"@type":"ListItem","position":3,"name":"Pendientes plata estrella cristal azul"}]},{"@type":"WebSite","@id":"https:\/\/www.valantabisuteria.com\/#website","url":"https:\/\/www.valantabisuteria.com\/","name":"Valanta Bisuter\u00eda","description":"Joyas y Bisuter\u00eda de calidad","publisher":{"@id":"https:\/\/www.valantabisuteria.com\/#organization"},"alternateName":"Valanta Bisuter\u00eda","potentialAction":[{"@type":"SearchAction","target":{"@type":"EntryPoint","urlTemplate":"https:\/\/www.valantabisuteria.com\/?s={search_term_string}"},"query-input":{"@type":"PropertyValueSpecification","valueRequired":true,"valueName":"search_term_string"}}],"inLanguage":"en-US"},{"@type":"Organization","@id":"https:\/\/www.valantabisuteria.com\/#organization","name":"Valanta Bisuter\u00eda","url":"https:\/\/www.valantabisuteria.com\/","logo":{"@type":"ImageObject","inLanguage":"en-US","@id":"https:\/\/www.valantabisuteria.com\/#\/schema\/logo\/image\/","url":"https:\/\/valantabisuteria.com\/wp-content\/uploads\/2023\/02\/Logo-07-b.png","contentUrl":"https:\/\/valantabisuteria.com\/wp-content\/uploads\/2023\/02\/Logo-07-b.png","width":800,"height":238,"caption":"Valanta Bisuter\u00eda"},"image":{"@id":"https:\/\/www.valantabisuteria.com\/#\/schema\/logo\/image\/"},"sameAs":["https:\/\/www.instagram.com\/valantabisuteria\/"]}]}},"_links":{"self":[{"href":"https:\/\/www.valantabisuteria.com\/en\/wp-json\/wp\/v2\/product\/30587","targetHints":{"allow":["GET"]}}],"collection":[{"href":"https:\/\/www.valantabisuteria.com\/en\/wp-json\/wp\/v2\/product"}],"about":[{"href":"https:\/\/www.valantabisuteria.com\/en\/wp-json\/wp\/v2\/types\/product"}],"wp:featuredmedia":[{"embeddable":true,"href":"https:\/\/www.valantabisuteria.com\/en\/wp-json\/wp\/v2\/media\/30588"}],"wp:attachment":[{"href":"https:\/\/www.valantabisuteria.com\/en\/wp-json\/wp\/v2\/media?parent=30587"}],"wp:term":[{"taxonomy":"product_brand","embeddable":true,"href":"https:\/\/www.valantabisuteria.com\/en\/wp-json\/wp\/v2\/product_brand?post=30587"},{"taxonomy":"product_cat","embeddable":true,"href":"https:\/\/www.valantabisuteria.com\/en\/wp-json\/wp\/v2\/product_cat?post=30587"},{"taxonomy":"product_tag","embeddable":true,"href":"https:\/\/www.valantabisuteria.com\/en\/wp-json\/wp\/v2\/product_tag?post=30587"}],"curies":[{"name":"wp","href":"https:\/\/api.w.org\/{rel}","templated":true}]}}