{"id":30596,"date":"2025-08-07T18:51:02","date_gmt":"2025-08-07T16:51:02","guid":{"rendered":"https:\/\/www.valantabisuteria.com\/?post_type=product&#038;p=30596"},"modified":"2025-08-07T19:18:26","modified_gmt":"2025-08-07T17:18:26","slug":"pendientes-plateados-circonitas-cristal-blanco","status":"publish","type":"product","link":"https:\/\/www.valantabisuteria.com\/en\/product\/pendientes-plateados-circonitas-cristal-blanco\/","title":{"rendered":"Pendientes plateados p\u00faas circonita"},"content":{"rendered":"<p>Pendientes en acero plateado con circonitas cristal en forma de p\u00faas con cierre tipo tuerca<\/p>\n<p>Medida: 3&#215;1,5cm<\/p>\n<p>Material: acero con circonitas cristal<\/p>\n<p>&nbsp;<\/p>\n<p>&nbsp;<\/p>\n","protected":false},"excerpt":{"rendered":"<p>&nbsp;<\/p>\n<p>Pendientes en acero plateado con circonitas cristal en forma de p\u00faas con cierre tipo tuerca<\/p>\n<p>Medida: 3&#215;1,5cm<\/p>\n<p>Material: acero con circonitas cristal<\/p>\n<p>Dale un toque de marcha a tus pendientes con aire Punk. Noches eternas y buena m\u00fasica, es el estilo que nunca muere.<\/p>\n<p>&nbsp;<\/p>\n","protected":false},"featured_media":30621,"template":"","meta":{"_joinchat":[]},"product_brand":[],"product_cat":[151,200,154],"product_tag":[],"class_list":{"0":"post-30596","1":"product","2":"type-product","3":"status-publish","4":"has-post-thumbnail","6":"product_cat-linka","7":"product_cat-pendientes-acero-plateado","8":"product_cat-pendientes","11":"first","12":"instock","13":"shipping-taxable","14":"purchasable","15":"product-type-simple"},"yoast_head":"<!-- This site is optimized with the Yoast SEO plugin v27.2 - https:\/\/yoast.com\/product\/yoast-seo-wordpress\/ -->\n<title>ComprarPendientes plateados p\u00faas circonita | Valanta Bisuter\u00eda<\/title>\n<meta name=\"description\" content=\"Dale un toque de marcha a tu estilo de pendientes con aire Punk. Noches eternas y buena m\u00fasica, es el estilo que nunca muere\" \/>\n<meta name=\"robots\" content=\"index, follow, max-snippet:-1, max-image-preview:large, max-video-preview:-1\" \/>\n<link rel=\"canonical\" href=\"https:\/\/www.valantabisuteria.com\/product\/pendientes-plateados-circonitas-cristal-blanco\/\" \/>\n<meta property=\"og:locale\" content=\"en_US\" \/>\n<meta property=\"og:type\" content=\"article\" \/>\n<meta property=\"og:title\" content=\"ComprarPendientes plateados p\u00faas circonita | Valanta Bisuter\u00eda\" \/>\n<meta property=\"og:description\" content=\"Dale un toque de marcha a tu estilo de pendientes con aire Punk. Noches eternas y buena m\u00fasica, es el estilo que nunca muere\" \/>\n<meta property=\"og:url\" content=\"https:\/\/www.valantabisuteria.com\/product\/pendientes-plateados-circonitas-cristal-blanco\/\" \/>\n<meta property=\"og:site_name\" content=\"Valanta Bisuter\u00eda\" \/>\n<meta property=\"article:modified_time\" content=\"2025-08-07T17:18:26+00:00\" \/>\n<meta property=\"og:image\" content=\"https:\/\/www.valantabisuteria.com\/wp-content\/uploads\/2025\/08\/Captura-de-pantalla-2025-08-06-184610.png\" \/>\n\t<meta property=\"og:image:width\" content=\"519\" \/>\n\t<meta property=\"og:image:height\" content=\"445\" \/>\n\t<meta property=\"og:image:type\" content=\"image\/png\" \/>\n<meta name=\"twitter:card\" content=\"summary_large_image\" \/>\n<meta name=\"twitter:label1\" content=\"Est. reading time\" \/>\n\t<meta name=\"twitter:data1\" content=\"1 minute\" \/>\n<script type=\"application\/ld+json\" class=\"yoast-schema-graph\">{\"@context\":\"https:\/\/schema.org\",\"@graph\":[{\"@type\":\"WebPage\",\"@id\":\"https:\/\/www.valantabisuteria.com\/product\/pendientes-plateados-circonitas-cristal-blanco\/\",\"url\":\"https:\/\/www.valantabisuteria.com\/product\/pendientes-plateados-circonitas-cristal-blanco\/\",\"name\":\"ComprarPendientes plateados p\u00faas circonita | Valanta Bisuter\u00eda\",\"isPartOf\":{\"@id\":\"https:\/\/www.valantabisuteria.com\/#website\"},\"primaryImageOfPage\":{\"@id\":\"https:\/\/www.valantabisuteria.com\/product\/pendientes-plateados-circonitas-cristal-blanco\/#primaryimage\"},\"image\":{\"@id\":\"https:\/\/www.valantabisuteria.com\/product\/pendientes-plateados-circonitas-cristal-blanco\/#primaryimage\"},\"thumbnailUrl\":\"https:\/\/www.valantabisuteria.com\/wp-content\/uploads\/2025\/08\/Captura-de-pantalla-2025-08-06-184610.png\",\"datePublished\":\"2025-08-07T16:51:02+00:00\",\"dateModified\":\"2025-08-07T17:18:26+00:00\",\"description\":\"Dale un toque de marcha a tu estilo de pendientes con aire Punk. Noches eternas y buena m\u00fasica, es el estilo que nunca muere\",\"breadcrumb\":{\"@id\":\"https:\/\/www.valantabisuteria.com\/product\/pendientes-plateados-circonitas-cristal-blanco\/#breadcrumb\"},\"inLanguage\":\"en-US\",\"potentialAction\":[{\"@type\":\"ReadAction\",\"target\":[\"https:\/\/www.valantabisuteria.com\/product\/pendientes-plateados-circonitas-cristal-blanco\/\"]}]},{\"@type\":\"ImageObject\",\"inLanguage\":\"en-US\",\"@id\":\"https:\/\/www.valantabisuteria.com\/product\/pendientes-plateados-circonitas-cristal-blanco\/#primaryimage\",\"url\":\"https:\/\/www.valantabisuteria.com\/wp-content\/uploads\/2025\/08\/Captura-de-pantalla-2025-08-06-184610.png\",\"contentUrl\":\"https:\/\/www.valantabisuteria.com\/wp-content\/uploads\/2025\/08\/Captura-de-pantalla-2025-08-06-184610.png\",\"width\":519,\"height\":445,\"caption\":\"pendientes en acero plateado con circonitas cristal blanco\"},{\"@type\":\"BreadcrumbList\",\"@id\":\"https:\/\/www.valantabisuteria.com\/product\/pendientes-plateados-circonitas-cristal-blanco\/#breadcrumb\",\"itemListElement\":[{\"@type\":\"ListItem\",\"position\":1,\"name\":\"Portada\",\"item\":\"https:\/\/www.valantabisuteria.com\/\"},{\"@type\":\"ListItem\",\"position\":2,\"name\":\"Tienda\",\"item\":\"https:\/\/www.valantabisuteria.com\/tienda\/\"},{\"@type\":\"ListItem\",\"position\":3,\"name\":\"Pendientes plateados p\u00faas circonita\"}]},{\"@type\":\"WebSite\",\"@id\":\"https:\/\/www.valantabisuteria.com\/#website\",\"url\":\"https:\/\/www.valantabisuteria.com\/\",\"name\":\"Valanta Bisuter\u00eda\",\"description\":\"Joyas y Bisuter\u00eda de calidad\",\"publisher\":{\"@id\":\"https:\/\/www.valantabisuteria.com\/#organization\"},\"alternateName\":\"Valanta Bisuter\u00eda\",\"potentialAction\":[{\"@type\":\"SearchAction\",\"target\":{\"@type\":\"EntryPoint\",\"urlTemplate\":\"https:\/\/www.valantabisuteria.com\/?s={search_term_string}\"},\"query-input\":{\"@type\":\"PropertyValueSpecification\",\"valueRequired\":true,\"valueName\":\"search_term_string\"}}],\"inLanguage\":\"en-US\"},{\"@type\":\"Organization\",\"@id\":\"https:\/\/www.valantabisuteria.com\/#organization\",\"name\":\"Valanta Bisuter\u00eda\",\"url\":\"https:\/\/www.valantabisuteria.com\/\",\"logo\":{\"@type\":\"ImageObject\",\"inLanguage\":\"en-US\",\"@id\":\"https:\/\/www.valantabisuteria.com\/#\/schema\/logo\/image\/\",\"url\":\"https:\/\/valantabisuteria.com\/wp-content\/uploads\/2023\/02\/Logo-07-b.png\",\"contentUrl\":\"https:\/\/valantabisuteria.com\/wp-content\/uploads\/2023\/02\/Logo-07-b.png\",\"width\":800,\"height\":238,\"caption\":\"Valanta Bisuter\u00eda\"},\"image\":{\"@id\":\"https:\/\/www.valantabisuteria.com\/#\/schema\/logo\/image\/\"},\"sameAs\":[\"https:\/\/www.instagram.com\/valantabisuteria\/\"]}]}<\/script>\n<!-- \/ Yoast SEO plugin. -->","yoast_head_json":{"title":"ComprarPendientes plateados p\u00faas circonita | Valanta Bisuter\u00eda","description":"Dale un toque de marcha a tu estilo de pendientes con aire Punk. Noches eternas y buena m\u00fasica, es el estilo que nunca muere","robots":{"index":"index","follow":"follow","max-snippet":"max-snippet:-1","max-image-preview":"max-image-preview:large","max-video-preview":"max-video-preview:-1"},"canonical":"https:\/\/www.valantabisuteria.com\/product\/pendientes-plateados-circonitas-cristal-blanco\/","og_locale":"en_US","og_type":"article","og_title":"ComprarPendientes plateados p\u00faas circonita | Valanta Bisuter\u00eda","og_description":"Dale un toque de marcha a tu estilo de pendientes con aire Punk. Noches eternas y buena m\u00fasica, es el estilo que nunca muere","og_url":"https:\/\/www.valantabisuteria.com\/product\/pendientes-plateados-circonitas-cristal-blanco\/","og_site_name":"Valanta Bisuter\u00eda","article_modified_time":"2025-08-07T17:18:26+00:00","og_image":[{"width":519,"height":445,"url":"https:\/\/www.valantabisuteria.com\/wp-content\/uploads\/2025\/08\/Captura-de-pantalla-2025-08-06-184610.png","type":"image\/png"}],"twitter_card":"summary_large_image","twitter_misc":{"Est. reading time":"1 minute"},"schema":{"@context":"https:\/\/schema.org","@graph":[{"@type":"WebPage","@id":"https:\/\/www.valantabisuteria.com\/product\/pendientes-plateados-circonitas-cristal-blanco\/","url":"https:\/\/www.valantabisuteria.com\/product\/pendientes-plateados-circonitas-cristal-blanco\/","name":"ComprarPendientes plateados p\u00faas circonita | Valanta Bisuter\u00eda","isPartOf":{"@id":"https:\/\/www.valantabisuteria.com\/#website"},"primaryImageOfPage":{"@id":"https:\/\/www.valantabisuteria.com\/product\/pendientes-plateados-circonitas-cristal-blanco\/#primaryimage"},"image":{"@id":"https:\/\/www.valantabisuteria.com\/product\/pendientes-plateados-circonitas-cristal-blanco\/#primaryimage"},"thumbnailUrl":"https:\/\/www.valantabisuteria.com\/wp-content\/uploads\/2025\/08\/Captura-de-pantalla-2025-08-06-184610.png","datePublished":"2025-08-07T16:51:02+00:00","dateModified":"2025-08-07T17:18:26+00:00","description":"Dale un toque de marcha a tu estilo de pendientes con aire Punk. Noches eternas y buena m\u00fasica, es el estilo que nunca muere","breadcrumb":{"@id":"https:\/\/www.valantabisuteria.com\/product\/pendientes-plateados-circonitas-cristal-blanco\/#breadcrumb"},"inLanguage":"en-US","potentialAction":[{"@type":"ReadAction","target":["https:\/\/www.valantabisuteria.com\/product\/pendientes-plateados-circonitas-cristal-blanco\/"]}]},{"@type":"ImageObject","inLanguage":"en-US","@id":"https:\/\/www.valantabisuteria.com\/product\/pendientes-plateados-circonitas-cristal-blanco\/#primaryimage","url":"https:\/\/www.valantabisuteria.com\/wp-content\/uploads\/2025\/08\/Captura-de-pantalla-2025-08-06-184610.png","contentUrl":"https:\/\/www.valantabisuteria.com\/wp-content\/uploads\/2025\/08\/Captura-de-pantalla-2025-08-06-184610.png","width":519,"height":445,"caption":"pendientes en acero plateado con circonitas cristal blanco"},{"@type":"BreadcrumbList","@id":"https:\/\/www.valantabisuteria.com\/product\/pendientes-plateados-circonitas-cristal-blanco\/#breadcrumb","itemListElement":[{"@type":"ListItem","position":1,"name":"Portada","item":"https:\/\/www.valantabisuteria.com\/"},{"@type":"ListItem","position":2,"name":"Tienda","item":"https:\/\/www.valantabisuteria.com\/tienda\/"},{"@type":"ListItem","position":3,"name":"Pendientes plateados p\u00faas circonita"}]},{"@type":"WebSite","@id":"https:\/\/www.valantabisuteria.com\/#website","url":"https:\/\/www.valantabisuteria.com\/","name":"Valanta Bisuter\u00eda","description":"Joyas y Bisuter\u00eda de calidad","publisher":{"@id":"https:\/\/www.valantabisuteria.com\/#organization"},"alternateName":"Valanta Bisuter\u00eda","potentialAction":[{"@type":"SearchAction","target":{"@type":"EntryPoint","urlTemplate":"https:\/\/www.valantabisuteria.com\/?s={search_term_string}"},"query-input":{"@type":"PropertyValueSpecification","valueRequired":true,"valueName":"search_term_string"}}],"inLanguage":"en-US"},{"@type":"Organization","@id":"https:\/\/www.valantabisuteria.com\/#organization","name":"Valanta Bisuter\u00eda","url":"https:\/\/www.valantabisuteria.com\/","logo":{"@type":"ImageObject","inLanguage":"en-US","@id":"https:\/\/www.valantabisuteria.com\/#\/schema\/logo\/image\/","url":"https:\/\/valantabisuteria.com\/wp-content\/uploads\/2023\/02\/Logo-07-b.png","contentUrl":"https:\/\/valantabisuteria.com\/wp-content\/uploads\/2023\/02\/Logo-07-b.png","width":800,"height":238,"caption":"Valanta Bisuter\u00eda"},"image":{"@id":"https:\/\/www.valantabisuteria.com\/#\/schema\/logo\/image\/"},"sameAs":["https:\/\/www.instagram.com\/valantabisuteria\/"]}]}},"_links":{"self":[{"href":"https:\/\/www.valantabisuteria.com\/en\/wp-json\/wp\/v2\/product\/30596","targetHints":{"allow":["GET"]}}],"collection":[{"href":"https:\/\/www.valantabisuteria.com\/en\/wp-json\/wp\/v2\/product"}],"about":[{"href":"https:\/\/www.valantabisuteria.com\/en\/wp-json\/wp\/v2\/types\/product"}],"wp:featuredmedia":[{"embeddable":true,"href":"https:\/\/www.valantabisuteria.com\/en\/wp-json\/wp\/v2\/media\/30621"}],"wp:attachment":[{"href":"https:\/\/www.valantabisuteria.com\/en\/wp-json\/wp\/v2\/media?parent=30596"}],"wp:term":[{"taxonomy":"product_brand","embeddable":true,"href":"https:\/\/www.valantabisuteria.com\/en\/wp-json\/wp\/v2\/product_brand?post=30596"},{"taxonomy":"product_cat","embeddable":true,"href":"https:\/\/www.valantabisuteria.com\/en\/wp-json\/wp\/v2\/product_cat?post=30596"},{"taxonomy":"product_tag","embeddable":true,"href":"https:\/\/www.valantabisuteria.com\/en\/wp-json\/wp\/v2\/product_tag?post=30596"}],"curies":[{"name":"wp","href":"https:\/\/api.w.org\/{rel}","templated":true}]}}