{"id":30814,"date":"2025-10-29T11:15:51","date_gmt":"2025-10-29T10:15:51","guid":{"rendered":"https:\/\/www.valantabisuteria.com\/?post_type=product&#038;p=30814"},"modified":"2025-11-18T10:43:05","modified_gmt":"2025-11-18T09:43:05","slug":"pendientes-facetados-acero-plateado-cristal-color-lila","status":"publish","type":"product","link":"https:\/\/www.valantabisuteria.com\/en\/product\/pendientes-facetados-acero-plateado-cristal-color-lila\/","title":{"rendered":"Pendientes Facetados piedra color lila"},"content":{"rendered":"<p>Pendientes en acero plateado largos con piedra cristal facetado redonda en color lila<\/p>\n<p>Largo total: 3cm.<\/p>\n<p>&nbsp;<\/p>\n<p>&nbsp;<\/p>\n","protected":false},"excerpt":{"rendered":"<p>Pendientes en acero plateado largos con piedra cristal facetado redonda en color lila<\/p>\n<p>Largo total: 3cm.<\/p>\n<p>Pendientes en acero antial\u00e9rgico, duradero, para disfrutar cada d\u00eda. Util\u00edzalos para dar un poco de color a tu nuevo estilo<\/p>\n","protected":false},"featured_media":30819,"template":"","meta":{"_joinchat":[]},"product_brand":[],"product_cat":[147,200,154],"product_tag":[],"class_list":{"0":"post-30814","1":"product","2":"type-product","3":"status-publish","4":"has-post-thumbnail","6":"product_cat-anuk","7":"product_cat-pendientes-acero-plateado","8":"product_cat-pendientes","11":"first","12":"instock","13":"shipping-taxable","14":"purchasable","15":"product-type-simple"},"yoast_head":"<!-- This site is optimized with the Yoast SEO plugin v27.2 - https:\/\/yoast.com\/product\/yoast-seo-wordpress\/ -->\n<title>ComprarPendientes Facetados piedra color lila | Valanta Bisuter\u00eda<\/title>\n<meta name=\"description\" content=\"Pendientes en acero antial\u00e9rgico, duradero, para disfrutar cada d\u00eda. Util\u00edzalos para dar un poco de color a tu nuevo estilo\" \/>\n<meta name=\"robots\" content=\"index, follow, max-snippet:-1, max-image-preview:large, max-video-preview:-1\" \/>\n<link rel=\"canonical\" href=\"https:\/\/www.valantabisuteria.com\/product\/pendientes-facetados-acero-plateado-cristal-color-lila\/\" \/>\n<meta property=\"og:locale\" content=\"en_US\" \/>\n<meta property=\"og:type\" content=\"article\" \/>\n<meta property=\"og:title\" content=\"ComprarPendientes Facetados piedra color lila | Valanta Bisuter\u00eda\" \/>\n<meta property=\"og:description\" content=\"Pendientes en acero antial\u00e9rgico, duradero, para disfrutar cada d\u00eda. Util\u00edzalos para dar un poco de color a tu nuevo estilo\" \/>\n<meta property=\"og:url\" content=\"https:\/\/www.valantabisuteria.com\/product\/pendientes-facetados-acero-plateado-cristal-color-lila\/\" \/>\n<meta property=\"og:site_name\" content=\"Valanta Bisuter\u00eda\" \/>\n<meta property=\"article:modified_time\" content=\"2025-11-18T09:43:05+00:00\" \/>\n<meta property=\"og:image\" content=\"https:\/\/www.valantabisuteria.com\/wp-content\/uploads\/2025\/10\/Foto-31.jpg\" \/>\n\t<meta property=\"og:image:width\" content=\"545\" \/>\n\t<meta property=\"og:image:height\" content=\"494\" \/>\n\t<meta property=\"og:image:type\" content=\"image\/jpeg\" \/>\n<meta name=\"twitter:card\" content=\"summary_large_image\" \/>\n<meta name=\"twitter:label1\" content=\"Est. reading time\" \/>\n\t<meta name=\"twitter:data1\" content=\"1 minute\" \/>\n<script type=\"application\/ld+json\" class=\"yoast-schema-graph\">{\"@context\":\"https:\/\/schema.org\",\"@graph\":[{\"@type\":\"WebPage\",\"@id\":\"https:\/\/www.valantabisuteria.com\/product\/pendientes-facetados-acero-plateado-cristal-color-lila\/\",\"url\":\"https:\/\/www.valantabisuteria.com\/product\/pendientes-facetados-acero-plateado-cristal-color-lila\/\",\"name\":\"ComprarPendientes Facetados piedra color lila | Valanta Bisuter\u00eda\",\"isPartOf\":{\"@id\":\"https:\/\/www.valantabisuteria.com\/#website\"},\"primaryImageOfPage\":{\"@id\":\"https:\/\/www.valantabisuteria.com\/product\/pendientes-facetados-acero-plateado-cristal-color-lila\/#primaryimage\"},\"image\":{\"@id\":\"https:\/\/www.valantabisuteria.com\/product\/pendientes-facetados-acero-plateado-cristal-color-lila\/#primaryimage\"},\"thumbnailUrl\":\"https:\/\/www.valantabisuteria.com\/wp-content\/uploads\/2025\/10\/Foto-31.jpg\",\"datePublished\":\"2025-10-29T10:15:51+00:00\",\"dateModified\":\"2025-11-18T09:43:05+00:00\",\"description\":\"Pendientes en acero antial\u00e9rgico, duradero, para disfrutar cada d\u00eda. Util\u00edzalos para dar un poco de color a tu nuevo estilo\",\"breadcrumb\":{\"@id\":\"https:\/\/www.valantabisuteria.com\/product\/pendientes-facetados-acero-plateado-cristal-color-lila\/#breadcrumb\"},\"inLanguage\":\"en-US\",\"potentialAction\":[{\"@type\":\"ReadAction\",\"target\":[\"https:\/\/www.valantabisuteria.com\/product\/pendientes-facetados-acero-plateado-cristal-color-lila\/\"]}]},{\"@type\":\"ImageObject\",\"inLanguage\":\"en-US\",\"@id\":\"https:\/\/www.valantabisuteria.com\/product\/pendientes-facetados-acero-plateado-cristal-color-lila\/#primaryimage\",\"url\":\"https:\/\/www.valantabisuteria.com\/wp-content\/uploads\/2025\/10\/Foto-31.jpg\",\"contentUrl\":\"https:\/\/www.valantabisuteria.com\/wp-content\/uploads\/2025\/10\/Foto-31.jpg\",\"width\":545,\"height\":494,\"caption\":\"Pendientes acero plateado con cristal facetado color lila\"},{\"@type\":\"BreadcrumbList\",\"@id\":\"https:\/\/www.valantabisuteria.com\/product\/pendientes-facetados-acero-plateado-cristal-color-lila\/#breadcrumb\",\"itemListElement\":[{\"@type\":\"ListItem\",\"position\":1,\"name\":\"Portada\",\"item\":\"https:\/\/www.valantabisuteria.com\/\"},{\"@type\":\"ListItem\",\"position\":2,\"name\":\"Tienda\",\"item\":\"https:\/\/www.valantabisuteria.com\/tienda\/\"},{\"@type\":\"ListItem\",\"position\":3,\"name\":\"Pendientes Facetados piedra color lila\"}]},{\"@type\":\"WebSite\",\"@id\":\"https:\/\/www.valantabisuteria.com\/#website\",\"url\":\"https:\/\/www.valantabisuteria.com\/\",\"name\":\"Valanta Bisuter\u00eda\",\"description\":\"Joyas y Bisuter\u00eda de calidad\",\"publisher\":{\"@id\":\"https:\/\/www.valantabisuteria.com\/#organization\"},\"alternateName\":\"Valanta Bisuter\u00eda\",\"potentialAction\":[{\"@type\":\"SearchAction\",\"target\":{\"@type\":\"EntryPoint\",\"urlTemplate\":\"https:\/\/www.valantabisuteria.com\/?s={search_term_string}\"},\"query-input\":{\"@type\":\"PropertyValueSpecification\",\"valueRequired\":true,\"valueName\":\"search_term_string\"}}],\"inLanguage\":\"en-US\"},{\"@type\":\"Organization\",\"@id\":\"https:\/\/www.valantabisuteria.com\/#organization\",\"name\":\"Valanta Bisuter\u00eda\",\"url\":\"https:\/\/www.valantabisuteria.com\/\",\"logo\":{\"@type\":\"ImageObject\",\"inLanguage\":\"en-US\",\"@id\":\"https:\/\/www.valantabisuteria.com\/#\/schema\/logo\/image\/\",\"url\":\"https:\/\/valantabisuteria.com\/wp-content\/uploads\/2023\/02\/Logo-07-b.png\",\"contentUrl\":\"https:\/\/valantabisuteria.com\/wp-content\/uploads\/2023\/02\/Logo-07-b.png\",\"width\":800,\"height\":238,\"caption\":\"Valanta Bisuter\u00eda\"},\"image\":{\"@id\":\"https:\/\/www.valantabisuteria.com\/#\/schema\/logo\/image\/\"},\"sameAs\":[\"https:\/\/www.instagram.com\/valantabisuteria\/\"]}]}<\/script>\n<!-- \/ Yoast SEO plugin. -->","yoast_head_json":{"title":"ComprarPendientes Facetados piedra color lila | Valanta Bisuter\u00eda","description":"Pendientes en acero antial\u00e9rgico, duradero, para disfrutar cada d\u00eda. Util\u00edzalos para dar un poco de color a tu nuevo estilo","robots":{"index":"index","follow":"follow","max-snippet":"max-snippet:-1","max-image-preview":"max-image-preview:large","max-video-preview":"max-video-preview:-1"},"canonical":"https:\/\/www.valantabisuteria.com\/product\/pendientes-facetados-acero-plateado-cristal-color-lila\/","og_locale":"en_US","og_type":"article","og_title":"ComprarPendientes Facetados piedra color lila | Valanta Bisuter\u00eda","og_description":"Pendientes en acero antial\u00e9rgico, duradero, para disfrutar cada d\u00eda. Util\u00edzalos para dar un poco de color a tu nuevo estilo","og_url":"https:\/\/www.valantabisuteria.com\/product\/pendientes-facetados-acero-plateado-cristal-color-lila\/","og_site_name":"Valanta Bisuter\u00eda","article_modified_time":"2025-11-18T09:43:05+00:00","og_image":[{"width":545,"height":494,"url":"https:\/\/www.valantabisuteria.com\/wp-content\/uploads\/2025\/10\/Foto-31.jpg","type":"image\/jpeg"}],"twitter_card":"summary_large_image","twitter_misc":{"Est. reading time":"1 minute"},"schema":{"@context":"https:\/\/schema.org","@graph":[{"@type":"WebPage","@id":"https:\/\/www.valantabisuteria.com\/product\/pendientes-facetados-acero-plateado-cristal-color-lila\/","url":"https:\/\/www.valantabisuteria.com\/product\/pendientes-facetados-acero-plateado-cristal-color-lila\/","name":"ComprarPendientes Facetados piedra color lila | Valanta Bisuter\u00eda","isPartOf":{"@id":"https:\/\/www.valantabisuteria.com\/#website"},"primaryImageOfPage":{"@id":"https:\/\/www.valantabisuteria.com\/product\/pendientes-facetados-acero-plateado-cristal-color-lila\/#primaryimage"},"image":{"@id":"https:\/\/www.valantabisuteria.com\/product\/pendientes-facetados-acero-plateado-cristal-color-lila\/#primaryimage"},"thumbnailUrl":"https:\/\/www.valantabisuteria.com\/wp-content\/uploads\/2025\/10\/Foto-31.jpg","datePublished":"2025-10-29T10:15:51+00:00","dateModified":"2025-11-18T09:43:05+00:00","description":"Pendientes en acero antial\u00e9rgico, duradero, para disfrutar cada d\u00eda. Util\u00edzalos para dar un poco de color a tu nuevo estilo","breadcrumb":{"@id":"https:\/\/www.valantabisuteria.com\/product\/pendientes-facetados-acero-plateado-cristal-color-lila\/#breadcrumb"},"inLanguage":"en-US","potentialAction":[{"@type":"ReadAction","target":["https:\/\/www.valantabisuteria.com\/product\/pendientes-facetados-acero-plateado-cristal-color-lila\/"]}]},{"@type":"ImageObject","inLanguage":"en-US","@id":"https:\/\/www.valantabisuteria.com\/product\/pendientes-facetados-acero-plateado-cristal-color-lila\/#primaryimage","url":"https:\/\/www.valantabisuteria.com\/wp-content\/uploads\/2025\/10\/Foto-31.jpg","contentUrl":"https:\/\/www.valantabisuteria.com\/wp-content\/uploads\/2025\/10\/Foto-31.jpg","width":545,"height":494,"caption":"Pendientes acero plateado con cristal facetado color lila"},{"@type":"BreadcrumbList","@id":"https:\/\/www.valantabisuteria.com\/product\/pendientes-facetados-acero-plateado-cristal-color-lila\/#breadcrumb","itemListElement":[{"@type":"ListItem","position":1,"name":"Portada","item":"https:\/\/www.valantabisuteria.com\/"},{"@type":"ListItem","position":2,"name":"Tienda","item":"https:\/\/www.valantabisuteria.com\/tienda\/"},{"@type":"ListItem","position":3,"name":"Pendientes Facetados piedra color lila"}]},{"@type":"WebSite","@id":"https:\/\/www.valantabisuteria.com\/#website","url":"https:\/\/www.valantabisuteria.com\/","name":"Valanta Bisuter\u00eda","description":"Joyas y Bisuter\u00eda de calidad","publisher":{"@id":"https:\/\/www.valantabisuteria.com\/#organization"},"alternateName":"Valanta Bisuter\u00eda","potentialAction":[{"@type":"SearchAction","target":{"@type":"EntryPoint","urlTemplate":"https:\/\/www.valantabisuteria.com\/?s={search_term_string}"},"query-input":{"@type":"PropertyValueSpecification","valueRequired":true,"valueName":"search_term_string"}}],"inLanguage":"en-US"},{"@type":"Organization","@id":"https:\/\/www.valantabisuteria.com\/#organization","name":"Valanta Bisuter\u00eda","url":"https:\/\/www.valantabisuteria.com\/","logo":{"@type":"ImageObject","inLanguage":"en-US","@id":"https:\/\/www.valantabisuteria.com\/#\/schema\/logo\/image\/","url":"https:\/\/valantabisuteria.com\/wp-content\/uploads\/2023\/02\/Logo-07-b.png","contentUrl":"https:\/\/valantabisuteria.com\/wp-content\/uploads\/2023\/02\/Logo-07-b.png","width":800,"height":238,"caption":"Valanta Bisuter\u00eda"},"image":{"@id":"https:\/\/www.valantabisuteria.com\/#\/schema\/logo\/image\/"},"sameAs":["https:\/\/www.instagram.com\/valantabisuteria\/"]}]}},"_links":{"self":[{"href":"https:\/\/www.valantabisuteria.com\/en\/wp-json\/wp\/v2\/product\/30814","targetHints":{"allow":["GET"]}}],"collection":[{"href":"https:\/\/www.valantabisuteria.com\/en\/wp-json\/wp\/v2\/product"}],"about":[{"href":"https:\/\/www.valantabisuteria.com\/en\/wp-json\/wp\/v2\/types\/product"}],"wp:featuredmedia":[{"embeddable":true,"href":"https:\/\/www.valantabisuteria.com\/en\/wp-json\/wp\/v2\/media\/30819"}],"wp:attachment":[{"href":"https:\/\/www.valantabisuteria.com\/en\/wp-json\/wp\/v2\/media?parent=30814"}],"wp:term":[{"taxonomy":"product_brand","embeddable":true,"href":"https:\/\/www.valantabisuteria.com\/en\/wp-json\/wp\/v2\/product_brand?post=30814"},{"taxonomy":"product_cat","embeddable":true,"href":"https:\/\/www.valantabisuteria.com\/en\/wp-json\/wp\/v2\/product_cat?post=30814"},{"taxonomy":"product_tag","embeddable":true,"href":"https:\/\/www.valantabisuteria.com\/en\/wp-json\/wp\/v2\/product_tag?post=30814"}],"curies":[{"name":"wp","href":"https:\/\/api.w.org\/{rel}","templated":true}]}}