{"id":30893,"date":"2026-02-05T11:09:35","date_gmt":"2026-02-05T10:09:35","guid":{"rendered":"https:\/\/www.valantabisuteria.com\/?post_type=product&#038;p=30893"},"modified":"2026-02-05T11:18:23","modified_gmt":"2026-02-05T10:18:23","slug":"anillo-elastico-plata-irregular","status":"publish","type":"product","link":"https:\/\/www.valantabisuteria.com\/en\/product\/anillo-elastico-plata-irregular\/","title":{"rendered":"Anillo plata el\u00e1stico azul"},"content":{"rendered":"","protected":false},"excerpt":{"rendered":"<p>&nbsp;<\/p>\n<p>Anillo ancho el\u00e1stico en plata repujada\u00a0 y circonita central ovalada en color azul.<br \/>\nMaterial: plata y circ\u00f3n<\/p>\n<p>Los anillos vienen en diferentes metales y estilos. Ajustables o el\u00e1sticos son f\u00e1ciles de combinar con otras joyas. \u00a1 Crea tu propio estilo y mu\u00e9strale al mundo tu personalidad \u00fanica !<\/p>\n<p>Con este anillo que aporta un toque especial a tu estilo.<\/p>\n","protected":false},"featured_media":30904,"template":"","meta":{"_joinchat":[]},"product_brand":[],"product_cat":[162,195],"product_tag":[],"class_list":{"0":"post-30893","1":"product","2":"type-product","3":"status-publish","4":"has-post-thumbnail","6":"product_cat-anillos","7":"product_cat-outlet-exclusivo","10":"first","11":"instock","12":"shipping-taxable","13":"purchasable","14":"product-type-simple"},"yoast_head":"<!-- This site is optimized with the Yoast SEO plugin v27.2 - https:\/\/yoast.com\/product\/yoast-seo-wordpress\/ -->\n<title>ComprarAnillo plata el\u00e1stico azul | Valanta Bisuter\u00eda<\/title>\n<meta name=\"description\" content=\"Modelo elegante y chic, este anillo con circ\u00f3n rojo es perfecto para mujeres que disfrutan de la moda y a\u00f1aden un toque especial a sus manos\" \/>\n<meta name=\"robots\" content=\"index, follow, max-snippet:-1, max-image-preview:large, max-video-preview:-1\" \/>\n<link rel=\"canonical\" href=\"https:\/\/www.valantabisuteria.com\/product\/anillo-elastico-plata-irregular\/\" \/>\n<meta property=\"og:locale\" content=\"en_US\" \/>\n<meta property=\"og:type\" content=\"article\" \/>\n<meta property=\"og:title\" content=\"ComprarAnillo plata el\u00e1stico azul | Valanta Bisuter\u00eda\" \/>\n<meta property=\"og:description\" content=\"Modelo elegante y chic, este anillo con circ\u00f3n rojo es perfecto para mujeres que disfrutan de la moda y a\u00f1aden un toque especial a sus manos\" \/>\n<meta property=\"og:url\" content=\"https:\/\/www.valantabisuteria.com\/product\/anillo-elastico-plata-irregular\/\" \/>\n<meta property=\"og:site_name\" content=\"Valanta Bisuter\u00eda\" \/>\n<meta property=\"article:modified_time\" content=\"2026-02-05T10:18:23+00:00\" \/>\n<meta property=\"og:image\" content=\"https:\/\/www.valantabisuteria.com\/wp-content\/uploads\/2026\/02\/anillo-plata.png\" \/>\n\t<meta property=\"og:image:width\" content=\"1024\" \/>\n\t<meta property=\"og:image:height\" content=\"1024\" \/>\n\t<meta property=\"og:image:type\" content=\"image\/png\" \/>\n<meta name=\"twitter:card\" content=\"summary_large_image\" \/>\n<meta name=\"twitter:label1\" content=\"Est. reading time\" \/>\n\t<meta name=\"twitter:data1\" content=\"1 minute\" \/>\n<script type=\"application\/ld+json\" class=\"yoast-schema-graph\">{\"@context\":\"https:\/\/schema.org\",\"@graph\":[{\"@type\":\"WebPage\",\"@id\":\"https:\/\/www.valantabisuteria.com\/product\/anillo-elastico-plata-irregular\/\",\"url\":\"https:\/\/www.valantabisuteria.com\/product\/anillo-elastico-plata-irregular\/\",\"name\":\"ComprarAnillo plata el\u00e1stico azul | Valanta Bisuter\u00eda\",\"isPartOf\":{\"@id\":\"https:\/\/www.valantabisuteria.com\/#website\"},\"primaryImageOfPage\":{\"@id\":\"https:\/\/www.valantabisuteria.com\/product\/anillo-elastico-plata-irregular\/#primaryimage\"},\"image\":{\"@id\":\"https:\/\/www.valantabisuteria.com\/product\/anillo-elastico-plata-irregular\/#primaryimage\"},\"thumbnailUrl\":\"https:\/\/www.valantabisuteria.com\/wp-content\/uploads\/2026\/02\/anillo-plata.png\",\"datePublished\":\"2026-02-05T10:09:35+00:00\",\"dateModified\":\"2026-02-05T10:18:23+00:00\",\"description\":\"Modelo elegante y chic, este anillo con circ\u00f3n rojo es perfecto para mujeres que disfrutan de la moda y a\u00f1aden un toque especial a sus manos\",\"breadcrumb\":{\"@id\":\"https:\/\/www.valantabisuteria.com\/product\/anillo-elastico-plata-irregular\/#breadcrumb\"},\"inLanguage\":\"en-US\",\"potentialAction\":[{\"@type\":\"ReadAction\",\"target\":[\"https:\/\/www.valantabisuteria.com\/product\/anillo-elastico-plata-irregular\/\"]}]},{\"@type\":\"ImageObject\",\"inLanguage\":\"en-US\",\"@id\":\"https:\/\/www.valantabisuteria.com\/product\/anillo-elastico-plata-irregular\/#primaryimage\",\"url\":\"https:\/\/www.valantabisuteria.com\/wp-content\/uploads\/2026\/02\/anillo-plata.png\",\"contentUrl\":\"https:\/\/www.valantabisuteria.com\/wp-content\/uploads\/2026\/02\/anillo-plata.png\",\"width\":1024,\"height\":1024,\"caption\":\"anillo plata piedra azul\"},{\"@type\":\"BreadcrumbList\",\"@id\":\"https:\/\/www.valantabisuteria.com\/product\/anillo-elastico-plata-irregular\/#breadcrumb\",\"itemListElement\":[{\"@type\":\"ListItem\",\"position\":1,\"name\":\"Portada\",\"item\":\"https:\/\/www.valantabisuteria.com\/\"},{\"@type\":\"ListItem\",\"position\":2,\"name\":\"Tienda\",\"item\":\"https:\/\/www.valantabisuteria.com\/tienda\/\"},{\"@type\":\"ListItem\",\"position\":3,\"name\":\"Anillo plata el\u00e1stico azul\"}]},{\"@type\":\"WebSite\",\"@id\":\"https:\/\/www.valantabisuteria.com\/#website\",\"url\":\"https:\/\/www.valantabisuteria.com\/\",\"name\":\"Valanta Bisuter\u00eda\",\"description\":\"Joyas y Bisuter\u00eda de calidad\",\"publisher\":{\"@id\":\"https:\/\/www.valantabisuteria.com\/#organization\"},\"alternateName\":\"Valanta Bisuter\u00eda\",\"potentialAction\":[{\"@type\":\"SearchAction\",\"target\":{\"@type\":\"EntryPoint\",\"urlTemplate\":\"https:\/\/www.valantabisuteria.com\/?s={search_term_string}\"},\"query-input\":{\"@type\":\"PropertyValueSpecification\",\"valueRequired\":true,\"valueName\":\"search_term_string\"}}],\"inLanguage\":\"en-US\"},{\"@type\":\"Organization\",\"@id\":\"https:\/\/www.valantabisuteria.com\/#organization\",\"name\":\"Valanta Bisuter\u00eda\",\"url\":\"https:\/\/www.valantabisuteria.com\/\",\"logo\":{\"@type\":\"ImageObject\",\"inLanguage\":\"en-US\",\"@id\":\"https:\/\/www.valantabisuteria.com\/#\/schema\/logo\/image\/\",\"url\":\"https:\/\/valantabisuteria.com\/wp-content\/uploads\/2023\/02\/Logo-07-b.png\",\"contentUrl\":\"https:\/\/valantabisuteria.com\/wp-content\/uploads\/2023\/02\/Logo-07-b.png\",\"width\":800,\"height\":238,\"caption\":\"Valanta Bisuter\u00eda\"},\"image\":{\"@id\":\"https:\/\/www.valantabisuteria.com\/#\/schema\/logo\/image\/\"},\"sameAs\":[\"https:\/\/www.instagram.com\/valantabisuteria\/\"]}]}<\/script>\n<!-- \/ Yoast SEO plugin. -->","yoast_head_json":{"title":"ComprarAnillo plata el\u00e1stico azul | Valanta Bisuter\u00eda","description":"Modelo elegante y chic, este anillo con circ\u00f3n rojo es perfecto para mujeres que disfrutan de la moda y a\u00f1aden un toque especial a sus manos","robots":{"index":"index","follow":"follow","max-snippet":"max-snippet:-1","max-image-preview":"max-image-preview:large","max-video-preview":"max-video-preview:-1"},"canonical":"https:\/\/www.valantabisuteria.com\/product\/anillo-elastico-plata-irregular\/","og_locale":"en_US","og_type":"article","og_title":"ComprarAnillo plata el\u00e1stico azul | Valanta Bisuter\u00eda","og_description":"Modelo elegante y chic, este anillo con circ\u00f3n rojo es perfecto para mujeres que disfrutan de la moda y a\u00f1aden un toque especial a sus manos","og_url":"https:\/\/www.valantabisuteria.com\/product\/anillo-elastico-plata-irregular\/","og_site_name":"Valanta Bisuter\u00eda","article_modified_time":"2026-02-05T10:18:23+00:00","og_image":[{"width":1024,"height":1024,"url":"https:\/\/www.valantabisuteria.com\/wp-content\/uploads\/2026\/02\/anillo-plata.png","type":"image\/png"}],"twitter_card":"summary_large_image","twitter_misc":{"Est. reading time":"1 minute"},"schema":{"@context":"https:\/\/schema.org","@graph":[{"@type":"WebPage","@id":"https:\/\/www.valantabisuteria.com\/product\/anillo-elastico-plata-irregular\/","url":"https:\/\/www.valantabisuteria.com\/product\/anillo-elastico-plata-irregular\/","name":"ComprarAnillo plata el\u00e1stico azul | Valanta Bisuter\u00eda","isPartOf":{"@id":"https:\/\/www.valantabisuteria.com\/#website"},"primaryImageOfPage":{"@id":"https:\/\/www.valantabisuteria.com\/product\/anillo-elastico-plata-irregular\/#primaryimage"},"image":{"@id":"https:\/\/www.valantabisuteria.com\/product\/anillo-elastico-plata-irregular\/#primaryimage"},"thumbnailUrl":"https:\/\/www.valantabisuteria.com\/wp-content\/uploads\/2026\/02\/anillo-plata.png","datePublished":"2026-02-05T10:09:35+00:00","dateModified":"2026-02-05T10:18:23+00:00","description":"Modelo elegante y chic, este anillo con circ\u00f3n rojo es perfecto para mujeres que disfrutan de la moda y a\u00f1aden un toque especial a sus manos","breadcrumb":{"@id":"https:\/\/www.valantabisuteria.com\/product\/anillo-elastico-plata-irregular\/#breadcrumb"},"inLanguage":"en-US","potentialAction":[{"@type":"ReadAction","target":["https:\/\/www.valantabisuteria.com\/product\/anillo-elastico-plata-irregular\/"]}]},{"@type":"ImageObject","inLanguage":"en-US","@id":"https:\/\/www.valantabisuteria.com\/product\/anillo-elastico-plata-irregular\/#primaryimage","url":"https:\/\/www.valantabisuteria.com\/wp-content\/uploads\/2026\/02\/anillo-plata.png","contentUrl":"https:\/\/www.valantabisuteria.com\/wp-content\/uploads\/2026\/02\/anillo-plata.png","width":1024,"height":1024,"caption":"anillo plata piedra azul"},{"@type":"BreadcrumbList","@id":"https:\/\/www.valantabisuteria.com\/product\/anillo-elastico-plata-irregular\/#breadcrumb","itemListElement":[{"@type":"ListItem","position":1,"name":"Portada","item":"https:\/\/www.valantabisuteria.com\/"},{"@type":"ListItem","position":2,"name":"Tienda","item":"https:\/\/www.valantabisuteria.com\/tienda\/"},{"@type":"ListItem","position":3,"name":"Anillo plata el\u00e1stico azul"}]},{"@type":"WebSite","@id":"https:\/\/www.valantabisuteria.com\/#website","url":"https:\/\/www.valantabisuteria.com\/","name":"Valanta Bisuter\u00eda","description":"Joyas y Bisuter\u00eda de calidad","publisher":{"@id":"https:\/\/www.valantabisuteria.com\/#organization"},"alternateName":"Valanta Bisuter\u00eda","potentialAction":[{"@type":"SearchAction","target":{"@type":"EntryPoint","urlTemplate":"https:\/\/www.valantabisuteria.com\/?s={search_term_string}"},"query-input":{"@type":"PropertyValueSpecification","valueRequired":true,"valueName":"search_term_string"}}],"inLanguage":"en-US"},{"@type":"Organization","@id":"https:\/\/www.valantabisuteria.com\/#organization","name":"Valanta Bisuter\u00eda","url":"https:\/\/www.valantabisuteria.com\/","logo":{"@type":"ImageObject","inLanguage":"en-US","@id":"https:\/\/www.valantabisuteria.com\/#\/schema\/logo\/image\/","url":"https:\/\/valantabisuteria.com\/wp-content\/uploads\/2023\/02\/Logo-07-b.png","contentUrl":"https:\/\/valantabisuteria.com\/wp-content\/uploads\/2023\/02\/Logo-07-b.png","width":800,"height":238,"caption":"Valanta Bisuter\u00eda"},"image":{"@id":"https:\/\/www.valantabisuteria.com\/#\/schema\/logo\/image\/"},"sameAs":["https:\/\/www.instagram.com\/valantabisuteria\/"]}]}},"_links":{"self":[{"href":"https:\/\/www.valantabisuteria.com\/en\/wp-json\/wp\/v2\/product\/30893","targetHints":{"allow":["GET"]}}],"collection":[{"href":"https:\/\/www.valantabisuteria.com\/en\/wp-json\/wp\/v2\/product"}],"about":[{"href":"https:\/\/www.valantabisuteria.com\/en\/wp-json\/wp\/v2\/types\/product"}],"wp:featuredmedia":[{"embeddable":true,"href":"https:\/\/www.valantabisuteria.com\/en\/wp-json\/wp\/v2\/media\/30904"}],"wp:attachment":[{"href":"https:\/\/www.valantabisuteria.com\/en\/wp-json\/wp\/v2\/media?parent=30893"}],"wp:term":[{"taxonomy":"product_brand","embeddable":true,"href":"https:\/\/www.valantabisuteria.com\/en\/wp-json\/wp\/v2\/product_brand?post=30893"},{"taxonomy":"product_cat","embeddable":true,"href":"https:\/\/www.valantabisuteria.com\/en\/wp-json\/wp\/v2\/product_cat?post=30893"},{"taxonomy":"product_tag","embeddable":true,"href":"https:\/\/www.valantabisuteria.com\/en\/wp-json\/wp\/v2\/product_tag?post=30893"}],"curies":[{"name":"wp","href":"https:\/\/api.w.org\/{rel}","templated":true}]}}